{"id":145596,"date":"2023-10-16T06:13:19","date_gmt":"2023-10-16T06:13:19","guid":{"rendered":"https:\/\/globecore.com\/cmm-10rl-transformer-oil-regeneration-plant\/"},"modified":"2026-03-05T14:19:21","modified_gmt":"2026-03-05T14:19:21","slug":"cmm-10rl-transformer-oil-regeneration-plant","status":"publish","type":"page","link":"https:\/\/globecore.com\/de\/products\/oil-regeneration\/cmm-10rl-transformer-oil-regeneration-plant\/","title":{"rendered":"CMM-10RL Transformator\u00f6lregenerationsanlage"},"content":{"rendered":"","protected":false},"excerpt":{"rendered":"<p>Die GlobeCore CMM-10RL ist eine Anlage zur Regeneration von Transformatoren\u00f6l, die gealtertes Isolier\u00f6l nahezu in den Neuzustand zur\u00fcckf\u00fchrt. Das \u00d6l str\u00f6mt durch zehn mit Fuller-Erde-Sorbens gef\u00fcllte S\u00e4ulen, die S\u00e4uren, Schlamm, Feuchtigkeit und Oxidationsprodukte entfernen und so die Durchschlagfestigkeit und Klarheit verbessern. Die Anlage verf\u00fcgt \u00fcber eine Sorbensreaktivierung in der S\u00e4ule, die 300\u2013500 Wiederverwendungszyklen ohne Entsorgung erm\u00f6glicht. Die CMM-10RL regeneriert au\u00dferdem Turbinen-, Hydraulik-, Silikon-, FR3-, Midel-7131-, Getriebe-, Kompressor- und Kabel\u00f6le sowie poliert Diesel, Schiffskraftstoffe und Gaskondensat. Sie liefert eine Leistung von 0,75 m\u00b3\/h und senkt die Kosten f\u00fcr den \u00d6lwechsel.<\/p>\n","protected":false},"author":7,"featured_media":145597,"parent":145665,"menu_order":0,"comment_status":"closed","ping_status":"closed","template":"templates\/single-product.php","meta":{"_acf_changed":false,"_bbp_topic_count":0,"_bbp_reply_count":0,"_bbp_total_topic_count":0,"_bbp_total_reply_count":0,"_bbp_voice_count":0,"_bbp_anonymous_reply_count":0,"_bbp_topic_count_hidden":0,"_bbp_reply_count_hidden":0,"_bbp_forum_subforum_count":0,"footnotes":""},"categories":[1892],"class_list":["post-145596","page","type-page","status-publish","has-post-thumbnail","hentry","category-oil-maintenance-de","oil_type-fr3-dielektrikum","oil_type-fyrquel-feuerbestandiges-fluid","oil_type-getriebeol","oil_type-hydraulikol","oil_type-industrieol","oil_type-kabelol","oil_type-kompressorol","oil_type-midel-7131-dielektrikum","oil_type-silikonol","oil_type-transformatorenol","oil_type-turbinenol","process_type-filtration-de","process_type-regeneration-de"],"acf":{"add_tab":[{"tab_title":"Beschreibung","tab_content":"<p style=\"text-align: justify;\"><span style=\"font-weight: 400;\">Die CMM-10RL-Anlage ist f\u00fcr die Regeneration von Transformator\u00f6len konzipiert.<\/span><\/p>\r\n<p style=\"text-align: justify;\"><span style=\"font-weight: 400;\">Der \u00d6lr\u00fcckgewinnungsprozess besteht darin, das \u00d6l durch zehn S\u00e4ulen zu leiten, von denen jede 75 kg Fuller-Erde-Sorptionsmittel enth\u00e4lt \u2013 ein Material mit feinporiger Struktur. W\u00e4hrend des Filtrationsprozesses werden alle unerw\u00fcnschten Verunreinigungen und Oxidationsprodukte im Sorptionsgranulat zur\u00fcckgehalten. Dadurch wird das dunkle und undurchsichtige \u00d6l hell und transparent. Gleichzeitig steigt die Durchschlagsfestigkeit, die S\u00e4urezahl sinkt und andere Indikatoren verbessern sich.<\/span><\/p>\r\n<p style=\"text-align: justify;\"><span style=\"font-weight: 400;\">Dank dieser R\u00fcckgewinnung erh\u00e4lt das Alt\u00f6l die Eigenschaften eines Neu\u00f6ls und kann in Transformatoren und anderen Hochspannungsger\u00e4ten erneut verwendet werden.<\/span><\/p>\r\n<p style=\"text-align: justify;\"><span style=\"font-weight: 400;\">Eine Besonderheit der CMM-10RL-Anlage ist die M\u00f6glichkeit der wiederholten Verwendung des Sorptionsmittels ohne Entsorgung aufgrund seiner Reaktivierung direkt in der Anlage ohne Entfernung aus den Regenerationss\u00e4ulen.<\/span><\/p>"}],"add_def_tab":[{"tab_title":"Spezifikation","tab_content":"<table>\r\n<tbody>\r\n<tr>\r\n<td><b>\u2116<\/b><\/td>\r\n<td><b>Parameter<\/b><\/td>\r\n<td><b>Bedeutung<\/b><\/td>\r\n<\/tr>\r\n<tr>\r\n<td><span style=\"font-weight: 400;\">1<\/span><\/td>\r\n<td>\r\n<p style=\"text-align: left;\"><span style=\"font-weight: 400;\">Leistung, m<\/span><span style=\"font-weight: 400;\">3<\/span><span style=\"font-weight: 400;\">\/St<\/span><\/p>\r\n<\/td>\r\n<td><span style=\"font-weight: 400;\">0,75*<\/span><\/td>\r\n<\/tr>\r\n<tr>\r\n<td><span style=\"font-weight: 400;\">2<\/span><\/td>\r\n<td>\r\n<p style=\"text-align: left;\"><span style=\"font-weight: 400;\">Die Zeit der Reaktivierung des Sorptionsmittels betr\u00e4gt Stunden, max<\/span><\/p>\r\n<\/td>\r\n<td><span style=\"font-weight: 400;\">19<\/span><\/td>\r\n<\/tr>\r\n<tr>\r\n<td><span style=\"font-weight: 400;\">3<\/span><\/td>\r\n<td>\r\n<p style=\"text-align: left;\"><span style=\"font-weight: 400;\">Installierter Stromverbrauch, kW<\/span><\/p>\r\n<\/td>\r\n<td><span style=\"font-weight: 400;\">25<\/span><\/td>\r\n<\/tr>\r\n<tr>\r\n<td><span style=\"font-weight: 400;\">4<\/span><\/td>\r\n<td>\r\n<p style=\"text-align: left;\"><span style=\"font-weight: 400;\">Versorgungsspannung eines dreiphasigen Wechselstromnetzes mit einer Frequenz von 50 Hz (60 Hz), V<\/span><\/p>\r\n<\/td>\r\n<td><span style=\"font-weight: 400;\">380<\/span><\/td>\r\n<\/tr>\r\n<tr>\r\n<td><span style=\"font-weight: 400;\">5<\/span><\/td>\r\n<td>\r\n<p style=\"text-align: left;\"><span style=\"font-weight: 400;\">Abmessungen, mm, max<\/span><\/p>\r\n<\/td>\r\n<td><\/td>\r\n<\/tr>\r\n<tr>\r\n<td><\/td>\r\n<td>\r\n<p style=\"text-align: left;\"><span style=\"font-weight: 400;\">\u2014 L\u00e4nge<\/span><\/p>\r\n<\/td>\r\n<td><span style=\"font-weight: 400;\">3320<\/span><\/td>\r\n<\/tr>\r\n<tr>\r\n<td><\/td>\r\n<td>\r\n<p style=\"text-align: left;\"><span style=\"font-weight: 400;\">\u2014 Breite<\/span><\/p>\r\n<\/td>\r\n<td><span style=\"font-weight: 400;\">1570<\/span><\/td>\r\n<\/tr>\r\n<tr>\r\n<td><\/td>\r\n<td>\r\n<p style=\"text-align: left;\"><span style=\"font-weight: 400;\">\u2014 H\u00f6he<\/span><\/p>\r\n<\/td>\r\n<td><span style=\"font-weight: 400;\">1520<\/span><\/td>\r\n<\/tr>\r\n<tr>\r\n<td><span style=\"font-weight: 400;\">6<\/span><\/td>\r\n<td>\r\n<p style=\"text-align: left;\"><span style=\"font-weight: 400;\">Gewicht, kg, max<\/span><\/p>\r\n<\/td>\r\n<td><span style=\"font-weight: 400;\">2500<\/span><\/td>\r\n<\/tr>\r\n<\/tbody>\r\n<\/table>\r\n<span style=\"font-weight: 400;\">* \u2013 Die Produktivit\u00e4t der Anlage h\u00e4ngt von den Indikatoren des\u00a0 zu bearbeiteten Transformator\u00f6ls ab<\/span>"},{"tab_title":"Vorteil","tab_content":"<ul>\r\n \t<li style=\"font-weight: 400;\"><span style=\"font-weight: 400;\">vollst\u00e4ndige Wiederherstellung der Eigenschaften der Gebrauchten<\/span><\/li>\r\n \t<li style=\"font-weight: 400;\"><span style=\"font-weight: 400;\">Transformatoren\u00f6le in Neuzustand;<\/span><\/li>\r\n \t<li style=\"font-weight: 400;\"><span style=\"font-weight: 400;\">kann in Kombination mit Entgasungsanlagen eingesetzt werden;<\/span><\/li>\r\n \t<li style=\"font-weight: 400;\"><span style=\"font-weight: 400;\">M\u00f6glichkeit einer 300- bis 500-fachen Reaktivierung des Sorptionsmittels;<\/span><\/li>\r\n \t<li style=\"font-weight: 400;\"><span style=\"font-weight: 400;\">Geld sparen durch R\u00fcckgewinnung und Wiederverwendung von \u00d6l in Transformatoren.<\/span><\/li>\r\n<\/ul>"},{"tab_title":"Anwendung","tab_content":"[product_oil_types]"}],"add_video_tab":[{"video_tab_title":"Video","add_video_id":[{"video_id":"d1y6SGzCrWg"},{"video_id":"ZGYxWWPHzlk"},{"video_id":"uPlOLYiK0uE"},{"video_id":"Sv0VWnI8QHg"}]}],"add_gallery_tab":null,"add_price_tab":null},"language":"de","_links":{"self":[{"href":"https:\/\/globecore.com\/de\/wp-json\/wp\/v2\/pages\/145596","targetHints":{"allow":["GET"]}}],"collection":[{"href":"https:\/\/globecore.com\/de\/wp-json\/wp\/v2\/pages"}],"about":[{"href":"https:\/\/globecore.com\/de\/wp-json\/wp\/v2\/types\/page"}],"author":[{"embeddable":true,"href":"https:\/\/globecore.com\/de\/wp-json\/wp\/v2\/users\/7"}],"replies":[{"embeddable":true,"href":"https:\/\/globecore.com\/de\/wp-json\/wp\/v2\/comments?post=145596"}],"version-history":[{"count":1,"href":"https:\/\/globecore.com\/de\/wp-json\/wp\/v2\/pages\/145596\/revisions"}],"predecessor-version":[{"id":335971,"href":"https:\/\/globecore.com\/de\/wp-json\/wp\/v2\/pages\/145596\/revisions\/335971"}],"up":[{"embeddable":true,"href":"https:\/\/globecore.com\/de\/wp-json\/wp\/v2\/pages\/145665"}],"wp:featuredmedia":[{"embeddable":true,"href":"https:\/\/globecore.com\/de\/wp-json\/wp\/v2\/media\/145597"}],"wp:attachment":[{"href":"https:\/\/globecore.com\/de\/wp-json\/wp\/v2\/media?parent=145596"}],"wp:term":[{"taxonomy":"category","embeddable":true,"href":"https:\/\/globecore.com\/de\/wp-json\/wp\/v2\/categories?post=145596"}],"curies":[{"name":"wp","href":"https:\/\/api.w.org\/{rel}","templated":true}]}}