{"id":145665,"date":"2017-07-31T12:06:31","date_gmt":"2017-07-31T12:06:31","guid":{"rendered":"https:\/\/globecore.com\/products\/oil-regeneration\/"},"modified":"2025-01-02T10:06:43","modified_gmt":"2025-01-02T10:06:43","slug":"oil-regeneration","status":"publish","type":"page","link":"https:\/\/globecore.com\/de\/products\/oil-regeneration\/","title":{"rendered":"\u00d6lregeneration System"},"content":{"rendered":"<dl><\/dl>\n<dl>\n<dd><\/dd>\n<\/dl>\n<h2 style=\"text-align: center;\">\u00d6LREGENERATION<\/h2>\n<p style=\"text-align: justify;\"><em><strong>GlobeCore<\/strong><\/em> fertigt und liefert Ger\u00e4te zur Reinigung von Transformator-, Industrie-, Turbinen- und anderen \u00d6len. Diese Anlagen sind praktisch und funktionell. Ihr Betrieb ist nicht von sch\u00e4dlichen Emissionen in die Atmosph\u00e4re begleitet und verbrauchen dar\u00fcber hinaus nur sehr wenig Energie und helfen so, Kosten zu sparen.<\/p>\n<p style=\"text-align: justify;\">Transformatoren\u00f6le erf\u00fcllen mehrere Funktionen. Sie arbeiten als fl\u00fcssige Isolierung und W\u00e4rmeableitung in \u00f6lgef\u00fcllten Transformatoren, Leistungskabeln und Hochspannungs-Kondensatoren. Au\u00dferdem wirken sie auch als Lichtbogenl\u00f6scher.<\/p>\n<p style=\"text-align: justify;\">Transformatoren\u00f6l ist gereinigtes Erd\u00f6l, das wiederum aus Roh\u00f6l gewonnen wird. Das Roh\u00f6l stammt aus verschiedenen Quellen, und die Arten k\u00f6nnen in Bezug auf die chemische Zusammensetzung variieren, die die \u00d6lprodukte beeinflussen.<\/p>\n<p style=\"text-align: justify;\">W\u00e4hrend des Betriebes akkumulieren Transformatoren\u00f6le Oxidationsprodukte und andere Verunreinigungen, die ihre Leistung und Lebensdauer sowie die Lebensdauer des gesamten Transformatorsystems reduzieren.<\/p>\n<p style=\"text-align: justify;\">Die Reinigung (Regeneration) von Transformator\u00f6len erleichtert die Entfernung von Wasser, festen Partikeln, S\u00e4uren sowie anderen unerw\u00fcnschten Komponenten (Asphalt, Teer, Salpeters\u00e4ure und Schwefelverbindungen, bestimmte Kohlenwasserstoffe). In der Industrie werden die Reinigungsmethoden in folgender Reihenfolge empfohlen, wobei die nachfolgende Methode nur angewendet werden muss, wenn die vorausgegangene nicht wirksam war: mechanisch, Erhitzung, physikalisch, chemisch. Am teuersten und aufwendigsten ist die chemische Reinigung.<\/p>\n<h2 style=\"text-align: center;\">Positive Aspekte von \u00d6lregeneration<\/h2>\n<p>Die verbleibenden \u00d6l- und Gasvorkommen an Land werden jedes Jahr ersch\u00f6pft. Dies f\u00f6rdert die Suche nach neuen Wegen zur L\u00f6sung von Energieengp\u00e4ssen, unter anderem bei Offshore-Bohrungen.<\/p>\n<p>A transformer in which depends on transformer, which carries out the functions of cooling and isolating of active parts. When the oil performs its tasks well, the transformer. But during operation, an insulating oil is exposed to a number of negative factors that contribute to its oxidation and contamination. Oil contamination leads to a decrease in performance below the permissible values, which is unacceptable. Therefore, the oil is regenerated. This process maintains the physico-chemical parameters of oil at the required level for a long time.<\/p>\n<h2 style=\"text-align: center;\">Offshore Bohranlagen<\/h2>\n<p>Offshore-Bohranlagen haben gef\u00e4hrliche Bedingungen. Die potentielle Explosionsgefahr besteht in geschlossenen Bohr- und F\u00f6rderr\u00e4umen sowie in der Lagerung von Bohrschlamm.<\/p>\n<p>Daher m\u00fcssen Ger\u00e4te, die sich dauerhaft auf Offshore-Bohrinseln befinden, explosionssicher ausgelegt werden. Dies gilt auch f\u00fcr Transformatoren\u00f6l-Regenerationsanlagen.<\/p>\n<p>Offshore-Bohrungen nutzen spezielle Plattformen, schwimmende oder halbtauchende Bohrger\u00e4te. Zum ersten Mal wurde 1869 der Begriff &#8222;Offshore-Bohrungen&#8220; erw\u00e4hnt. Damals wurde ein Patent f\u00fcr ein Offshore-Projekt einer Bohrinsel im Flachwasser erteilt. Seitdem hat die Wissenschaft einen gro\u00dfen Schritt nach vorne gemacht und heute gibt es mobile Plattformen, die \u00d6l und Gas in einer Tiefe von 300 m bis 3 km f\u00f6rdern.<\/p>\n<p>Beim Bohren von Plattformen werden Maschinen mit elektrischen Antrieben verwendet, die mit 6 &#8211; 35-kV-Kabeln betrieben werden. Meistens sind solche Linien entlang des Meeresbodens verlegt.<\/p>\n<p>Offshore-Bohrinseln werden mit motorbetriebenen Einzelantrieben (Diesel, alternative Energiequellen usw.) betrieben.<\/p>\n<div id=\"s3gt_translate_tooltip_mini\" class=\"s3gt_translate_tooltip_mini_box\" style=\"background: initial !important; border: initial !important; border-spacing: initial !important; border-collapse: initial !important; direction: ltr !important; font-weight: initial !important; height: initial !important; letter-spacing: initial !important; min-width: initial !important; max-width: initial !important; min-height: initial !important; max-height: initial !important; margin: auto !important; padding: initial !important; text-align: initial !important; width: initial !important; color: inherit !important; font-size: 13px !important; font-family: X-LocaleSpecific, sans-serif, Tahoma, Helvetica !important; line-height: 13px !important; vertical-align: top !important;\">\n<div id=\"s3gt_translate_tooltip_mini_copy\" class=\"s3gt_translate_tooltip_mini\" title=\"\u0421\u043a\u043e\u043f\u0438\u0440\u043e\u0432\u0430\u0442\u044c \u0442\u0435\u043a\u0441\u0442 \u0432 \u0431\u0443\u0444\u0435\u0440 \u043e\u0431\u043c\u0435\u043d\u0430\"><\/div>\n<\/div>\n","protected":false},"excerpt":{"rendered":"<p>\u00d6LREGENERATION GlobeCore fertigt und liefert Ger\u00e4te zur Reinigung von Transformator-, Industrie-, Turbinen- und anderen \u00d6len. Diese Anlagen sind praktisch und funktionell. Ihr Betrieb ist nicht von sch\u00e4dlichen Emissionen in die Atmosph\u00e4re begleitet und verbrauchen dar\u00fcber hinaus nur sehr wenig Energie und helfen so, Kosten zu sparen. Transformatoren\u00f6le erf\u00fcllen mehrere Funktionen. Sie arbeiten als fl\u00fcssige Isolierung<a class=\"cg-read-more\" href=\"https:\/\/globecore.com\/de\/products\/oil-regeneration\/\" target=\"_blank\">Read More <\/a><\/p>\n","protected":false},"author":1,"featured_media":145667,"parent":145645,"menu_order":0,"comment_status":"closed","ping_status":"closed","template":"templates\/products-sidebar.php","meta":{"_acf_changed":false,"_bbp_topic_count":0,"_bbp_reply_count":0,"_bbp_total_topic_count":0,"_bbp_total_reply_count":0,"_bbp_voice_count":0,"_bbp_anonymous_reply_count":0,"_bbp_topic_count_hidden":0,"_bbp_reply_count_hidden":0,"_bbp_forum_subforum_count":0,"footnotes":""},"categories":[],"class_list":["post-145665","page","type-page","status-publish","has-post-thumbnail","hentry"],"acf":[],"language":"de","_links":{"self":[{"href":"https:\/\/globecore.com\/de\/wp-json\/wp\/v2\/pages\/145665","targetHints":{"allow":["GET"]}}],"collection":[{"href":"https:\/\/globecore.com\/de\/wp-json\/wp\/v2\/pages"}],"about":[{"href":"https:\/\/globecore.com\/de\/wp-json\/wp\/v2\/types\/page"}],"author":[{"embeddable":true,"href":"https:\/\/globecore.com\/de\/wp-json\/wp\/v2\/users\/1"}],"replies":[{"embeddable":true,"href":"https:\/\/globecore.com\/de\/wp-json\/wp\/v2\/comments?post=145665"}],"version-history":[{"count":0,"href":"https:\/\/globecore.com\/de\/wp-json\/wp\/v2\/pages\/145665\/revisions"}],"up":[{"embeddable":true,"href":"https:\/\/globecore.com\/de\/wp-json\/wp\/v2\/pages\/145645"}],"wp:featuredmedia":[{"embeddable":true,"href":"https:\/\/globecore.com\/de\/wp-json\/wp\/v2\/media\/145667"}],"wp:attachment":[{"href":"https:\/\/globecore.com\/de\/wp-json\/wp\/v2\/media?parent=145665"}],"wp:term":[{"taxonomy":"category","embeddable":true,"href":"https:\/\/globecore.com\/de\/wp-json\/wp\/v2\/categories?post=145665"}],"curies":[{"name":"wp","href":"https:\/\/api.w.org\/{rel}","templated":true}]}}