{"id":145694,"date":"2021-04-26T10:30:27","date_gmt":"2021-04-26T10:30:27","guid":{"rendered":"https:\/\/globecore.com\/products\/oil-regeneration\/cmm-6r-light-transformer-oil-regeneration-unit\/"},"modified":"2026-03-05T13:56:43","modified_gmt":"2026-03-05T13:56:43","slug":"cmm-6r-light-transformer-oil-regeneration-unit","status":"publish","type":"page","link":"https:\/\/globecore.com\/de\/products\/oil-regeneration\/cmm-6r-light-transformer-oil-regeneration-unit\/","title":{"rendered":"Transformator\u00f6l-Regenerationseinheit CMM-6RL"},"content":{"rendered":"","protected":false},"excerpt":{"rendered":"<p>Die GlobeCore CMM-6RL ist eine Regenerationseinheit f\u00fcr Transformator- und Industrie\u00f6le, die gealtertes \u00d6l nahezu in den Neuzustand zur\u00fcckf\u00fchrt, indem es durch sechs mit Fuller-Erde gef\u00fcllte S\u00e4ulen geleitet wird. Das System entfernt S\u00e4uren, Schlamm, Feuchtigkeit und Oxidationsprodukte, verbessert die Durchschlagsspannung und die allgemeine dielektrische Leistung. Ein wichtiges Merkmal ist die Reaktivierung des Adsorbens in der S\u00e4ule, wodurch das Sorbens bis zu 300 Mal verbrannt und wiederverwendet werden kann, ohne entfernt zu werden. Die CMM-6RL regeneriert auch Hydraulik-, Turbinen-, Getriebe- und andere Industrie\u00f6le, bewahrt n\u00fctzliche Kohlenwasserstoffe und reduziert Entsorgungs- und Ersatzkosten. Diese Einheit bietet eine nachhaltige und effiziente L\u00f6sung zur Verl\u00e4ngerung der Lebensdauer von \u00d6l und Anlagen.<\/p>\n","protected":false},"author":7,"featured_media":145667,"parent":145665,"menu_order":0,"comment_status":"closed","ping_status":"closed","template":"templates\/single-product.php","meta":{"_acf_changed":false,"_bbp_topic_count":0,"_bbp_reply_count":0,"_bbp_total_topic_count":0,"_bbp_total_reply_count":0,"_bbp_voice_count":0,"_bbp_anonymous_reply_count":0,"_bbp_topic_count_hidden":0,"_bbp_reply_count_hidden":0,"_bbp_forum_subforum_count":0,"footnotes":""},"categories":[1892],"class_list":["post-145694","page","type-page","status-publish","has-post-thumbnail","hentry","category-oil-maintenance-de","oil_type-fr3-dielektrikum","oil_type-fyrquel-feuerbestandiges-fluid","oil_type-getriebeol","oil_type-hydraulikol","oil_type-industrieol","oil_type-kabelol","oil_type-kompressorol","oil_type-midel-7131-dielektrikum","oil_type-silikonol","oil_type-transformatorenol","oil_type-turbinenol","process_type-filtration-de","process_type-regeneration-de"],"acf":{"add_tab":[{"tab_title":"Beschreibung","tab_content":"<p style=\"text-align: justify;\">Die mobile \u00d6lstation CMM-6RL ist f\u00fcr die Regeneration von Transformatoren\u00f6len konzipiert.<\/p>\r\n<p style=\"text-align: justify;\">Die mobile \u00d6lstation CMM-6RL ist f\u00fcr die Regeneration von Transformatoren\u00f6len konzipiert. Der Kern des Regenerationsprozesses besteht darin, das \u00d6l durch sechs S\u00e4ulen zu leiten, von denen jede 75 Kilogramm Fuller-Erde-Adsorptionsmittel enth\u00e4lt \u2013 eine Substanz mit mikropor\u00f6ser Struktur. Gleichzeitig werden alle sch\u00e4dlichen Verunreinigungen und Alterungsprodukte im Adsorbergranulat zur\u00fcckgehalten. Tr\u00fcbes und braunes \u00d6l wird klar und transparent. Die Durchbruchspannung steigt, die S\u00e4urezahl und der Tangens des dielektrischen Verlustwinkels nehmen ab. Dank der Regeneration erh\u00e4lt das Alt\u00f6l seine Eigenschaften wieder auf das Niveau von Neu und wird im Transformator zur Isolierung und W\u00e4rmeabfuhr wiederverwendet.<\/p>\r\n<p style=\"text-align: justify;\">Sobald die Qualit\u00e4t der \u00d6lregeneration nicht mehr den Anforderungen entspricht, kann die Anlage auf den Sorptionsmittel-Reaktivierungsmodus umgestellt werden. Durch die Verbrennung werden die Eigenschaften des Sorptionsmittels wiederhergestellt und anschlie\u00dfend erneut zur Regeneration von Transformatoren\u00f6l verwendet.<\/p>"}],"add_def_tab":[{"tab_title":"Spezifikation","tab_content":"<table width=\"514\">\r\n<tbody>\r\n<tr>\r\n<td style=\"text-align: center;\"><strong>\u2116<\/strong><\/td>\r\n<td style=\"text-align: center;\" colspan=\"2\"><strong>Parameter<\/strong><\/td>\r\n<td style=\"text-align: center;\"><strong>Bedeutung<\/strong><\/td>\r\n<\/tr>\r\n<tr>\r\n<td>1<\/td>\r\n<td style=\"text-align: left;\" colspan=\"2\">Leistung, m<sup>3<\/sup>\/St<\/td>\r\n<td style=\"text-align: center;\">0,45*<\/td>\r\n<\/tr>\r\n<tr>\r\n<td>2<\/td>\r\n<td style=\"text-align: left;\" colspan=\"2\">Die Reaktivierungszeit des Sorptionsmittels, max<\/td>\r\n<td style=\"text-align: center;\">19 Stunden<\/td>\r\n<\/tr>\r\n<tr>\r\n<td>3<\/td>\r\n<td style=\"text-align: left;\" colspan=\"2\">Installierter Stromverbrauch, kW<\/td>\r\n<td style=\"text-align: center;\">14,5<\/td>\r\n<\/tr>\r\n<tr>\r\n<td>4<\/td>\r\n<td style=\"text-align: left;\" colspan=\"2\">Stromversorgungsparameter<\/td>\r\n<td style=\"text-align: center;\">Auf Wunsch des Kunden beliebig<\/td>\r\n<\/tr>\r\n<tr>\r\n<td rowspan=\"3\">5<\/td>\r\n<td style=\"text-align: left;\" rowspan=\"3\">Abmessungen, mm, max<\/td>\r\n<td style=\"text-align: left;\">L\u00e4nge<\/td>\r\n<td style=\"text-align: center;\">2820<\/td>\r\n<\/tr>\r\n<tr>\r\n<td style=\"text-align: left;\">Breite<\/td>\r\n<td style=\"text-align: center;\">1570<\/td>\r\n<\/tr>\r\n<tr>\r\n<td style=\"text-align: left;\">H\u00f6he<\/td>\r\n<td style=\"text-align: center;\">1520<\/td>\r\n<\/tr>\r\n<tr>\r\n<td>6<\/td>\r\n<td style=\"text-align: left;\" colspan=\"2\">Gewicht, kg, max<\/td>\r\n<td style=\"text-align: center;\">2100<\/td>\r\n<\/tr>\r\n<\/tbody>\r\n<\/table>\r\n<p style=\"text-align: left;\">* \u2013 Die Leistung der Anlage h\u00e4ngt von den Qualit\u00e4tsindikatoren der verarbeiteten \u00d6le ab<\/p>"},{"tab_title":"Vorteil","tab_content":"<ul>\r\n \t<li>kompakte Abmessungen;<\/li>\r\n \t<li>kann in Kombination mit Entgasungseinheiten verwendet werden;<\/li>\r\n \t<li>das Adsorptionsmittel wird 300-500 Mal reaktiviert;<\/li>\r\n \t<li>Geldeinsparungen durch die Wiederherstellung der \u00d6leigenschaften und deren Wiederverwendung in Transformatoren.<\/li>\r\n<\/ul>"},{"tab_title":"Anwendung","tab_content":"[product_oil_types]"}],"add_video_tab":[{"video_tab_title":"Video","add_video_id":[{"video_id":"UgQ_3fsnKUs"},{"video_id":"ZGYxWWPHzlk"},{"video_id":"65vX5au6k-Y"},{"video_id":"uPlOLYiK0uE"}]}],"add_gallery_tab":[{"gallery_tab_title":"Galerie","add_img":[59070,59079,59088]}],"add_price_tab":[{"price_tab_title":"Get a quote"}]},"language":"de","_links":{"self":[{"href":"https:\/\/globecore.com\/de\/wp-json\/wp\/v2\/pages\/145694","targetHints":{"allow":["GET"]}}],"collection":[{"href":"https:\/\/globecore.com\/de\/wp-json\/wp\/v2\/pages"}],"about":[{"href":"https:\/\/globecore.com\/de\/wp-json\/wp\/v2\/types\/page"}],"author":[{"embeddable":true,"href":"https:\/\/globecore.com\/de\/wp-json\/wp\/v2\/users\/7"}],"replies":[{"embeddable":true,"href":"https:\/\/globecore.com\/de\/wp-json\/wp\/v2\/comments?post=145694"}],"version-history":[{"count":1,"href":"https:\/\/globecore.com\/de\/wp-json\/wp\/v2\/pages\/145694\/revisions"}],"predecessor-version":[{"id":335966,"href":"https:\/\/globecore.com\/de\/wp-json\/wp\/v2\/pages\/145694\/revisions\/335966"}],"up":[{"embeddable":true,"href":"https:\/\/globecore.com\/de\/wp-json\/wp\/v2\/pages\/145665"}],"wp:featuredmedia":[{"embeddable":true,"href":"https:\/\/globecore.com\/de\/wp-json\/wp\/v2\/media\/145667"}],"wp:attachment":[{"href":"https:\/\/globecore.com\/de\/wp-json\/wp\/v2\/media?parent=145694"}],"wp:term":[{"taxonomy":"category","embeddable":true,"href":"https:\/\/globecore.com\/de\/wp-json\/wp\/v2\/categories?post=145694"}],"curies":[{"name":"wp","href":"https:\/\/api.w.org\/{rel}","templated":true}]}}