{"id":145706,"date":"2016-03-31T12:25:05","date_gmt":"2016-03-31T12:25:05","guid":{"rendered":"https:\/\/globecore.com\/products\/oil-regeneration\/cmm-r-oil-regeneration-systems\/"},"modified":"2026-03-05T14:26:52","modified_gmt":"2026-03-05T14:26:52","slug":"cmm-r-oil-regeneration-systems","status":"publish","type":"page","link":"https:\/\/globecore.com\/de\/products\/oil-regeneration\/cmm-r-oil-regeneration-systems\/","title":{"rendered":"CMM-12R \u00d6lregenerationssysteme"},"content":{"rendered":"","protected":false},"excerpt":{"rendered":"<p>Die \u00d6lregenerationssysteme GlobeCore CMM-12R stellen Transformatoren\u00f6l und andere dielektrische \u00d6le wieder her, indem sie Abbauprodukte und S\u00e4uren entfernen. Der Prozess verbessert die Durchschlagfestigkeit, Klarheit und Oxidationsbest\u00e4ndigkeit, verl\u00e4ngert die Lebensdauer von Transformatoren und senkt die Kosten f\u00fcr den \u00d6lwechsel. Das langlebige Sorbens arbeitet bis zu drei Jahre ohne Austausch und macht Verbrauchsmaterialien sowie Arbeitsaufwand vor Ort \u00fcberfl\u00fcssig. Die Systeme k\u00f6nnen als eigenst\u00e4ndige Einheiten oder in Kombination mit vorhandenen Entgasungs- oder Trocknungsanlagen betrieben werden. Jede GlobeCore-Einheit ist f\u00fcr Transformatorenhersteller und Serviceunternehmen individuell anpassbar. Geeignet f\u00fcr Transformatoren\u00f6l, Turbinen\u00f6l, Hydraulik\u00f6l, FR3, Midel und andere industrielle Fl\u00fcssigkeiten.<\/p>\n","protected":false},"author":7,"featured_media":133477,"parent":145665,"menu_order":0,"comment_status":"closed","ping_status":"closed","template":"templates\/single-product.php","meta":{"_acf_changed":false,"_bbp_topic_count":0,"_bbp_reply_count":0,"_bbp_total_topic_count":0,"_bbp_total_reply_count":0,"_bbp_voice_count":0,"_bbp_anonymous_reply_count":0,"_bbp_topic_count_hidden":0,"_bbp_reply_count_hidden":0,"_bbp_forum_subforum_count":0,"footnotes":""},"categories":[1892],"class_list":["post-145706","page","type-page","status-publish","has-post-thumbnail","hentry","category-oil-maintenance-de","oil_type-fr3-dielektrikum","oil_type-fyrquel-feuerbestandiges-fluid","oil_type-getriebeol","oil_type-hydraulikol","oil_type-industrieol","oil_type-kabelol","oil_type-kompressorol","oil_type-midel-7131-dielektrikum","oil_type-silikonol","oil_type-transformatorenol","oil_type-turbinenol","process_type-filtration-de","process_type-regeneration-de"],"acf":{"add_tab":[{"tab_title":"Beschreibung","tab_content":"<p style=\"text-align: justify;\">Durch den GlobeCore-Regenerationsprozess wird das gebrauchte \u00d6l wieder in seinen urspr\u00fcnglichen Zustand gebracht. Dieser Prozess erm\u00f6glicht es, Transformatoren mit \u00d6l zu f\u00fcllen, das zuvor entsorgt werden m\u00fcsste. Das \u00d6l im Transformator kann, ohne ersetzt werden zu m\u00fcssen, f\u00fcr die gesamte Lebensdauer des Transformators verwendet werden.<\/p>\r\nDie GlobeCore CMM-R-Systeme sind so ausgelegt, dass sie die Lebensdauer des Transformators verl\u00e4ngern, indem sie die dielektrische Festigkeit und die chemische Zusammensetzung des dielektrischen Isolier\u00f6ls wiederherstellen.\r\n<p style=\"text-align: justify;\">Bei der \u00d6lregeneration werden \u00d6labbauprodukte und saure Verbindungen entfernt, das \u00d6l wird gekl\u00e4rt und die Oxidationsbest\u00e4ndigkeit wird verbessert, w\u00e4hrend die Gasl\u00f6slichkeit reduziert wird.<\/p>"}],"add_def_tab":[{"tab_title":"Spezifikation","tab_content":"<b>Verbesserung der \u00d6leigenschaften durch Regeneration:<\/b>\r\n<table>\r\n<tbody>\r\n<tr>\r\n<td style=\"text-align: center;\"><b>Parameter<\/b><\/td>\r\n<td style=\"text-align: center;\"><b>Vor dem Regenerationsprozess<\/b><\/td>\r\n<td style=\"text-align: center;\"><b>Nach dem Regenerationsprozess<\/b><\/td>\r\n<\/tr>\r\n<tr>\r\n<td>\r\n<p style=\"text-align: left;\">Feuchtigkeitsgehalt nach Gewicht,<\/p>\r\n<p style=\"text-align: left;\">g\/t (ppm) \u00a0gem\u00e4\u00df<\/p>\r\n<p style=\"text-align: left;\">IEC 733; ASTM D-1533<\/p>\r\n<\/td>\r\n<td style=\"text-align: center;\">43<\/td>\r\n<td style=\"text-align: center;\">5<\/td>\r\n<\/tr>\r\n<tr>\r\n<td style=\"text-align: left;\">ISO 4406 industrielle Reinheitsklasse<\/td>\r\n<td style=\"text-align: center;\">-\/18\/16<\/td>\r\n<td style=\"text-align: center;\">-\/14\/12<\/td>\r\n<\/tr>\r\n<tr>\r\n<td>\r\n<p style=\"text-align: left;\">Volumetrischer Gasgehalt, % gem\u00e4\u00df<\/p>\r\n<p style=\"text-align: left;\">IEC 60599; ASTM D-3612<\/p>\r\n<\/td>\r\n<td style=\"text-align: center;\">\u2014<\/td>\r\n<td style=\"text-align: center;\">0.1<\/td>\r\n<\/tr>\r\n<tr>\r\n<td style=\"text-align: left;\">S\u00e4urezahl, mg KOH\/g gem\u00e4\u00df IEC 296; ASTM D-664<\/td>\r\n<td style=\"text-align: center;\">0.2<\/td>\r\n<td style=\"text-align: center;\">0.01<\/td>\r\n<\/tr>\r\n<tr>\r\n<td>\r\n<p style=\"text-align: left;\">Korrosiver Schwefel \u00a0gem\u00e4\u00df<\/p>\r\n<p style=\"text-align: left;\">IEC 5662; ASTM D-1275<\/p>\r\n<\/td>\r\n<td style=\"text-align: center;\">vorhanden<\/td>\r\n<td style=\"text-align: center;\">Nicht vorhanden<\/td>\r\n<\/tr>\r\n<tr>\r\n<td style=\"text-align: left;\">Durchschlagfestigkeit, kV gem\u00e4\u00df. IEC 156; ASTM D-18116<\/td>\r\n<td style=\"text-align: center;\">30<\/td>\r\n<td style=\"text-align: center;\">70<\/td>\r\n<\/tr>\r\n<tr>\r\n<td style=\"text-align: left;\">Oberfl\u00e4chenspannung, N\/m, bei 25\u00ba\u0421 \u00a0gem\u00e4\u00df \u00a0IEC 6295; ASTM D-664<\/td>\r\n<td><\/td>\r\n<td style=\"text-align: center;\">45<\/td>\r\n<\/tr>\r\n<tr>\r\n<td>\r\n<p style=\"text-align: left;\">Dissipationsfaktor bei 90\u00ba\u0421 \u00a0gem\u00e4\u00df<\/p>\r\n<p style=\"text-align: left;\">IEC 247; ASTM D-924<\/p>\r\n<\/td>\r\n<td style=\"text-align: center;\">0.095<\/td>\r\n<td style=\"text-align: center;\">0.001<\/td>\r\n<\/tr>\r\n<tr>\r\n<td style=\"text-align: left;\">Oxidationsstabilit\u00e4t gem\u00e4\u00df IEC 74; 164 Stunden<\/td>\r\n<td><\/td>\r\n<td style=\"text-align: center;\">wiederhergestellt<\/td>\r\n<\/tr>\r\n<\/tbody>\r\n<\/table>"},{"tab_title":"Vorteil","tab_content":"<b><i>GlobeCore\u00a0<\/i><\/b>fertigt \u00d6lregenerationssysteme sowohl f\u00fcr Transformatorenhersteller als auch f\u00fcr Dienstleister.\r\n\r\n<strong><i>GlobeCore-<\/i>Einheiten<\/strong>\u00a0sind mit einem Sorptionsmittel beladen, das alle \u00d6l-Zersetzungsprodukte einf\u00e4ngt. Es kann das gleiche Sorptionsmittel bis zu 3 Jahre verwenden werden, bevor es ausgetauscht werden muss.\r\n\r\nDie Regenerationssysteme k\u00f6nnen mit Entgasungseinheiten kombiniert oder als eigenst\u00e4ndige Systeme erworben werden.\r\n\r\nDIe\u00a0<em><strong>GlobeCore<\/strong><\/em>\u00a0Regenerationssysteme k\u00f6nnen in Kombination mit Ihrem bereits bestehenden Entgasungs- oder Trocknungsger\u00e4t eingesetzt werden.\r\n\r\nJede\u00a0<em><strong>GlobeCore-Einheit<\/strong><\/em>\u00a0kann individuell angepasst werden und enth\u00e4lt eine Reihe von Optionen:\r\n<ul>\r\n \t<li>Eine zus\u00e4tzliche Vakuumpumpe f\u00fcr Transformatorabsaugung<\/li>\r\n<\/ul>\r\n<ul>\r\n \t<li>Auf einem Anh\u00e4nger oder einem Sattelanh\u00e4nger montiert<\/li>\r\n<\/ul>\r\n<ul>\r\n \t<li>Feuchtemessger\u00e4te sowohl am Einlass als auch am Auslass des \u00d6lstroms<\/li>\r\n<\/ul>\r\n<ul>\r\n \t<li>Fernsteuerung und Prozess\u00fcberwachung \u00fcber Smartphone oder PC<\/li>\r\n \t<li>Klimatisierter Arbeitsraum.<\/li>\r\n<\/ul>"},{"tab_title":"Anwendung","tab_content":"[product_oil_types]"}],"add_video_tab":[{"video_tab_title":"Video","add_video_id":[{"video_id":"d1y6SGzCrWg"},{"video_id":"Sv0VWnI8QHg"},{"video_id":"x3ermpzCCCo"}]}],"add_gallery_tab":[{"gallery_tab_title":"Galerie","add_img":[59936,33484,60104,33529,33493,12869,12866,12863,12857,6939,3233]}],"add_price_tab":[{"price_tab_title":"Get a Quote"}]},"language":"de","_links":{"self":[{"href":"https:\/\/globecore.com\/de\/wp-json\/wp\/v2\/pages\/145706","targetHints":{"allow":["GET"]}}],"collection":[{"href":"https:\/\/globecore.com\/de\/wp-json\/wp\/v2\/pages"}],"about":[{"href":"https:\/\/globecore.com\/de\/wp-json\/wp\/v2\/types\/page"}],"author":[{"embeddable":true,"href":"https:\/\/globecore.com\/de\/wp-json\/wp\/v2\/users\/7"}],"replies":[{"embeddable":true,"href":"https:\/\/globecore.com\/de\/wp-json\/wp\/v2\/comments?post=145706"}],"version-history":[{"count":2,"href":"https:\/\/globecore.com\/de\/wp-json\/wp\/v2\/pages\/145706\/revisions"}],"predecessor-version":[{"id":335977,"href":"https:\/\/globecore.com\/de\/wp-json\/wp\/v2\/pages\/145706\/revisions\/335977"}],"up":[{"embeddable":true,"href":"https:\/\/globecore.com\/de\/wp-json\/wp\/v2\/pages\/145665"}],"wp:featuredmedia":[{"embeddable":true,"href":"https:\/\/globecore.com\/de\/wp-json\/wp\/v2\/media\/133477"}],"wp:attachment":[{"href":"https:\/\/globecore.com\/de\/wp-json\/wp\/v2\/media?parent=145706"}],"wp:term":[{"taxonomy":"category","embeddable":true,"href":"https:\/\/globecore.com\/de\/wp-json\/wp\/v2\/categories?post=145706"}],"curies":[{"name":"wp","href":"https:\/\/api.w.org\/{rel}","templated":true}]}}