{"id":145717,"date":"2016-08-15T09:38:49","date_gmt":"2016-08-15T09:38:49","guid":{"rendered":"https:\/\/globecore.com\/products\/oil-regeneration\/laboratory-oil-filtration-unit-uvr-l\/"},"modified":"2026-03-05T14:47:36","modified_gmt":"2026-03-05T14:47:36","slug":"laboratory-oil-filtration-unit-uvr-l","status":"publish","type":"page","link":"https:\/\/globecore.com\/de\/products\/oil-regeneration\/laboratory-oil-filtration-unit-uvr-l\/","title":{"rendered":"Labor\u00f6lfiltrationseinheit \u0421\u041c\u041c-0,001U"},"content":{"rendered":"","protected":false},"excerpt":{"rendered":"<p>Die GlobeCore CMM-0.001U ist eine Labor\u00f6lanlage zur Reinigung und Regeneration petrochemischer Produkte in kleinen Mengen. Sie regeneriert kleine Proben von Transformatoren\u00f6l, Industrie\u00f6l, Turbinen\u00f6l, Hydraulik\u00f6l, Diesel, Heiz\u00f6l, Vakuum\u00f6l, Kerosin, Getriebe\u00f6l und anderen Medien. Das System verwendet ein mit Sorbens gef\u00fclltes Filtermodul und einen Filter zur Entfernung von Verunreinigungen und zur Wiederherstellung der \u00d6lqualit\u00e4t. Die kompakte und leicht transportierbare Einheit wird an eine Standardsteckdose angeschlossen und erm\u00f6glicht Vor-Ort-Tests von \u00d6lproben. Die Anlage bietet einen leisen Betrieb und Regenerationsleistungen von 2\u20135 L\/h, abh\u00e4ngig vom \u00d6ltyp.<\/p>\n","protected":false},"author":1,"featured_media":134488,"parent":145665,"menu_order":0,"comment_status":"closed","ping_status":"closed","template":"templates\/single-product.php","meta":{"_acf_changed":false,"_bbp_topic_count":0,"_bbp_reply_count":0,"_bbp_total_topic_count":0,"_bbp_total_reply_count":0,"_bbp_voice_count":0,"_bbp_anonymous_reply_count":0,"_bbp_topic_count_hidden":0,"_bbp_reply_count_hidden":0,"_bbp_forum_subforum_count":0,"footnotes":""},"categories":[1892],"class_list":["post-145717","page","type-page","status-publish","has-post-thumbnail","hentry","category-oil-maintenance-de","oil_type-fr3-dielektrikum","oil_type-fyrquel-feuerbestandiges-fluid","oil_type-getriebeol","oil_type-hydraulikol","oil_type-industrieol","oil_type-kabelol","oil_type-kompressorol","oil_type-midel-7131-dielektrikum","oil_type-silikonol","oil_type-transformatorenol","oil_type-turbinenol","process_type-regeneration-de"],"acf":{"add_tab":[{"tab_title":"Beschreibung","tab_content":"<p style=\"text-align: justify;\">Die Labor-\u0421\u041c\u041c-0,001U-Einheit wird Ihnen helfen, Tests mit jeder Art von petrochemischen Produkten durchzuf\u00fchren, um zu best\u00e4tigen, dass es gereinigt werden kann.<\/p>\r\n<p style=\"text-align: justify;\">Arten von Mineral\u00f6l, die regeneriert und gefiltert werden k\u00f6nnen:<\/p>\r\n\r\n<ul style=\"text-align: justify;\">\r\n \t<li>Industrie\u00f6l;<\/li>\r\n \t<li>Transformatoren\u00f6l;<\/li>\r\n \t<li>Turbinen\u00f6l;<\/li>\r\n \t<li>Diesel;<\/li>\r\n \t<li>Heiz\u00f6l;<\/li>\r\n \t<li>Hydraulik\u00f6l;<\/li>\r\n \t<li>Vakuum-\u00d6l;<\/li>\r\n \t<li>\u00e4therisches \u00d6l;<\/li>\r\n \t<li>Getriebe\u00f6l;<\/li>\r\n \t<li>Gaskondensat;<\/li>\r\n \t<li>Kerosin;<\/li>\r\n \t<li>Motor\u00f6l;<\/li>\r\n \t<li>Und viele mehr.<\/li>\r\n<\/ul>\r\n<h2 style=\"text-align: center;\"><b>DESIGN<\/b><\/h2>\r\n<p style=\"text-align: justify;\">Die Einheit besteht aus:<\/p>\r\n\r\n<ul style=\"text-align: justify;\">\r\n \t<li>\u00d6lfiltrationsbeh\u00e4lter;<\/li>\r\n \t<li>Rahmen;<\/li>\r\n \t<li>Vakuumkammer;<\/li>\r\n \t<li>Vakuumpumpe;<\/li>\r\n \t<li>Rohrleitungen;<\/li>\r\n<\/ul>\r\n<p style=\"text-align: justify;\">Die Filtrationsh\u00fclse ist ein Gef\u00e4\u00df, halb gef\u00fcllt mit Sorptionsmittel, in dem das \u00d6l regeneriert wird. Das Sorptionsmittel und das \u00d6l werden von oben in die H\u00fclse gef\u00fcllt.<\/p>\r\n<p style=\"text-align: justify;\">Der Boden des Filtrationsbeh\u00e4lters hat eine Klappe, durch die das Vakuum erzeugt wird, das ges\u00e4ttigte Sorptionsmittel extrahiert und das regenerierte \u00d6l abgepumpt wird.<\/p>\r\n<p style=\"text-align: justify;\">Die \u00e4u\u00dfere Oberfl\u00e4che des Beh\u00e4lters wird mit einem elektrischen Heizband verpackt und isoliert.<\/p>\r\n<p style=\"text-align: justify;\">Der Rahmen ist eine Metallstruktur, die alle Komponenten des Ger\u00e4tes unterst\u00fctzt.<\/p>\r\n<p style=\"text-align: justify;\">Die Vakuumkammer ist ein rechteckiges Gef\u00e4\u00df, das mit regeneriertem \u00d6l gef\u00fcllt ist. Der obere Teil des Beh\u00e4lters ist mit einem Kugelhahn ausgestattet, um die Kammer mit der Vakuumpumpe zu verbinden. Der Boden des Beh\u00e4lters ist ebenfalls mit einem Kugelhahn ausgestattet, durch den das \u00d6l in das Vakuumgef\u00e4\u00df angesaugt wird, dort befindet sich auch ein Ventil zum Ablassen des \u00d6ls. Der Beh\u00e4lter ist auch mit einem visuellen Fl\u00fcssigkeitsstandmesser und einem Vakuummeter ausgestattet.<\/p>"}],"add_def_tab":[{"tab_title":"Spezifikation","tab_content":"<table>\r\n<tbody>\r\n<tr style=\"text-align: justify;\">\r\n<td><strong>\u2116<\/strong><\/td>\r\n<td>\r\n<p style=\"text-align: center;\"><strong>Parameter<\/strong><\/p>\r\n<\/td>\r\n<td>\r\n<p style=\"text-align: center;\"><strong>Werte<\/strong><\/p>\r\n<\/td>\r\n<\/tr>\r\n<tr style=\"text-align: justify;\">\r\n<td>1<\/td>\r\n<td>\r\n<p style=\"text-align: left;\">Regenerationsproduktivit\u00e4t, l\/h:- Transformator\u00f6l<\/p>\r\n<p style=\"text-align: left;\">\u2013 Industrie\u00f6l *<\/p>\r\n<\/td>\r\n<td>\r\n<p style=\"text-align: center;\">3-5*<\/p>\r\n<p style=\"text-align: center;\">2-4*<\/p>\r\n<\/td>\r\n<\/tr>\r\n<tr style=\"text-align: justify;\">\r\n<td>2<\/td>\r\n<td>\r\n<p style=\"text-align: left;\">Verbrauch der Regenerationskraft in % des Gewichts des gereinigten \u00d6ls<\/p>\r\n<p style=\"text-align: left;\">\u2014 Transformator\u00f6l<\/p>\r\n<p style=\"text-align: left;\">\u2013 Industrie\u00f6l *<\/p>\r\n<\/td>\r\n<td>\r\n<p style=\"text-align: center;\">3-10*<\/p>\r\n<p style=\"text-align: center;\">3-10*<\/p>\r\n<\/td>\r\n<\/tr>\r\n<tr style=\"text-align: justify;\">\r\n<td>3<\/td>\r\n<td>\r\n<p style=\"text-align: left;\">Gewicht der Regenerationskraft, kg<\/p>\r\n<\/td>\r\n<td>\r\n<p style=\"text-align: center;\">3<\/p>\r\n<\/td>\r\n<\/tr>\r\n<tr style=\"text-align: justify;\">\r\n<td>4<\/td>\r\n<td>\r\n<p style=\"text-align: left;\">Verlust (\u00d6lprodukt) in% vom Anfangsvolumen (verbleibt im Sorptionsmittel)<\/p>\r\n<p style=\"text-align: left;\">\u2014 Transformator\u00f6l<\/p>\r\n<p style=\"text-align: left;\">\u2013 Industrie\u00f6l<\/p>\r\n<\/td>\r\n<td>\r\n<p style=\"text-align: center;\">1-5<\/p>\r\n<p style=\"text-align: center;\">1-5<\/p>\r\n<\/td>\r\n<\/tr>\r\n<tr style=\"text-align: justify;\">\r\n<td>5<\/td>\r\n<td>\r\n<p style=\"text-align: left;\">Gesamtkapazit\u00e4t der Heizungen, kW<\/p>\r\n<\/td>\r\n<td>\r\n<p style=\"text-align: center;\">0,16<\/p>\r\n<\/td>\r\n<\/tr>\r\n<tr style=\"text-align: justify;\">\r\n<td>6<\/td>\r\n<td>\r\n<p style=\"text-align: left;\">Durchflussleistung, kW<\/p>\r\n<\/td>\r\n<td>\r\n<p style=\"text-align: center;\">1,0<\/p>\r\n<\/td>\r\n<\/tr>\r\n<tr style=\"text-align: justify;\">\r\n<td>8<\/td>\r\n<td>\r\n<p style=\"text-align: left;\">Voltzahl des Einphasenwechselstroms mit einer Frequenz von 50 (60) Hz, V<\/p>\r\n<\/td>\r\n<td>\r\n<p style=\"text-align: center;\">220<\/p>\r\n<\/td>\r\n<\/tr>\r\n<tr style=\"text-align: justify;\">\r\n<td>9<\/td>\r\n<td>\r\n<p style=\"text-align: left;\">Gesamtgr\u00f6\u00dfe, mm, max.- L\u00e4nge<\/p>\r\n<p style=\"text-align: left;\">\u2013 Breite<\/p>\r\n<p style=\"text-align: left;\">\u2013 H\u00f6he<\/p>\r\n<\/td>\r\n<td>\r\n<p style=\"text-align: center;\">500<\/p>\r\n<p style=\"text-align: center;\">550<\/p>\r\n<p style=\"text-align: center;\">750<\/p>\r\n<\/td>\r\n<\/tr>\r\n<tr>\r\n<td style=\"text-align: justify;\">10<\/td>\r\n<td style=\"text-align: justify;\">\r\n<p style=\"text-align: left;\">Gewicht, kg, max.<\/p>\r\n<\/td>\r\n<td>\r\n<p style=\"text-align: center;\">50<\/p>\r\n<\/td>\r\n<\/tr>\r\n<\/tbody>\r\n<\/table>"},{"tab_title":"Vorteil","tab_content":"<ul>\r\n \t<li style=\"text-align: justify;\">Kompakte Gr\u00f6\u00dfe;<\/li>\r\n \t<li style=\"text-align: justify;\">einfach zu transportieren;<\/li>\r\n \t<li style=\"text-align: justify;\">Verbindung mit einer normalen Steckdose;<\/li>\r\n \t<li style=\"text-align: justify;\">reinigt \u00d6lproben vor Ort;<\/li>\r\n \t<li style=\"text-align: justify;\">leiser Betrieb.<\/li>\r\n<\/ul>"},{"tab_title":"Anwendung","tab_content":"[product_oil_types]"}],"add_video_tab":[{"video_tab_title":"Video","add_video_id":[{"video_id":"UgQ_3fsnKUs"},{"video_id":"ZGYxWWPHzlk"},{"video_id":"65vX5au6k-Y"},{"video_id":"uPlOLYiK0uE"}]}],"add_gallery_tab":[{"gallery_tab_title":"GALLERY","add_img":[10031,9633,9631,8244,3703,3704,3694]}],"add_price_tab":[{"price_tab_title":"Get a Quote"}]},"language":"de","_links":{"self":[{"href":"https:\/\/globecore.com\/de\/wp-json\/wp\/v2\/pages\/145717","targetHints":{"allow":["GET"]}}],"collection":[{"href":"https:\/\/globecore.com\/de\/wp-json\/wp\/v2\/pages"}],"about":[{"href":"https:\/\/globecore.com\/de\/wp-json\/wp\/v2\/types\/page"}],"author":[{"embeddable":true,"href":"https:\/\/globecore.com\/de\/wp-json\/wp\/v2\/users\/1"}],"replies":[{"embeddable":true,"href":"https:\/\/globecore.com\/de\/wp-json\/wp\/v2\/comments?post=145717"}],"version-history":[{"count":1,"href":"https:\/\/globecore.com\/de\/wp-json\/wp\/v2\/pages\/145717\/revisions"}],"predecessor-version":[{"id":335986,"href":"https:\/\/globecore.com\/de\/wp-json\/wp\/v2\/pages\/145717\/revisions\/335986"}],"up":[{"embeddable":true,"href":"https:\/\/globecore.com\/de\/wp-json\/wp\/v2\/pages\/145665"}],"wp:featuredmedia":[{"embeddable":true,"href":"https:\/\/globecore.com\/de\/wp-json\/wp\/v2\/media\/134488"}],"wp:attachment":[{"href":"https:\/\/globecore.com\/de\/wp-json\/wp\/v2\/media?parent=145717"}],"wp:term":[{"taxonomy":"category","embeddable":true,"href":"https:\/\/globecore.com\/de\/wp-json\/wp\/v2\/categories?post=145717"}],"curies":[{"name":"wp","href":"https:\/\/api.w.org\/{rel}","templated":true}]}}