{"id":145725,"date":"2024-05-22T06:45:08","date_gmt":"2024-05-22T06:45:08","guid":{"rendered":"https:\/\/globecore.com\/products\/oil-regeneration\/oxidation-inhibitor-injection-unit\/"},"modified":"2026-03-05T14:42:05","modified_gmt":"2026-03-05T14:42:05","slug":"oxidation-inhibitor-injection-unit","status":"publish","type":"page","link":"https:\/\/globecore.com\/de\/products\/oil-regeneration\/oxidation-inhibitor-injection-unit\/","title":{"rendered":"Block zur Einf\u00fchrung des Inhibitors (Antioxidanszusatz) USB-6"},"content":{"rendered":"","protected":false},"excerpt":{"rendered":"<p>Die GlobeCore USB-6 ist eine mobile Inhibitor-Einspritzeinheit zur Vorbereitung und Dosierung von Antioxidationsadditiven in Transformatoren\u00f6l. Die Anlage pumpt das \u00d6l automatisch ab, mischt es mit dem Inhibitor und f\u00f6rdert es zur\u00fcck, wodurch eine schnelle und gleichm\u00e4\u00dfige Verteilung gew\u00e4hrleistet wird. Sie kann auch im manuellen Modus zur \u00dcberpr\u00fcfung der Komponenten betrieben werden. Integrierte Sicherheitssysteme stoppen den Betrieb bei abnormalen Bedingungen, wobei Diagnosen auf dem Bildschirm der Steuerung angezeigt werden. Die USB-6 eignet sich f\u00fcr die Einspritzung von antioxidativen, schaumhemmenden und korrosionshemmenden Additiven in Transformatoren-, Turbinen- und Schmier\u00f6le sowie f\u00fcr die Dosierung von Kraftstoffadditiven.<\/p>\n","protected":false},"author":7,"featured_media":145726,"parent":145665,"menu_order":0,"comment_status":"closed","ping_status":"closed","template":"templates\/single-product.php","meta":{"_acf_changed":false,"_bbp_topic_count":0,"_bbp_reply_count":0,"_bbp_total_topic_count":0,"_bbp_total_reply_count":0,"_bbp_voice_count":0,"_bbp_anonymous_reply_count":0,"_bbp_topic_count_hidden":0,"_bbp_reply_count_hidden":0,"_bbp_forum_subforum_count":0,"footnotes":""},"categories":[1892],"class_list":["post-145725","page","type-page","status-publish","has-post-thumbnail","hentry","category-oil-maintenance-de","oil_type-fr3-dielektrikum","oil_type-fyrquel-feuerbestandiges-fluid","oil_type-hydraulikol","oil_type-industrieol","oil_type-midel-7131-dielektrikum","oil_type-transformatorenol","oil_type-turbinenol","process_type-mischen"],"acf":{"add_tab":[{"tab_title":"Beschreibung","tab_content":"<p style=\"text-align: justify;\"><span style=\"font-weight: 400;\">Transformatoren\u00f6le werden zum K\u00fchlen und Isolieren der inneren Komponenten von Transformatoren verwendet. Mit der Zeit k\u00f6nnen \u00d6le jedoch oxidiert werden, was zu einer Verschlechterung ihrer Qualit\u00e4t und Wirksamkeit f\u00fchrt. \u00d6len werden Inhibitoren (Antioxidationsadditive) zugesetzt, um Oxidationsprozesse zu verlangsamen und so die Lebensdauer des Transformatoren\u00f6ls zu verl\u00e4ngern.<\/span><\/p>\r\n<p style=\"text-align: justify;\"><span style=\"font-weight: 400;\">Block zur Einf\u00fchrung des Inhibitors ist ein mobiles Ger\u00e4t, das speziell f\u00fcr die Aufbereitung und Einbringung des Inhibitors in Transformatoren\u00f6le entwickelt wurde. Das Funktionsprinzip des Ger\u00e4ts besteht darin, dass die Vorg\u00e4nge \u00d6labpumpen, Mischen mit dem Inhibitor und Zur\u00fcckpumpen nacheinander im Automatikmodus ausgef\u00fchrt werden. Eine solche Automatisierung garantiert eine schnelle und effiziente Vermischung der Komponenten, was zu einer gleichm\u00e4\u00dfigen Verteilung des Inhibitors im \u00d6l beitr\u00e4gt. Um die Funktionsf\u00e4higkeit einzelner Einheiten der Anlage zu \u00fcberpr\u00fcfen, besteht auch die M\u00f6glichkeit, die Einheit im manuellen Modus zu betreiben.<\/span><\/p>\r\n<p style=\"text-align: justify;\"><span style=\"font-weight: 400;\">Auf die Sicherheit wird besonderes Augenmerk gelegt. Bei Erkennung gef\u00e4hrlicher Situationen wird der Betrieb des Ger\u00e4ts sofort unterbrochen. Der Grund f\u00fcr den Stopp wird auf dem Controller-Bildschirm angezeigt, sodass der Bediener die Ursache des Problems schnell herausfinden und beheben kann.<\/span><\/p>"}],"add_def_tab":[{"tab_title":"Spezifikation","tab_content":"<table>\r\n<tbody>\r\n<tr>\r\n<td>\r\n<p style=\"text-align: center;\"><strong>\u2116<\/strong><\/p>\r\n<\/td>\r\n<td style=\"text-align: center;\"><strong>Parameter<\/strong><\/td>\r\n<td colspan=\"2\">\r\n<p style=\"text-align: center;\"><strong>Wert<\/strong><\/p>\r\n<\/td>\r\n<\/tr>\r\n<tr>\r\n<td><span style=\"font-weight: 400;\">1<\/span><\/td>\r\n<td><span style=\"font-weight: 400;\">Volumen des Beh\u00e4lters, l<\/span><\/td>\r\n<td>\r\n<p style=\"text-align: center;\"><span style=\"font-weight: 400;\">55<\/span><\/p>\r\n<\/td>\r\n<\/tr>\r\n<tr>\r\n<td><span style=\"font-weight: 400;\">2<\/span><\/td>\r\n<td><span style=\"font-weight: 400;\">Das Volumen des Korbes zum Bef\u00fcllen des Inhibitors, l<\/span><\/td>\r\n<td>\r\n<p style=\"text-align: center;\"><span style=\"font-weight: 400;\">25<\/span><\/p>\r\n<\/td>\r\n<\/tr>\r\n<tr>\r\n<td><span style=\"font-weight: 400;\">3<\/span><\/td>\r\n<td><span style=\"font-weight: 400;\">Installierter Stromverbrauch, kW<\/span><\/td>\r\n<td>\r\n<p style=\"text-align: center;\"><span style=\"font-weight: 400;\">0,7<\/span><\/p>\r\n<\/td>\r\n<\/tr>\r\n<tr>\r\n<td><span style=\"font-weight: 400;\">4<\/span><\/td>\r\n<td><span style=\"font-weight: 400;\">Versorgungsspannung eines dreiphasigen Wechselstromnetzes mit einer Frequenz von 50 Hz, V<\/span><\/td>\r\n<td>\r\n<p style=\"text-align: center;\"><span style=\"font-weight: 400;\">380<\/span><\/p>\r\n<\/td>\r\n<\/tr>\r\n<tr>\r\n<td><span style=\"font-weight: 400;\">5<\/span><\/td>\r\n<td><span style=\"font-weight: 400;\">Gesamtabmessungen, mm, max<\/span>\r\n\r\n<span style=\"font-weight: 400;\">L\u00e4nge<\/span>\r\n\r\n<span style=\"font-weight: 400;\">Breite<\/span>\r\n\r\n<span style=\"font-weight: 400;\">H\u00f6he<\/span><\/td>\r\n<td><span style=\"font-weight: 400;\">\u00a0<\/span>\r\n<p style=\"text-align: center;\"><span style=\"font-weight: 400;\">1000<\/span><\/p>\r\n<p style=\"text-align: center;\"><span style=\"font-weight: 400;\">560<\/span><\/p>\r\n<p style=\"text-align: center;\"><span style=\"font-weight: 400;\">1500<\/span><\/p>\r\n<\/td>\r\n<\/tr>\r\n<tr>\r\n<td><span style=\"font-weight: 400;\">6<\/span><\/td>\r\n<td><span style=\"font-weight: 400;\">Gewicht, kg, max<\/span><\/td>\r\n<td>\r\n<p style=\"text-align: center;\"><span style=\"font-weight: 400;\">500<\/span><\/p>\r\n<\/td>\r\n<\/tr>\r\n<\/tbody>\r\n<\/table>"},{"tab_title":"Vorteil","tab_content":"<ul>\r\n \t<li style=\"font-weight: 400;\"><span style=\"font-weight: 400;\">Automatisierung des Prozesses, wodurch eine hohe Genauigkeit und Effizienz der Einf\u00fchrung des Inhibitors gew\u00e4hrleistet wird;<\/span><\/li>\r\n \t<li style=\"font-weight: 400;\"><span style=\"font-weight: 400;\">Mobilit\u00e4t;<\/span><\/li>\r\n \t<li style=\"font-weight: 400;\"><span style=\"font-weight: 400;\">integrierte Sicherheitsvorrichtungen sch\u00fctzen das Ger\u00e4t und den Bediener;<\/span><\/li>\r\n \t<li style=\"font-weight: 400;\"><span style=\"font-weight: 400;\">komfortable Steuerung und Diagnose dank Controller-Bildschirm.<\/span><\/li>\r\n<\/ul>"},{"tab_title":"Anwendung","tab_content":"[product_oil_types]"}],"add_video_tab":null,"add_gallery_tab":null,"add_price_tab":null},"language":"de","_links":{"self":[{"href":"https:\/\/globecore.com\/de\/wp-json\/wp\/v2\/pages\/145725","targetHints":{"allow":["GET"]}}],"collection":[{"href":"https:\/\/globecore.com\/de\/wp-json\/wp\/v2\/pages"}],"about":[{"href":"https:\/\/globecore.com\/de\/wp-json\/wp\/v2\/types\/page"}],"author":[{"embeddable":true,"href":"https:\/\/globecore.com\/de\/wp-json\/wp\/v2\/users\/7"}],"replies":[{"embeddable":true,"href":"https:\/\/globecore.com\/de\/wp-json\/wp\/v2\/comments?post=145725"}],"version-history":[{"count":1,"href":"https:\/\/globecore.com\/de\/wp-json\/wp\/v2\/pages\/145725\/revisions"}],"predecessor-version":[{"id":335982,"href":"https:\/\/globecore.com\/de\/wp-json\/wp\/v2\/pages\/145725\/revisions\/335982"}],"up":[{"embeddable":true,"href":"https:\/\/globecore.com\/de\/wp-json\/wp\/v2\/pages\/145665"}],"wp:featuredmedia":[{"embeddable":true,"href":"https:\/\/globecore.com\/de\/wp-json\/wp\/v2\/media\/145726"}],"wp:attachment":[{"href":"https:\/\/globecore.com\/de\/wp-json\/wp\/v2\/media?parent=145725"}],"wp:term":[{"taxonomy":"category","embeddable":true,"href":"https:\/\/globecore.com\/de\/wp-json\/wp\/v2\/categories?post=145725"}],"curies":[{"name":"wp","href":"https:\/\/api.w.org\/{rel}","templated":true}]}}