{"id":145745,"date":"2016-07-21T09:30:18","date_gmt":"2016-07-21T09:30:18","guid":{"rendered":"https:\/\/globecore.com\/products\/degassing-thermal-vacuum-drying-oil\/cmm-0-6-oil-filtration-oil-degassing-cart\/"},"modified":"2026-04-16T12:49:59","modified_gmt":"2026-04-16T12:49:59","slug":"cmm-0-6-oil-filtration-oil-degassing-cart","status":"publish","type":"page","link":"https:\/\/globecore.com\/de\/products\/degassing-thermal-vacuum-drying-oil\/cmm-0-6-oil-filtration-oil-degassing-cart\/","title":{"rendered":"CMM-0,6L \u00d6lentgasungs- &amp; \u00d6lfiltrationswagen"},"content":{"rendered":"","protected":false},"excerpt":{"rendered":"<p>Die CMM-0.6L ist eine kompakte Anlage zum Erw\u00e4rmen, F\u00f6rdern und Reinigen von elektroisolierendem und k\u00fchlendem \u00d6l, das in Transformatoren, Laststufenschaltern, Durchf\u00fchrungen und Hochspannungsschaltern eingesetzt wird. W\u00e4hrend des Aufbereitungsprozesses werden mechanische Verunreinigungen, gel\u00f6ste Gase und Wasser aus dem \u00d6l entfernt. Die Anlagenleistung betr\u00e4gt bis zu 600 l\/h und entspricht der CMM-Basiskategorie.<br \/>\nDie Reinigung erfolgt im Vakuum: Das erhitzte \u00d6l gelangt in eine Vakuumkammer, in der aufgrund der vergr\u00f6\u00dferten Kontaktfl\u00e4che Feuchtigkeit und Gase effizient entfernt werden. Anschlie\u00dfend durchl\u00e4uft das \u00d6l Filter und wird zum Auslass gef\u00f6rdert.<br \/>\nDer Betrieb der CMM-0.6L ist weitgehend automatisiert und erfordert nur minimale Bedienereingriffe. Die Anlage ist mit Schutzsystemen gegen \u00dcberhitzung, \u00d6lleckagen, \u00d6lmangel im System, Schaumbildung und \u00dcberlastung der elektrischen Ausr\u00fcstung ausgestattet, was einen sicheren und zuverl\u00e4ssigen Betrieb gew\u00e4hrleistet.<\/p>\n","protected":false},"author":1,"featured_media":145747,"parent":145731,"menu_order":0,"comment_status":"closed","ping_status":"closed","template":"templates\/single-product.php","meta":{"_acf_changed":false,"_bbp_topic_count":0,"_bbp_reply_count":0,"_bbp_total_topic_count":0,"_bbp_total_reply_count":0,"_bbp_voice_count":0,"_bbp_anonymous_reply_count":0,"_bbp_topic_count_hidden":0,"_bbp_reply_count_hidden":0,"_bbp_forum_subforum_count":0,"footnotes":""},"categories":[1892],"class_list":["post-145745","page","type-page","status-publish","has-post-thumbnail","hentry","category-oil-maintenance-de","oil_type-fr3-dielektrikum","oil_type-fyrquel-feuerbestandiges-fluid","oil_type-hydraulikol","oil_type-industrieol","oil_type-midel-7131-dielektrikum","oil_type-shell-diala-ol","oil_type-silikonol","oil_type-transformatorenol","oil_type-turbinenol","process_type-dehydrierung","process_type-entgasung","process_type-filtration-de"],"acf":{"add_tab":[{"tab_title":"Beschreibung","tab_content":"<p style=\"text-align: justify;\">Die tragbare \u00d6l-Entgasungseinheit CMM-0,6L kann f\u00fcr <b>\u00d6lfiltration, \u00d6lpumpen, \u00d6lheizung und Entgasung von dielektrischem Isolier\u00f6l sowie zum Entfernen mechanischer Verunreinigungen und Feuchtigkeit<\/b> verwendet werden. Die Verarbeitungskapazit\u00e4t des Ger\u00e4tes betr\u00e4gt 0,6 m\u00b3\/Stunde.<\/p>\r\n<p style=\"text-align: justify;\">Die Einheit besteht aus einer Vakuums\u00e4ule, <b>Keramik\u00f6lheizung<\/b>, Fluidpumpe, Vakuumpumpe und einer \u00d6lfilteranlage mit <b>austauschbaren Patronen<\/b>.<\/p>\r\n<p style=\"text-align: justify;\">In dem Ger\u00e4t wurden Sensoren installiert, so dass der Druckabfall an den Filtern und die Gr\u00f6\u00dfe des Vakuums gesteuert werden kann. Die Heiztemperatur kann ebenfalls durch den Einsatz eines speziellen Reglers gesteuert werden.<\/p>\r\n<p style=\"text-align: justify;\">Da es in Transformatoren, in denen sich \u00d6le mit einem hohen Feuchtigkeitsgehalt befinden, zur <b>Schaumbildung <\/b>kommen kann, ist in der Anlage eine <b>Schutzvorrichtung <\/b>installiert. Wenn aus irgendeinem Grund \u00d6l auslaufen sollte, wird dies sofort mittels eines Sensors erkannt, die Anlage schaltet sich ab und der Maschinenbediener wird alarmiert.<\/p>"}],"add_def_tab":[{"tab_title":"Spezifikation","tab_content":"<table>\r\n<tbody>\r\n<tr>\r\n<td><b>No.<\/b><\/td>\r\n<td>\r\n<p style=\"text-align: center;\"><b>Parameter <\/b><\/p>\r\n<\/td>\r\n<td>\r\n<p style=\"text-align: center;\"><b>Wert<\/b><\/p>\r\n<\/td>\r\n<\/tr>\r\n<tr>\r\n<td>1<\/td>\r\n<td style=\"text-align: left;\">Effizienz, m\u00b3\/h<\/td>\r\n<td>\r\n<p style=\"text-align: center;\">0.6<\/p>\r\n<\/td>\r\n<\/tr>\r\n<tr>\r\n<td>2<\/td>\r\n<td style=\"text-align: left;\">Energieversorgung (AC 50Hz, V)<\/td>\r\n<td>\r\n<p style=\"text-align: center;\">380*<\/p>\r\n<\/td>\r\n<\/tr>\r\n<tr>\r\n<td>3<\/td>\r\n<td style=\"text-align: left;\">Nennleistung, kW<\/td>\r\n<td>\r\n<p style=\"text-align: center;\">14<\/p>\r\n<\/td>\r\n<\/tr>\r\n<tr>\r\n<td>4<\/td>\r\n<td style=\"text-align: left;\">Vorfilter, Mikron<\/td>\r\n<td>\r\n<p style=\"text-align: center;\">200<\/p>\r\n<\/td>\r\n<\/tr>\r\n<tr>\r\n<td>5<\/td>\r\n<td style=\"text-align: left;\">Grad der Filtration, Mikron<\/td>\r\n<td>\r\n<p style=\"text-align: center;\">5<\/p>\r\n<\/td>\r\n<\/tr>\r\n<tr>\r\n<td>6<\/td>\r\n<td style=\"text-align: left;\">Sauberkeitsniveau nach der Verarbeitung (nach ISO 4406)<\/td>\r\n<td>\r\n<p style=\"text-align: center;\">-\/14\/12<\/p>\r\n<\/td>\r\n<\/tr>\r\n<tr>\r\n<td>7<\/td>\r\n<td style=\"text-align: left;\">Elektrische Durchschlagfestigkeit des \u00d6ls nach einem Prozessdurchlauf, mind., kV<\/td>\r\n<td>\r\n<p style=\"text-align: center;\">60**<\/p>\r\n<\/td>\r\n<\/tr>\r\n<tr>\r\n<td>8<\/td>\r\n<td style=\"text-align: left;\">Au\u00dfenma\u00dfe (exkl. Schl\u00e4uche) max., mm<\/td>\r\n<td><\/td>\r\n<\/tr>\r\n<tr>\r\n<td><\/td>\r\n<td style=\"text-align: left;\">\u2014 L\u00e4nge<\/td>\r\n<td>\r\n<p style=\"text-align: center;\">750<\/p>\r\n<\/td>\r\n<\/tr>\r\n<tr>\r\n<td><\/td>\r\n<td style=\"text-align: left;\">\u2014 Breite<\/td>\r\n<td>\r\n<p style=\"text-align: center;\">520<\/p>\r\n<\/td>\r\n<\/tr>\r\n<tr>\r\n<td><\/td>\r\n<td style=\"text-align: left;\">\u2014 H\u00f6he<\/td>\r\n<td>\r\n<p style=\"text-align: center;\">1350<\/p>\r\n<\/td>\r\n<\/tr>\r\n<tr>\r\n<td>9<\/td>\r\n<td style=\"text-align: left;\">Gewicht (ohne \u00d6l) max., kg<\/td>\r\n<td>\r\n<p style=\"text-align: center;\">250<\/p>\r\n<\/td>\r\n<\/tr>\r\n<\/tbody>\r\n<\/table>\r\n<p style=\"text-align: justify;\">* \u2013 \u00a0beliebige Spannung auf Wunsch des Kunden<\/p>\r\n<p style=\"text-align: justify;\">** \u2013 Sofern das verarbeitete \u00d6l nicht in Gebrauch war.<\/p>"},{"tab_title":"Vorteil","tab_content":"<ul>\r\n \t<li style=\"text-align: justify;\">Kompakte Gr\u00f6\u00dfe;<\/li>\r\n \t<li style=\"text-align: justify;\">Einfache Bedienung und Instandhaltung;<\/li>\r\n \t<li style=\"text-align: justify;\">Leise im Betrieb; und<\/li>\r\n \t<li style=\"text-align: justify;\">Kann \u00fcber eine herk\u00f6mmliche 230v Steckdose mit Strom betrieben werden.<\/li>\r\n<\/ul>"},{"tab_title":"Anwendung","tab_content":"[product_oil_types]"}],"add_video_tab":[{"video_tab_title":"Video","add_video_id":[{"video_id":"8ihaY_hW76E"},{"video_id":"Q1tC3Z8iiUU"},{"video_id":"vxUueqmd0yE"},{"video_id":"2SlRC-fKY0k"}]}],"add_gallery_tab":[{"gallery_tab_title":"Galerie","add_img":[60074,60065,60053,60243,12849,8550,8549,8545,23656]}],"add_price_tab":[{"price_tab_title":"Get a Quote"}]},"language":"de","_links":{"self":[{"href":"https:\/\/globecore.com\/de\/wp-json\/wp\/v2\/pages\/145745","targetHints":{"allow":["GET"]}}],"collection":[{"href":"https:\/\/globecore.com\/de\/wp-json\/wp\/v2\/pages"}],"about":[{"href":"https:\/\/globecore.com\/de\/wp-json\/wp\/v2\/types\/page"}],"author":[{"embeddable":true,"href":"https:\/\/globecore.com\/de\/wp-json\/wp\/v2\/users\/1"}],"replies":[{"embeddable":true,"href":"https:\/\/globecore.com\/de\/wp-json\/wp\/v2\/comments?post=145745"}],"version-history":[{"count":3,"href":"https:\/\/globecore.com\/de\/wp-json\/wp\/v2\/pages\/145745\/revisions"}],"predecessor-version":[{"id":342828,"href":"https:\/\/globecore.com\/de\/wp-json\/wp\/v2\/pages\/145745\/revisions\/342828"}],"up":[{"embeddable":true,"href":"https:\/\/globecore.com\/de\/wp-json\/wp\/v2\/pages\/145731"}],"wp:featuredmedia":[{"embeddable":true,"href":"https:\/\/globecore.com\/de\/wp-json\/wp\/v2\/media\/145747"}],"wp:attachment":[{"href":"https:\/\/globecore.com\/de\/wp-json\/wp\/v2\/media?parent=145745"}],"wp:term":[{"taxonomy":"category","embeddable":true,"href":"https:\/\/globecore.com\/de\/wp-json\/wp\/v2\/categories?post=145745"}],"curies":[{"name":"wp","href":"https:\/\/api.w.org\/{rel}","templated":true}]}}