{"id":145761,"date":"2018-07-13T05:21:57","date_gmt":"2018-07-13T05:21:57","guid":{"rendered":"https:\/\/globecore.com\/products\/degassing-thermal-vacuum-drying-oil\/cmm-1-1-mobile-oil-plant\/"},"modified":"2026-03-05T14:58:42","modified_gmt":"2026-03-05T14:58:42","slug":"cmm-1-1-mobile-oil-plant","status":"publish","type":"page","link":"https:\/\/globecore.com\/de\/products\/degassing-thermal-vacuum-drying-oil\/cmm-1-1-mobile-oil-plant\/","title":{"rendered":"CMMur-1L Mobile \u00d6lanlage"},"content":{"rendered":"","protected":false},"excerpt":{"rendered":"<p>Die CMMur-1L ist eine kompakte und wirtschaftliche Anlage zur Reinigung von elektroisolierendem \u00d6l mit einer Viskosit\u00e4t von bis zu 70 cSt bei 50 \u00b0C. Sie entfernt effektiv Wasser und mechanische Verunreinigungen und erm\u00f6glicht eine \u00d6lreinheit von der Ausgangsklasse \u2013\/18\/16 bis \u2013\/14\/12 nach mehrmaligem Durchlauf durch die Filter, bei einem Verschmutzungsgrad von weniger als 0,004 % Masseanteil.<br \/>\nDie Anlage ist au\u00dferdem f\u00fcr das Erw\u00e4rmen \u00f6lgef\u00fcllter elektrischer Betriebsmittel mit hei\u00dfem Transformatoren\u00f6l sowie f\u00fcr das Evakuieren von Luft aus Vakuumsystemen vorgesehen. Die CMMur-1L wird bei der Inbetriebnahme, Reparatur und Wartung von Leistungstransformatoren, Hochspannungsschaltern und anderer Hochspannungsausr\u00fcstung eingesetzt.<\/p>\n","protected":false},"author":7,"featured_media":145763,"parent":145731,"menu_order":0,"comment_status":"closed","ping_status":"closed","template":"templates\/single-product.php","meta":{"_acf_changed":false,"_bbp_topic_count":0,"_bbp_reply_count":0,"_bbp_total_topic_count":0,"_bbp_total_reply_count":0,"_bbp_voice_count":0,"_bbp_anonymous_reply_count":0,"_bbp_topic_count_hidden":0,"_bbp_reply_count_hidden":0,"_bbp_forum_subforum_count":0,"footnotes":""},"categories":[1892],"class_list":["post-145761","page","type-page","status-publish","has-post-thumbnail","hentry","category-oil-maintenance-de","oil_type-fr3-dielektrikum","oil_type-fyrquel-feuerbestandiges-fluid","oil_type-midel-7131-dielektrikum","oil_type-shell-diala-ol","oil_type-silikonol","oil_type-transformatorenol","process_type-dehydrierung","process_type-entgasung","process_type-filtration-de"],"acf":{"add_tab":[{"tab_title":"Beschreibung","tab_content":"<p style=\"text-align: justify;\">Das CMMur-1L setzt die hervorragende Funktionalit\u00e4t dieser Ger\u00e4te fort, ist jedoch kompakter und wirtschaftlicher.<\/p>\r\n<p style=\"text-align: justify;\">Das CMMur-1L reinigt Elektroisolier\u00f6l mit einer Viskosit\u00e4t von weniger als 70 cSt bei 50\u00b0 und entfernt Wasser und Partikel.<\/p>\r\n<p style=\"text-align: justify;\">Dieses Ger\u00e4t kann \u00f6lgef\u00fcllte elektrische Ger\u00e4te mit hei\u00dfem Transformator\u00f6l beheizen und die Luft aus dem Vakuumsystemen absaugen.<\/p>\r\n<p style=\"text-align: justify;\">Nach mehreren Durchg\u00e4ngen des Produkts durch die Filter verbessert sich die \u00d6lqualit\u00e4t von einer urspr\u00fcnglichen Reinheitsklasse von - \/ 18\/16 auf - \/ 14\/12 (Schadstoffgehalt von weniger als 0,004%).<\/p>\r\n<p style=\"text-align: justify;\">Die CMMur-1L wird bei der Inbetriebnahme, Wartung, Reparatur und beim Betrieb von \u00f6lgef\u00fcllten Hochspannungssystemen (Leistungstransformatoren, Hochspannungsschalter usw.) eingesetzt.<\/p>\r\n&nbsp;"}],"add_def_tab":[{"tab_title":"Spezifikation","tab_content":"<table width=\"587\">\r\n<tbody>\r\n<tr>\r\n<td style=\"text-align: center;\" width=\"49\"><strong>\u2116<\/strong><\/td>\r\n<td style=\"text-align: center;\" width=\"367\"><strong>Parameter<\/strong><\/td>\r\n<td style=\"text-align: center;\" width=\"171\"><strong>Wert<\/strong><\/td>\r\n<\/tr>\r\n<tr>\r\n<td width=\"49\">1<\/td>\r\n<td style=\"text-align: left;\" width=\"367\">Verarbeitungsrate, m<sup>3<\/sup>\/h:<\/td>\r\n<td style=\"text-align: center;\" width=\"171\">1.0<\/td>\r\n<\/tr>\r\n<tr>\r\n<td width=\"49\">2<\/td>\r\n<td style=\"text-align: left;\" width=\"367\">Max. \u00d6ltemperatur im Heizmodus, \u00b0\u0421<\/td>\r\n<td style=\"text-align: center;\" width=\"171\">60<\/td>\r\n<\/tr>\r\n<tr>\r\n<td width=\"49\">3<\/td>\r\n<td style=\"text-align: left;\" colspan=\"2\" width=\"538\">Parameter des verarbeiteten \u00d6ls (Anfangsfeuchtigkeit weniger als 100 ppm):<\/td>\r\n<\/tr>\r\n<tr>\r\n<td rowspan=\"3\" width=\"49\">&nbsp;\r\n\r\n&nbsp;\r\n\r\n&nbsp;<\/td>\r\n<td style=\"text-align: left;\" width=\"367\">Filtration, \u03bcm<\/td>\r\n<td style=\"text-align: center;\" width=\"171\">5<\/td>\r\n<\/tr>\r\n<tr>\r\n<td style=\"text-align: left;\" width=\"367\">Mindestdurchschlagsfestigkeit, kV<\/td>\r\n<td style=\"text-align: center;\" width=\"171\">\u00a075<\/td>\r\n<\/tr>\r\n<tr>\r\n<td style=\"text-align: left;\" width=\"367\">ISO 4406 Reinheitsklasse<\/td>\r\n<td style=\"text-align: center;\" width=\"171\">-\/14\/12<\/td>\r\n<\/tr>\r\n<tr>\r\n<td width=\"49\">4<\/td>\r\n<td style=\"text-align: left;\" width=\"367\">Ausgabeh\u00f6he relativ zum Auslass, Meter<\/td>\r\n<td style=\"text-align: center;\" width=\"171\">20<\/td>\r\n<\/tr>\r\n<tr>\r\n<td width=\"49\">5<\/td>\r\n<td style=\"text-align: left;\" width=\"367\">Max. Eingangsdruck, MPa<\/td>\r\n<td style=\"text-align: center;\" width=\"171\">0.1<\/td>\r\n<\/tr>\r\n<tr>\r\n<td width=\"49\">6<\/td>\r\n<td style=\"text-align: left;\" width=\"367\">Max. Ausgangsdruck, MPa<\/td>\r\n<td style=\"text-align: center;\" width=\"171\">0.25<\/td>\r\n<\/tr>\r\n<tr>\r\n<td width=\"49\">7<\/td>\r\n<td style=\"text-align: left;\" width=\"367\">\u00d6lheizungsleistung, kW<\/td>\r\n<td style=\"text-align: center;\" width=\"171\">20.4<\/td>\r\n<\/tr>\r\n<tr>\r\n<td width=\"49\">8<\/td>\r\n<td style=\"text-align: left;\" width=\"367\">Mittlere Heizfl\u00e4chenleistung, W\/cm<sup>2<\/sup>, max.<\/td>\r\n<td style=\"text-align: center;\" width=\"171\">1.1<\/td>\r\n<\/tr>\r\n<tr>\r\n<td width=\"49\">9<\/td>\r\n<td style=\"text-align: left;\" width=\"367\">Nennleistung, kW<\/td>\r\n<td style=\"text-align: center;\" width=\"171\">25<\/td>\r\n<\/tr>\r\n<tr>\r\n<td width=\"49\">10<\/td>\r\n<td style=\"text-align: left;\" width=\"367\">Dreiphasenwechselstrom (Spannung, Frequenz)<\/td>\r\n<td style=\"text-align: center;\" width=\"171\">\u00a0 Kundenspezifisch<\/td>\r\n<\/tr>\r\n<tr>\r\n<td width=\"49\">\u00a011<\/td>\r\n<td style=\"text-align: left;\" width=\"367\">Max. Abmessungen, mm<\/td>\r\n<td width=\"171\"><\/td>\r\n<\/tr>\r\n<tr>\r\n<td width=\"49\"><\/td>\r\n<td style=\"text-align: left;\" width=\"367\">L\u00e4nge<\/td>\r\n<td style=\"text-align: center;\" width=\"171\">1500<\/td>\r\n<\/tr>\r\n<tr>\r\n<td width=\"49\">&nbsp;\r\n\r\n&nbsp;<\/td>\r\n<td style=\"text-align: left;\" width=\"367\">Breite<\/td>\r\n<td style=\"text-align: center;\" width=\"171\">1000<\/td>\r\n<\/tr>\r\n<tr>\r\n<td width=\"49\"><\/td>\r\n<td style=\"text-align: left;\" width=\"367\">H\u00f6he<\/td>\r\n<td style=\"text-align: center;\" width=\"171\">1255<\/td>\r\n<\/tr>\r\n<tr>\r\n<td width=\"49\">12<\/td>\r\n<td style=\"text-align: left;\" width=\"367\">Gewicht, kg, max<\/td>\r\n<td style=\"text-align: center;\" width=\"171\">635<\/td>\r\n<\/tr>\r\n<\/tbody>\r\n<\/table>\r\n<b><i>Anmerkungen:<\/i><\/b><i> *<\/i> urspr\u00fcnglich \u00d6lparameter:\r\n<ul>\r\n \t<li>Feuchtigkeit unter 0.005% (50 ppm);<\/li>\r\n \t<li>\u00d6l f\u00fcr 30 Minuten auf + 60 \u00b1 5\u00baC erw\u00e4rmt;<\/li>\r\n \t<li>Gasgehalt weniger als 10%.<\/li>\r\n<\/ul>"},{"tab_title":"Vorteil","tab_content":"<ul>\r\n \t<li>kompakte Gr\u00f6\u00dfe. Die Anlage kann von verschiedenen Fahrzeugen (Boden, See, Luft) transportiert werden;<\/li>\r\n \t<li>einfache Bedienung und Wartung;<\/li>\r\n \t<li>Erh\u00f6hung der Spannungsfestigkeit von 15 auf 75 kV in mehreren Durchg\u00e4ngen;<\/li>\r\n \t<li>optimiertes Heizungsdesign mit erh\u00f6hter Heizrate ohne \u00fcberm\u00e4\u00dfigen Leistungsbedarf;<\/li>\r\n \t<li>Sichtfenster von ausreichender Gr\u00f6\u00dfe zur einfachen visuellen \u00dcberwachung der \u00d6lverarbeitung.<\/li>\r\n<\/ul>\r\n&nbsp;"},{"tab_title":"Anwendung","tab_content":"[product_oil_types]"}],"add_video_tab":[{"video_tab_title":"Video","add_video_id":[{"video_id":"CRaoEcK5YGY"}]}],"add_gallery_tab":[{"gallery_tab_title":"Galerie","add_img":[33249,33295,33277,33286,33313,33322,33349,33340]}],"add_price_tab":[{"price_tab_title":"Get a quote"}]},"language":"de","_links":{"self":[{"href":"https:\/\/globecore.com\/de\/wp-json\/wp\/v2\/pages\/145761","targetHints":{"allow":["GET"]}}],"collection":[{"href":"https:\/\/globecore.com\/de\/wp-json\/wp\/v2\/pages"}],"about":[{"href":"https:\/\/globecore.com\/de\/wp-json\/wp\/v2\/types\/page"}],"author":[{"embeddable":true,"href":"https:\/\/globecore.com\/de\/wp-json\/wp\/v2\/users\/7"}],"replies":[{"embeddable":true,"href":"https:\/\/globecore.com\/de\/wp-json\/wp\/v2\/comments?post=145761"}],"version-history":[{"count":1,"href":"https:\/\/globecore.com\/de\/wp-json\/wp\/v2\/pages\/145761\/revisions"}],"predecessor-version":[{"id":335997,"href":"https:\/\/globecore.com\/de\/wp-json\/wp\/v2\/pages\/145761\/revisions\/335997"}],"up":[{"embeddable":true,"href":"https:\/\/globecore.com\/de\/wp-json\/wp\/v2\/pages\/145731"}],"wp:featuredmedia":[{"embeddable":true,"href":"https:\/\/globecore.com\/de\/wp-json\/wp\/v2\/media\/145763"}],"wp:attachment":[{"href":"https:\/\/globecore.com\/de\/wp-json\/wp\/v2\/media?parent=145761"}],"wp:term":[{"taxonomy":"category","embeddable":true,"href":"https:\/\/globecore.com\/de\/wp-json\/wp\/v2\/categories?post=145761"}],"curies":[{"name":"wp","href":"https:\/\/api.w.org\/{rel}","templated":true}]}}