{"id":145766,"date":"2018-09-06T11:05:47","date_gmt":"2018-09-06T11:05:47","guid":{"rendered":"https:\/\/globecore.com\/products\/degassing-thermal-vacuum-drying-oil\/%d1%81mm-1h-oil-processing-unit\/"},"modified":"2026-03-06T06:13:42","modified_gmt":"2026-03-06T06:13:42","slug":"cmm-1h-oil-processing-unit","status":"publish","type":"page","link":"https:\/\/globecore.com\/de\/products\/degassing-thermal-vacuum-drying-oil\/cmm-1h-oil-processing-unit\/","title":{"rendered":"CMM-1H \u00d6lverarbeitungsanlage"},"content":{"rendered":"","protected":false},"excerpt":{"rendered":"<p>Die Anlage CMM-1H ist f\u00fcr das Trocknen, Erw\u00e4rmen und Filtrieren von mineralischem Transformatoren\u00f6l sowie f\u00fcr das Vakuumieren von Transformator-Tanks ausgelegt. Der Behandlungsprozess basiert auf der Kombination von W\u00e4rme und Vakuum: Das \u00d6l wird erhitzt und in eine Vakuumkammer geleitet, in der der niedrige Druck das Wasser im \u00d6l zum Sieden bringt und es bei niedrigeren Temperaturen verdampft. Der Wasserdampf wird durch eine Vakuumpumpe entfernt. Die Anlage ist mit einer Ausgangs-Zentrifugalpumpe zur Ger\u00e4uschreduzierung und einem intelligenten Heizungssystem ausgestattet, das den Strom automatisch regelt und Spannungsspitzen verhindert. Eine Eingangspumpe ist nicht vorhanden, sodass das \u00d6l direkt zugef\u00fchrt wird, wodurch das Risiko von Leckagen reduziert wird. Die CMM-1H erreicht eine Trocknungsleistung von bis zu 1 m\u00b3\/h. Nach der Behandlung wird der Wassergehalt auf 5\u201310 ppm reduziert und die \u00d6lreinheitsklasse entspricht ISO 4406: \u2013\/15\/13.<\/p>\n","protected":false},"author":7,"featured_media":133991,"parent":145731,"menu_order":0,"comment_status":"closed","ping_status":"closed","template":"templates\/single-product.php","meta":{"_acf_changed":false,"_bbp_topic_count":0,"_bbp_reply_count":0,"_bbp_total_topic_count":0,"_bbp_total_reply_count":0,"_bbp_voice_count":0,"_bbp_anonymous_reply_count":0,"_bbp_topic_count_hidden":0,"_bbp_reply_count_hidden":0,"_bbp_forum_subforum_count":0,"footnotes":""},"categories":[1892],"class_list":["post-145766","page","type-page","status-publish","has-post-thumbnail","hentry","category-oil-maintenance-de","oil_type-fr3-dielektrikum","oil_type-fyrquel-feuerbestandiges-fluid","oil_type-kabelol","oil_type-midel-7131-dielektrikum","oil_type-shell-diala-ol","oil_type-silikonol","oil_type-transformatorenol","process_type-dehydrierung","process_type-entgasung","process_type-filtration-de"],"acf":{"add_tab":[{"tab_title":"Beschreibung","tab_content":"<p style=\"text-align: justify;\">Die Einheit \u0421\u041c\u041c-1\u041d ist f\u00fcr das Trocknen, Erw\u00e4rmen und Filtrieren von mineralischem Trafo\u00f6l sowie f\u00fcr die Evakuierung der Transformatoren bestimmt.<\/p>\r\n<p style=\"text-align: justify;\">Das Verfahren basiert auf der Anwendung von W\u00e4rme und Vakuum. Das \u00d6l wird erhitzt und in die Vakuumkammer gepumpt. Der niedrige Druck in der Kammer l\u00e4sst das Wasser im \u00d6l kochen und verdampfen. Der Wasserdampf wird mit dem Vakuumpumpenabzug entfernt.<\/p>\r\n<p style=\"text-align: justify;\">Die Einheit \u0421\u041c\u041c-1\u041d besteht aus folgenden Elementen: Rahmen, Zentrifugal\u00f6lpumpe (Ausgang), Vakuumpumpe, Schaltschrank, Vakuumkammer, Filter, \u00d6labscheider, Rohrleitungen, Armaturenbrett, \u00d6leinlass und ein \u00d6lauslass.<\/p>"}],"add_def_tab":[{"tab_title":"Spezifikation","tab_content":"<table>\r\n<tbody>\r\n<tr>\r\n<td><strong>Nr.<\/strong><\/td>\r\n<td style=\"text-align: center;\"><b>Parameter<\/b><\/td>\r\n<td style=\"text-align: center;\"><b>Werte<\/b><\/td>\r\n<\/tr>\r\n<tr>\r\n<td>1<\/td>\r\n<td>Kapazit\u00e4t, m\u00b3\/h, max.<\/td>\r\n<td><\/td>\r\n<\/tr>\r\n<tr>\r\n<td><\/td>\r\n<td>\r\n<ul>\r\n \t<li>\u00d6ltrocknungsmodus<\/li>\r\n<\/ul>\r\n<\/td>\r\n<td style=\"text-align: center;\">1<\/td>\r\n<\/tr>\r\n<tr>\r\n<td>2<\/td>\r\n<td>*Parameter des verarbeiteten \u00d6ls:<\/td>\r\n<td><\/td>\r\n<\/tr>\r\n<tr>\r\n<td><\/td>\r\n<td>\r\n<ul>\r\n \t<li>Feuchtigkeitsgehalt, ppm, max.<\/li>\r\n<\/ul>\r\n<\/td>\r\n<td style=\"text-align: center;\">10<\/td>\r\n<\/tr>\r\n<tr>\r\n<td><\/td>\r\n<td>\r\n<ul>\r\n \t<li>ISO 4406 Reinheitsklasse<\/li>\r\n<\/ul>\r\n<\/td>\r\n<td style=\"text-align: center;\">-\/15\/13<\/td>\r\n<\/tr>\r\n<tr>\r\n<td>3<\/td>\r\n<td>Max. \u00d6ltemperatur am Auslass im Erw\u00e4rmungsmodus, \u0421<\/td>\r\n<td style=\"text-align: center;\">90<\/td>\r\n<\/tr>\r\n<tr>\r\n<td>4<\/td>\r\n<td>Ausgangsdruck, bar<\/td>\r\n<td style=\"text-align: center;\">2,5<\/td>\r\n<\/tr>\r\n<tr>\r\n<td>5<\/td>\r\n<td>\u00d6lheizungsleistung, kW, max.<\/td>\r\n<td style=\"text-align: center;\">23<\/td>\r\n<\/tr>\r\n<tr>\r\n<td>6<\/td>\r\n<td>Max. Leistungsbedarf, kW<\/td>\r\n<td style=\"text-align: center;\">25<\/td>\r\n<\/tr>\r\n<tr>\r\n<td>7<\/td>\r\n<td>Energieversorgung:<\/td>\r\n<td><\/td>\r\n<\/tr>\r\n<tr>\r\n<td><\/td>\r\n<td>\r\n<ul>\r\n \t<li>Spannung, V<\/li>\r\n<\/ul>\r\n<\/td>\r\n<td style=\"text-align: center;\">\u00a0400<\/td>\r\n<\/tr>\r\n<tr>\r\n<td><\/td>\r\n<td>\r\n<ul>\r\n \t<li>Freuquenz, Hz<\/li>\r\n<\/ul>\r\n<\/td>\r\n<td style=\"text-align: center;\">\u00a0\u00a050<\/td>\r\n<\/tr>\r\n<tr>\r\n<td>8<\/td>\r\n<td>Abmessungen, mm<\/td>\r\n<td><\/td>\r\n<\/tr>\r\n<tr>\r\n<td><\/td>\r\n<td>\r\n<ul>\r\n \t<li>L\u00e4nge<\/li>\r\n<\/ul>\r\n<\/td>\r\n<td style=\"text-align: center;\">1250<\/td>\r\n<\/tr>\r\n<tr>\r\n<td><\/td>\r\n<td>\r\n<ul>\r\n \t<li>H\u00f6he<\/li>\r\n<\/ul>\r\n<\/td>\r\n<td style=\"text-align: center;\">1750<\/td>\r\n<\/tr>\r\n<tr>\r\n<td><\/td>\r\n<td>\r\n<ul>\r\n \t<li>Breite<\/li>\r\n<\/ul>\r\n<\/td>\r\n<td style=\"text-align: center;\">1250<\/td>\r\n<\/tr>\r\n<tr>\r\n<td>9<\/td>\r\n<td>Leergewicht , kg, max,<\/td>\r\n<td style=\"text-align: center;\">750<\/td>\r\n<\/tr>\r\n<\/tbody>\r\n<\/table>\r\n<p style=\"text-align: justify;\">*<b>Anmerkung \u2013 <\/b>Urspr\u00fcngliche \u00d6lqualit\u00e4tsparameter:<\/p>\r\n\r\n<ul>\r\n \t<li style=\"text-align: justify;\">Gasgehalt: unter 10.5 %;<\/li>\r\n \t<li style=\"text-align: justify;\">Feuchtigkeitsgehalt: unter 0.01 % (100 ppm);<\/li>\r\n \t<li style=\"text-align: justify;\">Temperatur: \u00fcber 0o\u0421.<\/li>\r\n<\/ul>"},{"tab_title":"Vorteil","tab_content":"<ul>\r\n \t<li style=\"text-align: justify;\">Die Einheit ist mit einer Zentrifugalpumpe ausgestattet, um den L\u00e4rmpegel zu reduzieren.<\/li>\r\n \t<li style=\"text-align: justify;\">die Einheit hat keine Eingangspumpe, das \u00d6l geht direkt in die Einheit mit reduziertem Risiko von Lecks;<\/li>\r\n \t<li style=\"text-align: justify;\">einfache Bedienung;<\/li>\r\n \t<li style=\"text-align: justify;\">ein durchl\u00e4ssiger Einsatz in der Vakuumkammer erleichtert eine effiziente Feuchtigkeitsabscheidung;<\/li>\r\n \t<li style=\"text-align: justify;\">das intelligente Heizsystem variiert den Strom f\u00fcr die erforderliche Verarbeitungsrate und verhindert \u00dcberspannung;<\/li>\r\n \t<li style=\"text-align: justify;\">ein Auffangbeh\u00e4lter f\u00fcr Wasserkondensat ist installiert;<\/li>\r\n \t<li style=\"text-align: justify;\">Das Ger\u00e4t verf\u00fcgt \u00fcber einen separaten Ausgang f\u00fcr die Evakuierung des Transformators.<\/li>\r\n<\/ul>"},{"tab_title":"Anwendung","tab_content":"[product_oil_types]"}],"add_video_tab":[{"video_tab_title":"Video","add_video_id":[{"video_id":"9X0ICjTbC0s"},{"video_id":"ixVioTByTaw"}]}],"add_gallery_tab":[{"gallery_tab_title":"Galerie","add_img":[23647,67708,67697,60201,60210,60219,67686]}],"add_price_tab":[{"price_tab_title":"Get a quote"}]},"language":"de","_links":{"self":[{"href":"https:\/\/globecore.com\/de\/wp-json\/wp\/v2\/pages\/145766","targetHints":{"allow":["GET"]}}],"collection":[{"href":"https:\/\/globecore.com\/de\/wp-json\/wp\/v2\/pages"}],"about":[{"href":"https:\/\/globecore.com\/de\/wp-json\/wp\/v2\/types\/page"}],"author":[{"embeddable":true,"href":"https:\/\/globecore.com\/de\/wp-json\/wp\/v2\/users\/7"}],"replies":[{"embeddable":true,"href":"https:\/\/globecore.com\/de\/wp-json\/wp\/v2\/comments?post=145766"}],"version-history":[{"count":2,"href":"https:\/\/globecore.com\/de\/wp-json\/wp\/v2\/pages\/145766\/revisions"}],"predecessor-version":[{"id":336007,"href":"https:\/\/globecore.com\/de\/wp-json\/wp\/v2\/pages\/145766\/revisions\/336007"}],"up":[{"embeddable":true,"href":"https:\/\/globecore.com\/de\/wp-json\/wp\/v2\/pages\/145731"}],"wp:featuredmedia":[{"embeddable":true,"href":"https:\/\/globecore.com\/de\/wp-json\/wp\/v2\/media\/133991"}],"wp:attachment":[{"href":"https:\/\/globecore.com\/de\/wp-json\/wp\/v2\/media?parent=145766"}],"wp:term":[{"taxonomy":"category","embeddable":true,"href":"https:\/\/globecore.com\/de\/wp-json\/wp\/v2\/categories?post=145766"}],"curies":[{"name":"wp","href":"https:\/\/api.w.org\/{rel}","templated":true}]}}