{"id":145773,"date":"2017-11-06T14:02:27","date_gmt":"2017-11-06T14:02:27","guid":{"rendered":"https:\/\/globecore.com\/products\/degassing-thermal-vacuum-drying-oil\/cmm-4t-turbine-oil-filtration\/"},"modified":"2026-03-06T06:25:14","modified_gmt":"2026-03-06T06:25:14","slug":"cmm-4t-turbine-oil-filtration","status":"publish","type":"page","link":"https:\/\/globecore.com\/de\/products\/degassing-thermal-vacuum-drying-oil\/cmm-4t-turbine-oil-filtration\/","title":{"rendered":"Reinigungsanlage f\u00fcr Turbinen\u00f6l CMM-4,0T"},"content":{"rendered":"","protected":false},"excerpt":{"rendered":"<p>Die GlobeCore CMM-4,0T ist eine mobile \u00d6lanlage f\u00fcr die Behandlung von Turbinen\u00f6l, einschlie\u00dflich Reinigung, Entfernung von Feststoffen und Wasser. Die Anlage hat eine Kapazit\u00e4t von 4 m\u00b3\/h. Die Verwendung der CMM-4,0T verl\u00e4ngert die Lebensdauer von Turbinen\u00f6l, Gas- und Dampfanlagen, Turbinenanlagen, Kraftwerken und anderen Industrieanlagen. Kontaminiertes \u00d6l kann verschiedene Probleme verursachen, daher ist eine ordnungsgem\u00e4\u00dfe Wartung \u00f6lgef\u00fcllter Ger\u00e4te unerl\u00e4sslich. Die \u00d6lfiltration bietet eine effektive Alternative zum Kauf teurer Neuprodukte. Das CMM-4,0T-System kann zur \u00d6lreinigung, Entw\u00e4sserung, Entgasung und Evakuierung eingesetzt werden. Es eignet sich f\u00fcr Turbinen\u00f6l mit einer Viskosit\u00e4t von h\u00f6chstens 280 cSt bei 50\u202f\u00b0C.<\/p>\n","protected":false},"author":7,"featured_media":134696,"parent":145731,"menu_order":0,"comment_status":"closed","ping_status":"closed","template":"templates\/single-product.php","meta":{"_acf_changed":false,"_bbp_topic_count":0,"_bbp_reply_count":0,"_bbp_total_topic_count":0,"_bbp_total_reply_count":0,"_bbp_voice_count":0,"_bbp_anonymous_reply_count":0,"_bbp_topic_count_hidden":0,"_bbp_reply_count_hidden":0,"_bbp_forum_subforum_count":0,"footnotes":""},"categories":[1892],"class_list":["post-145773","page","type-page","status-publish","has-post-thumbnail","hentry","category-oil-maintenance-de","oil_type-fr3-dielektrikum","oil_type-fyrquel-feuerbestandiges-fluid","oil_type-getriebeol","oil_type-hydraulikol","oil_type-industrieol","oil_type-kabelol","oil_type-kompressorol","oil_type-midel-7131-dielektrikum","oil_type-shell-diala-ol","oil_type-silikonol","oil_type-transformatorenol","oil_type-turbinenol","process_type-dehydrierung","process_type-entgasung","process_type-filtration-de"],"acf":{"add_tab":[{"tab_title":"Beschreibung","tab_content":"<p style=\"text-align: justify;\">Turbinen\u00f6l wird aus raffinierten Roh\u00f6ldestillaten hergestellt und als Schmiermittel in Lagern und Getrieben von Wasser- und Gasturbinenanlagen verwendet. Es dient auch in verschiedenen industriellen Ger\u00e4ten. Ein qualitativ hochwertiges Produkt oxidiert langsam, bildet keinen Schlamm und ist korrosionsbest\u00e4ndig. Zur Verbesserung der Qualit\u00e4t werden dem raffinierten \u00d6len Additive beigemischt:<\/p>\r\n\r\n<ul style=\"text-align: justify;\">\r\n \t<li>Anti-oxidation;<\/li>\r\n \t<li>Anti-korrosion;<\/li>\r\n \t<li>Zus\u00e4tze, um die Pumpentemperatur zu senken und die Flie\u00dfgeschwindigkeit bei niedrigeren Temperaturen zu verbessern<\/li>\r\n \t<li>Viskosit\u00e4t (um die \u00d6lviskosit\u00e4t zu erh\u00f6hen).<\/li>\r\n<\/ul>\r\n<p style=\"text-align: justify;\">Wenn das \u00d6l w\u00e4hrend des Betriebs verunreinigt wird, kann es mit speziellen Ger\u00e4ten regeneriert werden. Die Verwendung von kontaminiertem Material wird nicht empfohlen, da dies ernsthafte Sch\u00e4den an Turbinenteilen verursachen und das Wellenregulierungssystem besch\u00e4digen kann. Eine schlechte \u00d6lqualit\u00e4t reduziert den Turbinenbetrieb in 20-25% der F\u00e4lle.<\/p>\r\n\r\n<h2 style=\"text-align: center;\">Reinigungsmethoden f\u00fcr Turbinen\u00f6l<\/h2>\r\n<p style=\"text-align: justify;\">Unter den physikalischen und chemischen Methoden der Reinigung gelten Filtration und Zentrifugation als die effizientesten. Zentrifugieren ist die Trennung von inhomogenen Gemischen in Fraktionen durch Zentrifugalkr\u00e4fte. Der Anteil an Verunreinigungen nach der Verarbeitung betr\u00e4gt nicht mehr als 0,005%, w\u00e4hrend der Feuchtigkeitsgehalt auf 0,6% reduziert wird.<\/p>\r\n<p style=\"text-align: justify;\">Bei der Turbinen\u00f6lfiltration werden Partikel aus Alt\u00f6len entfernt, indem das \u00d6l durch Maschen und por\u00f6se Medien geleitet wird. Die Filter werden \u00fcblicherweise aus Metall, Kunststoff, Papier, Stoff, Keramik usw. hergestellt.<\/p>\r\n\r\n<h2 style=\"text-align: center;\">Turbinen\u00f6l mit GlobeCore-Ausr\u00fcstung filtern<\/h2>\r\n<p style=\"text-align: justify;\">GlobeCore hat Anlagen entwickelt, um Transformatoren-, Industrie-, Turbinen- und andere \u00d6lsorten zu reinigen und zu filtern. Die Einheit CMM-4,0T wurde speziell f\u00fcr die Turbinen\u00f6lfiltration konzipiert.Die Anlage filtert das \u00d6l und verarbeitet es unter Vakuum. Das verarbeitete \u00d6l wird vo<\/p>\r\n<p style=\"text-align: justify;\">n der Eingangspumpe durch den Grobfilter in die Vakuumkammer geleitet, wo der Partialdruck der Feuchtigkeit sinkt und diese verdampft. Das \u00d6l passiert einen Feinfilter und wird aus dem Ger\u00e4t gepumpt.<\/p>\r\n<p style=\"text-align: justify;\">Die CMM-4,0T hat eine Kapazit\u00e4t von 4 m\u00b3\/Stunde und erreicht folgende Spezifikationen:<\/p>\r\n\r\n<ul style=\"text-align: justify;\">\r\n \t<li>Feuchtigkeitsgehalt \u2013 weniger als 10 ppm;<\/li>\r\n \t<li>Filtration \u2013 5 micron;<\/li>\r\n \t<li>Feinstaubgehalt \u2013 unter 10 ppm;<\/li>\r\n \t<li>\u00d6l ISO 4406 Reinheitsklasse \u2013 -\/14\/12.<\/li>\r\n<\/ul>\r\n<p style=\"text-align: justify;\">Diese Einheit kann Turbinen\u00f6l mit einer Viskosit\u00e4t unter 280 mm\u00b2\/s bei 50\u00b0C verarbeiten.<\/p>\r\n\r\n<h2 style=\"text-align: center;\">Verwendung und Reinigung von Turbinen\u00f6l<\/h2>\r\n<p style=\"text-align: justify;\">Turbinen\u00f6l ist ein Schmier- und K\u00fchlmaterial, das \u00fcblicherweise in Turbinenbaugruppen, Turbinenkompressoren, Dampf- und Gasturbinen verwendet wird. Das \u00d6l kann mineralischen oder synthetischen Ursprungs sein.<\/p>\r\n<p style=\"text-align: justify;\">Die wichtigsten Qualit\u00e4tsparameter von Turbinen\u00f6l sind:<\/p>\r\n\r\n<ul style=\"text-align: justify;\">\r\n \t<li>Viskosit\u00e4t entsprechend der Betriebstemperatur;<\/li>\r\n \t<li>Best\u00e4ndigkeit gegen Oxidation;<\/li>\r\n \t<li>Demulgierend und Wasserbest\u00e4ndigkeit;<\/li>\r\n \t<li>Langlebigkeit<\/li>\r\n \t<li>Best\u00e4ndigkeit gegen Schaumbildung.<\/li>\r\n<\/ul>\r\n<p style=\"text-align: justify;\">Im Langzeitbetrieb werden die Metallteile und Komponenten von Turbinenanlagen durch Luft, Wasser und hohe Temperaturen beeinflusst. Oxidiertes Turbinen\u00f6l verf\u00e4rbt sich allm\u00e4hlich von rot nach schwarz und entwickelt einen unangenehmen Geruch. Im \u00d6l bildet sich Schlamm, der S\u00e4uregehalt w\u00e4chst, Korrosion, Schaumbildung und Emulsionsbildung nehmen zu. Der Schmierstoff wird unbrauchbar.<\/p>\r\n\r\n<h2 style=\"text-align: center;\"><b>Turbinen\u00f6l-Reiniger<\/b><\/h2>\r\n<p style=\"text-align: justify;\">Es gibt viele M\u00f6glichkeiten, verunreinigtes Turbinen\u00f6l zu reinigen, aber die effizientesten sind Zentrifugal-, Filtrations- und Adsorptionsprozesse. Die erste Methode beruht auf der Einwirkung von Fliehkr\u00e4ften, um Wasser und andere Verunreinigungen von der Substanz zu trennen.<\/p>\r\n<p style=\"text-align: justify;\">Die Filtration beinhaltet die Abtrennung von Verunreinigungen, die nicht in \u00d6l l\u00f6slich sind, wenn das \u00d6l durch Filter str\u00f6mt. Als Filtermedien werden h\u00e4ufig Papier, Pappe, Gewebe, Filz usw. verwendet. Kombinierte Turbinen-\u00d6lreiniger sind oft mit Pressfiltern und Zentrifugen ausgestattet. Die dritte g\u00e4ngige Methode ist die Adsorption. Adsorbentien fangen niedermolekulare und organische S\u00e4uren sowie andere Verunreinigungen aus dem \u00d6l auf und binden sie.<\/p>\r\n\r\n<h3 style=\"text-align: center;\"><b>Turbinen\u00f6l-Reiniger von GlobeCore<\/b><\/h3>\r\n<p style=\"text-align: justify;\"><em><strong>GlobeCore<\/strong><\/em> hat f\u00fcr die Erw\u00e4rmung und Filtration von Turbinen\u00f6l speziell die CMM-4,0T Anlage entwickelt.<\/p>\r\n<p style=\"text-align: justify;\">Die CMM-4,0T ist ausgestattet mit einer \u00d6lein- und -austrittspumpe, einer Vakuumkammer, einer Vakuumpumpe, Grob- und Feinfiltern sowie einem Schaltschrank. Das Ger\u00e4t wird in einem Container auf einem Anh\u00e4nger installiert. Es ist sehr kompakt und mobil, das Aggregat kann mit dem Auto zur Turbine transportiert werden.<\/p>\r\n<p style=\"text-align: justify;\">Der Turbinen\u00f6lreiniger von <em><strong>GlobeCore<\/strong><\/em> wird mit einer Vakuumbehandlung f\u00fcr einen h\u00f6heren Reinigungsgrad kombiniert. Neben Feinstaub entfernt das Verfahren gel\u00f6stes Wasser und Gase aus dem \u00d6l. Die Ausr\u00fcstung arbeitet mit einer Geschwindigkeit von 4 m\u00b3\/Stunde bei Materialien mit einer Viskosit\u00e4t unter 280 cSt bei 50\u00b0C.<\/p>"}],"add_def_tab":[{"tab_title":"Spezifikation","tab_content":"<table>\r\n<tbody>\r\n<tr>\r\n<td><b>\u2116<\/b><\/td>\r\n<td>\r\n<p style=\"text-align: center;\"><b>Parameter<\/b><\/p>\r\n<\/td>\r\n<td>\r\n<p style=\"text-align: center;\"><b>Wert<\/b><\/p>\r\n<\/td>\r\n<\/tr>\r\n<tr>\r\n<td>1<\/td>\r\n<td>\r\n<p style=\"text-align: left;\">Kapazit\u00e4t, m\u00b3\/h<\/p>\r\n<\/td>\r\n<td>\r\n<p style=\"text-align: center;\">4<\/p>\r\n<\/td>\r\n<\/tr>\r\n<tr>\r\n<td>2<\/td>\r\n<td>\r\n<p style=\"text-align: left;\">Alt\u00f6l-Parameter:<\/p>\r\n<p style=\"text-align: left;\">\u2014 Massenfeuchtigkeitsgehalt, g\/t, max.<\/p>\r\n<p style=\"text-align: left;\">\u2014 Filtrationsgrad, mkm, max.<\/p>\r\n<\/td>\r\n<td>\r\n<p style=\"text-align: center;\">10<\/p>\r\n<p style=\"text-align: center;\">5<\/p>\r\n<\/td>\r\n<\/tr>\r\n<tr>\r\n<td>3<\/td>\r\n<td>\r\n<p style=\"text-align: left;\">Maximale \u00d6laustrittstemperatur, \u00ba\u0421<\/p>\r\n<\/td>\r\n<td>\r\n<p style=\"text-align: center;\">55<\/p>\r\n<\/td>\r\n<\/tr>\r\n<tr>\r\n<td>4<\/td>\r\n<td>\r\n<p style=\"text-align: left;\">Arbeitsdruck, MPa<\/p>\r\n<\/td>\r\n<td>\r\n<p style=\"text-align: center;\">0,4<\/p>\r\n<\/td>\r\n<\/tr>\r\n<tr>\r\n<td>5<\/td>\r\n<td>\r\n<p style=\"text-align: left;\">Arbeitsvakuum<\/p>\r\n<p style=\"text-align: left;\">\u2013 Vakuumpumpe<\/p>\r\n<\/td>\r\n<td>\r\n<p style=\"text-align: center;\">-0,75 \u2026 -0,85<\/p>\r\n<\/td>\r\n<\/tr>\r\n<tr>\r\n<td><\/td>\r\n<td>\r\n<p style=\"text-align: left;\">\u2013 im Vakuumtank<\/p>\r\n<\/td>\r\n<td>\r\n<p style=\"text-align: center;\">-0,65 \u2026 -0,75<\/p>\r\n<\/td>\r\n<\/tr>\r\n<tr>\r\n<td>6<\/td>\r\n<td>\u00d6lheizungsleistung, kW<\/td>\r\n<td>\r\n<p style=\"text-align: center;\">29<\/p>\r\n<\/td>\r\n<\/tr>\r\n<tr>\r\n<td>7<\/td>\r\n<td>\r\n<p style=\"text-align: left;\">Spezifische Leistung des \u00d6lheizers, W\/cm\u00b2, max.<\/p>\r\n<\/td>\r\n<td>\r\n<p style=\"text-align: center;\">1,2<\/p>\r\n<\/td>\r\n<\/tr>\r\n<tr>\r\n<td>8<\/td>\r\n<td>\r\n<p style=\"text-align: left;\">Max. Stromverbrauch, KW<\/p>\r\n<\/td>\r\n<td>\r\n<p style=\"text-align: center;\">38<\/p>\r\n<\/td>\r\n<\/tr>\r\n<tr>\r\n<td>9<\/td>\r\n<td>\r\n<p style=\"text-align: left;\">Stromparameter<\/p>\r\n<p style=\"text-align: left;\">\u2014 Spannung, V<\/p>\r\n<p style=\"text-align: left;\">\u2014 Wechselstromfrequenz, HZ<\/p>\r\n<\/td>\r\n<td>\r\n<p style=\"text-align: center;\">380<\/p>\r\n<p style=\"text-align: center;\">50<\/p>\r\n<\/td>\r\n<\/tr>\r\n<tr>\r\n<td><\/td>\r\n<td>\r\n<p style=\"text-align: left;\">Allgemeine Abmessungen, mm<\/p>\r\n<p style=\"text-align: left;\">\u2014 L\u00e4nge<\/p>\r\n<p style=\"text-align: left;\">\u2014 Breite<\/p>\r\n<p style=\"text-align: left;\">\u2014 H\u00f6he<\/p>\r\n<\/td>\r\n<td>\r\n<p style=\"text-align: center;\">2060<\/p>\r\n<p style=\"text-align: center;\">1130<\/p>\r\n<p style=\"text-align: center;\">1980<\/p>\r\n<\/td>\r\n<\/tr>\r\n<tr>\r\n<td>11<\/td>\r\n<td>\r\n<p style=\"text-align: left;\">Gewicht, kg,<\/p>\r\n<\/td>\r\n<td>\r\n<p style=\"text-align: center;\">700<\/p>\r\n<\/td>\r\n<\/tr>\r\n<\/tbody>\r\n<\/table>"},{"tab_title":"Vorteil","tab_content":"<ul>\r\n \t<li style=\"text-align: justify;\">Auf Wunsch des Kunden kann eine Anlage station\u00e4r (in einem Container auf einem Rahmen, unter einer \u00dcberdachung) oder mobil \/ tragbar (auf R\u00e4dern, auf einem Anh\u00e4nger) sein.<\/li>\r\n \t<li style=\"text-align: justify;\">Einfache Bedienung;<\/li>\r\n \t<li style=\"text-align: justify;\">Nach der Reinigung entsprechen die \u00d6leigenschaften vollst\u00e4ndig den gegenw\u00e4rtigen Normen und Standards.<\/li>\r\n \t<li style=\"text-align: justify;\">Spart Lagerfl\u00e4che f\u00fcr Alt\u00f6l.<\/li>\r\n \t<li style=\"text-align: justify;\">Spart Kosten beim Kauf von neuem \u00d6l und Recycling von Alt\u00f6l;<\/li>\r\n \t<li style=\"text-align: justify;\">Sch\u00fctzt die Umwelt<\/li>\r\n \t<li style=\"text-align: justify;\">Energieeffizient;<\/li>\r\n<\/ul>"},{"tab_title":"Anwendung","tab_content":"[product_oil_types]"}],"add_video_tab":[{"video_tab_title":"Video","add_video_id":[{"video_id":"UiEoBp4f1ok"},{"video_id":"UOr4t44ki-s"}]}],"add_gallery_tab":null,"add_price_tab":[{"price_tab_title":"Get a Quote"}]},"language":"de","_links":{"self":[{"href":"https:\/\/globecore.com\/de\/wp-json\/wp\/v2\/pages\/145773","targetHints":{"allow":["GET"]}}],"collection":[{"href":"https:\/\/globecore.com\/de\/wp-json\/wp\/v2\/pages"}],"about":[{"href":"https:\/\/globecore.com\/de\/wp-json\/wp\/v2\/types\/page"}],"author":[{"embeddable":true,"href":"https:\/\/globecore.com\/de\/wp-json\/wp\/v2\/users\/7"}],"replies":[{"embeddable":true,"href":"https:\/\/globecore.com\/de\/wp-json\/wp\/v2\/comments?post=145773"}],"version-history":[{"count":1,"href":"https:\/\/globecore.com\/de\/wp-json\/wp\/v2\/pages\/145773\/revisions"}],"predecessor-version":[{"id":336017,"href":"https:\/\/globecore.com\/de\/wp-json\/wp\/v2\/pages\/145773\/revisions\/336017"}],"up":[{"embeddable":true,"href":"https:\/\/globecore.com\/de\/wp-json\/wp\/v2\/pages\/145731"}],"wp:featuredmedia":[{"embeddable":true,"href":"https:\/\/globecore.com\/de\/wp-json\/wp\/v2\/media\/134696"}],"wp:attachment":[{"href":"https:\/\/globecore.com\/de\/wp-json\/wp\/v2\/media?parent=145773"}],"wp:term":[{"taxonomy":"category","embeddable":true,"href":"https:\/\/globecore.com\/de\/wp-json\/wp\/v2\/categories?post=145773"}],"curies":[{"name":"wp","href":"https:\/\/api.w.org\/{rel}","templated":true}]}}