{"id":145776,"date":"2016-04-06T05:26:37","date_gmt":"2016-04-06T05:26:37","guid":{"rendered":"https:\/\/globecore.com\/products\/degassing-thermal-vacuum-drying-oil\/uvm-47-mobile-oil-plant\/"},"modified":"2026-03-06T06:39:23","modified_gmt":"2026-03-06T06:39:23","slug":"uvm-47-mobile-oil-plant","status":"publish","type":"page","link":"https:\/\/globecore.com\/de\/products\/degassing-thermal-vacuum-drying-oil\/uvm-47-mobile-oil-plant\/","title":{"rendered":"CMM-4\/7 Portable \u00d6lentgasungseinheit"},"content":{"rendered":"","protected":false},"excerpt":{"rendered":"<p>Die mobile \u00d6lanlage CMM-4\/7 ist f\u00fcr die Entgasung, Entfernung von Feststoffen und das Erw\u00e4rmen von \u00d6l in Leistungstransformatoren mit Spannungen bis zu 1.150 kV ausgelegt. Ihre Kapazit\u00e4t betr\u00e4gt 4 m\u00b3\/h (59 gal\/h) im Entgasungs-, Trocknungs- und Filtrationsmodus und 7 m\u00b3\/h (185 gal\/h) im Heiz- und Filtrationsmodus. Die Anlage kann verwendet werden, um elektrische Systeme, die Isolier\u00f6l enthalten, mit hei\u00dfem \u00d6l zu erw\u00e4rmen, Transformatoren vakuumgetrocknet zu betreiben und zu evakuieren. Sie ist ideal f\u00fcr Einrichtungen, die \u00f6lgef\u00fcllte Leistungstransformatoren und andere \u00f6lgef\u00fcllte elektrische Ger\u00e4te installieren, reparieren und warten.<\/p>\n","protected":false},"author":7,"featured_media":134349,"parent":145731,"menu_order":0,"comment_status":"closed","ping_status":"closed","template":"templates\/single-product.php","meta":{"_acf_changed":false,"_bbp_topic_count":0,"_bbp_reply_count":0,"_bbp_total_topic_count":0,"_bbp_total_reply_count":0,"_bbp_voice_count":0,"_bbp_anonymous_reply_count":0,"_bbp_topic_count_hidden":0,"_bbp_reply_count_hidden":0,"_bbp_forum_subforum_count":0,"footnotes":""},"categories":[1892],"class_list":["post-145776","page","type-page","status-publish","has-post-thumbnail","hentry","category-oil-maintenance-de","oil_type-fr3-dielektrikum","oil_type-fyrquel-feuerbestandiges-fluid","oil_type-midel-7131-dielektrikum","oil_type-shell-diala-ol","oil_type-silikonol","oil_type-transformatorenol","process_type-dehydrierung","process_type-entgasung","process_type-filtration-de"],"acf":{"add_tab":[{"tab_title":"Beschreibung","tab_content":"<p style=\"text-align: justify;\">Diese GlobeCore \u00d6lverarbeitungseinheit ist f\u00fcr die Entgasung, die Beseitigung von Feststoffen und die Erw\u00e4rmung von \u00d6l f\u00fcr Leistungstransformatoren mit einer Spannung bis zu 1.150 kV ausgelegt.<\/p>\r\n<p style=\"text-align: justify;\">Das Ger\u00e4t kann verwendet werden, um: (1) elektrische Systeme zu heizen, die Isolier\u00f6l mit hei\u00dfem \u00d6l enthalten; (2) zum Vakuumtrocknen von Transformatoren und (3) zum Vakuumieren. Das Ger\u00e4t eignet sich am besten f\u00fcr Einrichtungen, die \u00f6lgef\u00fcllte elektrische Transformatoren und andere \u00f6lgef\u00fcllte elektrische Ger\u00e4te installieren, reparieren und warten.<\/p>\r\n<p style=\"text-align: justify;\">Das Ger\u00e4t darf nicht in unmittelbarer N\u00e4he zu explosiven und giftigen Gasen eingesetzt werden. Wird es in einem geschlossenen Raum betrieben, muss eine gute Entl\u00fcftung gew\u00e4hrleistet sein.<\/p>"}],"add_def_tab":[{"tab_title":"Spezifikation","tab_content":"<table>\r\n<tbody>\r\n<tr>\r\n<td>\r\n<p style=\"text-align: center;\"><b>Parameter<\/b><\/p>\r\n<\/td>\r\n<td>\r\n<p style=\"text-align: center;\"><b>Werte<\/b><\/p>\r\n<\/td>\r\n<\/tr>\r\n<tr>\r\n<td>\r\n<p style=\"text-align: left;\">Kapazit\u00e4t, m\u00b3\/h; gal.\/h:<\/p>\r\n<\/td>\r\n<td><\/td>\r\n<\/tr>\r\n<tr>\r\n<td>\r\n<ul>\r\n \t<li style=\"text-align: left;\">Entgasung, Nitrogenation, Trocknung und Filtrations-Modus<\/li>\r\n<\/ul>\r\n<\/td>\r\n<td>\r\n<p style=\"text-align: center;\">4\/1059.0<\/p>\r\n<\/td>\r\n<\/tr>\r\n<tr>\r\n<td>\r\n<ul>\r\n \t<li style=\"text-align: left;\">Heiz- und Filtrationsmodus<\/li>\r\n<\/ul>\r\n<\/td>\r\n<td>\r\n<p style=\"text-align: center;\">7\/1853.0<\/p>\r\n<\/td>\r\n<\/tr>\r\n<tr>\r\n<td>\r\n<p style=\"text-align: left;\">Kapazit\u00e4teneinstellbereich , m\u00b3\/h; gal\/h:<\/p>\r\n<\/td>\r\n<td>\r\n<p style=\"text-align: center;\">0.5-4.0\/132.0-1059.0<\/p>\r\n<\/td>\r\n<\/tr>\r\n<tr>\r\n<td>\r\n<p style=\"text-align: left;\">Parameter des \u00d6ls*:<\/p>\r\n<\/td>\r\n<td><\/td>\r\n<\/tr>\r\n<tr>\r\n<td>\r\n<ul>\r\n \t<li style=\"text-align: left;\">Volumetrischer Gasgehalt %, max.<\/li>\r\n<\/ul>\r\n<\/td>\r\n<td>\r\n<p style=\"text-align: center;\">0.1<\/p>\r\n<\/td>\r\n<\/tr>\r\n<tr>\r\n<td>\r\n<ul>\r\n \t<li style=\"text-align: left;\">Masse Feuchtigkeitsgehalt , g\/ton, max.<\/li>\r\n<\/ul>\r\n<\/td>\r\n<td>\r\n<p style=\"text-align: center;\">10<\/p>\r\n<\/td>\r\n<\/tr>\r\n<tr>\r\n<td>\r\n<ul>\r\n \t<li style=\"text-align: left;\">ISO 4406 Reinheitsklasse<\/li>\r\n<\/ul>\r\n<\/td>\r\n<td>\r\n<p style=\"text-align: center;\">16\/14\/12<\/p>\r\n<\/td>\r\n<\/tr>\r\n<tr>\r\n<td>\r\n<ul>\r\n \t<li style=\"text-align: left;\">Filtrationsfeinheit, Mikron<\/li>\r\n<\/ul>\r\n<\/td>\r\n<td>\r\n<p style=\"text-align: center;\">5<\/p>\r\n<\/td>\r\n<\/tr>\r\n<tr>\r\n<td>\r\n<ul>\r\n \t<li style=\"text-align: left;\">Durchschlagsfestigkeit, kV, min<\/li>\r\n<\/ul>\r\n<\/td>\r\n<td>\r\n<p style=\"text-align: center;\">70<\/p>\r\n<\/td>\r\n<\/tr>\r\n<tr>\r\n<td>\r\n<p style=\"text-align: left;\">\u00d6ltemperatur im Heizmodus, \u00ba\u0421\/ \u00baF<\/p>\r\n<\/td>\r\n<td>\r\n<p style=\"text-align: center;\">90\/194<\/p>\r\n<\/td>\r\n<\/tr>\r\n<tr>\r\n<td>\r\n<p style=\"text-align: left;\">Filtrationsrate<\/p>\r\n<\/td>\r\n<td>\r\n<p style=\"text-align: center;\">\u226550<\/p>\r\n<\/td>\r\n<\/tr>\r\n<tr>\r\n<td>\r\n<p style=\"text-align: left;\">Austrittsdruck, MPa<\/p>\r\n<\/td>\r\n<td>\r\n<p style=\"text-align: center;\">0.2<\/p>\r\n<\/td>\r\n<\/tr>\r\n<tr>\r\n<td>\r\n<p style=\"text-align: left;\">Heizleistung, kW<\/p>\r\n<\/td>\r\n<td>\r\n<p style=\"text-align: center;\">50\u00b110%<\/p>\r\n<\/td>\r\n<\/tr>\r\n<tr>\r\n<td>\r\n<p style=\"text-align: left;\">Mittlere Oberfl\u00e4chenbelastung des \u00d6lerhitzers, W\/cm\u00b2, max.<\/p>\r\n<\/td>\r\n<td>\r\n<p style=\"text-align: center;\">1.15<\/p>\r\n<\/td>\r\n<\/tr>\r\n<tr>\r\n<td>\r\n<p style=\"text-align: left;\">max. Leistungsaufnahme, kW<\/p>\r\n<\/td>\r\n<td>\r\n<p style=\"text-align: center;\">65<\/p>\r\n<\/td>\r\n<\/tr>\r\n<tr>\r\n<td>\r\n<p style=\"text-align: left;\">Parameter des Stromnetzes<\/p>\r\n<\/td>\r\n<td><\/td>\r\n<\/tr>\r\n<tr>\r\n<td>\r\n<ul>\r\n \t<li style=\"text-align: left;\">Netzspannung, V<\/li>\r\n<\/ul>\r\n<\/td>\r\n<td>\r\n<p style=\"text-align: center;\">400<\/p>\r\n<\/td>\r\n<\/tr>\r\n<tr>\r\n<td>\r\n<ul>\r\n \t<li style=\"text-align: left;\">Wechselstromfrequenz, Hz**<\/li>\r\n<\/ul>\r\n<\/td>\r\n<td>\r\n<p style=\"text-align: center;\">50\/60<\/p>\r\n<\/td>\r\n<\/tr>\r\n<tr>\r\n<td>\r\n<p style=\"text-align: left;\">Gr\u00f6\u00dfe, mm\/ft<\/p>\r\n<\/td>\r\n<td><\/td>\r\n<\/tr>\r\n<tr>\r\n<td>\r\n<ul>\r\n \t<li style=\"text-align: left;\">L\u00e4nge<\/li>\r\n<\/ul>\r\n<\/td>\r\n<td>\r\n<p style=\"text-align: center;\">2650 \/ \u00a08\u20199\u00bb<\/p>\r\n<\/td>\r\n<\/tr>\r\n<tr>\r\n<td>\r\n<ul>\r\n \t<li style=\"text-align: left;\">H\u00f6he<\/li>\r\n<\/ul>\r\n<\/td>\r\n<td>\r\n<p style=\"text-align: center;\">1730 \/ \u00a05\u20198\u00bb<\/p>\r\n<\/td>\r\n<\/tr>\r\n<tr>\r\n<td>\r\n<ul>\r\n \t<li style=\"text-align: left;\">Breite<\/li>\r\n<\/ul>\r\n<\/td>\r\n<td>\r\n<p style=\"text-align: center;\">1350\/\u00a0 4\u20195\u00bb<\/p>\r\n<\/td>\r\n<\/tr>\r\n<tr>\r\n<td>\r\n<p style=\"text-align: left;\">Gewicht, kg\/lbs<\/p>\r\n<\/td>\r\n<td>\r\n<p style=\"text-align: center;\">1330\/2 933<\/p>\r\n<\/td>\r\n<\/tr>\r\n<\/tbody>\r\n<\/table>\r\n<p style=\"text-align: justify;\"><b><i>Anmerkung<\/i><\/b><b>:<\/b> * Ausgangsparameter des \u00d6ls:<\/p>\r\n\r\n<ul style=\"text-align: justify;\">\r\n \t<li>Volumetrischer Gasgehalt unter 10.5%;<\/li>\r\n \t<li>Masse Feuchtigkeitsgehalt unter 0,005% (50 g\/ton);<\/li>\r\n \t<li>Temperatur \u00fcber 0\u00ba\u0421\/32\u00baF.<\/li>\r\n<\/ul>\r\n<p style=\"text-align: justify;\">**Alle in den USA verkauften Ger\u00e4te sind auch f\u00fcr den Betrieb mit 60 Hz Wechselstrom ausgelegt<\/p>"},{"tab_title":"Vorteil","tab_content":"<ul>\r\n \t<li style=\"text-align: justify;\">keine Notwendigkeit, Adsorbentien zu verwenden, um Transformatoren\u00f6l zu entw\u00e4ssern;<\/li>\r\n \t<li style=\"text-align: justify;\">Betrieb der Ausr\u00fcstung verursacht keine Luftverschmutzung oder Abf\u00e4lle, die gelagert und entsorgt werden m\u00fcssen;<\/li>\r\n \t<li style=\"text-align: justify;\">einfache Bedienung und Wartung;<\/li>\r\n \t<li style=\"text-align: justify;\">maximale \u00d6lspezifikationen nach nur einem Behandlungszyklus;<\/li>\r\n \t<li style=\"text-align: justify;\">Energieeffizient;<\/li>\r\n \t<li style=\"text-align: justify;\">niedriger Ger\u00e4uschpegel;<\/li>\r\n \t<li style=\"text-align: justify;\">Ger\u00e4t kann einfach auf einen Anh\u00e4nger gestellt und vor Ort genutzt werden.<\/li>\r\n<\/ul>"},{"tab_title":"Anwendung","tab_content":"[product_oil_types]"}],"add_video_tab":[{"video_tab_title":"Video","add_video_id":[{"video_id":"M3BpW5GQiRc"},{"video_id":"-T2bvoAzEds"},{"video_id":"sDF1mkJ7WgY"},{"video_id":"xZLUqfqX7R0"}]}],"add_gallery_tab":[{"gallery_tab_title":"Galerie","add_img":[58290,60033,60084,39333,11137,11140,11158,9626,9625,35963]}],"add_price_tab":[{"price_tab_title":"Configurator"}]},"language":"de","_links":{"self":[{"href":"https:\/\/globecore.com\/de\/wp-json\/wp\/v2\/pages\/145776","targetHints":{"allow":["GET"]}}],"collection":[{"href":"https:\/\/globecore.com\/de\/wp-json\/wp\/v2\/pages"}],"about":[{"href":"https:\/\/globecore.com\/de\/wp-json\/wp\/v2\/types\/page"}],"author":[{"embeddable":true,"href":"https:\/\/globecore.com\/de\/wp-json\/wp\/v2\/users\/7"}],"replies":[{"embeddable":true,"href":"https:\/\/globecore.com\/de\/wp-json\/wp\/v2\/comments?post=145776"}],"version-history":[{"count":1,"href":"https:\/\/globecore.com\/de\/wp-json\/wp\/v2\/pages\/145776\/revisions"}],"predecessor-version":[{"id":336026,"href":"https:\/\/globecore.com\/de\/wp-json\/wp\/v2\/pages\/145776\/revisions\/336026"}],"up":[{"embeddable":true,"href":"https:\/\/globecore.com\/de\/wp-json\/wp\/v2\/pages\/145731"}],"wp:featuredmedia":[{"embeddable":true,"href":"https:\/\/globecore.com\/de\/wp-json\/wp\/v2\/media\/134349"}],"wp:attachment":[{"href":"https:\/\/globecore.com\/de\/wp-json\/wp\/v2\/media?parent=145776"}],"wp:term":[{"taxonomy":"category","embeddable":true,"href":"https:\/\/globecore.com\/de\/wp-json\/wp\/v2\/categories?post=145776"}],"curies":[{"name":"wp","href":"https:\/\/api.w.org\/{rel}","templated":true}]}}