{"id":145789,"date":"2018-07-30T07:12:07","date_gmt":"2018-07-30T07:12:07","guid":{"rendered":"https:\/\/globecore.com\/products\/degassing-thermal-vacuum-drying-oil\/cmm-6-7-degassing-unit\/"},"modified":"2026-03-06T06:49:02","modified_gmt":"2026-03-06T06:49:02","slug":"cmm-6-7-degassing-unit","status":"publish","type":"page","link":"https:\/\/globecore.com\/de\/products\/degassing-thermal-vacuum-drying-oil\/cmm-6-7-degassing-unit\/","title":{"rendered":"CMM-6\/7 Mobile Entgasungsanlage"},"content":{"rendered":"","protected":false},"excerpt":{"rendered":"<p>Die Maschine CMM-6\/7 ist f\u00fcr das Erw\u00e4rmen, Pumpen und Behandeln von \u00d6l ausgelegt, das als Isolier- oder K\u00fchlmittel in elektrischen Anlagen wie Transformatoren, OLTC, Transformatorbuchsen und Hochspannungsschaltern verwendet wird. Der \u00d6lbehandlungsprozess entfernt Partikel, Gase und Wasser. Die Anlage kann auch Luft und Gas aus Transformator-Tanks w\u00e4hrend Reparaturen oder Wartung entfernen. Die Verarbeitungskapazit\u00e4t liegt je nach gew\u00e4hltem Betriebsmodus zwischen 3.000 und 7.000 Litern pro Stunde. Die CMM-6\/7 verf\u00fcgt \u00fcber mehrere Betriebsmodi: grundlegendes \u00d6lpumpen mit Pumpen und Filtern, Erw\u00e4rmen und Filtration, bei der das \u00d6l erhitzt und gefiltert wird, Entgasung, bei der W\u00e4rme und Vakuum Wasser und Gase entfernen, und Evakuierung zum Entfernen von Luft aus externen Ger\u00e4ten.<\/p>\n","protected":false},"author":7,"featured_media":145737,"parent":145731,"menu_order":0,"comment_status":"closed","ping_status":"closed","template":"templates\/single-product.php","meta":{"_acf_changed":false,"_bbp_topic_count":0,"_bbp_reply_count":0,"_bbp_total_topic_count":0,"_bbp_total_reply_count":0,"_bbp_voice_count":0,"_bbp_anonymous_reply_count":0,"_bbp_topic_count_hidden":0,"_bbp_reply_count_hidden":0,"_bbp_forum_subforum_count":0,"footnotes":""},"categories":[1892],"class_list":["post-145789","page","type-page","status-publish","has-post-thumbnail","hentry","category-oil-maintenance-de","oil_type-fr3-dielektrikum","oil_type-fyrquel-feuerbestandiges-fluid","oil_type-midel-7131-dielektrikum","oil_type-shell-diala-ol","oil_type-silikonol","oil_type-transformatorenol","process_type-dehydrierung","process_type-entgasung","process_type-filtration-de"],"acf":{"add_tab":[{"tab_title":"Beschreibung","tab_content":"Die \u0421\u041c\u041c-6\/7 ist f\u00fcr die Reinigung von Elektroisolier\u00f6len, das Entfernen von Wasser, Gas und Feststoffpartikeln sowie f\u00fcr die Absaugung von Transformatoren vorgesehen.\r\n\r\nDiese Einheit wird normalerweise bei Installation, Betrieb und Wartung von \u00f6lgef\u00fcllten Hochspannungsger\u00e4ten (Transformator, Hochspannungsschalter usw.) verwendet.\r\n\r\nDas Ger\u00e4t kann in folgenden Modi betrieben werden:\r\n<ul>\r\n \t<li>Transformatorerw\u00e4rmung: In diesem Modus wird das \u00d6l gefiltert und erhitzt;<\/li>\r\n \t<li>\u00d6lentgasung: Dieser Modus ist f\u00fcr das Filtrieren, Trocknen und Entgasen von \u00d6l;<\/li>\r\n \t<li>Transformatorabsaugung<\/li>\r\n<\/ul>"}],"add_def_tab":[{"tab_title":"Spezifikation","tab_content":"<table>\r\n<tbody>\r\n<tr>\r\n<td><b>No.<\/b><\/td>\r\n<td>\r\n<p style=\"text-align: center;\"><b>Parameter<\/b><\/p>\r\n<\/td>\r\n<td>\r\n<p style=\"text-align: center;\"><b>Wert<\/b><\/p>\r\n<\/td>\r\n<\/tr>\r\n<tr>\r\n<td>1<\/td>\r\n<td style=\"text-align: left;\">Kapazit\u00e4t, m\u00b3\/h; gal.\/h<\/td>\r\n<td><\/td>\r\n<\/tr>\r\n<tr>\r\n<td><\/td>\r\n<td style=\"text-align: left;\">Entgasung, Nitrogenation, Trocknung und Filtrations-Modus<\/td>\r\n<td style=\"text-align: center;\">2-6<\/td>\r\n<\/tr>\r\n<tr>\r\n<td><\/td>\r\n<td style=\"text-align: left;\">Heiz- und Filtrationsmodus<\/td>\r\n<td style=\"text-align: center;\">2-7<\/td>\r\n<\/tr>\r\n<tr>\r\n<td>2<\/td>\r\n<td style=\"text-align: left;\">Parameter des \u00d6ls*<\/td>\r\n<td><\/td>\r\n<\/tr>\r\n<tr>\r\n<td>3<\/td>\r\n<td style=\"text-align: left;\">Volumetrischer Gasgehalt %, max.<\/td>\r\n<td style=\"text-align: center;\">0.1<\/td>\r\n<\/tr>\r\n<tr>\r\n<td>4<\/td>\r\n<td style=\"text-align: left;\">Wassergehalt, ppm, max.<\/td>\r\n<td style=\"text-align: center;\">10<\/td>\r\n<\/tr>\r\n<tr>\r\n<td>5<\/td>\r\n<td style=\"text-align: left;\">ISO 4406 Reinheitsklasse<\/td>\r\n<td style=\"text-align: center;\">16\/14\/12<\/td>\r\n<\/tr>\r\n<tr>\r\n<td>6<\/td>\r\n<td style=\"text-align: left;\">Max. \u00d6lausgangstemperatur im Erw\u00e4rmungsmodus, \u00ba\u0421<\/td>\r\n<td style=\"text-align: center;\">90<\/td>\r\n<\/tr>\r\n<tr>\r\n<td>7<\/td>\r\n<td style=\"text-align: left;\">Austrittsdruck, MPa<\/td>\r\n<td style=\"text-align: center;\">0,2<\/td>\r\n<\/tr>\r\n<tr>\r\n<td>8<\/td>\r\n<td style=\"text-align: left;\">Heizleistung, kW<\/td>\r\n<td style=\"text-align: center;\">115<\/td>\r\n<\/tr>\r\n<tr>\r\n<td>9<\/td>\r\n<td style=\"text-align: left;\">Max. Stromverbrauch, kW<\/td>\r\n<td style=\"text-align: center;\">130<\/td>\r\n<\/tr>\r\n<tr>\r\n<td>10<\/td>\r\n<td style=\"text-align: left;\">Restdruck in Vakuumkammer nach Entgasung, Pa, max.<\/td>\r\n<td style=\"text-align: center;\">267<\/td>\r\n<\/tr>\r\n<tr>\r\n<td>11<\/td>\r\n<td style=\"text-align: left;\">Restdruck in Vakuumkammer f\u00fcr den Dichtungstest, Pa, max.<\/td>\r\n<td style=\"text-align: center;\">26,7<\/td>\r\n<\/tr>\r\n<tr>\r\n<td>12<\/td>\r\n<td style=\"text-align: left;\">Max. Luftverlust in 1-st\u00fcndigem Dichtungstest, Pa<\/td>\r\n<td style=\"text-align: center;\">267<\/td>\r\n<\/tr>\r\n<tr>\r\n<td>13<\/td>\r\n<td style=\"text-align: left;\">Energieversorgung<\/td>\r\n<td><\/td>\r\n<\/tr>\r\n<tr>\r\n<td><\/td>\r\n<td style=\"text-align: left;\">\u2013 Spannung, V<\/td>\r\n<td style=\"text-align: center;\">400<\/td>\r\n<\/tr>\r\n<tr>\r\n<td><\/td>\r\n<td style=\"text-align: left;\">\u2013 Frequenz, Hz**<\/td>\r\n<td style=\"text-align: center;\">50\/60<\/td>\r\n<\/tr>\r\n<tr>\r\n<td>14<\/td>\r\n<td style=\"text-align: left;\">Abmessungen, mm<\/td>\r\n<td><\/td>\r\n<\/tr>\r\n<tr>\r\n<td><\/td>\r\n<td style=\"text-align: left;\">\u2013 L\u00e4nge<\/td>\r\n<td style=\"text-align: center;\">3750<\/td>\r\n<\/tr>\r\n<tr>\r\n<td><\/td>\r\n<td style=\"text-align: left;\">\u2013 H\u00f6he<\/td>\r\n<td style=\"text-align: center;\">2110<\/td>\r\n<\/tr>\r\n<tr>\r\n<td><\/td>\r\n<td style=\"text-align: left;\">\u2013 Breite<\/td>\r\n<td style=\"text-align: center;\">2150<\/td>\r\n<\/tr>\r\n<tr>\r\n<td>15<\/td>\r\n<td style=\"text-align: left;\">Gewicht, kg<\/td>\r\n<td style=\"text-align: center;\">2000<\/td>\r\n<\/tr>\r\n<\/tbody>\r\n<\/table>\r\n<p style=\"text-align: justify;\">* Hinweis \u2014 Ausgangsparameter der \u00d6lqualit\u00e4t:\r\n\u2022 Gasgehalt: nicht mehr als 10,5% vol.\r\n\u2022 Wassergehalt: nicht mehr als 0,005% (50 g \/ t)\r\n\u2022 Temperatur: \u00fcber 0 \u00ba\u0421.<\/p>\r\n<p style=\"text-align: justify;\">** Alle in den USA verkauften Ger\u00e4te sind f\u00fcr den Betrieb mit 60 Hz Wechselstrom ausgelegt.<\/p>"},{"tab_title":"Vorteil","tab_content":"<ul>\r\n \t<li>Vielseitigkeit;<\/li>\r\n<\/ul>\r\n<ul>\r\n \t<li>keine Notwendigkeit, Adsorbentien f\u00fcr die Transformator\u00f6ltrocknung zu verwenden;<\/li>\r\n<\/ul>\r\n<ul>\r\n \t<li>keine Luftverschmutzung und keine Abfallstr\u00f6me zur Entsorgung oder Lagerung;<\/li>\r\n<\/ul>\r\n<ul>\r\n \t<li>einfache Bedienung und Wartung;<\/li>\r\n<\/ul>\r\n<ul>\r\n \t<li>beste \u00d6lqualit\u00e4t schon nach einem Bearbeitungszyklus;<\/li>\r\n<\/ul>\r\n<ul>\r\n \t<li>geringer Leistungsbedarf;<\/li>\r\n<\/ul>\r\n<ul>\r\n \t<li>ger\u00e4uscharm.<\/li>\r\n<\/ul>"},{"tab_title":"Anwendung","tab_content":"[product_oil_types]"}],"add_video_tab":[{"video_tab_title":"Video","add_video_id":[{"video_id":"-T2bvoAzEds"},{"video_id":"zb2YKKejKeg"},{"video_id":"bJYc5Ql1aOc"}]}],"add_gallery_tab":[{"gallery_tab_title":"Galerie","add_img":[60013,60023,317071]}],"add_price_tab":[{"price_tab_title":"Get a quote"}]},"language":"de","_links":{"self":[{"href":"https:\/\/globecore.com\/de\/wp-json\/wp\/v2\/pages\/145789","targetHints":{"allow":["GET"]}}],"collection":[{"href":"https:\/\/globecore.com\/de\/wp-json\/wp\/v2\/pages"}],"about":[{"href":"https:\/\/globecore.com\/de\/wp-json\/wp\/v2\/types\/page"}],"author":[{"embeddable":true,"href":"https:\/\/globecore.com\/de\/wp-json\/wp\/v2\/users\/7"}],"replies":[{"embeddable":true,"href":"https:\/\/globecore.com\/de\/wp-json\/wp\/v2\/comments?post=145789"}],"version-history":[{"count":1,"href":"https:\/\/globecore.com\/de\/wp-json\/wp\/v2\/pages\/145789\/revisions"}],"predecessor-version":[{"id":336035,"href":"https:\/\/globecore.com\/de\/wp-json\/wp\/v2\/pages\/145789\/revisions\/336035"}],"up":[{"embeddable":true,"href":"https:\/\/globecore.com\/de\/wp-json\/wp\/v2\/pages\/145731"}],"wp:featuredmedia":[{"embeddable":true,"href":"https:\/\/globecore.com\/de\/wp-json\/wp\/v2\/media\/145737"}],"wp:attachment":[{"href":"https:\/\/globecore.com\/de\/wp-json\/wp\/v2\/media?parent=145789"}],"wp:term":[{"taxonomy":"category","embeddable":true,"href":"https:\/\/globecore.com\/de\/wp-json\/wp\/v2\/categories?post=145789"}],"curies":[{"name":"wp","href":"https:\/\/api.w.org\/{rel}","templated":true}]}}