{"id":145795,"date":"2016-04-06T05:49:16","date_gmt":"2016-04-06T05:49:16","guid":{"rendered":"https:\/\/globecore.com\/products\/degassing-thermal-vacuum-drying-oil\/uvm-1015-mobile-oil-plant\/"},"modified":"2026-03-06T07:38:46","modified_gmt":"2026-03-06T07:38:46","slug":"uvm-1015-mobile-oil-plant","status":"publish","type":"page","link":"https:\/\/globecore.com\/de\/products\/degassing-thermal-vacuum-drying-oil\/uvm-1015-mobile-oil-plant\/","title":{"rendered":"CMM-10 Mobile \u00d6lanlage"},"content":{"rendered":"","protected":false},"excerpt":{"rendered":"<p>Die Transformatoren-\u00d6lverarbeitungseinheit CMM-10 ist f\u00fcr das Vakuumieren von Transformatoren, die Entfernung mechanischer Verunreinigungen sowie die Beseitigung von Wasser und Gasen aus elektrischen Isolier\u00f6len ausgelegt. Ihre Kapazit\u00e4t betr\u00e4gt 10\u202fm\u00b3\/h (2.642 gal\/h) im Entgasungs-, Trocknungs- und Filtrationsmodus und 15\u202fm\u00b3\/h (3.970 gal\/h) im Heiz- und Filtrationsmodus. Die Einheit wird bei der Installation, Wartung und dem Betrieb \u00f6lgef\u00fcllter Hochspannungsanlagen, einschlie\u00dflich Leistungstransformatoren und Hochspannungsschaltern, eingesetzt. Sie verf\u00fcgt \u00fcber eine Rahmenkonstruktion mit Metallbeh\u00e4lter und abschlie\u00dfbaren T\u00fcren.<\/p>\n","protected":false},"author":7,"featured_media":134690,"parent":145731,"menu_order":0,"comment_status":"closed","ping_status":"closed","template":"templates\/single-product.php","meta":{"_acf_changed":false,"_bbp_topic_count":0,"_bbp_reply_count":0,"_bbp_total_topic_count":0,"_bbp_total_reply_count":0,"_bbp_voice_count":0,"_bbp_anonymous_reply_count":0,"_bbp_topic_count_hidden":0,"_bbp_reply_count_hidden":0,"_bbp_forum_subforum_count":0,"footnotes":""},"categories":[1892],"class_list":["post-145795","page","type-page","status-publish","has-post-thumbnail","hentry","category-oil-maintenance-de","oil_type-fr3-dielektrikum","oil_type-fyrquel-feuerbestandiges-fluid","oil_type-midel-7131-dielektrikum","oil_type-shell-diala-ol","oil_type-silikonol","oil_type-transformatorenol","process_type-dehydrierung","process_type-entgasung","process_type-filtration-de"],"acf":{"add_tab":[{"tab_title":"Beschreibung","tab_content":"<p style=\"text-align: justify;\">Die CMM-10 ist eine eigenst\u00e4ndige Anlage mit allen notwendigen Komponenten und Bauteilen, die durch Metallplatten und Gasfeder-T\u00fcren an den Seiten und an der R\u00fcckseite gesch\u00fctzt sind. Die Container-Anlage befindet sich auf einem zugelassenen Tandem-Achs-Anh\u00e4nger und ist bereit, jederzeit transportiert zu werden.<\/p>\r\n<p style=\"text-align: justify;\">Das Ger\u00e4t besteht aus einer Vakuumkammer, Eingangs- und Ausgangs\u00f6lpumpen, Grob- und Feinfiltern, \u00d6lfalle, \u00d6lheizung, Rohrleitungen mit Ventilen, Vakuumpumpen und einem Schaltschrank.<\/p>"}],"add_def_tab":[{"tab_title":"Spezifikation","tab_content":"<table>\r\n<tbody>\r\n<tr>\r\n<td>\r\n<p style=\"text-align: center;\"><b>Parameter<\/b><\/p>\r\n<\/td>\r\n<td>\r\n<p style=\"text-align: center;\"><b>Werte<\/b><\/p>\r\n<\/td>\r\n<\/tr>\r\n<tr>\r\n<td>\r\n<p style=\"text-align: left;\">Kapazit\u00e4t, m\u00b3\/h; gal. per\/h:<\/p>\r\n<\/td>\r\n<td><\/td>\r\n<\/tr>\r\n<tr>\r\n<td>\r\n<ul>\r\n \t<li style=\"text-align: left;\">Entgasungs-, Trocknungs- und Filtrationsmodus<\/li>\r\n<\/ul>\r\n<\/td>\r\n<td>\r\n<p style=\"text-align: center;\">8\/2117<\/p>\r\n<\/td>\r\n<\/tr>\r\n<tr>\r\n<td>\r\n<ul>\r\n \t<li style=\"text-align: left;\">Heiz- und Filtermodus<\/li>\r\n<\/ul>\r\n<\/td>\r\n<td>\r\n<p style=\"text-align: center;\">15\/3970<\/p>\r\n<\/td>\r\n<\/tr>\r\n<tr>\r\n<td>\r\n<p style=\"text-align: left;\">Parameter des \u00d6ls*:<\/p>\r\n<\/td>\r\n<td><\/td>\r\n<\/tr>\r\n<tr>\r\n<td>\r\n<ul>\r\n \t<li style=\"text-align: left;\">Volumetrischer Gasgehalt %, max.<\/li>\r\n<\/ul>\r\n<\/td>\r\n<td>\r\n<p style=\"text-align: center;\">0.1<\/p>\r\n<\/td>\r\n<\/tr>\r\n<tr>\r\n<td>\r\n<ul>\r\n \t<li style=\"text-align: left;\">Masse Feuchtigkeitsgehalt, g\/ton, max.<\/li>\r\n<\/ul>\r\n<\/td>\r\n<td>\r\n<p style=\"text-align: center;\">3.0<\/p>\r\n<\/td>\r\n<\/tr>\r\n<tr>\r\n<td>\r\n<ul>\r\n \t<li style=\"text-align: left;\">Filtrationsfeinheit, Mikron<\/li>\r\n<\/ul>\r\n<\/td>\r\n<td>\r\n<p style=\"text-align: center;\">1<\/p>\r\n<\/td>\r\n<\/tr>\r\n<tr>\r\n<td>\r\n<p style=\"text-align: left;\">\u00d6l-Austritts-Temperatur im Heizbetrieb, \u00ba\u0421\/ \u00baF<\/p>\r\n<\/td>\r\n<td>\r\n<p style=\"text-align: center;\">90\/194<\/p>\r\n<\/td>\r\n<\/tr>\r\n<tr>\r\n<td>\r\n<p style=\"text-align: left;\">Austrittsdruck, MPa<\/p>\r\n<\/td>\r\n<td>\r\n<p style=\"text-align: center;\">0.4<\/p>\r\n<\/td>\r\n<\/tr>\r\n<tr>\r\n<td>\r\n<p style=\"text-align: left;\">Heizleistung, kW<\/p>\r\n<\/td>\r\n<td>\r\n<p style=\"text-align: center;\">180<\/p>\r\n<\/td>\r\n<\/tr>\r\n<tr>\r\n<td>\r\n<p style=\"text-align: left;\">max. Leistungsaufnahme, kW<\/p>\r\n<\/td>\r\n<td>\r\n<p style=\"text-align: center;\">210<\/p>\r\n<\/td>\r\n<\/tr>\r\n<tr>\r\n<td>\r\n<p style=\"text-align: left;\">Restdruck in der Vakuumkammer w\u00e4hrend Entgasung, Pa, max.<\/p>\r\n<\/td>\r\n<td>\r\n<p style=\"text-align: center;\">267<\/p>\r\n<\/td>\r\n<\/tr>\r\n<tr>\r\n<td>\r\n<p style=\"text-align: left;\">Restdruck in Vakuumkammer bei Luftdichtheitspr\u00fcfung, Pa, max.<\/p>\r\n<\/td>\r\n<td>\r\n<p style=\"text-align: center;\">26.7<\/p>\r\n<\/td>\r\n<\/tr>\r\n<tr>\r\n<td>\r\n<p style=\"text-align: left;\">Luftaustritt in die Kammer in 1h, Pa, max.:<\/p>\r\n<\/td>\r\n<td>\r\n<p style=\"text-align: center;\">267<\/p>\r\n<\/td>\r\n<\/tr>\r\n<tr>\r\n<td>\r\n<p style=\"text-align: left;\">Parameter des Stromnetzes<\/p>\r\n<\/td>\r\n<td><\/td>\r\n<\/tr>\r\n<tr>\r\n<td>\r\n<ul>\r\n \t<li style=\"text-align: left;\">Netzspannung, V<\/li>\r\n<\/ul>\r\n<\/td>\r\n<td>\r\n<p style=\"text-align: center;\">415<\/p>\r\n<\/td>\r\n<\/tr>\r\n<tr>\r\n<td>\r\n<ul>\r\n \t<li style=\"text-align: left;\">Wechselstromfrequenz, Hz**<\/li>\r\n<\/ul>\r\n<\/td>\r\n<td>\r\n<p style=\"text-align: center;\">50\/60<\/p>\r\n<\/td>\r\n<\/tr>\r\n<tr>\r\n<td>\r\n<p style=\"text-align: left;\">Gr\u00f6\u00dfe, mm\/ft, max.<\/p>\r\n<\/td>\r\n<td><\/td>\r\n<\/tr>\r\n<tr>\r\n<td>\r\n<ul>\r\n \t<li style=\"text-align: left;\">L\u00e4nge<\/li>\r\n<\/ul>\r\n<\/td>\r\n<td>\r\n<p style=\"text-align: center;\">4750\/15\u20197\u2019\u2019<\/p>\r\n<\/td>\r\n<\/tr>\r\n<tr>\r\n<td>\r\n<ul>\r\n \t<li style=\"text-align: left;\">H\u00f6he<\/li>\r\n<\/ul>\r\n<\/td>\r\n<td>\r\n<p style=\"text-align: center;\">2100\/6\u201911\u2019\u2019<\/p>\r\n<\/td>\r\n<\/tr>\r\n<tr>\r\n<td>\r\n<ul>\r\n \t<li style=\"text-align: left;\">Breite<\/li>\r\n<\/ul>\r\n<\/td>\r\n<td>\r\n<p style=\"text-align: center;\">2320\/7\u20197\u2019\u2019<\/p>\r\n<\/td>\r\n<\/tr>\r\n<tr>\r\n<td>\r\n<p style=\"text-align: left;\">Gewicht, kg\/lbs, max.<\/p>\r\n<\/td>\r\n<td>\r\n<p style=\"text-align: center;\">3500\/7735<\/p>\r\n<\/td>\r\n<\/tr>\r\n<\/tbody>\r\n<\/table>\r\n<p style=\"text-align: justify;\"><i>Anmerkung<\/i>: * Ausgangsparameter des \u00d6ls:<\/p>\r\n\r\n<ul style=\"text-align: justify;\">\r\n \t<li>Volumetrischer Gasgehalt unter 5%;<\/li>\r\n \t<li>mass moisture content \u2013 below 0,1% (100 g\/ton);<\/li>\r\n \t<li>Temperatur \u00fcber 0\u00ba\u0421\/ 32\u00baF.<\/li>\r\n<\/ul>\r\n<p style=\"text-align: justify;\">**Alle in den USA verkauften Ger\u00e4te sind auch f\u00fcr den Betrieb mit 60 Hz Wechselstrom ausgelegt<\/p>"},{"tab_title":"Vorteil","tab_content":"<ul>\r\n \t<li style=\"text-align: justify;\">Trafo\u00f6l-Durchschlagfestigkeit auf mindestens 70 kV erh\u00f6hen;<\/li>\r\n \t<li style=\"text-align: justify;\">Transformatortrocknung mit gleichzeitiger \u00d6lverarbeitung;<\/li>\r\n \t<li style=\"text-align: justify;\">Erstbef\u00fcllung der elektrischen Ausr\u00fcstung mit Isolier\u00f6l;<\/li>\r\n \t<li style=\"text-align: justify;\">Absaugung von Transformatoren und anderen elektrischen Ger\u00e4ten;<\/li>\r\n \t<li style=\"text-align: justify;\">einfache Bedienung und Wartung.<\/li>\r\n<\/ul>"},{"tab_title":"Anwendung","tab_content":"[product_oil_types]"}],"add_video_tab":[{"video_tab_title":"Video","add_video_id":[{"video_id":"KaftSy8CvmQ"},{"video_id":"2MU5CFbdcfw"}]}],"add_gallery_tab":[{"gallery_tab_title":"Galerie","add_img":[7969,33448,33457,33466]}],"add_price_tab":[{"price_tab_title":"Get a Quote"}]},"language":"de","_links":{"self":[{"href":"https:\/\/globecore.com\/de\/wp-json\/wp\/v2\/pages\/145795","targetHints":{"allow":["GET"]}}],"collection":[{"href":"https:\/\/globecore.com\/de\/wp-json\/wp\/v2\/pages"}],"about":[{"href":"https:\/\/globecore.com\/de\/wp-json\/wp\/v2\/types\/page"}],"author":[{"embeddable":true,"href":"https:\/\/globecore.com\/de\/wp-json\/wp\/v2\/users\/7"}],"replies":[{"embeddable":true,"href":"https:\/\/globecore.com\/de\/wp-json\/wp\/v2\/comments?post=145795"}],"version-history":[{"count":1,"href":"https:\/\/globecore.com\/de\/wp-json\/wp\/v2\/pages\/145795\/revisions"}],"predecessor-version":[{"id":336045,"href":"https:\/\/globecore.com\/de\/wp-json\/wp\/v2\/pages\/145795\/revisions\/336045"}],"up":[{"embeddable":true,"href":"https:\/\/globecore.com\/de\/wp-json\/wp\/v2\/pages\/145731"}],"wp:featuredmedia":[{"embeddable":true,"href":"https:\/\/globecore.com\/de\/wp-json\/wp\/v2\/media\/134690"}],"wp:attachment":[{"href":"https:\/\/globecore.com\/de\/wp-json\/wp\/v2\/media?parent=145795"}],"wp:term":[{"taxonomy":"category","embeddable":true,"href":"https:\/\/globecore.com\/de\/wp-json\/wp\/v2\/categories?post=145795"}],"curies":[{"name":"wp","href":"https:\/\/api.w.org\/{rel}","templated":true}]}}