{"id":145800,"date":"2024-02-14T13:56:54","date_gmt":"2024-02-14T13:56:54","guid":{"rendered":"https:\/\/globecore.com\/products\/degassing-thermal-vacuum-drying-oil\/oil-processing-unit-cmm-8lt\/"},"modified":"2026-03-06T06:54:12","modified_gmt":"2026-03-06T06:54:12","slug":"oil-processing-unit-cmm-8lt","status":"publish","type":"page","link":"https:\/\/globecore.com\/de\/products\/degassing-thermal-vacuum-drying-oil\/oil-processing-unit-cmm-8lt\/","title":{"rendered":"Trafo\u00f6laufbereitungsanlage CMM-8LT"},"content":{"rendered":"","protected":false},"excerpt":{"rendered":"<p>Die Anlage CMM-8LT ist f\u00fcr die Reinigung von elektrischen Isolier\u00f6len von mechanischen Verunreinigungen und Wasser ausgelegt, mit einer kinematischen Viskosit\u00e4t von bis zu 70 cSt bei 50\u202f\u00b0C. Die Einheit kann auch \u00f6lgef\u00fcllte elektrische Ger\u00e4te mit hei\u00dfem Transformatoren\u00f6l erw\u00e4rmen und vakuumieren. Ihre Kapazit\u00e4t betr\u00e4gt 8\u202fm\u00b3\/h. Die Station gew\u00e4hrleistet die \u00d6lreinigung bis zur Klasse -\/12\/9 aus einer Anfangsklasse von -\/16\/13, mit einem Schadstoffmassenanteil von nicht mehr als 0,004%, durch mehrfache Durchl\u00e4ufe des \u00d6ls durch den Filterblock. Sie wird beim Aufbau, der Reparatur und dem Betrieb \u00f6lgef\u00fcllter Hochspannungsausr\u00fcstung wie Leistungstransformatoren und Hochspannungsschalter eingesetzt.<\/p>\n","protected":false},"author":7,"featured_media":145801,"parent":145731,"menu_order":0,"comment_status":"closed","ping_status":"closed","template":"templates\/single-product.php","meta":{"_acf_changed":false,"_bbp_topic_count":0,"_bbp_reply_count":0,"_bbp_total_topic_count":0,"_bbp_total_reply_count":0,"_bbp_voice_count":0,"_bbp_anonymous_reply_count":0,"_bbp_topic_count_hidden":0,"_bbp_reply_count_hidden":0,"_bbp_forum_subforum_count":0,"footnotes":""},"categories":[1892],"class_list":["post-145800","page","type-page","status-publish","has-post-thumbnail","hentry","category-oil-maintenance-de","oil_type-fr3-dielektrikum","oil_type-fyrquel-feuerbestandiges-fluid","oil_type-hydraulikol","oil_type-midel-7131-dielektrikum","oil_type-shell-diala-ol","oil_type-silikonol","oil_type-transformatorenol","process_type-dehydrierung","process_type-entgasung","process_type-filtration-de"],"acf":{"add_tab":[{"tab_title":"Beschreibung","tab_content":"<p style=\"text-align: justify;\">Die \u00d6laufbereitungsanlage CMM-8LT ist f\u00fcr die Reinigung von mechanischen Verunreinigungen und Wasser von elektrischen Isolier\u00f6len ausgelegt, deren kinematische Viskosit\u00e4t bei einer Temperatur von 50 \u00b0C 70 cSt nicht \u00fcberschreitet.<\/p>\r\n<p style=\"text-align: justify;\">Die Anlage kann zum Erhitzen \u00f6lgef\u00fcllter Elektroger\u00e4te mit hei\u00dfem Transformatoren\u00f6l sowie zum Evakuieren derselben eingesetzt werden.<\/p>\r\n<p style=\"text-align: justify;\">Die Anlage erm\u00f6glicht eine \u00d6lreinigung bis zur Klasse 9 mit der anf\u00e4nglichen Reinheitsklasse 13, wenn das Produkt mehrmals durch den Filterblock gereinigt wird.<\/p>\r\n<p style=\"text-align: justify;\">Die Installation wird w\u00e4hrend der Installation, Reparatur und des Betriebs von \u00d6lgef\u00fclltenhochspannungsger\u00e4ten (Leistungstransformatoren, Hochspannungsausschalter usw.) eingesetzt.<\/p>"}],"add_def_tab":[{"tab_title":"Spezifikation","tab_content":"<table width=\"620\">\r\n<tbody>\r\n<tr>\r\n<td style=\"text-align: center;\"><strong>\u2116<\/strong><\/td>\r\n<td style=\"text-align: center;\"><strong>\u00a0Parameter<\/strong><\/td>\r\n<td style=\"text-align: center;\"><strong>Bedeutung<\/strong><\/td>\r\n<\/tr>\r\n<tr>\r\n<td>1<\/td>\r\n<td>\r\n<p style=\"text-align: left;\">Leistung, m<sup>3<\/sup>\/St<\/p>\r\n<\/td>\r\n<td>8<\/td>\r\n<\/tr>\r\n<tr>\r\n<td>2<\/td>\r\n<td>\r\n<p style=\"text-align: left;\">Die maximale \u00d6ltemperatur am Auslass im Heizmodus, \u00b0\u0421<\/p>\r\n<\/td>\r\n<td>90<\/td>\r\n<\/tr>\r\n<tr>\r\n<td>&nbsp;\r\n\r\n3<\/td>\r\n<td>\r\n<p style=\"text-align: left;\">Parameter des verarbeiteten \u00d6ls*:<\/p>\r\n<p style=\"text-align: left;\">\u2013 Massenfeuchtigkeitsgehalt, g\/t max<\/p>\r\n<p style=\"text-align: left;\">\u2013 Filterfeinheit, mkm<\/p>\r\n<p style=\"text-align: left;\">\u2013 Durchbruchspannung, kV, min<\/p>\r\n<\/td>\r\n<td>&nbsp;\r\n\r\n5\r\n\r\n5\r\n\r\n70<\/td>\r\n<\/tr>\r\n<tr>\r\n<td>4<\/td>\r\n<td>\r\n<p style=\"text-align: left;\">Leistung der \u00d6lheizung, kW, max<\/p>\r\n<\/td>\r\n<td>100<\/td>\r\n<\/tr>\r\n<tr>\r\n<td>7<\/td>\r\n<td>\r\n<p style=\"text-align: left;\">Installierter Stromverbrauch, kW, max<\/p>\r\n<\/td>\r\n<td>115<\/td>\r\n<\/tr>\r\n<tr>\r\n<td>\r\n<p style=\"text-align: center;\">8<\/p>\r\n<\/td>\r\n<td>\r\n<p style=\"text-align: left;\">Die Versorgungsspannung eines dreiphasigen Wechselstromnetzes mit einer Frequenz von 50 Hz<\/p>\r\n<\/td>\r\n<td>380<\/td>\r\n<\/tr>\r\n<tr>\r\n<td style=\"text-align: center;\">9<\/td>\r\n<td>\r\n<p style=\"text-align: left;\">Abmessungen, mm max<\/p>\r\n<p style=\"text-align: left;\">\u2013 L\u00e4nge<\/p>\r\n<p style=\"text-align: left;\">\u2013 H\u00f6he<\/p>\r\n<p style=\"text-align: left;\">\u2013 Breite<\/p>\r\n<\/td>\r\n<td>&nbsp;\r\n\r\n1665\r\n\r\n1650\r\n\r\n1020<\/td>\r\n<\/tr>\r\n<tr>\r\n<td>10<\/td>\r\n<td>\r\n<p style=\"text-align: left;\">\u00a0Gewicht, max, kg<\/p>\r\n<\/td>\r\n<td>1200<\/td>\r\n<\/tr>\r\n<\/tbody>\r\n<\/table>"},{"tab_title":"Vorteil","tab_content":"<ul>\r\n \t<li>Kompaktheit;<\/li>\r\n \t<li>\u00d6lheizung;<\/li>\r\n \t<li>hoher Filtrationsgrad;<\/li>\r\n \t<li>hohe Man\u00f6vrierf\u00e4higkeit;<\/li>\r\n \t<li>Entgasung und Trocknung von \u00d6l;<\/li>\r\n \t<li>Schutz vor \u00d6l\u00fcberhitzung.<\/li>\r\n<\/ul>"},{"tab_title":"Anwendung","tab_content":"[product_oil_types]"}],"add_video_tab":[{"video_tab_title":"Video","add_video_id":[{"video_id":"-FXOaBEzVoM"},{"video_id":"H2eP9krFbyM"}]}],"add_gallery_tab":null,"add_price_tab":null},"language":"de","_links":{"self":[{"href":"https:\/\/globecore.com\/de\/wp-json\/wp\/v2\/pages\/145800","targetHints":{"allow":["GET"]}}],"collection":[{"href":"https:\/\/globecore.com\/de\/wp-json\/wp\/v2\/pages"}],"about":[{"href":"https:\/\/globecore.com\/de\/wp-json\/wp\/v2\/types\/page"}],"author":[{"embeddable":true,"href":"https:\/\/globecore.com\/de\/wp-json\/wp\/v2\/users\/7"}],"replies":[{"embeddable":true,"href":"https:\/\/globecore.com\/de\/wp-json\/wp\/v2\/comments?post=145800"}],"version-history":[{"count":1,"href":"https:\/\/globecore.com\/de\/wp-json\/wp\/v2\/pages\/145800\/revisions"}],"predecessor-version":[{"id":336039,"href":"https:\/\/globecore.com\/de\/wp-json\/wp\/v2\/pages\/145800\/revisions\/336039"}],"up":[{"embeddable":true,"href":"https:\/\/globecore.com\/de\/wp-json\/wp\/v2\/pages\/145731"}],"wp:featuredmedia":[{"embeddable":true,"href":"https:\/\/globecore.com\/de\/wp-json\/wp\/v2\/media\/145801"}],"wp:attachment":[{"href":"https:\/\/globecore.com\/de\/wp-json\/wp\/v2\/media?parent=145800"}],"wp:term":[{"taxonomy":"category","embeddable":true,"href":"https:\/\/globecore.com\/de\/wp-json\/wp\/v2\/categories?post=145800"}],"curies":[{"name":"wp","href":"https:\/\/api.w.org\/{rel}","templated":true}]}}