{"id":145901,"date":"2017-09-20T07:50:32","date_gmt":"2017-09-20T07:50:32","guid":{"rendered":"https:\/\/globecore.com\/products\/oil-filtration-pumping\/"},"modified":"2025-09-08T15:34:44","modified_gmt":"2025-09-08T15:34:44","slug":"oil-filtration-pumping","status":"publish","type":"page","link":"https:\/\/globecore.com\/de\/products\/oil-filtration-pumping\/","title":{"rendered":"\u00d6lreinigung und -filtration"},"content":{"rendered":"<p style=\"text-align: justify;\">Die Industrie\u00f6lfiltration erm\u00f6glicht es, die Lebensdauer der Mineral\u00f6lprodukte und der Teile, die sie schmieren, zu verl\u00e4ngern. Industrie\u00f6le umfassen eine ziemlich gro\u00dfe Gruppe von Erd\u00f6lprodukten, die in der Herstellungsindustrie zum Schmieren von Friktionsaggregaten verwendet werden. Die Betriebseigenschaften h\u00e4ngen von der Zusammensetzung der Kohlenwasserstoffe oder dem Gehalt an funktionellen Additiven ab, die dem \u00d6lprodukt bestimmte Eigenschaften verleihen.<\/p>\n<h2 style=\"text-align: justify;\">Industrie\u00f6lfiltration gegen Fremdstoffen<\/h2>\n<p style=\"text-align: justify;\">Das Vorhandensein von Fremdstoffen ver\u00e4ndert die physikalisch-chemischen Eigenschaften des \u00d6ls. Infolgedessen h\u00f6rt es auf, seine Aufgaben effektiv zu erf\u00fcllen. Das Risiko von Ausf\u00e4llen, Unf\u00e4llen und ungeplanten Stillstandszeiten teurer Ger\u00e4te wird deutlich erh\u00f6ht.<\/p>\n<p style=\"text-align: justify;\">Die industrielle Fertigung verwendet eine breite Palette von Fl\u00fcssigkeiten zur Schmierung von Reibungsteilen in verschiedenen Maschinen. Die chemische Zusammensetzung und verschiedene Additive beeinflussen die Leistung und Eigenschaften dieser industriellen \u00d6lfl\u00fcssigkeiten; Additive werden verwendet, um die Eigenschaften des \u00d6ls zu verbessern oder anzupassen.<\/p>\n<p style=\"text-align: justify;\">Industrie\u00f6l wird haupts\u00e4chlich aus Fraktionen mit Siedetemperaturen \u00fcber 350\u00b0C hergestellt. Das \u00d6l enth\u00e4lt eine Vielzahl von Kohlenwasserstoffen und Derivaten, die hochmolekulare Verbindungen verschiedener Gruppen sind.<\/p>\n<p style=\"text-align: justify;\">Mehr als hundert Marken von Industrie\u00f6len sind heute in den Produktionsst\u00e4tten zu finden. 46,6 % der Produkte werden von Hydrauliksystemen angetrieben und 41 % schmieren verschiedene Reibungsmechanismen und schwere Industriemaschinen.<\/p>\n<p style=\"text-align: justify;\"><b>Qualitativ hochwertiges industrielles \u00d6l muss bestimmte Anforderungen erf\u00fcllen:<\/b><\/p>\n<ol style=\"text-align: justify;\">\n<li>Stabilit\u00e4t;<\/li>\n<li>Hoher Abnutzungsschutz<\/li>\n<li>Hydrauliksystem-Kompatibilit\u00e4t;<\/li>\n<li>Gute Filtrationseigenschaften;<\/li>\n<li>Geringe Neigung zur Emulsionsbildung.<\/li>\n<\/ol>\n<h3 style=\"text-align: justify;\"><b>SCHL\u00dcSSELTYPEN DER \u00d6LFILTRATION<\/b><\/h3>\n<p style=\"text-align: justify;\">Die Filtration ist ein Prozess, bei dem partikul\u00e4re Verunreinigungen aus dem \u00d6l herausgefiltert werden, um dessen Qualit\u00e4t zu verbessern und die Maschinen, in denen das \u00d6l verwendet wird, zu sch\u00fctzen, was die Zuverl\u00e4ssigkeit erh\u00f6ht.<\/p>\n<p style=\"text-align: justify;\">Ein wichtiger Parameter der Filtration ist die Gr\u00f6\u00dfe der zu entfernenden Verunreinigungen. Die Filtration kann grob oder fein sein. Die Grobfiltration konzentriert sich auf den direkten Schutz der \u00d6lschmierung und der Hydrauliksysteme; diese Art der Filtration, die nur relativ gro\u00dfe Partikel mit einer Gr\u00f6\u00dfe von 25 \u00b5m und mehr aufnehmen kann, wird h\u00e4ufig von den Herstellern der Anlagen eingesetzt.<\/p>\n<p style=\"text-align: justify;\">Die Hauptaufgabe der Grobfiltration besteht darin, die Lebensdauer von Industrie\u00f6len zu verl\u00e4ngern und gleichzeitig den Betrieb und den Schutz der Anlagen zu verbessern.<\/p>\n<h2 style=\"text-align: justify;\"><b>Hydraulik\u00f6lfiltration: die Wahl des Filters<\/b><\/h2>\n<p style=\"text-align: justify;\"><b>Hydraulik\u00f6le <\/b>werden in verschiedenen <i>Industrieanlagen <\/i>(Manipulatoren, Werkzeugmaschinen, Robotermaschinen, Pressen usw.) eingesetzt. Die Hauptaufgabe der Hydraulikfl\u00fcssigkeit ist die Kraft\u00fcbertragung f\u00fcr den Betrieb von Maschinen.<\/p>\n<p style=\"text-align: justify;\">Je sauberer die Hydraulikfl\u00fcssigkeit ist, desto besser erf\u00fcllt sie ihre Funktion. Die Reinheit des <i>Hydraulik\u00f6ls wird durch Filtration erreicht<\/i>.<\/p>\n<p style=\"text-align: justify;\"><b>Eine mehrstufige Filtration gew\u00e4hrleistet den angemessenen Grad an \u00d6lreinheit:<\/b><\/p>\n<ol style=\"text-align: justify;\">\n<li><i>Filtration vor der Installation in das System;<\/i><\/li>\n<li><i>Station\u00e4re Filtration w\u00e4hrend des Betriebs;<\/i><\/li>\n<li><i>Filtration des Alt\u00f6ls zur sp\u00e4teren Wiederverwendung.<\/i><\/li>\n<\/ol>\n<p style=\"text-align: justify;\">Jede Etappe hat ihre eigenen Aspekte. In diesem Artikel werden wir die grunds\u00e4tzlichen Empfehlungen f\u00fcr die Auswahl von Filtern f\u00fcr Hydrauliksysteme im Detail betrachten.<\/p>\n<p style=\"text-align: justify;\">Die erste Regel empfiehlt den Einbau von Filtern an Saugpumpen. Dies sch\u00fctzt alle Knotenpunkte des hydraulischen Antriebs, einschlie\u00dflich der Kreiselpumpen. Ist dies aus technischen Gr\u00fcnden nicht m\u00f6glich, werden die Filter in die Ein- und Ausgangsleitungen eingebaut.<\/p>\n<p style=\"text-align: justify;\">Den gr\u00f6\u00dften Schutz sollten die Teile eines hydraulischen Antriebs (Spulen, Drosseln) erhalten, die in der Ausgabeleitung installiert sind. Die Feinheit der \u00d6lfiltration sollte in Abh\u00e4ngigkeit von den Betriebsbedingungen gew\u00e4hlt werden.<\/p>\n<p style=\"text-align: justify;\">Der Einbau von Filtern sollte ohne den Ausbau von Rohrleitungen, dem \u00d6ffnen eines \u00d6ltanks oder der Demontage einzelner Komponenten des Hydrauliksystems erfolgen. Bei automatischen Durchflussleitungen ist es ratsam, Filter an den Saugleitungen zu installieren, die ohne Unterbrechung des Pumpenbetriebs ausgetauscht werden k\u00f6nnen.<\/p>\n<p style=\"text-align: justify;\">Die Filtergr\u00f6\u00dfe wird nach folgenden Parametern berechnet: Druckabfall in der Leitung, Durchfluss und Viskosit\u00e4t des Arbeitsmediums. In der Regel werden die aufgelisteten Merkmale in den Filterpass-Daten angegeben.<\/p>\n<p style=\"text-align: justify;\">\u00d6lfiltration ist ein wichtiger Prozess; Deshalb ist es notwendig, die Filter vor dem Einbau zu testen. Die Tests werden in Labors und bei der Abnahmekontrolle durchgef\u00fchrt. F\u00fcr den erstgenannten Test werden alle notwendigen Ma\u00dfnahmen im Werk durchgef\u00fchrt. Bei den Abnahmepr\u00fcfungen handelt es sich um ein vereinfachtes Programm, das die hydraulischen Festigkeitseigenschaften sowohl des Filters als auch des Filterelements bestimmt.<\/p>\n<p style=\"text-align: justify;\">Laboruntersuchungen bestimmen neben den aufgef\u00fchrten Merkmalen auch geometrische Abmessungen und Genauigkeiten.<\/p>\n<h2 style=\"text-align: justify;\"><b>Turbinen\u00f6l-Filtration<\/b><\/h2>\n<p style=\"text-align: justify;\">Turbinen sind aus der modernen Elektroindustrie nicht mehr wegzudenken. Sie werden aktiv in den Bereichen Wasserkraft, Windkraft und Kernenergie eingesetzt.<\/p>\n<p style=\"text-align: justify;\">Die Betriebseffizienz von Turbinen wird durch spezielle \u00d6le gew\u00e4hrleistet, die die Schmierung von Lagern und Getrieben erm\u00f6glichen, Reibung verhindern und reduzieren und den Verschlei\u00df verringern.<\/p>\n<p style=\"text-align: justify;\">Je sauberer das \u00d6l ist, desto besser erf\u00fcllt es die ihm zugewiesenen Funktionen. Die Turbine und das \u00d6l selbst arbeiten unter schweren Bedingungen. Das \u00d6l sammelt verschiedene sch\u00e4dliche Verunreinigungen und Alterungsprodukte an, die zu ungeplanten Reparaturen, erh\u00f6hten Kosten f\u00fcr den \u00d6lwechsel und Leistungsverlust f\u00fchren k\u00f6nnen.<\/p>\n<p style=\"text-align: justify;\"><i>Die Turbinen\u00f6lfiltration<\/i> kann die Situation korrigieren. GlobeCore ist der Hauptakteur im Gesch\u00e4ft mit \u00d6lfiltrationsanlagen f\u00fcr den industriellen Einsatz. F\u00fcr die Reinigung von Turbinen\u00f6len hat GlobeCore speziell die CMM-T-Anlage entwickelt. Das Funktionsprinzip beruht auf der komplexen Wirkung von Hochtemperatur und Tiefvakuum sowie einer wiederholten \u00d6lfiltration durch die Filtereinheit. Die Feinheit der Filtration ist kleiner als 5 \u03bcm, und der Massenfeuchtegehalt des \u00d6ls ist kleiner als 10 g \/ t.<\/p>\n<p style=\"text-align: justify;\"><b>Je nach Anforderung kann die CMM-T in einem von drei Modi eingesetzt werden:<\/b><\/p>\n<ol style=\"text-align: justify;\">\n<li><i>\u00d6lfiltration and -erhitzung;<\/i><\/li>\n<li><i>\u00d6lfiltration, Trocknung und Entgasung;<\/i><\/li>\n<li><i>Vakuumbehandlung.<\/i><\/li>\n<\/ol>\n<p style=\"text-align: justify;\">Es ist auch m\u00f6glich, das Ger\u00e4t in station\u00e4rer oder mobiler Ausf\u00fchrung zu w\u00e4hlen.<\/p>\n<p style=\"text-align: justify;\"><b>Die rechtzeitige Filtration von Turbinen\u00f6len vermeidet eine Reihe von unangenehmen Folgen und sorgt f\u00fcr eine optimale Filtration:<\/b><\/p>\n<ol style=\"text-align: justify;\">\n<li><i>Kosten Sparen f\u00fcr den Betrieb von Leistungsturbinen;<\/i><\/li>\n<li><i>Reduzierung des Verbrauchs von Turbinen\u00f6l durch Verl\u00e4ngerung der Lebensdauer;<\/i><\/li>\n<li><i>\u00a0Alt\u00f6l-Abf\u00e4llen Reduzierung;<\/i><\/li>\n<li><i>Vermeidung von ungeplanten Stillst\u00e4nden<\/i><\/li>\n<li><i>weniger Reparaturen an Lagern, Pumpen und anderen Teile.<\/i><\/li>\n<\/ol>\n<p style=\"text-align: justify;\"><b>Die GlobeCore Ausr\u00fcstung f\u00fcr die Turbinen\u00f6lfiltration kann kundenspezifisch angepasst werden und beinhaltet eine Reihe von Optionen:<\/b><\/p>\n<ul style=\"text-align: justify;\">\n<li>\n<ol>\n<li><i>Zus\u00e4tzliche Sensoren und Messger\u00e4te (Feuchtigkeit, Partikelz\u00e4hlung, etc.);<\/i><\/li>\n<li><i>Fernbedienung und Prozess\u00fcberwachung per Smartphone oder PC;<\/i><\/li>\n<li><i>Auf einem Anh\u00e4nger, auf Rollen oder Luftr\u00e4dern montiert;<\/i><\/li>\n<li><i>M\u00f6glichkeit der Anpassung der Parameter.<\/i><\/li>\n<\/ol>\n<\/li>\n<\/ul>\n<ul style=\"text-align: justify;\">\n<li><i>Explosionsgesch\u00fctzte und korrosionsbest\u00e4ndige Designs m\u00f6glich<\/i><\/li>\n<\/ul>\n<h2 style=\"text-align: justify;\"><b>Transformatoren\u00f6l-Filtration<\/b><\/h2>\n<p style=\"text-align: justify;\">Isolierfl\u00fcssigkeiten werden in vielen Arten von Hochspannungsger\u00e4ten verwendet: Kondensatoren, Kabel, Schalter, Transformatoren usw. Die Fl\u00fcssigkeiten erf\u00fcllen in der Regel zwei Hauptfunktionen, n\u00e4mlich elektrische Isolierung und K\u00fchlung. Einige Zusatzfunktionen sind die Lichtbogenl\u00f6schung in Schaltanlagen und der Schutz der inneren Feststoffisolierung vor der Umgebungsfeuchtigkeit.<\/p>\n<p style=\"text-align: justify;\">Leistungs\u00fcbertr\u00e4ger sind aus modernen Prozessen der Energie\u00fcbertragung und -verteilung nicht mehr wegzudenken. Deshalb sollte dieses Ger\u00e4t vor m\u00f6glichen Ausf\u00e4llen gesch\u00fctzt werden, indem man seine harte Isolierung und die K\u00fchlung sch\u00fctzt. Diese Funktion ist Mineral\u00f6len zugeordnet.<\/p>\n<p style=\"text-align: justify;\">Ein langfristiger Betrieb eines Transformators f\u00fchrt meist zur \u00d6l-Alterung.<\/p>\n<p style=\"text-align: justify;\"><i>Der obige Vorgang hat mehrere Einschr\u00e4nkungen:<\/i><\/p>\n<ol style=\"text-align: justify;\">\n<li>Lange Absetztzeit<\/li>\n<li>geringer Filtrationsdurchsatz;<\/li>\n<li>Filtermedien m\u00fcssen h\u00e4ufig ausgetauscht werden;<\/li>\n<li>m\u00f6gliche Verunreinigung des \u00d6ls mit Cellulosefasern, die die Durchschlagfestigkeit verringern.<\/li>\n<\/ol>\n<p style=\"text-align: justify;\"><b>Das Aufeinandertreffen einer Reihe von Faktoren haben Konsequenzen:<\/b><\/p>\n<ol style=\"text-align: justify;\">\n<li><i>Eindringen von Wasser im freier und emulgierter Form;<\/i><\/li>\n<li><i>gro\u00dfe Partikel erh\u00f6hen Viskosit\u00e4t;<\/i><\/li>\n<li><i>Abbauprodukte in Feststoffisolierung;<\/i><\/li>\n<li><i>Zersetzung von Zusatzprodukten;<\/i><\/li>\n<li><i>Zersetzung von Kohlenwasserstoffprodukten.<\/i><\/li>\n<\/ol>\n<p style=\"text-align: justify;\">Der Alterungsprozess kann durch \u00d6lfiltration verlangsamt und die Lebensdauer der Isolierfl\u00fcssigkeit verl\u00e4ngert werden.<\/p>\n<p style=\"text-align: justify;\"><b>Bei falsch gew\u00e4hlter Verarbeitungsfrequenz k\u00f6nnen folgende negative Ph\u00e4nomene auftreten:<\/b><\/p>\n<ol style=\"text-align: justify;\">\n<li><i>Verminderte K\u00fchlleistung;<\/i><\/li>\n<li><i>Reduzierte Durchschlagsfestigkeit;<\/i><\/li>\n<li><i>Korrosion des Transformatorkerns und des Wicklungsgeh\u00e4uses;<\/i><\/li>\n<li><i>Sediment auf innenliegenden Oberfl\u00e4chen;<\/i><\/li>\n<li><i>Auftreten von Notfallsituationen.<\/i><\/li>\n<\/ol>\n<p style=\"text-align: justify;\">Bei der \u00d6lfiltration in Leistungstransformatoren werden mechanische Verunreinigungen entfernt.<\/p>\n<p style=\"text-align: justify;\"><b>Sie sind nicht der einzige Schadstoff, stellen aber dennoch ein gro\u00dfes Risiko dar:<\/b><\/p>\n<ol style=\"text-align: justify;\">\n<li><i>Sie bilden Schlammschichten auf Transformatorwicklung und Magnetkreisen;<\/i><\/li>\n<li><i>emulgiertes Wasser wird gebildet;<\/i><\/li>\n<li><i>die W\u00e4rmeabfuhr wird unterbrochen und die K\u00fchleffizienz reduziert;<\/i><\/li>\n<li><i>Korrosion und Zerst\u00f6rung der Isolierung.<\/i><\/li>\n<\/ol>\n<p style=\"text-align: justify;\">GlobeCore hat CFU mobile \u00d6lfilteranlagen entwickelt. Diese Ausr\u00fcstung ist leicht zu warten und zu bedienen. Sie realisiert die komplexe \u00d6lfiltration durch Grob- und Feinfilter sowie Temperatur- und Vakuumbehandlung. Dieser Ansatz reinigt Transformator\u00f6l nicht nur von mechanischen Verunreinigungen, sondern auch von Wasser.<\/p>\n<p style=\"text-align: justify;\"><b>Nach der Filtration hat das \u00d6l die folgenden Parameter:<\/b><\/p>\n<ol style=\"text-align: justify;\">\n<li><i>Trocknung bis zu 98%;<\/i><\/li>\n<li><i>Reinigung von mechanischen Verunreinigungen bis zu 97%.<\/i><\/li>\n<\/ol>\n<p style=\"text-align: justify;\">GlobeCore-Filtrationsanlagen erh\u00f6hen die Zuverl\u00e4ssigkeit von Leistungstransformatoren, eliminieren ungeplante Reparaturen und Ausfallzeiten und sparen zudem Geld beim Kauf von Frisch\u00f6len.<\/p>\n<p style=\"text-align: justify;\">GlobeCore produziert ma\u00dfgeschneiderte \u00d6lfilteranlagen f\u00fcr individuelle Auftr\u00e4ge, \u00fcberwacht die Installation und Inbetriebnahme und hilft bei der Inbetriebnahme der Anlagen. Dar\u00fcber hinaus ist es m\u00f6glich, neue Features und Funktionen hinzuzuf\u00fcgen (z.B. Partikelz\u00e4hler oder Fernsteuerung und Prozess\u00fcberwachung \u00fcber Smartphone oder PC).<\/p>\n<h2 style=\"text-align: justify;\"><b>GlobeCore Filtrationssysteme<\/b><\/h2>\n<h3 style=\"text-align: justify;\"><b>GlobeCore Sekund\u00e4r\u00f6lfiltration<\/b><\/h3>\n<p style=\"text-align: justify;\">Die von GlobeCore hergestellten Anlagen zur Sekund\u00e4r\u00f6lfiltration erm\u00f6glichen die Entfernung von mechanischen Verunreinigungen, Ru\u00df (Kohle), freiem und gel\u00f6stem Wasser sowie wasserl\u00f6slichen S\u00e4uren und Laugen aus Industrie\u00f6len. Dieses Ger\u00e4t hat eine kompakte Gr\u00f6\u00dfe und ist ausreichend mobil, so dass es auch dort eingesetzt werden kann, wo Erd\u00f6lprodukte direkt eingesetzt werden. In nur einem Arbeitsgang wird der gew\u00fcnschter Reinigungsgrad erreicht. Die Filtrationsanlagen sind effizient genug, um die geforderte Rate der Schmutzausscheidung auch in einem einzigen Durchgang des \u00d6ls durch das System zu erreichen. Die einfache und bequeme Konstruktion macht die Bedienung dieser Anlagen extrem simpel.<\/p>\n","protected":false},"excerpt":{"rendered":"<p>Die Industrie\u00f6lfiltration erm\u00f6glicht es, die Lebensdauer der Mineral\u00f6lprodukte und der Teile, die sie schmieren, zu verl\u00e4ngern. Industrie\u00f6le umfassen eine ziemlich gro\u00dfe Gruppe von Erd\u00f6lprodukten, die in der Herstellungsindustrie zum Schmieren von Friktionsaggregaten verwendet werden. Die Betriebseigenschaften h\u00e4ngen von der Zusammensetzung der Kohlenwasserstoffe oder dem Gehalt an funktionellen Additiven ab, die dem \u00d6lprodukt bestimmte Eigenschaften verleihen.<a class=\"cg-read-more\" href=\"https:\/\/globecore.com\/de\/products\/oil-filtration-pumping\/\" target=\"_blank\">Read More <\/a><\/p>\n","protected":false},"author":7,"featured_media":145902,"parent":145645,"menu_order":0,"comment_status":"closed","ping_status":"closed","template":"templates\/products-sidebar.php","meta":{"_acf_changed":false,"_bbp_topic_count":0,"_bbp_reply_count":0,"_bbp_total_topic_count":0,"_bbp_total_reply_count":0,"_bbp_voice_count":0,"_bbp_anonymous_reply_count":0,"_bbp_topic_count_hidden":0,"_bbp_reply_count_hidden":0,"_bbp_forum_subforum_count":0,"footnotes":""},"categories":[],"class_list":["post-145901","page","type-page","status-publish","has-post-thumbnail","hentry"],"acf":[],"language":"de","_links":{"self":[{"href":"https:\/\/globecore.com\/de\/wp-json\/wp\/v2\/pages\/145901","targetHints":{"allow":["GET"]}}],"collection":[{"href":"https:\/\/globecore.com\/de\/wp-json\/wp\/v2\/pages"}],"about":[{"href":"https:\/\/globecore.com\/de\/wp-json\/wp\/v2\/types\/page"}],"author":[{"embeddable":true,"href":"https:\/\/globecore.com\/de\/wp-json\/wp\/v2\/users\/7"}],"replies":[{"embeddable":true,"href":"https:\/\/globecore.com\/de\/wp-json\/wp\/v2\/comments?post=145901"}],"version-history":[{"count":0,"href":"https:\/\/globecore.com\/de\/wp-json\/wp\/v2\/pages\/145901\/revisions"}],"up":[{"embeddable":true,"href":"https:\/\/globecore.com\/de\/wp-json\/wp\/v2\/pages\/145645"}],"wp:featuredmedia":[{"embeddable":true,"href":"https:\/\/globecore.com\/de\/wp-json\/wp\/v2\/media\/145902"}],"wp:attachment":[{"href":"https:\/\/globecore.com\/de\/wp-json\/wp\/v2\/media?parent=145901"}],"wp:term":[{"taxonomy":"category","embeddable":true,"href":"https:\/\/globecore.com\/de\/wp-json\/wp\/v2\/categories?post=145901"}],"curies":[{"name":"wp","href":"https:\/\/api.w.org\/{rel}","templated":true}]}}