{"id":145907,"date":"2021-03-11T09:36:31","date_gmt":"2021-03-11T09:36:31","guid":{"rendered":"https:\/\/globecore.com\/products\/degassing-thermal-vacuum-drying-oil\/cmm-1lt-transformer-oil-purification-unit\/"},"modified":"2026-03-06T06:08:43","modified_gmt":"2026-03-06T06:08:43","slug":"cmm-1lt-transformer-oil-purification-unit","status":"publish","type":"page","link":"https:\/\/globecore.com\/de\/products\/degassing-thermal-vacuum-drying-oil\/cmm-1lt-transformer-oil-purification-unit\/","title":{"rendered":"Installation der Thermovakuumtrocknung und Filtration von Industrie\u00f6len \u0421MM-1LT"},"content":{"rendered":"","protected":false},"excerpt":{"rendered":"<p>Die Anlage CMM-1.0LT ist f\u00fcr die Thermovakuum-Trocknung und Filtration von Industrie\u00f6len ausgelegt, die in Schmier-, Dichtungs- und Hydrauliksystemen von Gasturbinen, Gaskompressoreinheiten, Gas-Kolbenkompressoren sowie Transformatoren verwendet werden. Neben der \u00d6lreinigung kann die Anlage auch zum Erw\u00e4rmen und Trocknen \u00f6lgef\u00fcllter elektrischer Betriebsmittel eingesetzt werden.<br \/>\nUnter Vakuum durchl\u00e4uft das \u00d6l einen Grobfilter mit einer Filterfeinheit von 200 \u03bcm und gelangt anschlie\u00dfend in einen Vakuumtank mit eingebautem Heizsystem. Das erw\u00e4rmte \u00d6l wird auf spezielle F\u00fcllk\u00f6rper verteilt, wo Feuchtigkeit und Gase effizient im Vakuum entfernt werden. Danach wird das \u00d6l aus dem unteren Teil des Tanks durch zwei Feinfilter mit w\u00e4hlbarer Filterfeinheit von 5, 3, 1 oder 0,3 \u03bcm gepumpt und an den Ausgang geleitet. Die Platzierung des Heizers innerhalb der Vakuumkammer und das optimierte Layout sorgen f\u00fcr kompakte Abmessungen der Anlage und reduzierte W\u00e4rmeverluste.<\/p>\n","protected":false},"author":7,"featured_media":134876,"parent":145731,"menu_order":0,"comment_status":"closed","ping_status":"closed","template":"templates\/single-product.php","meta":{"_acf_changed":false,"_bbp_topic_count":0,"_bbp_reply_count":0,"_bbp_total_topic_count":0,"_bbp_total_reply_count":0,"_bbp_voice_count":0,"_bbp_anonymous_reply_count":0,"_bbp_topic_count_hidden":0,"_bbp_reply_count_hidden":0,"_bbp_forum_subforum_count":0,"footnotes":""},"categories":[1892],"class_list":["post-145907","page","type-page","status-publish","has-post-thumbnail","hentry","category-oil-maintenance-de","oil_type-fr3-dielektrikum","oil_type-fyrquel-feuerbestandiges-fluid","oil_type-getriebeol","oil_type-hydraulikol","oil_type-industrieol","oil_type-kabelol","oil_type-kompressorol","oil_type-midel-7131-dielektrikum","oil_type-shell-diala-ol","oil_type-silikonol","oil_type-transformatorenol","oil_type-turbinenol","process_type-dehydrierung","process_type-entgasung","process_type-filtration-de"],"acf":{"add_tab":[{"tab_title":"Beschreibung","tab_content":"<p style=\"text-align: justify;\">Die mobile \u00d6lstation \u0421MM-1.0LT ist f\u00fcr die thermische Vakuumtrocknung und Filterung von Industrie\u00f6len konzipiert, die in Schmiersystemen, Dichtungssystemen, hydraulischen Steuerungssystemen von Gasturbinen- und Gaspumpeinheiten, Gasmotorkompressoren und Transformatoren verwendet werden.<\/p>\r\n<p style=\"text-align: justify;\">Neben der Reinigung von \u00d6len kann das \u0421MM-1.0LT-Ger\u00e4t auch zum Erhitzen und Trocknen \u00f6lgef\u00fcllter Elektroger\u00e4te eingesetzt werden.<\/p>\r\n\r\n<h2 style=\"text-align: center;\">Arbeitsprinzip<\/h2>\r\n<p style=\"text-align: justify;\">Unter Vakuumeinfluss passiert das \u00d6l einen Grobfilter mit einer Filterfeinheit von 200 Mikrometern und gelangt anschlie\u00dfend in den inneren Teil des Vakuumbeh\u00e4lters, in dem sich die Heizung befindet.<\/p>\r\n<p style=\"text-align: justify;\">Das von unten nach oben aufsteigende \u00d6l erw\u00e4rmt sich und gelangt durch eine spezielle Abdeckung mit Kan\u00e4len in den anderen Teil der Kolonne direkt zu den speziellen D\u00fcsen. Als n\u00e4chstes flie\u00dft das \u00d6l durch die D\u00fcsen, und zu diesem Zeitpunkt werden Feuchtigkeitsd\u00e4mpfe und Gase unter dem Einfluss von Vakuum daraus entfernt. Anschlie\u00dfend wird das \u00d6l vom unteren Teil des Beh\u00e4lters durch zwei Feinfilter zum Auslass der Anlage gepumpt. Die Feinheit der Filter kann in den Stufen 5, 3, 1 oder 0,3 Mikrometer gew\u00e4hlt werden.<\/p>\r\n\r\n<h2 style=\"text-align: center;\">Konstruktionsmerkmale<\/h2>\r\n<p style=\"text-align: justify;\">Die Heizung befindet sich im Vakuumbeh\u00e4lter, wodurch nicht nur die Gr\u00f6\u00dfe der Anlage reduziert, sondern auch der W\u00e4rmeverlust beim Erhitzen des \u00d6ls reduziert werden konnte.<\/p>\r\n<p style=\"text-align: justify;\">Das \u00d6l wird durch den vom Vakuumsystem erzeugten Unterdruck in die Vakuumkammer gesaugt. Eine neue Anordnung wurde f\u00fcr die restlichen Komponenten der Anlage verwendet. All diese Innovationen haben gute Ergebnisse hinsichtlich kompakter Ger\u00e4tema\u00dfe erzielt.<\/p>"}],"add_def_tab":[{"tab_title":"Spezifikation","tab_content":"<table width=\"602\">\r\n<tbody>\r\n<tr>\r\n<td style=\"text-align: center;\"><strong>\u2116<\/strong><\/td>\r\n<td style=\"text-align: center;\" colspan=\"2\"><strong>Parameter<\/strong><\/td>\r\n<td style=\"text-align: center;\"><strong>Bedeutung<\/strong><\/td>\r\n<\/tr>\r\n<tr>\r\n<td>\r\n<p style=\"text-align: center;\">1<\/p>\r\n<\/td>\r\n<td colspan=\"3\">\r\n<p style=\"text-align: left;\">Produktivit\u00e4t, m3\/h (gpm), min<\/p>\r\n<\/td>\r\n<\/tr>\r\n<tr>\r\n<td><\/td>\r\n<td><\/td>\r\n<td>\r\n<p style=\"text-align: left;\">\u2013 im Thermovakuum-Trocknungs- und Filtermodus<\/p>\r\n<\/td>\r\n<td>1,0 (4,4)<\/td>\r\n<\/tr>\r\n<tr>\r\n<td>2<\/td>\r\n<td colspan=\"3\">\r\n<p style=\"text-align: left;\">Parameter des verarbeiteten \u00d6ls (f\u00fcr mehrere Durchg\u00e4nge)*:<\/p>\r\n<\/td>\r\n<\/tr>\r\n<tr>\r\n<td rowspan=\"3\">&nbsp;\r\n\r\n&nbsp;\r\n\r\n&nbsp;\r\n\r\n&nbsp;<\/td>\r\n<td rowspan=\"3\"><\/td>\r\n<td>\r\n<p style=\"text-align: left;\">\u2013 Gesamtgasgehalt, % max<\/p>\r\n<\/td>\r\n<td>1,5<\/td>\r\n<\/tr>\r\n<tr>\r\n<td>\r\n<p style=\"text-align: left;\">\u2013 Massenfeuchtigkeitsgehalt, g\/t (ppm),max<\/p>\r\n<\/td>\r\n<td>10<\/td>\r\n<\/tr>\r\n<tr>\r\n<td>\r\n<p style=\"text-align: left;\">\u2013 Industriereinheitsklasse nach ISO 4406<\/p>\r\n<\/td>\r\n<td>-\/14\/12<\/td>\r\n<\/tr>\r\n<tr>\r\n<td>3<\/td>\r\n<td colspan=\"2\">\r\n<p style=\"text-align: left;\">Maximale Auslass\u00f6ltemperatur, \u00ba\u0421 (\u00baF)<\/p>\r\n<\/td>\r\n<td>55 (131)<\/td>\r\n<\/tr>\r\n<tr>\r\n<td>4<\/td>\r\n<td colspan=\"2\">\r\n<p style=\"text-align: left;\">Ausgangsdruck, bar (psi)<\/p>\r\n<\/td>\r\n<td>3 (43,5)<\/td>\r\n<\/tr>\r\n<tr>\r\n<td>5<\/td>\r\n<td colspan=\"2\">\r\n<p style=\"text-align: left;\">Leistung der \u00d6lheizung, kW, max<\/p>\r\n<\/td>\r\n<td>12<\/td>\r\n<\/tr>\r\n<tr>\r\n<td>6<\/td>\r\n<td colspan=\"2\">\r\n<p style=\"text-align: left;\">Maximaler Stromverbrauch, kW, max<\/p>\r\n<\/td>\r\n<td>15<\/td>\r\n<\/tr>\r\n<tr>\r\n<td>7<\/td>\r\n<td colspan=\"3\">\r\n<p style=\"text-align: left;\">Elektrische Stromparameter<\/p>\r\n<\/td>\r\n<\/tr>\r\n<tr>\r\n<td rowspan=\"3\">&nbsp;\r\n\r\n&nbsp;\r\n\r\n&nbsp;<\/td>\r\n<td rowspan=\"3\"><\/td>\r\n<td>\r\n<p style=\"text-align: left;\">\u2013 Spannung, V<\/p>\r\n<\/td>\r\n<td>380<\/td>\r\n<\/tr>\r\n<tr>\r\n<td>\r\n<p style=\"text-align: left;\">\u2013 variabel mit der Frequenz, Hz<\/p>\r\n<\/td>\r\n<td>50<\/td>\r\n<\/tr>\r\n<tr>\r\n<td>\r\n<p style=\"text-align: left;\">\u2013 die Anzahl der Phasen<\/p>\r\n<\/td>\r\n<td>3<\/td>\r\n<\/tr>\r\n<tr>\r\n<td>\r\n<p style=\"text-align: center;\">8<\/p>\r\n<\/td>\r\n<td colspan=\"2\">\r\n<p style=\"text-align: left;\">Abmessungen, mm (in), max<\/p>\r\n<\/td>\r\n<td><strong>\u00a0<\/strong><\/td>\r\n<\/tr>\r\n<tr>\r\n<td rowspan=\"3\">&nbsp;\r\n\r\n&nbsp;\r\n\r\n&nbsp;<\/td>\r\n<td rowspan=\"3\"><\/td>\r\n<td>\r\n<p style=\"text-align: left;\">\u2013 L\u00e4nge<\/p>\r\n<\/td>\r\n<td>900 (35)<\/td>\r\n<\/tr>\r\n<tr>\r\n<td>\r\n<p style=\"text-align: left;\">\u2013 Breite<\/p>\r\n<\/td>\r\n<td>620 (24)<\/td>\r\n<\/tr>\r\n<tr>\r\n<td>\r\n<p style=\"text-align: left;\">\u2013 H\u00f6he<\/p>\r\n<\/td>\r\n<td>1500 (59)<\/td>\r\n<\/tr>\r\n<tr>\r\n<td>9<\/td>\r\n<td colspan=\"2\">\r\n<p style=\"text-align: left;\">Gewicht, kg, max<\/p>\r\n<\/td>\r\n<td>280 (617)<\/td>\r\n<\/tr>\r\n<\/tbody>\r\n<\/table>\r\n<ul>\r\n \t<li>* Mit urspr\u00fcnglichen \u00d6lparametern:<\/li>\r\n \t<li>Volumengehalt an Gasen \u2014 nicht mehr als 10,5 %<\/li>\r\n \t<li>Massenfeuchtigkeitsgehalt \u2013 nicht mehr als 0,005 % (50 ppm)<\/li>\r\n \t<li>Temperatur \u2013 nicht niedriger als 0 \u00ba\u0421 (32 \u00baF);<\/li>\r\n \t<li>mit wiederholtem \u00d6ldurchgang durch die Anlage.<\/li>\r\n<\/ul>"},{"tab_title":"Vorteil","tab_content":"<ul>\r\n \t<li>Kompaktheit;<\/li>\r\n \t<li>Mobilit\u00e4t;<\/li>\r\n \t<li>einfache Bedienung;<\/li>\r\n \t<li>Wird zur Reinigung verschiedener Arten von Industrie\u00f6len verwendet: Turbinen-, Hydraulik-, Kompressor\u00f6le und andere.<\/li>\r\n<\/ul>"},{"tab_title":"Anwendung","tab_content":"[product_oil_types]"}],"add_video_tab":[{"video_tab_title":"Video","add_video_id":[{"video_id":"H2eP9krFbyM"},{"video_id":"-FXOaBEzVoM"}]}],"add_gallery_tab":[{"gallery_tab_title":"Foto","add_img":[60253,60262,60271,60289]}],"add_price_tab":[{"price_tab_title":"Get a quote"}]},"language":"de","_links":{"self":[{"href":"https:\/\/globecore.com\/de\/wp-json\/wp\/v2\/pages\/145907","targetHints":{"allow":["GET"]}}],"collection":[{"href":"https:\/\/globecore.com\/de\/wp-json\/wp\/v2\/pages"}],"about":[{"href":"https:\/\/globecore.com\/de\/wp-json\/wp\/v2\/types\/page"}],"author":[{"embeddable":true,"href":"https:\/\/globecore.com\/de\/wp-json\/wp\/v2\/users\/7"}],"replies":[{"embeddable":true,"href":"https:\/\/globecore.com\/de\/wp-json\/wp\/v2\/comments?post=145907"}],"version-history":[{"count":1,"href":"https:\/\/globecore.com\/de\/wp-json\/wp\/v2\/pages\/145907\/revisions"}],"predecessor-version":[{"id":336002,"href":"https:\/\/globecore.com\/de\/wp-json\/wp\/v2\/pages\/145907\/revisions\/336002"}],"up":[{"embeddable":true,"href":"https:\/\/globecore.com\/de\/wp-json\/wp\/v2\/pages\/145731"}],"wp:featuredmedia":[{"embeddable":true,"href":"https:\/\/globecore.com\/de\/wp-json\/wp\/v2\/media\/134876"}],"wp:attachment":[{"href":"https:\/\/globecore.com\/de\/wp-json\/wp\/v2\/media?parent=145907"}],"wp:term":[{"taxonomy":"category","embeddable":true,"href":"https:\/\/globecore.com\/de\/wp-json\/wp\/v2\/categories?post=145907"}],"curies":[{"name":"wp","href":"https:\/\/api.w.org\/{rel}","templated":true}]}}