{"id":145920,"date":"2021-04-23T05:31:44","date_gmt":"2021-04-23T05:31:44","guid":{"rendered":"https:\/\/globecore.com\/products\/degassing-thermal-vacuum-drying-oil\/cmm-2-2lt-industrial-oil-purification-unit\/"},"modified":"2026-03-24T12:45:51","modified_gmt":"2026-03-24T12:45:51","slug":"cmm-2-2lt-industrial-oil-purification-unit","status":"publish","type":"page","link":"https:\/\/globecore.com\/de\/products\/degassing-thermal-vacuum-drying-oil\/cmm-2-2lt-industrial-oil-purification-unit\/","title":{"rendered":"Mobile \u00d6lstation zur Reinigung von Industrie\u00f6l CMM-2.2LT"},"content":{"rendered":"","protected":false},"excerpt":{"rendered":"<p>Die Anlage CMM-2,2LT ist f\u00fcr die Thermovakuum-Trocknung und Filtration von Industrie\u00f6len ausgelegt, die in Schmier-, Dichtungs- und Hydrauliksystemen von Gasturbinen, Gas-Kolben-Einheiten, Gasmotor-Kompressoren und Transformatoren eingesetzt werden. Die Anlage entfernt effektiv mechanische Verunreinigungen und Wasser aus dem \u00d6l. Die Kapazit\u00e4t im Thermovakuum-Trocknungs- und Filtrationsmodus betr\u00e4gt mindestens 2,2 m\u00b3\/h. Dar\u00fcber hinaus kann die CMM-2,2LT zum Erw\u00e4rmen und Trocknen \u00f6lgef\u00fcllter elektrischer Betriebsmittel mit hei\u00dfem Transformatoren\u00f6l verwendet werden.<\/p>\n","protected":false},"author":7,"featured_media":134944,"parent":145731,"menu_order":0,"comment_status":"closed","ping_status":"closed","template":"templates\/single-product.php","meta":{"_acf_changed":false,"_bbp_topic_count":0,"_bbp_reply_count":0,"_bbp_total_topic_count":0,"_bbp_total_reply_count":0,"_bbp_voice_count":0,"_bbp_anonymous_reply_count":0,"_bbp_topic_count_hidden":0,"_bbp_reply_count_hidden":0,"_bbp_forum_subforum_count":0,"footnotes":""},"categories":[1892],"class_list":["post-145920","page","type-page","status-publish","has-post-thumbnail","hentry","category-oil-maintenance-de","oil_type-fr3-dielektrikum","oil_type-fyrquel-feuerbestandiges-fluid","oil_type-getriebeol","oil_type-hydraulikol","oil_type-industrieol","oil_type-kabelol","oil_type-kompressorol","oil_type-midel-7131-dielektrikum","oil_type-shell-diala-ol","oil_type-silikonol","oil_type-transformatorenol","oil_type-turbinenol","process_type-dehydrierung","process_type-entgasung","process_type-filtration-de"],"acf":{"add_tab":[{"tab_title":"Beschreibung","tab_content":"<p style=\"text-align: justify;\">Die mobile \u00d6lstation CMM-2.2LT ist f\u00fcr die thermische Vakuumtrocknung, Filterung, Reinigung von mechanischen Verunreinigungen, Wasserreinigung von \u00d6len, die in Schmiersystemen, Dichtungssystemen, hydraulischen Steuerungssystemen von Gasturbinen- und Gaspumpeinheiten, Gasmotorkompressoren usw. verwendet werden, konzipiert auch in Transformatoren.<\/p>\r\n<p style=\"text-align: justify;\">Die Anlage kann zum Erhitzen und Trocknen \u00f6lgef\u00fcllter Elektroger\u00e4te mit hei\u00dfem Transformatoren\u00f6l verwendet werden.<\/p>\r\n\r\n<h2 style=\"text-align: center;\">Arbeitsprinzip<\/h2>\r\n<p style=\"text-align: justify;\">Unter Vakuumeinfluss passiert das \u00d6l einen Grobfilter mit einer Filterfeinheit von 200 Mikrometern und gelangt anschlie\u00dfend in den inneren Teil des Vakuumbeh\u00e4lters, in dem sich die Heizung befindet.<\/p>\r\n<p style=\"text-align: justify;\">Das von unten nach oben aufsteigende \u00d6l erw\u00e4rmt sich und gelangt durch eine spezielle Abdeckung mit Kan\u00e4len in den anderen Teil der Kolonne direkt zu den speziellen D\u00fcsen. Als n\u00e4chstes flie\u00dft das \u00d6l durch die D\u00fcsen, und zu diesem Zeitpunkt werden Feuchtigkeitsd\u00e4mpfe und Gase unter dem Einfluss von Vakuum daraus entfernt. Anschlie\u00dfend wird das \u00d6l vom unteren Teil des Beh\u00e4lters durch zwei Feinfilter zum Auslass der Anlage gepumpt. Die Feinheit der Filter kann in den Stufen 5, 3, 1 oder 0,3 Mikrometer gew\u00e4hlt werden.<\/p>\r\n\r\n<h2 style=\"text-align: center;\">Konstruktionsmerkmale<\/h2>\r\n<p style=\"text-align: justify;\">Die Heizung befindet sich im Vakuumbeh\u00e4lter, wodurch nicht nur die Gr\u00f6\u00dfe der Anlage reduziert, sondern auch der W\u00e4rmeverlust beim Erhitzen des \u00d6ls reduziert werden konnte.<\/p>\r\n<p style=\"text-align: justify;\">Das \u00d6l wird in die Vakuumkolonne gesaugt, da darin durch das Vakuumsystem eine Verd\u00fcnnung entsteht. Auf andere Installationselemente wurde ein neues Layout angewendet. Alle diese Innovationen f\u00fchrten zu guten Ergebnissen im Hinblick auf kleine Ger\u00e4tegr\u00f6\u00dfen.<\/p>"}],"add_def_tab":[{"tab_title":"Spezifikation","tab_content":"<table width=\"604\">\r\n<tbody>\r\n<tr>\r\n<td style=\"text-align: center;\" width=\"24\"><strong>\u2116<\/strong><\/td>\r\n<td style=\"text-align: center;\" colspan=\"3\" width=\"484\"><strong>Parameter<\/strong><\/td>\r\n<td style=\"text-align: center;\"><strong>Bedeutung<\/strong><\/td>\r\n<\/tr>\r\n<tr>\r\n<td width=\"24\">1<\/td>\r\n<td colspan=\"4\" width=\"579\">\r\n<p style=\"text-align: left;\">Produktivit\u00e4t, m3\/h, min<\/p>\r\n<\/td>\r\n<\/tr>\r\n<tr>\r\n<td width=\"24\"><\/td>\r\n<td width=\"13\"><\/td>\r\n<td colspan=\"2\">\r\n<p style=\"text-align: left;\">\u2013 im Thermovakuum-Trocknungs- und Filtermodus<\/p>\r\n<\/td>\r\n<td>2,2<\/td>\r\n<\/tr>\r\n<tr>\r\n<td width=\"24\">2<\/td>\r\n<td colspan=\"4\" width=\"579\">\r\n<p style=\"text-align: left;\">Parameter des verarbeiteten \u00d6ls (f\u00fcr mehrere Durchg\u00e4nge)*:<\/p>\r\n<\/td>\r\n<\/tr>\r\n<tr>\r\n<td rowspan=\"3\" width=\"24\">&nbsp;\r\n\r\n&nbsp;\r\n\r\n&nbsp;\r\n\r\n&nbsp;<\/td>\r\n<td width=\"13\"><\/td>\r\n<td colspan=\"2\">\r\n<p style=\"text-align: left;\">\u2013 Gesamtgasgehalt, % max<\/p>\r\n<\/td>\r\n<td>1,5<\/td>\r\n<\/tr>\r\n<tr>\r\n<td colspan=\"2\" rowspan=\"2\" width=\"15\"><\/td>\r\n<td>\r\n<p style=\"text-align: left;\">\u2013 Massenfeuchtigkeitsgehalt, g\/t (ppm),max<\/p>\r\n<\/td>\r\n<td>10<\/td>\r\n<\/tr>\r\n<tr>\r\n<td>\r\n<p style=\"text-align: left;\">\u2013 Industriereinheitsklasse nach ISO 4406<\/p>\r\n<\/td>\r\n<td>-\/14\/12<\/td>\r\n<\/tr>\r\n<tr>\r\n<td width=\"24\">3<\/td>\r\n<td colspan=\"3\" width=\"484\">\r\n<p style=\"text-align: left;\">Maximale Auslass\u00f6ltemperatur, \u00ba\u0421 (\u00baF)<\/p>\r\n<\/td>\r\n<td>55<\/td>\r\n<\/tr>\r\n<tr>\r\n<td width=\"24\">\r\n<p style=\"text-align: center;\">4<\/p>\r\n<\/td>\r\n<td colspan=\"3\" width=\"484\">\r\n<p style=\"text-align: left;\">Ausgangsdruck, bar (psi)<\/p>\r\n<\/td>\r\n<td>3<\/td>\r\n<\/tr>\r\n<tr>\r\n<td width=\"24\">5<\/td>\r\n<td colspan=\"3\" width=\"484\">\r\n<p style=\"text-align: left;\">Leistung der \u00d6lheizung, kW, max<\/p>\r\n<\/td>\r\n<td>36<\/td>\r\n<\/tr>\r\n<tr>\r\n<td width=\"24\">6<\/td>\r\n<td colspan=\"3\" width=\"484\">\r\n<p style=\"text-align: left;\">Maximaler Stromverbrauch, kW, max<\/p>\r\n<\/td>\r\n<td>42<\/td>\r\n<\/tr>\r\n<tr>\r\n<td width=\"24\">7<\/td>\r\n<td colspan=\"4\" width=\"579\">\r\n<p style=\"text-align: left;\">Elektrische Stromparameter<\/p>\r\n<\/td>\r\n<\/tr>\r\n<tr>\r\n<td rowspan=\"3\" width=\"24\">&nbsp;\r\n\r\n&nbsp;\r\n\r\n&nbsp;<\/td>\r\n<td width=\"13\"><\/td>\r\n<td colspan=\"2\">\r\n<p style=\"text-align: left;\">\u2013 Spannung, V<\/p>\r\n<\/td>\r\n<td>380<\/td>\r\n<\/tr>\r\n<tr>\r\n<td colspan=\"2\" width=\"15\"><\/td>\r\n<td>\r\n<p style=\"text-align: left;\">\u2013 variabel mit der Frequenz, Hz<\/p>\r\n<\/td>\r\n<td>50<\/td>\r\n<\/tr>\r\n<tr>\r\n<td width=\"13\"><\/td>\r\n<td colspan=\"2\">\r\n<p style=\"text-align: left;\">\u2013 die Anzahl der Phasen<\/p>\r\n<\/td>\r\n<td>3<\/td>\r\n<\/tr>\r\n<tr>\r\n<td width=\"24\">8<\/td>\r\n<td colspan=\"3\" width=\"484\">\r\n<p style=\"text-align: left;\">Abmessungen, mm (in), max<\/p>\r\n<\/td>\r\n<td><\/td>\r\n<\/tr>\r\n<tr>\r\n<td rowspan=\"3\" width=\"24\">&nbsp;\r\n\r\n&nbsp;\r\n\r\n&nbsp;<\/td>\r\n<td rowspan=\"3\" width=\"13\">\r\n<p style=\"text-align: left;\"><\/p>\r\n<\/td>\r\n<td colspan=\"2\">\r\n<p style=\"text-align: left;\">\u2013 L\u00e4nge<\/p>\r\n<\/td>\r\n<td>1050<\/td>\r\n<\/tr>\r\n<tr>\r\n<td colspan=\"2\">\r\n<p style=\"text-align: left;\">\u2013 Breite<\/p>\r\n<\/td>\r\n<td>760<\/td>\r\n<\/tr>\r\n<tr>\r\n<td colspan=\"2\">\r\n<p style=\"text-align: left;\">\u2013 H\u00f6he<\/p>\r\n<\/td>\r\n<td>1470<\/td>\r\n<\/tr>\r\n<tr>\r\n<td width=\"24\">9<\/td>\r\n<td colspan=\"3\" width=\"484\">\r\n<p style=\"text-align: left;\">Gewicht, kg, max<\/p>\r\n<\/td>\r\n<td>420<\/td>\r\n<\/tr>\r\n<\/tbody>\r\n<\/table>\r\n<strong>Bemerkungen:<\/strong>\r\n<ul>\r\n \t<li>* Mit urspr\u00fcnglichen \u00d6lparametern:<\/li>\r\n \t<li>Volumengehalt an Gasen \u2014 nicht mehr als 10,5 %<\/li>\r\n \t<li>Massenfeuchtigkeitsgehalt \u2013 nicht mehr als 0,005 % (50 ppm)<\/li>\r\n \t<li>Temperatur \u2013 nicht niedriger als 0 \u00ba\u0421 (32 \u00baF);<\/li>\r\n \t<li>mit wiederholtem \u00d6ldurchgang durch die Anlage.<\/li>\r\n<\/ul>"},{"tab_title":"Vorteil","tab_content":"<ul>\r\n \t<li>Kompaktheit;<\/li>\r\n \t<li>Mobilit\u00e4t;<\/li>\r\n \t<li>einfache Bedienung;<\/li>\r\n \t<li>Wird zur Reinigung verschiedener Arten von Industrie\u00f6len verwendet: Turbinen-, Hydraulik-, Kompressor\u00f6le und andere.<\/li>\r\n<\/ul>"},{"tab_title":"Anwendung","tab_content":"[product_oil_types]"}],"add_video_tab":[{"video_tab_title":"Video","add_video_id":[{"video_id":"tqfiAxXg6ow"},{"video_id":"H2eP9krFbyM"},{"video_id":"-FXOaBEzVoM"}]}],"add_gallery_tab":[{"gallery_tab_title":"Foto","add_img":[60232,39518,39526,39534]}],"add_price_tab":[{"price_tab_title":"Get a quote"}]},"language":"de","_links":{"self":[{"href":"https:\/\/globecore.com\/de\/wp-json\/wp\/v2\/pages\/145920","targetHints":{"allow":["GET"]}}],"collection":[{"href":"https:\/\/globecore.com\/de\/wp-json\/wp\/v2\/pages"}],"about":[{"href":"https:\/\/globecore.com\/de\/wp-json\/wp\/v2\/types\/page"}],"author":[{"embeddable":true,"href":"https:\/\/globecore.com\/de\/wp-json\/wp\/v2\/users\/7"}],"replies":[{"embeddable":true,"href":"https:\/\/globecore.com\/de\/wp-json\/wp\/v2\/comments?post=145920"}],"version-history":[{"count":3,"href":"https:\/\/globecore.com\/de\/wp-json\/wp\/v2\/pages\/145920\/revisions"}],"predecessor-version":[{"id":342237,"href":"https:\/\/globecore.com\/de\/wp-json\/wp\/v2\/pages\/145920\/revisions\/342237"}],"up":[{"embeddable":true,"href":"https:\/\/globecore.com\/de\/wp-json\/wp\/v2\/pages\/145731"}],"wp:featuredmedia":[{"embeddable":true,"href":"https:\/\/globecore.com\/de\/wp-json\/wp\/v2\/media\/134944"}],"wp:attachment":[{"href":"https:\/\/globecore.com\/de\/wp-json\/wp\/v2\/media?parent=145920"}],"wp:term":[{"taxonomy":"category","embeddable":true,"href":"https:\/\/globecore.com\/de\/wp-json\/wp\/v2\/categories?post=145920"}],"curies":[{"name":"wp","href":"https:\/\/api.w.org\/{rel}","templated":true}]}}