{"id":145925,"date":"2021-03-11T09:55:13","date_gmt":"2021-03-11T09:55:13","guid":{"rendered":"https:\/\/globecore.com\/products\/degassing-thermal-vacuum-drying-oil\/cmm-4lt-transformer-oil-purification-unit\/"},"modified":"2026-04-16T12:51:07","modified_gmt":"2026-04-16T12:51:07","slug":"cmm-4lt-transformer-oil-purification-unit","status":"publish","type":"page","link":"https:\/\/globecore.com\/de\/products\/degassing-thermal-vacuum-drying-oil\/cmm-4lt-transformer-oil-purification-unit\/","title":{"rendered":"\u00d6laufbereitungsanlage CMM-4LT"},"content":{"rendered":"","protected":false},"excerpt":{"rendered":"<p>Die Anlage CMM-4,0LT ist f\u00fcr die Thermovakuum-Trocknung und Filtration von Industrie\u00f6len ausgelegt, die in Schmier-, Dichtungs- und Hydrauliksystemen von Gasturbinen, Gasf\u00f6rderanlagen, Gasmotor-Kompressoren und Transformatoren verwendet werden. Neben der \u00d6lreinigung kann die CMM-4,0LT auch zum Erw\u00e4rmen und Trocknen \u00f6lgef\u00fcllter elektrischer Ger\u00e4te verwendet werden. Die Anlage hat eine Kapazit\u00e4t von mindestens 4,0 m\u00b3\/h (17,6 gpm) im Thermovakuum-Trocknungs- und Filtrationsmodus. Das \u00d6l wird vakuumseitig durch einen Grobfilter mit einer Filterfeinheit von 200 Mikron in einen Vakuumtank mit integriertem Heizsystem gesaugt. Beim Aufsteigen von unten nach oben erw\u00e4rmt sich das \u00d6l und flie\u00dft durch einen speziell kanalisierten Deckel in spezielle F\u00fcllk\u00f6rper. W\u00e4hrend das \u00d6l nach unten durch die F\u00fcllk\u00f6rper flie\u00dft, werden Feuchtigkeit und Gase unter Vakuum entfernt. Schlie\u00dflich wird das \u00d6l vom Boden des Tanks durch zwei Feinfilter zur Ausgangsleitung der Anlage gepumpt, wobei die Filterfeinheit auf 5, 3, 1 oder 0,3 Mikron w\u00e4hlbar ist.<\/p>\n","protected":false},"author":7,"featured_media":145738,"parent":145731,"menu_order":0,"comment_status":"closed","ping_status":"closed","template":"templates\/single-product.php","meta":{"_acf_changed":false,"_bbp_topic_count":0,"_bbp_reply_count":0,"_bbp_total_topic_count":0,"_bbp_total_reply_count":0,"_bbp_voice_count":0,"_bbp_anonymous_reply_count":0,"_bbp_topic_count_hidden":0,"_bbp_reply_count_hidden":0,"_bbp_forum_subforum_count":0,"footnotes":""},"categories":[1892],"class_list":["post-145925","page","type-page","status-publish","has-post-thumbnail","hentry","category-oil-maintenance-de","oil_type-fr3-dielektrikum","oil_type-fyrquel-feuerbestandiges-fluid","oil_type-hydraulikol","oil_type-midel-7131-dielektrikum","oil_type-shell-diala-ol","oil_type-silikonol","oil_type-transformatorenol","process_type-dehydrierung","process_type-entgasung","process_type-filtration-de"],"acf":{"add_tab":[{"tab_title":"Beschreibung","tab_content":"<p style=\"text-align: justify;\">Mobile \u00d6lstation CMM-4,0 LT ist f\u00fcr die thermische Vakuumtrocknung, Filtration, Reinigung von den mechanischen Verunreinigungen und Wasser, die in Schmiersystemen, Versiegelungssystemen, Hydrauliksteuerungssystemen sowohl in Transformatoren w\u00e4hrend des Betriebs- und Reparaturarbeiten verwendet werden.<\/p>\r\n<p style=\"text-align: justify;\">Die Anlage kann verwendet werden, um die kontaminierte \u00d6le von Wasser, freien und gel\u00f6sten Gasen zu reinigen, Erhitzen und Trocknen von \u00f6lgef\u00fcllten elektrischen Apparaten mit hei\u00dfem Transformator\u00f6l durch thermische Vakuumtrocknung sowie zum Entfernen mechanischer Verunreinigungen mit hocheffizienten Filterelementen. Die Installation wird in der Installation, Reparatur- und Betriebsorganisationen verwendet, die mit der Behandlung und Reinigung von \u00d6len beteiligt sind.<\/p>\r\n<p style=\"text-align: justify;\">Optionale Ausr\u00fcstung mit den Feuchtigkeitssensoren, Koaleszenzelementen und Touch Panel.<\/p>"}],"add_def_tab":[{"tab_title":"Spezifikation","tab_content":"<table width=\"601\">\r\n<tbody>\r\n<tr>\r\n<td>\r\n<p style=\"text-align: center;\"><strong>\u2116<\/strong><\/p>\r\n<\/td>\r\n<td style=\"text-align: center;\"><strong>Parameter<\/strong><\/td>\r\n<td>\r\n<p style=\"text-align: center;\"><strong>Bedeutung<\/strong><\/p>\r\n<\/td>\r\n<\/tr>\r\n<tr>\r\n<td>1<\/td>\r\n<td style=\"text-align: left;\">\u00a0Leistung, m\u00b3\/St:<\/td>\r\n<td style=\"text-align: left;\"><\/td>\r\n<\/tr>\r\n<tr>\r\n<td><\/td>\r\n<td style=\"text-align: left;\">\u2013 Im Heiz- und Filtrationsmodus<\/td>\r\n<td>von 2,0 bis 4,0<\/td>\r\n<\/tr>\r\n<tr>\r\n<td><\/td>\r\n<td style=\"text-align: left;\">\u2013 Im Trocknen und Deaeretion -Modus<\/td>\r\n<td>von 1,8 bis 2,5<\/td>\r\n<\/tr>\r\n<tr>\r\n<td>2<\/td>\r\n<td style=\"text-align: left;\">\u00d6lparameter nach der Reinigung f\u00fcr Inhalte:<\/td>\r\n<td><\/td>\r\n<\/tr>\r\n<tr>\r\n<td><\/td>\r\n<td style=\"text-align: left;\">\u2013 Wasser\/Feuchtigkeit, max<\/td>\r\n<td>50<\/td>\r\n<\/tr>\r\n<tr>\r\n<td><\/td>\r\n<td style=\"text-align: left;\">\u2013 mechnaische Verunreinigungen, max<\/td>\r\n<td>10<\/td>\r\n<\/tr>\r\n<tr>\r\n<td>3<\/td>\r\n<td style=\"text-align: left;\">\u00a0Nominale Filterfeinheit, mkm<\/td>\r\n<td>5 (oder 1)<\/td>\r\n<\/tr>\r\n<tr>\r\n<td>4<\/td>\r\n<td style=\"text-align: left;\">Sauberkeitsklasse auf ISO 4406, nicht schlechter<\/td>\r\n<td>-\/14\/12<\/td>\r\n<\/tr>\r\n<tr>\r\n<td>5<\/td>\r\n<td style=\"text-align: left;\">\u00d6ltemperatur am Ausgang, \u00b0\u0421<\/td>\r\n<td>von +10 bis +60<\/td>\r\n<\/tr>\r\n<tr>\r\n<td>6<\/td>\r\n<td style=\"text-align: left;\">\u00a0Heizkraft, KW, max<\/td>\r\n<td>40<\/td>\r\n<\/tr>\r\n<tr>\r\n<td>7<\/td>\r\n<td style=\"text-align: left;\">Stromversorgung, KW max<\/td>\r\n<td>46<\/td>\r\n<\/tr>\r\n<tr>\r\n<td>8<\/td>\r\n<td style=\"text-align: left;\">Stromparameter:<\/td>\r\n<td><\/td>\r\n<\/tr>\r\n<tr>\r\n<td><\/td>\r\n<td style=\"text-align: left;\">\u2013 Nominale Versorgungsspannung<\/td>\r\n<td rowspan=\"2\">auf Kundenwunsch<\/td>\r\n<\/tr>\r\n<tr>\r\n<td><\/td>\r\n<td style=\"text-align: left;\">\u2013 Variable mit Frequenz<\/td>\r\n<\/tr>\r\n<tr>\r\n<td>9<\/td>\r\n<td style=\"text-align: left;\">Abmessungen, mm:<\/td>\r\n<td><\/td>\r\n<\/tr>\r\n<tr>\r\n<td><\/td>\r\n<td style=\"text-align: left;\">\u2014 L\u00e4nge<\/td>\r\n<td>1100<\/td>\r\n<\/tr>\r\n<tr>\r\n<td><\/td>\r\n<td style=\"text-align: left;\">\u2014 Breite<\/td>\r\n<td>780<\/td>\r\n<\/tr>\r\n<tr>\r\n<td><\/td>\r\n<td style=\"text-align: left;\">\u2014 H\u00f6he<\/td>\r\n<td>1470<\/td>\r\n<\/tr>\r\n<tr>\r\n<td style=\"text-align: center;\">10<\/td>\r\n<td style=\"text-align: left;\">Gewicht, kg max<\/td>\r\n<td>500<\/td>\r\n<\/tr>\r\n<\/tbody>\r\n<\/table>"},{"tab_title":"Vorteil","tab_content":"<ul>\r\n \t<li>Multifunktionalit\u00e4t;<\/li>\r\n \t<li>Kompaktheit;<\/li>\r\n \t<li>Mobilit\u00e4t.<\/li>\r\n<\/ul>"},{"tab_title":"Anwendung","tab_content":"[product_oil_types]"}],"add_video_tab":[{"video_tab_title":"Video","add_video_id":[{"video_id":"H2eP9krFbyM"},{"video_id":"q9gn5jTySzU"},{"video_id":"-FXOaBEzVoM"},{"video_id":"OMnRIgoKWMo"}]}],"add_gallery_tab":[{"gallery_tab_title":"Foto","add_img":[60232]}],"add_price_tab":[{"price_tab_title":"Get a quote"}]},"language":"de","_links":{"self":[{"href":"https:\/\/globecore.com\/de\/wp-json\/wp\/v2\/pages\/145925","targetHints":{"allow":["GET"]}}],"collection":[{"href":"https:\/\/globecore.com\/de\/wp-json\/wp\/v2\/pages"}],"about":[{"href":"https:\/\/globecore.com\/de\/wp-json\/wp\/v2\/types\/page"}],"author":[{"embeddable":true,"href":"https:\/\/globecore.com\/de\/wp-json\/wp\/v2\/users\/7"}],"replies":[{"embeddable":true,"href":"https:\/\/globecore.com\/de\/wp-json\/wp\/v2\/comments?post=145925"}],"version-history":[{"count":2,"href":"https:\/\/globecore.com\/de\/wp-json\/wp\/v2\/pages\/145925\/revisions"}],"predecessor-version":[{"id":342830,"href":"https:\/\/globecore.com\/de\/wp-json\/wp\/v2\/pages\/145925\/revisions\/342830"}],"up":[{"embeddable":true,"href":"https:\/\/globecore.com\/de\/wp-json\/wp\/v2\/pages\/145731"}],"wp:featuredmedia":[{"embeddable":true,"href":"https:\/\/globecore.com\/de\/wp-json\/wp\/v2\/media\/145738"}],"wp:attachment":[{"href":"https:\/\/globecore.com\/de\/wp-json\/wp\/v2\/media?parent=145925"}],"wp:term":[{"taxonomy":"category","embeddable":true,"href":"https:\/\/globecore.com\/de\/wp-json\/wp\/v2\/categories?post=145925"}],"curies":[{"name":"wp","href":"https:\/\/api.w.org\/{rel}","templated":true}]}}