{"id":145930,"date":"2018-06-25T09:28:24","date_gmt":"2018-06-25T09:28:24","guid":{"rendered":"https:\/\/globecore.com\/products\/oil-filtration-pumping\/cmm-1cf\/"},"modified":"2026-03-06T07:47:43","modified_gmt":"2026-03-06T07:47:43","slug":"cmm-1cf","status":"publish","type":"page","link":"https:\/\/globecore.com\/de\/products\/oil-filtration-pumping\/cmm-1cf\/","title":{"rendered":"CMM-1,0CF Anlage f\u00fcr die Entfernung von Wasser aus \u00d6l"},"content":{"rendered":"","protected":false},"excerpt":{"rendered":"<p>Die Einheit CMM-1,0CF ist f\u00fcr die Reinigung von Industrie-, Hydraulik-, Turbinen-, Transformator- und anderen \u00d6len sowie von Diesel, Kerosin und Erd\u00f6l mit au\u00dfergew\u00f6hnlich hohem Wassergehalt ausgelegt. Sie kann \u00d6l mit einem Wassergehalt von bis zu 50\u202f% oder mehr verarbeiten. Die Anlage hat eine Verarbeitungskapazit\u00e4t von 1\u202fm\u00b3\/h. Die Filtration erfolgt in zwei Stufen mit einer Feinheit von 25\u202f\u03bcm in Stufe 1 und 5\u202f\u03bcm in Stufe 2. Wasser wird durch Koagulation entfernt: W\u00e4hrend das \u00d6l durch ein spezielles Filterelement flie\u00dft, bilden die Wassermolek\u00fcle Tr\u00f6pfchen, die in ein Absetzgef\u00e4\u00df flie\u00dfen und \u00fcber ein Ventil abgelassen werden k\u00f6nnen. Ein Patronenfilter mit w\u00e4hlbarer Feinheit von 1, 3, 5 oder 25\u202f\u03bcm entfernt Partikel aus dem \u00d6l.<\/p>\n","protected":false},"author":7,"featured_media":133860,"parent":145901,"menu_order":0,"comment_status":"closed","ping_status":"closed","template":"templates\/single-product.php","meta":{"_acf_changed":false,"_bbp_topic_count":0,"_bbp_reply_count":0,"_bbp_total_topic_count":0,"_bbp_total_reply_count":0,"_bbp_voice_count":0,"_bbp_anonymous_reply_count":0,"_bbp_topic_count_hidden":0,"_bbp_reply_count_hidden":0,"_bbp_forum_subforum_count":0,"footnotes":""},"categories":[1892],"class_list":["post-145930","page","type-page","status-publish","has-post-thumbnail","hentry","category-oil-maintenance-de","oil_type-fr3-dielektrikum","oil_type-fyrquel-feuerbestandiges-fluid","oil_type-getriebeol","oil_type-hydraulikol","oil_type-industrieol","oil_type-kabelol","oil_type-kompressorol","oil_type-midel-7131-dielektrikum","oil_type-silikonol","oil_type-transformatorenol","oil_type-turbinenol","process_type-dehydrierung","process_type-filtration-de"],"acf":{"add_tab":[{"tab_title":"Beschreibung","tab_content":"<p style=\"text-align: justify;\">Das Ger\u00e4t ist f\u00fcr die Reinigung von Industrie-, Hydraulik-, Turbinen-, Transformatoren- und anderen \u00d6lsorten sowie von Dieselkraftstoff, Kerosin und Petroleum mit besonders hohem Feuchtigkeitsgehalt konzipiert.\r\nDas Ger\u00e4t kann \u00d6l mit einem extrem hohen Wassergehalt von 50\/50% und h\u00f6her verarbeiten.\r\nDas Wasser wird durch Koagulation entfernt. Wenn \u00d6l durch ein spezielles Filterelement str\u00f6mt, sammeln sich Wassermolek\u00fcle in Tr\u00f6pfchen und flie\u00dfen \u00fcber die Oberfl\u00e4che des Filters in ein Absetzgef\u00e4\u00df. Das Wasser kann dann durch ein Ventil abgelassen werden.\r\nEin Patronenfilter mit einer Filterfeinheit von 1, 3, 5 oder 25 \u03bcm ist in der Einheit installiert, um Partikel aus dem \u00d6l zu entfernen.<\/p>"}],"add_def_tab":[{"tab_title":"Spezifikation","tab_content":"<table>\r\n<tbody>\r\n<tr>\r\n<td style=\"text-align: center;\"><b>No<\/b><\/td>\r\n<td style=\"text-align: center;\"><b>Parameter<\/b><\/td>\r\n<td style=\"text-align: center;\" colspan=\"2\"><b>Wert<\/b><\/td>\r\n<\/tr>\r\n<tr>\r\n<td>1<\/td>\r\n<td>Verarbeitungsrate, m\u00b3\/h<\/td>\r\n<td colspan=\"2\">1<\/td>\r\n<\/tr>\r\n<tr>\r\n<td>2<\/td>\r\n<td>Filtrationsfeinheit, \u03bcm*; Stufe 1 \/ Stufe 2<\/td>\r\n<td>25<\/td>\r\n<td>5<\/td>\r\n<\/tr>\r\n<tr>\r\n<td>3<\/td>\r\n<td>Rate der Wasserentfernung<\/td>\r\n<td colspan=\"2\">99%<\/td>\r\n<\/tr>\r\n<tr>\r\n<td>4<\/td>\r\n<td>Energieverbrauch, kW<\/td>\r\n<td colspan=\"2\">1,1<\/td>\r\n<\/tr>\r\n<tr>\r\n<td>5<\/td>\r\n<td>Max. Druckdifferenz, MPa<\/td>\r\n<td colspan=\"2\">0.5<\/td>\r\n<\/tr>\r\n<tr>\r\n<td>8<\/td>\r\n<td>\u00d6l-Ausgangsdruck, bar<\/td>\r\n<td colspan=\"2\">2\u20262.5<\/td>\r\n<\/tr>\r\n<tr>\r\n<td>9<\/td>\r\n<td>Dreiphasige 50-Hz-Versorgungsspannung, V<\/td>\r\n<td colspan=\"2\">380<\/td>\r\n<\/tr>\r\n<tr>\r\n<td>10<\/td>\r\n<td>Abmessungen, mm, max.\r\n\r\n\u2013 L\u00e4nge\r\n\r\n\u2013 Breite\r\n\r\n\u2013 H\u00f6he<\/td>\r\n<td colspan=\"2\">600\r\n\r\n600\r\n\r\n1100<\/td>\r\n<\/tr>\r\n<tr>\r\n<td>11<\/td>\r\n<td>Gewicht, kg max.<\/td>\r\n<td colspan=\"2\">120<\/td>\r\n<\/tr>\r\n<\/tbody>\r\n<\/table>\r\nDie \u0421\u041c\u041c-1CF ist die kleinste Kapazit\u00e4tseinheit im Bereich der Koagulations-Reinigungsger\u00e4te.\r\n\r\n&nbsp;"},{"tab_title":"Vorteil","tab_content":"<ul>\r\n \t<li>kann \u00d6l mit einem extrem hohen Wassergehalt von 50\/50% und h\u00f6her verarbeiten;<\/li>\r\n \t<li>das verarbeitete Material wird keiner Erw\u00e4rmung, Chemikalien oder anderen Faktoren ausgesetzt, die seine Eigenschaften beeintr\u00e4chtigen k\u00f6nnen;<\/li>\r\n \t<li>Geringer Energieverbrauch;<\/li>\r\n \t<li>Relativ kompakte Gr\u00f6\u00dfe;<\/li>\r\n \t<li>hohe Mobilit\u00e4t.<\/li>\r\n<\/ul>"},{"tab_title":"Anwendung","tab_content":"[product_oil_types]"}],"add_video_tab":[{"video_tab_title":"Video","add_video_id":[{"video_id":"IDYjBnfZ8TI"},{"video_id":"l03yaddyPuM"}]}],"add_gallery_tab":null,"add_price_tab":[{"price_tab_title":"Get a Quote"}]},"language":"de","_links":{"self":[{"href":"https:\/\/globecore.com\/de\/wp-json\/wp\/v2\/pages\/145930","targetHints":{"allow":["GET"]}}],"collection":[{"href":"https:\/\/globecore.com\/de\/wp-json\/wp\/v2\/pages"}],"about":[{"href":"https:\/\/globecore.com\/de\/wp-json\/wp\/v2\/types\/page"}],"author":[{"embeddable":true,"href":"https:\/\/globecore.com\/de\/wp-json\/wp\/v2\/users\/7"}],"replies":[{"embeddable":true,"href":"https:\/\/globecore.com\/de\/wp-json\/wp\/v2\/comments?post=145930"}],"version-history":[{"count":1,"href":"https:\/\/globecore.com\/de\/wp-json\/wp\/v2\/pages\/145930\/revisions"}],"predecessor-version":[{"id":336054,"href":"https:\/\/globecore.com\/de\/wp-json\/wp\/v2\/pages\/145930\/revisions\/336054"}],"up":[{"embeddable":true,"href":"https:\/\/globecore.com\/de\/wp-json\/wp\/v2\/pages\/145901"}],"wp:featuredmedia":[{"embeddable":true,"href":"https:\/\/globecore.com\/de\/wp-json\/wp\/v2\/media\/133860"}],"wp:attachment":[{"href":"https:\/\/globecore.com\/de\/wp-json\/wp\/v2\/media?parent=145930"}],"wp:term":[{"taxonomy":"category","embeddable":true,"href":"https:\/\/globecore.com\/de\/wp-json\/wp\/v2\/categories?post=145930"}],"curies":[{"name":"wp","href":"https:\/\/api.w.org\/{rel}","templated":true}]}}