{"id":145936,"date":"2022-11-25T10:19:02","date_gmt":"2022-11-25T10:19:02","guid":{"rendered":"https:\/\/globecore.com\/products\/oil-filtration-pumping\/industrial-oils-filtration-unit-cmm-12fr-with-self-cleaning-filters\/"},"modified":"2026-03-06T07:56:51","modified_gmt":"2026-03-06T07:56:51","slug":"industrial-oils-filtration-unit-cmm-12fr-with-self-cleaning-filters","status":"publish","type":"page","link":"https:\/\/globecore.com\/de\/products\/oil-filtration-pumping\/industrial-oils-filtration-unit-cmm-12fr-with-self-cleaning-filters\/","title":{"rendered":"Installation der Filtration von Industrie\u00f6len CMM-1,2Fr"},"content":{"rendered":"","protected":false},"excerpt":{"rendered":"<p>Die Einheit CMM-1,2Fr ist f\u00fcr die Reinigung von \u00f6lhaltigen Fl\u00fcssigkeiten wie \u00d6len, K\u00fchlschmierstoffen und hydraulischen Arbeitsfl\u00fcssigkeiten von mechanischen Verunreinigungen ausgelegt. Sie gew\u00e4hrleistet eine hohe Fl\u00fcssigkeitsreinheit bei der Produktion, Reparatur und Wartung von Anlagen f\u00fcr Kraftwerke, Bau- und Stra\u00dfenmaschinen, Motoren, Werkzeugmaschinen und Prozesstechnik. Die Anlage hat eine Verarbeitungskapazit\u00e4t von 0,5\u20131,2\u202fm\u00b3\/h und eine Filtrationsfeinheit von 5\u202f\u03bcm. Die CMM-1,2Fr erh\u00f6ht die Zuverl\u00e4ssigkeit und Lebensdauer von Hydraulik\u00f6lsystemen und -baugruppen. Sie arbeitet in drei Modi: Bef\u00fcllung des Hydraulikspeichers, Filtration der Fl\u00fcssigkeit und Reinigung der Filter. Die Filter sind selbstreinigend, was einen kontinuierlichen Betrieb erm\u00f6glicht, und die Einheit bestimmt automatisch die Dauer jedes Betriebsmodus.<\/p>\n","protected":false},"author":7,"featured_media":145937,"parent":145901,"menu_order":0,"comment_status":"closed","ping_status":"closed","template":"templates\/single-product.php","meta":{"_acf_changed":false,"_bbp_topic_count":0,"_bbp_reply_count":0,"_bbp_total_topic_count":0,"_bbp_total_reply_count":0,"_bbp_voice_count":0,"_bbp_anonymous_reply_count":0,"_bbp_topic_count_hidden":0,"_bbp_reply_count_hidden":0,"_bbp_forum_subforum_count":0,"footnotes":""},"categories":[1892],"class_list":["post-145936","page","type-page","status-publish","has-post-thumbnail","hentry","category-oil-maintenance-de","oil_type-fr3-dielektrikum","oil_type-fyrquel-feuerbestandiges-fluid","oil_type-getriebeol","oil_type-hydraulikol","oil_type-industrieol","oil_type-kabelol","oil_type-kompressorol","oil_type-midel-7131-dielektrikum","oil_type-silikonol","oil_type-transformatorenol","oil_type-turbinenol","process_type-filtration-de"],"acf":{"add_tab":[{"tab_title":"Beschreibung","tab_content":"<p style=\"text-align: justify;\">Die Anlage CMM-1,2Fr dient zur Reinigung von Fl\u00fcssigkeiten auf \u00d6lbasis (\u00d6le, Schneidfl\u00fcssigkeiten, Arbeitsfl\u00fcssigkeiten f\u00fcr Hydrauliksysteme von Maschinen und Anlagen) von mechanischen Verunreinigungen. Die Einheit gew\u00e4hrleistet die Reinheit von Fl\u00fcssigkeiten bei der Herstellung, Reparatur und Wartung von Ausr\u00fcstungen von Energieunternehmen, Bau- und Stra\u00dfenausr\u00fcstungen, Motoren, Werkzeugmaschinen, Prozessausr\u00fcstungen usw. Die Installation erh\u00f6ht die Zuverl\u00e4ssigkeit und Lebensdauer von Hydraulik\u00f6lsystemen und -aggregaten.<\/p>\r\n<p style=\"text-align: justify;\">Die CMM-1,2Fr-Anlage kann Mineral\u00f6le mit folgenden Eigenschaften verarbeiten:<\/p>\r\n\r\n<ul>\r\n \t<li style=\"text-align: justify;\">kinematische Viskosit\u00e4t, mm2\/s bei 50\u00b0C - bis 400;<\/li>\r\n \t<li style=\"text-align: justify;\">industrielle Reinheitsklasse nach ISO 4406 - nicht schlechter als 21\/19\/16.<\/li>\r\n<\/ul>\r\n<h2 style=\"text-align: center;\">Betriebsverfahren<\/h2>\r\n<p style=\"text-align: justify;\">Das Ger\u00e4t verf\u00fcgt \u00fcber drei Betriebsmodi: Aufladen des Akkus, Filtern der Fl\u00fcssigkeit und Reinigen der Filter. Die Filter werden automatisch gereinigt. CMM-1,2Fr bestimmt selbstst\u00e4ndig die Dauer jeder Betriebsart.<\/p>\r\n<p style=\"text-align: justify;\">Die Anlage besteht aus folgenden Elementen:<\/p>\r\n\r\n<ol>\r\n \t<li style=\"text-align: justify;\">Pumpeneinheit.<\/li>\r\n \t<li style=\"text-align: justify;\">Grobfilter (Meshfilter).<\/li>\r\n \t<li style=\"text-align: justify;\">Patronenfilter zur Feinreinigung.<\/li>\r\n \t<li style=\"text-align: justify;\">Sicherheitsbauteil.<\/li>\r\n \t<li style=\"text-align: justify;\">Schaltschrank.<\/li>\r\n \t<li style=\"text-align: justify;\">Hydrospeicher.<\/li>\r\n \t<li style=\"text-align: justify;\">Auf R\u00e4dern montierte Metallrahmenpalette.<\/li>\r\n \t<li style=\"text-align: justify;\">Rohrleitungssystem.<\/li>\r\n<\/ol>"}],"add_def_tab":[{"tab_title":"Technische Daten","tab_content":"<table width=\"591\">\r\n<tbody>\r\n<tr>\r\n<td width=\"63\"><strong>\u2116<\/strong><\/td>\r\n<td width=\"418\">\r\n<p style=\"text-align: center;\"><strong>Parameter<\/strong><\/p>\r\n<\/td>\r\n<td width=\"110\">\r\n<p style=\"text-align: center;\"><strong>Wert<\/strong><\/p>\r\n<\/td>\r\n<\/tr>\r\n<tr>\r\n<td width=\"63\">1<\/td>\r\n<td width=\"418\">\r\n<p style=\"text-align: left;\">Kapazit\u00e4t, m\u00b3\/h<\/p>\r\n<\/td>\r\n<td width=\"110\">\r\n<p style=\"text-align: center;\">0,5 \u2026 1,2<\/p>\r\n<\/td>\r\n<\/tr>\r\n<tr>\r\n<td width=\"63\">2<\/td>\r\n<td width=\"418\">\r\n<p style=\"text-align: left;\">Filtrationsfeinheit, mkm<\/p>\r\n<\/td>\r\n<td width=\"110\">\r\n<p style=\"text-align: center;\">5<\/p>\r\n<\/td>\r\n<\/tr>\r\n<tr>\r\n<td width=\"63\">3<\/td>\r\n<td width=\"418\">\r\n<p style=\"text-align: left;\">Hydrospeichervolumen, l<\/p>\r\n<\/td>\r\n<td width=\"110\">\r\n<p style=\"text-align: center;\">4<\/p>\r\n<\/td>\r\n<\/tr>\r\n<tr>\r\n<td width=\"63\">4<\/td>\r\n<td width=\"418\">\r\n<p style=\"text-align: left;\">\u00d6ldruck im Speicher, bar, max<\/p>\r\n<\/td>\r\n<td width=\"110\">\r\n<p style=\"text-align: center;\">12<\/p>\r\n<\/td>\r\n<\/tr>\r\n<tr>\r\n<td width=\"63\">5<\/td>\r\n<td width=\"418\">\r\n<p style=\"text-align: left;\">Temperatur des verarbeiteten \u00d6ls, \u00b0C<\/p>\r\n<\/td>\r\n<td width=\"110\">\r\n<p style=\"text-align: center;\">0\u202670<\/p>\r\n<\/td>\r\n<\/tr>\r\n<tr>\r\n<td width=\"63\">6<\/td>\r\n<td width=\"418\">\r\n<p style=\"text-align: left;\">Installierte Eingangsleistung kW<\/p>\r\n<\/td>\r\n<td width=\"110\">\r\n<p style=\"text-align: center;\">1,5<\/p>\r\n<\/td>\r\n<\/tr>\r\n<tr>\r\n<td width=\"63\">7<\/td>\r\n<td width=\"418\">\r\n<p style=\"text-align: left;\">Nenn\u00f6ldruck am Einlass, bar, max<\/p>\r\n<\/td>\r\n<td width=\"110\">\r\n<p style=\"text-align: center;\">0,3<\/p>\r\n<\/td>\r\n<\/tr>\r\n<tr>\r\n<td width=\"63\">8<\/td>\r\n<td width=\"418\">\r\n<p style=\"text-align: left;\">Maximaler Druck am Ausgang der Transferpumpe, bar<\/p>\r\n<\/td>\r\n<td width=\"110\">\r\n<p style=\"text-align: center;\">12<\/p>\r\n<\/td>\r\n<\/tr>\r\n<tr>\r\n<td width=\"63\">9<\/td>\r\n<td width=\"418\">\r\n<p style=\"text-align: left;\">Versorgungsspannung eines Drehstromnetzes mit einer Frequenz von 50 Hz (60 Hz)<\/p>\r\n<\/td>\r\n<td width=\"110\">\r\n<p style=\"text-align: center;\">Auf Anfrage<\/p>\r\n<\/td>\r\n<\/tr>\r\n<tr>\r\n<td width=\"63\">10<\/td>\r\n<td width=\"418\">\r\n<p style=\"text-align: left;\">Gesamtabmessungen, mm, max<\/p>\r\n<p style=\"text-align: left;\">\u25cf\u00a0\u00a0\u00a0 L\u00e4nge<\/p>\r\n<p style=\"text-align: left;\">\u25cf\u00a0\u00a0\u00a0 Breite<\/p>\r\n<p style=\"text-align: left;\">\u25cf\u00a0\u00a0\u00a0 H\u00f6he<\/p>\r\n<\/td>\r\n<td width=\"110\">&nbsp;\r\n<p style=\"text-align: center;\">800<\/p>\r\n<p style=\"text-align: center;\">620<\/p>\r\n<p style=\"text-align: center;\">1500<\/p>\r\n<\/td>\r\n<\/tr>\r\n<tr>\r\n<td width=\"63\">11<\/td>\r\n<td width=\"418\">\r\n<p style=\"text-align: left;\">Gewicht, kg, max<\/p>\r\n<\/td>\r\n<td width=\"110\">\r\n<p style=\"text-align: center;\">130<\/p>\r\n<\/td>\r\n<\/tr>\r\n<\/tbody>\r\n<\/table>"},{"tab_title":"Vorteile","tab_content":"<ul>\r\n \t<li>Filterelemente m\u00fcssen nicht ausgetauscht werden, da sie selbstreinigend sind;<\/li>\r\n \t<li>Dank der eingebauten Filterelemente kann das Ger\u00e4t ohne Unterbrechung arbeiten;<\/li>\r\n \t<li>kompakte Abmessungen;<\/li>\r\n \t<li>Das Ger\u00e4t l\u00e4sst sich aufgrund seiner Platzierung auf einer Plattform mit R\u00e4dern leicht bewegen.<\/li>\r\n<\/ul>"},{"tab_title":"Anwendung","tab_content":"[product_oil_types]"}],"add_video_tab":[{"video_tab_title":"Video","add_video_id":[{"video_id":"dvIO3M6XzyQ"}]}],"add_gallery_tab":null,"add_price_tab":null},"language":"de","_links":{"self":[{"href":"https:\/\/globecore.com\/de\/wp-json\/wp\/v2\/pages\/145936","targetHints":{"allow":["GET"]}}],"collection":[{"href":"https:\/\/globecore.com\/de\/wp-json\/wp\/v2\/pages"}],"about":[{"href":"https:\/\/globecore.com\/de\/wp-json\/wp\/v2\/types\/page"}],"author":[{"embeddable":true,"href":"https:\/\/globecore.com\/de\/wp-json\/wp\/v2\/users\/7"}],"replies":[{"embeddable":true,"href":"https:\/\/globecore.com\/de\/wp-json\/wp\/v2\/comments?post=145936"}],"version-history":[{"count":1,"href":"https:\/\/globecore.com\/de\/wp-json\/wp\/v2\/pages\/145936\/revisions"}],"predecessor-version":[{"id":336063,"href":"https:\/\/globecore.com\/de\/wp-json\/wp\/v2\/pages\/145936\/revisions\/336063"}],"up":[{"embeddable":true,"href":"https:\/\/globecore.com\/de\/wp-json\/wp\/v2\/pages\/145901"}],"wp:featuredmedia":[{"embeddable":true,"href":"https:\/\/globecore.com\/de\/wp-json\/wp\/v2\/media\/145937"}],"wp:attachment":[{"href":"https:\/\/globecore.com\/de\/wp-json\/wp\/v2\/media?parent=145936"}],"wp:term":[{"taxonomy":"category","embeddable":true,"href":"https:\/\/globecore.com\/de\/wp-json\/wp\/v2\/categories?post=145936"}],"curies":[{"name":"wp","href":"https:\/\/api.w.org\/{rel}","templated":true}]}}