{"id":145941,"date":"2016-04-01T11:12:06","date_gmt":"2016-04-01T11:12:06","guid":{"rendered":"https:\/\/globecore.com\/products\/oil-filtration-pumping\/cfu-oil-filtration-unit\/"},"modified":"2026-03-06T08:17:47","modified_gmt":"2026-03-06T08:17:47","slug":"cfu-oil-filtration-unit","status":"publish","type":"page","link":"https:\/\/globecore.com\/de\/products\/oil-filtration-pumping\/cfu-oil-filtration-unit\/","title":{"rendered":"CMM-4,0F \u00d6lfiltereinheit"},"content":{"rendered":"<div id=\"panel-1707-0-0-1\" class=\"so-panel widget widget_sow-editor panel-last-child\" data-index=\"1\" data-style=\"{&quot;background_display&quot;:&quot;tile&quot;}\">\n<div class=\"so-widget-sow-editor so-widget-sow-editor-base\">\n<div class=\"siteorigin-widget-tinymce textwidget\"><\/div>\n<\/div>\n<\/div>\n","protected":false},"excerpt":{"rendered":"<p>Die Einheit CMM-4,0F ist ein tragbares Vor-Ort-Filtrationssystem mit Patronenfiltern, das zur Entfernung mechanischer Verunreinigungen aus Industrie\u00f6len und dielektrischen Isolier\u00f6len mit einer Viskosit\u00e4t von bis zu 70\u202fcSt bei 50\u202f\u00b0C (122\u202f\u00b0F) ausgelegt ist. Die Verarbeitungskapazit\u00e4t liegt zwischen 1 und 4\u202fm\u00b3\/h, mit einer Filtrationsfeinheit von 5\u202f\u03bcm. Die Einheit wird w\u00e4hrend der Installation, Wartung und des Betriebs \u00f6lgef\u00fcllter Ger\u00e4te eingesetzt.<\/p>\n","protected":false},"author":7,"featured_media":134012,"parent":145901,"menu_order":0,"comment_status":"closed","ping_status":"closed","template":"templates\/single-product.php","meta":{"_acf_changed":false,"_bbp_topic_count":0,"_bbp_reply_count":0,"_bbp_total_topic_count":0,"_bbp_total_reply_count":0,"_bbp_voice_count":0,"_bbp_anonymous_reply_count":0,"_bbp_topic_count_hidden":0,"_bbp_reply_count_hidden":0,"_bbp_forum_subforum_count":0,"footnotes":""},"categories":[1892],"class_list":["post-145941","page","type-page","status-publish","has-post-thumbnail","hentry","category-oil-maintenance-de","oil_type-fr3-dielektrikum","oil_type-fyrquel-feuerbestandiges-fluid","oil_type-getriebeol","oil_type-hydraulikol","oil_type-industrieol","oil_type-kabelol","oil_type-kompressorol","oil_type-midel-7131-dielektrikum","oil_type-silikonol","oil_type-transformatorenol","oil_type-turbinenol","process_type-filtration-de"],"acf":{"add_tab":[{"tab_title":"Beschreibung","tab_content":"<p style=\"text-align: justify;\">Die CMM-4,0F-Einheit ist eine portable Filtrationseinheit, die f\u00fcr die Entfernung von festen Partikeln aus Schmier\u00f6l und dielektrischen Isolier\u00f6len mit einer Viskosit\u00e4t von maximal 70 cSt bei 50\u00b0C ausgelegt ist.<\/p>\r\n<p style=\"text-align: justify;\">Umgebungsbedingungen f\u00fcr den Betrieb:<\/p>\r\n\r\n<ul style=\"text-align: justify;\">\r\n \t<li style=\"text-align: justify;\">Umgebungstemperatur 283 bis 308 K (+10 bis +35\u00b0C\/ 49.7 bis 97.73\u00b0F);<\/li>\r\n \t<li style=\"text-align: justify;\">Druck 84 bis 106.7 kPa (630 bis 800 mmHg);<\/li>\r\n \t<li style=\"text-align: justify;\">H\u00f6he bis 2000 Meter \/ 6561 Fu\u00df \u00fcber dem Meeresspiegel;<\/li>\r\n \t<li style=\"text-align: justify;\">Explosions- und Brandschutzbereich.<\/li>\r\n<\/ul>\r\n<p style=\"text-align: justify;\"><em><strong>GlobeCore<\/strong><\/em> fertigt und liefert Ger\u00e4te zur Reinigung von Transformator-, Industrie-, Turbinen- und anderen \u00d6len. Diese Anlagen sind praktisch und funktionell. Ihr Betrieb ist nicht von sch\u00e4dlichen Emissionen in die Atmosph\u00e4re begleitet und verbrauchen dar\u00fcber hinaus nur sehr wenig Energie und helfen so, Kosten zu sparen.<\/p>"}],"add_def_tab":[{"tab_title":"Spezifikation","tab_content":"<table>\r\n<tbody>\r\n<tr>\r\n<td rowspan=\"2\">\r\n<p style=\"text-align: center;\"><b>Parameter<\/b><\/p>\r\n<\/td>\r\n<td colspan=\"3\">\r\n<p style=\"text-align: center;\"><b>Werte<\/b><\/p>\r\n<\/td>\r\n<\/tr>\r\n<tr>\r\n<td>\r\n<p style=\"text-align: center;\"><b>CMM-1,7F<\/b><\/p>\r\n<\/td>\r\n<td>\r\n<p style=\"text-align: center;\"><b>CMM-4,0F<\/b><\/p>\r\n<\/td>\r\n<td>\r\n<p style=\"text-align: center;\"><b>CMM-6,0F<\/b><\/p>\r\n<\/td>\r\n<\/tr>\r\n<tr>\r\n<td>\r\n<p style=\"text-align: left;\">Kapazit\u00e4t, m\u00b3\/h; gal\/h<\/p>\r\n<\/td>\r\n<td>\r\n<p style=\"text-align: center;\">1.7\/450<\/p>\r\n<\/td>\r\n<td>\r\n<p style=\"text-align: center;\">4\/1059<\/p>\r\n<\/td>\r\n<td>\r\n<p style=\"text-align: center;\">6\/1588<\/p>\r\n<\/td>\r\n<\/tr>\r\n<tr>\r\n<td>\r\n<p style=\"text-align: left;\">Filtrationsfeinheit, Mikron<\/p>\r\n<\/td>\r\n<td>\r\n<p style=\"text-align: center;\">5<\/p>\r\n<\/td>\r\n<td>\r\n<p style=\"text-align: center;\">25<\/p>\r\n<\/td>\r\n<td>\r\n<p style=\"text-align: center;\">20<\/p>\r\n<\/td>\r\n<\/tr>\r\n<tr>\r\n<td>\r\n<p style=\"text-align: left;\">Nennleistung, kW<\/p>\r\n<\/td>\r\n<td>\r\n<p style=\"text-align: center;\">2.2<\/p>\r\n<\/td>\r\n<td>\r\n<p style=\"text-align: center;\">3<\/p>\r\n<\/td>\r\n<td>\r\n<p style=\"text-align: center;\">3<\/p>\r\n<\/td>\r\n<\/tr>\r\n<tr>\r\n<td>\r\n<p style=\"text-align: left;\">Auslassdruck, MPa<\/p>\r\n<\/td>\r\n<td>\r\n<p style=\"text-align: center;\">0.25<\/p>\r\n<\/td>\r\n<td>\r\n<p style=\"text-align: center;\">0.3<\/p>\r\n<\/td>\r\n<td>\r\n<p style=\"text-align: center;\">0.3<\/p>\r\n<\/td>\r\n<\/tr>\r\n<tr>\r\n<td>\r\n<p style=\"text-align: left;\">AC 50 Hz Netzspannung, V<\/p>\r\n<\/td>\r\n<td>\r\n<p style=\"text-align: center;\">380<\/p>\r\n<\/td>\r\n<td>\r\n<p style=\"text-align: center;\">380<\/p>\r\n<\/td>\r\n<td>\r\n<p style=\"text-align: center;\">400<\/p>\r\n<\/td>\r\n<\/tr>\r\n<tr>\r\n<td>\r\n<p style=\"text-align: left;\">Gr\u00f6\u00dfe, L\u00e4nge\/ Breite\/ H\u00f6he, mm<\/p>\r\n<p style=\"text-align: left;\">ft<\/p>\r\n<\/td>\r\n<td>\r\n<p style=\"text-align: center;\">600\/600\/1100<\/p>\r\n<p style=\"text-align: center;\">2\u2019\/2\u2019\/3\u20198\u2019\u2019<\/p>\r\n<\/td>\r\n<td>\r\n<p style=\"text-align: center;\">580\/560\/1115<\/p>\r\n<p style=\"text-align: center;\">1\u201911\u2019\u2019\/1\u201911\u2019\u2019\/3\u20199\u2019\u2019<\/p>\r\n<\/td>\r\n<td>\r\n<p style=\"text-align: center;\">670\/625\/995<\/p>\r\n<p style=\"text-align: center;\">2\u20193\u2019\u2019\/2\u20191\u2019\u2019\/3\u20193\u2019\u2019<\/p>\r\n<\/td>\r\n<\/tr>\r\n<tr>\r\n<td>\r\n<p style=\"text-align: left;\">Gewicht, kg\/lbs<\/p>\r\n<\/td>\r\n<td>\r\n<p style=\"text-align: center;\">10\/22.1<\/p>\r\n<\/td>\r\n<td>\r\n<p style=\"text-align: center;\">70\/154.7<\/p>\r\n<\/td>\r\n<td>\r\n<p style=\"text-align: center;\">135\/298.35<\/p>\r\n<\/td>\r\n<\/tr>\r\n<\/tbody>\r\n<\/table>\r\n&nbsp;\r\n<table>\r\n<tbody>\r\n<tr>\r\n<td rowspan=\"2\">\r\n<p style=\"text-align: center;\"><b>Parameter<\/b><\/p>\r\n<\/td>\r\n<td colspan=\"2\">\r\n<p style=\"text-align: center;\"><b>Werte<\/b><\/p>\r\n<\/td>\r\n<\/tr>\r\n<tr>\r\n<td>\r\n<p style=\"text-align: center;\"><b>CFU 0.8<\/b><\/p>\r\n<\/td>\r\n<td>\r\n<p style=\"text-align: center;\"><b>CFU 0.5<\/b><\/p>\r\n<\/td>\r\n<\/tr>\r\n<tr>\r\n<td>\r\n<p style=\"text-align: left;\">Kapazit\u00e4t, m\u00b3\/h; gal\/h<\/p>\r\n<\/td>\r\n<td>\r\n<p style=\"text-align: center;\">0.3\u20260.8*\/79.4\u2026211.7<\/p>\r\n<\/td>\r\n<td>\r\n<p style=\"text-align: center;\">0.5\/132<\/p>\r\n<\/td>\r\n<\/tr>\r\n<tr>\r\n<td colspan=\"3\">\r\n<p style=\"text-align: left;\">Filterelement:<\/p>\r\n<\/td>\r\n<\/tr>\r\n<tr>\r\n<td>\r\n<p style=\"text-align: left;\">\u2022 Tiefenfilter, kann regeneriert werden<\/p>\r\n<\/td>\r\n<td>\r\n<p style=\"text-align: center;\">\u201cAPRIS\u00bb- 6MI-II<\/p>\r\n<\/td>\r\n<td>\r\n<p style=\"text-align: center;\">FE-18<\/p>\r\n<\/td>\r\n<\/tr>\r\n<tr>\r\n<td>\r\n<p style=\"text-align: left;\">\u2022 Kartuschenfilter<\/p>\r\n<\/td>\r\n<td>\r\n<p style=\"text-align: center;\">\u2014<\/p>\r\n<\/td>\r\n<td>\r\n<p style=\"text-align: center;\">FE-16<\/p>\r\n<\/td>\r\n<\/tr>\r\n<tr>\r\n<td>\r\n<p style=\"text-align: left;\">Temperatur des verarbeiteten \u00d6ls, \u00ba\u0421\/ \u00baF<\/p>\r\n<\/td>\r\n<td>\r\n<p style=\"text-align: center;\">20\u202650<\/p>\r\n<p style=\"text-align: center;\">68\u2026122<\/p>\r\n<\/td>\r\n<td>\r\n<p style=\"text-align: center;\">20\u202650<\/p>\r\n<p style=\"text-align: center;\">68\u2026122<\/p>\r\n<\/td>\r\n<\/tr>\r\n<tr>\r\n<td colspan=\"3\">\r\n<p style=\"text-align: left;\">Parameter des verarbeiteten \u00d6ls:<\/p>\r\n<\/td>\r\n<\/tr>\r\n<tr>\r\n<td>\r\n<p style=\"text-align: left;\">\u2022 Wasserentfernung, %<\/p>\r\n<\/td>\r\n<td>\r\n<p style=\"text-align: center;\">92\u202698<\/p>\r\n<\/td>\r\n<td>\r\n<p style=\"text-align: center;\">\u2014<\/p>\r\n<\/td>\r\n<\/tr>\r\n<tr>\r\n<td>\r\n<p style=\"text-align: left;\">\u2022 Entfernung von Feststoffpartikeln, %<\/p>\r\n<\/td>\r\n<td>\r\n<p style=\"text-align: center;\">93\u202697<\/p>\r\n<\/td>\r\n<td>\r\n<p style=\"text-align: center;\">\u2014<\/p>\r\n<\/td>\r\n<\/tr>\r\n<tr>\r\n<td>\r\n<p style=\"text-align: left;\">\u2022 Filtration, Mikron<\/p>\r\n<\/td>\r\n<td>\r\n<p style=\"text-align: center;\">3\u20265<\/p>\r\n<\/td>\r\n<td>\r\n<p style=\"text-align: center;\">\u2014<\/p>\r\n<\/td>\r\n<\/tr>\r\n<tr>\r\n<td>\r\n<p style=\"text-align: left;\">Nennleistung, kW<\/p>\r\n<\/td>\r\n<td>\r\n<p style=\"text-align: center;\">0.75<\/p>\r\n<\/td>\r\n<td>\r\n<p style=\"text-align: center;\">0.75<\/p>\r\n<\/td>\r\n<\/tr>\r\n<tr>\r\n<td>\r\n<p style=\"text-align: left;\">Auslassdruck, MPa<\/p>\r\n<\/td>\r\n<td>\r\n<p style=\"text-align: center;\">0.3<\/p>\r\n<\/td>\r\n<td>\r\n<p style=\"text-align: center;\">\u2014<\/p>\r\n<\/td>\r\n<\/tr>\r\n<tr>\r\n<td>\r\n<p style=\"text-align: left;\">AC 50 Hz Netzspannung, V<\/p>\r\n<\/td>\r\n<td>\r\n<p style=\"text-align: center;\">380<\/p>\r\n<\/td>\r\n<td>\r\n<p style=\"text-align: center;\">380<\/p>\r\n<\/td>\r\n<\/tr>\r\n<tr>\r\n<td>\r\n<p style=\"text-align: left;\">Gr\u00f6\u00dfe, L\u00e4nge\/ Breite\/ H\u00f6he, mm<\/p>\r\n<p style=\"text-align: left;\">ft<\/p>\r\n<\/td>\r\n<td>\r\n<p style=\"text-align: center;\">580\/480\/1350<\/p>\r\n<p style=\"text-align: center;\">1\u201911\u201d\/1\u20197\u201d\/4\u20195\u201d<\/p>\r\n<\/td>\r\n<td>\r\n<p style=\"text-align: center;\">640\/640\/1370<\/p>\r\n<p style=\"text-align: center;\">2\u20191\u201d\/2\u20191\u201d\/4\u20196\u201d<\/p>\r\n<\/td>\r\n<\/tr>\r\n<tr>\r\n<td>\r\n<p style=\"text-align: left;\">Gewicht, kg\/lbs<\/p>\r\n<\/td>\r\n<td>\r\n<p style=\"text-align: center;\">60\/132.6<\/p>\r\n<\/td>\r\n<td>\r\n<p style=\"text-align: center;\">100\/221<\/p>\r\n<\/td>\r\n<\/tr>\r\n<\/tbody>\r\n<\/table>\r\n*Abh\u00e4ngig von der Art des verarbeiteten \u00d6ls\r\n\r\nAnmerkungen: Die Spezifikationen gelten f\u00fcr \u00d6le, die nicht enthalten:\r\n<ul>\r\n \t<li>Tenside oder andere Stoffe, die Wasser im \u00d6l umschlie\u00dfen;<\/li>\r\n \t<li>Wasser-Emulsionen, die mechanisch oder chemisch erzeugt wurden.<\/li>\r\n<\/ul>"},{"tab_title":"Vorteil","tab_content":"<ul>\r\n \t<li style=\"text-align: justify;\">einfache Bedienung und Wartung;<\/li>\r\n \t<li style=\"text-align: justify;\">Kompakte Gr\u00f6\u00dfe;<\/li>\r\n \t<li style=\"text-align: justify;\">Mobil;<\/li>\r\n \t<li style=\"text-align: justify;\">inkl. Ersatzteile.<\/li>\r\n<\/ul>"},{"tab_title":"Anwendung","tab_content":"[product_oil_types]"}],"add_video_tab":[{"video_tab_title":"Video","add_video_id":[{"video_id":"08XUB77Hl1E"},{"video_id":"cC8lTIgfx_s"}]}],"add_gallery_tab":null,"add_price_tab":[{"price_tab_title":"Get a Quote"}]},"language":"de","_links":{"self":[{"href":"https:\/\/globecore.com\/de\/wp-json\/wp\/v2\/pages\/145941","targetHints":{"allow":["GET"]}}],"collection":[{"href":"https:\/\/globecore.com\/de\/wp-json\/wp\/v2\/pages"}],"about":[{"href":"https:\/\/globecore.com\/de\/wp-json\/wp\/v2\/types\/page"}],"author":[{"embeddable":true,"href":"https:\/\/globecore.com\/de\/wp-json\/wp\/v2\/users\/7"}],"replies":[{"embeddable":true,"href":"https:\/\/globecore.com\/de\/wp-json\/wp\/v2\/comments?post=145941"}],"version-history":[{"count":1,"href":"https:\/\/globecore.com\/de\/wp-json\/wp\/v2\/pages\/145941\/revisions"}],"predecessor-version":[{"id":336067,"href":"https:\/\/globecore.com\/de\/wp-json\/wp\/v2\/pages\/145941\/revisions\/336067"}],"up":[{"embeddable":true,"href":"https:\/\/globecore.com\/de\/wp-json\/wp\/v2\/pages\/145901"}],"wp:featuredmedia":[{"embeddable":true,"href":"https:\/\/globecore.com\/de\/wp-json\/wp\/v2\/media\/134012"}],"wp:attachment":[{"href":"https:\/\/globecore.com\/de\/wp-json\/wp\/v2\/media?parent=145941"}],"wp:term":[{"taxonomy":"category","embeddable":true,"href":"https:\/\/globecore.com\/de\/wp-json\/wp\/v2\/categories?post=145941"}],"curies":[{"name":"wp","href":"https:\/\/api.w.org\/{rel}","templated":true}]}}