{"id":145948,"date":"2018-12-19T12:34:35","date_gmt":"2018-12-19T12:34:35","guid":{"rendered":"https:\/\/globecore.com\/products\/zeolite-oil-drying-units\/zp-sorbent-cartridges\/"},"modified":"2026-03-06T08:31:02","modified_gmt":"2026-03-06T08:31:02","slug":"zp-sorbent-cartridges","status":"publish","type":"page","link":"https:\/\/globecore.com\/de\/products\/zeolite-oil-drying-units\/zp-sorbent-cartridges\/","title":{"rendered":"ZP-260 Sorbent Kartuschen"},"content":{"rendered":"","protected":false},"excerpt":{"rendered":"<p>Die mobile \u00d6lanlage ZP-260 ist f\u00fcr die Reinigung von Schmier- und Isolier\u00f6len, die Entfernung mechanischer Verunreinigungen und das Trocknen von \u00d6len mit einer Viskosit\u00e4t von bis zu 70\u202fcSt bei 40\u202f\u00b0C ausgelegt. Die Einheit verwendet Sorbentkartuschen, die speziell f\u00fcr das Trocknen von \u00d6len mit Zeolith oder anderen Adsorbentien entwickelt wurden, und verf\u00fcgt \u00fcber Klappen f\u00fcr schnelles Be- und Entladen. Ihre Durchsatzleistung betr\u00e4gt 4\u202fm\u00b3\/h. Die Kartuschen k\u00f6nnen auch mit alternativen Adsorbentien wie Fuller-Erde oder Silikagel bef\u00fcllt werden, wodurch die Einheit f\u00fcr die \u00d6lregeneration und S\u00e4urereduktion geeignet ist. Die ZP-260 wird beim Aufbau, der Wartung und dem Betrieb \u00f6lgef\u00fcllter Hochspannungsger\u00e4te bis zu 1.150\u202fkV eingesetzt, einschlie\u00dflich Leistungstransformatoren, Hochspannungsschaltern und \u00e4hnlichen Ger\u00e4ten.<\/p>\n","protected":false},"author":7,"featured_media":133605,"parent":145946,"menu_order":0,"comment_status":"closed","ping_status":"closed","template":"templates\/single-product.php","meta":{"_acf_changed":false,"_bbp_topic_count":0,"_bbp_reply_count":0,"_bbp_total_topic_count":0,"_bbp_total_reply_count":0,"_bbp_voice_count":0,"_bbp_anonymous_reply_count":0,"_bbp_topic_count_hidden":0,"_bbp_reply_count_hidden":0,"_bbp_forum_subforum_count":0,"footnotes":""},"categories":[1892],"class_list":["post-145948","page","type-page","status-publish","has-post-thumbnail","hentry","category-oil-maintenance-de","oil_type-fr3-dielektrikum","oil_type-fyrquel-feuerbestandiges-fluid","oil_type-getriebeol","oil_type-hydraulikol","oil_type-industrieol","oil_type-kabelol","oil_type-kompressorol","oil_type-midel-7131-dielektrikum","oil_type-silikonol","oil_type-transformatorenol","oil_type-turbinenol","process_type-dehydrierung","process_type-filtration-de"],"acf":{"add_tab":[{"tab_title":"Beschreibung","tab_content":"<p style=\"text-align: justify;\">ZP-260 Sorbensenpatronen sind f\u00fcr die Trocknung von Schmier- und elektrischen Isolier\u00f6len durch Zeolith ausgelegt. oder andere Adsorbentien. Das Ger\u00e4t ist mit Luken f\u00fcr schnelles Be- und Entladen von Sorben ausgestattet.\u00a0 Die Patronen der ZP-Einheit k\u00f6nnen nicht nur mit Zeolith, sondern auch mit anderen Adsorbentien wie Fullers Erde oder Kieselgel bef\u00fcllt werden, wodurch die Einheit f\u00fcr die \u00d6lregeneration und S\u00e4urereduktion geeignet ist.<\/p>"}],"add_def_tab":[{"tab_title":"Genaue Angabe","tab_content":"<table width=\"588\">\r\n<tbody>\r\n<tr>\r\n<td width=\"305\">\r\n<p style=\"text-align: center;\"><strong>Parameter<\/strong><\/p>\r\n<\/td>\r\n<td width=\"123\">\r\n<p style=\"text-align: center;\"><strong>Wert<\/strong><\/p>\r\n<\/td>\r\n<td width=\"159\"><\/td>\r\n<\/tr>\r\n<tr>\r\n<td width=\"305\"><\/td>\r\n<td width=\"123\">\r\n<p style=\"text-align: center;\"><strong>ZP-130<\/strong><\/p>\r\n<\/td>\r\n<td width=\"159\">\r\n<p style=\"text-align: center;\"><strong>ZP-260<\/strong><\/p>\r\n<\/td>\r\n<\/tr>\r\n<tr>\r\n<td width=\"305\">Durchsatz, m3\/Stunde (gpm)<\/td>\r\n<td width=\"123\">\r\n<p style=\"text-align: center;\">2 (8.8)<\/p>\r\n<\/td>\r\n<td width=\"159\">\r\n<p style=\"text-align: center;\">4 (17.6)<\/p>\r\n<\/td>\r\n<\/tr>\r\n<tr>\r\n<td width=\"305\">Anzahl der Schiffe<\/td>\r\n<td width=\"123\">\r\n<p style=\"text-align: center;\">1<\/p>\r\n<\/td>\r\n<td width=\"159\">\r\n<p style=\"text-align: center;\">2<\/p>\r\n<\/td>\r\n<\/tr>\r\n<tr>\r\n<td width=\"305\">Gesamtes geometrisches Schiffsvolumen, Liter (Gallonen)<\/td>\r\n<td width=\"123\">\r\n<p style=\"text-align: center;\">130 (34.34)<\/p>\r\n<\/td>\r\n<td width=\"159\">\r\n<p style=\"text-align: center;\">260 (68.68)<\/p>\r\n<\/td>\r\n<\/tr>\r\n<tr>\r\n<td width=\"305\">\u00d6l ISO 4406 Reinheitsklasse<\/td>\r\n<td width=\"123\">\r\n<p style=\"text-align: center;\">-\/14\/12<\/p>\r\n<\/td>\r\n<td width=\"159\">\r\n<p style=\"text-align: center;\">-\/14\/12<\/p>\r\n<\/td>\r\n<\/tr>\r\n<tr>\r\n<td width=\"305\">Schiffsnutzungsmodus<\/td>\r\n<td width=\"123\">\r\n<p style=\"text-align: center;\">Nur konsekutiv<\/p>\r\n<\/td>\r\n<td width=\"159\">\r\n<p style=\"text-align: center;\">Parallel oder konsekutiv<\/p>\r\n<\/td>\r\n<\/tr>\r\n<tr>\r\n<td width=\"305\">Filtration, \u2018m<\/td>\r\n<td width=\"123\">\r\n<p style=\"text-align: center;\">5 (1 optional)<\/p>\r\n<\/td>\r\n<td width=\"159\">\r\n<p style=\"text-align: center;\">5 (1 optional)<\/p>\r\n<\/td>\r\n<\/tr>\r\n<tr>\r\n<td width=\"305\">Max. \u00d6leinlasstemperatur,\u00b0C (\u00b0F)<\/td>\r\n<td width=\"123\">\r\n<p style=\"text-align: center;\">40 (104)<\/p>\r\n<\/td>\r\n<td width=\"159\">\r\n<p style=\"text-align: center;\">40 (104)<\/p>\r\n<\/td>\r\n<\/tr>\r\n<tr>\r\n<td width=\"305\">Abmessungen, mm (in)<\/td>\r\n<td width=\"123\"><\/td>\r\n<td width=\"159\"><\/td>\r\n<\/tr>\r\n<tr>\r\n<td width=\"305\">\u2014 L\u00e4nge<\/td>\r\n<td width=\"123\">\r\n<p style=\"text-align: center;\">900 (35.43)<\/p>\r\n<\/td>\r\n<td width=\"159\">\r\n<p style=\"text-align: center;\">1100 (43.3)<\/p>\r\n<\/td>\r\n<\/tr>\r\n<tr>\r\n<td width=\"305\">\u2014 Breite<\/td>\r\n<td width=\"123\">\r\n<p style=\"text-align: center;\">760 (29.92)<\/p>\r\n<\/td>\r\n<td width=\"159\">\r\n<p style=\"text-align: center;\">1000 (39.37)<\/p>\r\n<\/td>\r\n<\/tr>\r\n<tr>\r\n<td width=\"305\">\u2014 H\u00f6he<\/td>\r\n<td width=\"123\">\r\n<p style=\"text-align: center;\">2100 (82.67)<\/p>\r\n<\/td>\r\n<td width=\"159\">\r\n<p style=\"text-align: center;\">2020 (79.52)<\/p>\r\n<\/td>\r\n<\/tr>\r\n<tr>\r\n<td width=\"305\">Gewicht, kg (lbs)<\/td>\r\n<td width=\"123\">\r\n<p style=\"text-align: center;\">170 (374.78)<\/p>\r\n<\/td>\r\n<td width=\"159\">\r\n<p style=\"text-align: center;\">490 (1080.27)<\/p>\r\n<\/td>\r\n<\/tr>\r\n<\/tbody>\r\n<\/table>"},{"tab_title":"Vorteile","tab_content":"<ul>\r\n \t<li style=\"text-align: justify;\">einfache Bedienung und Wartung;<\/li>\r\n \t<li style=\"text-align: justify;\">Verl\u00e4ngerung der \u00d6llebensdauer;<\/li>\r\n \t<li style=\"text-align: justify;\">verschiedene Konfigurationen (station\u00e4r oder mobil);<\/li>\r\n \t<li style=\"text-align: justify;\">Sorbentregeneration mit einer BRZ-100-Einheit mit anschlie\u00dfender Wiederverwendung des Sorbens f\u00fcr die \u00d6lverarbeitung.<\/li>\r\n<\/ul>"},{"tab_title":"Anwendung","tab_content":"[product_oil_types]"}],"add_video_tab":[{"video_tab_title":"Video","add_video_id":[{"video_id":"NnzOxJXmPqg"},{"video_id":"9h39WfeGDEc"}]}],"add_gallery_tab":null,"add_price_tab":[{"price_tab_title":"Get a Quote"}]},"language":"de","_links":{"self":[{"href":"https:\/\/globecore.com\/de\/wp-json\/wp\/v2\/pages\/145948","targetHints":{"allow":["GET"]}}],"collection":[{"href":"https:\/\/globecore.com\/de\/wp-json\/wp\/v2\/pages"}],"about":[{"href":"https:\/\/globecore.com\/de\/wp-json\/wp\/v2\/types\/page"}],"author":[{"embeddable":true,"href":"https:\/\/globecore.com\/de\/wp-json\/wp\/v2\/users\/7"}],"replies":[{"embeddable":true,"href":"https:\/\/globecore.com\/de\/wp-json\/wp\/v2\/comments?post=145948"}],"version-history":[{"count":1,"href":"https:\/\/globecore.com\/de\/wp-json\/wp\/v2\/pages\/145948\/revisions"}],"predecessor-version":[{"id":336077,"href":"https:\/\/globecore.com\/de\/wp-json\/wp\/v2\/pages\/145948\/revisions\/336077"}],"up":[{"embeddable":true,"href":"https:\/\/globecore.com\/de\/wp-json\/wp\/v2\/pages\/145946"}],"wp:featuredmedia":[{"embeddable":true,"href":"https:\/\/globecore.com\/de\/wp-json\/wp\/v2\/media\/133605"}],"wp:attachment":[{"href":"https:\/\/globecore.com\/de\/wp-json\/wp\/v2\/media?parent=145948"}],"wp:term":[{"taxonomy":"category","embeddable":true,"href":"https:\/\/globecore.com\/de\/wp-json\/wp\/v2\/categories?post=145948"}],"curies":[{"name":"wp","href":"https:\/\/api.w.org\/{rel}","templated":true}]}}