{"id":145954,"date":"2016-04-01T07:14:15","date_gmt":"2016-04-01T07:14:15","guid":{"rendered":"https:\/\/globecore.com\/products\/oil-heating\/stream-oil-heating\/"},"modified":"2026-03-06T08:39:10","modified_gmt":"2026-03-06T08:39:10","slug":"stream-oil-heating","status":"publish","type":"page","link":"https:\/\/globecore.com\/de\/products\/oil-heating\/stream-oil-heating\/","title":{"rendered":"Inline \u00d6lheizung PPM. \u00d6lerhitzung mittels Strom"},"content":{"rendered":"","protected":false},"excerpt":{"rendered":"<p>Die \u00d6lheizeinheit PPM ist zum Erw\u00e4rmen von Transformator\u00f6l w\u00e4hrend der \u00d6lzugabe, des \u00d6lwechsels oder des Trocknens von Transformatoren ausgelegt. Sie kann auch Mineral\u00f6le, Industrie\u00f6le, Turbinen\u00f6le und andere nicht korrosive Fl\u00fcssigkeiten erw\u00e4rmen. Die Einheit ist ideal f\u00fcr Kraftwerke, \u00d6lbetriebsanlagen sowie f\u00fcr Reparatur- und Wartungsarbeiten an Transformatoren und kann sowohl drinnen als auch drau\u00dfen unter einem geeigneten Schutzdach betrieben werden. Sie ist geeignet f\u00fcr \u00d6le und Fl\u00fcssigkeiten mit einer kinematischen Viskosit\u00e4t von weniger als 70\u202fcSt bei 50\u202f\u00b0C und kann auch in der Erd\u00f6lraffinerie zum Erw\u00e4rmen von Erd\u00f6lprodukten oder Fl\u00fcssigkeiten verwendet werden, die Sand, Schlamm und andere Verunreinigungen enthalten.<\/p>\n","protected":false},"author":7,"featured_media":134660,"parent":145952,"menu_order":0,"comment_status":"closed","ping_status":"closed","template":"templates\/single-product.php","meta":{"_acf_changed":false,"_bbp_topic_count":0,"_bbp_reply_count":0,"_bbp_total_topic_count":0,"_bbp_total_reply_count":0,"_bbp_voice_count":0,"_bbp_anonymous_reply_count":0,"_bbp_topic_count_hidden":0,"_bbp_reply_count_hidden":0,"_bbp_forum_subforum_count":0,"footnotes":""},"categories":[1892],"class_list":["post-145954","page","type-page","status-publish","has-post-thumbnail","hentry","category-oil-maintenance-de","oil_type-dieselkraftstoff","oil_type-hydraulikol","oil_type-industrieol","oil_type-kompressorol","oil_type-transformatorenol","oil_type-turbinenol","process_type-erwarmung"],"acf":{"add_tab":[{"tab_title":"Beschreibung","tab_content":"<p style=\"text-align: justify;\">Die PPM-\u00d6lheizung ist f\u00fcr die Beheizung von Transformator\u00f6l ausgelegt: 1. Wenn das \u00d6l in den Transformator gef\u00fcllt werden soll; 2. beim Austausch des Transformator\u00f6ls; und 3. beim Trocknen des Transformators. Zus\u00e4tzlich kann das Ger\u00e4t Mineral\u00f6le, Industrie\u00f6le, Turbinen\u00f6le und andere Arten von \u00d6len sowie nicht korrosive Fl\u00fcssigkeiten erhitzen.<\/p>\r\n<p style=\"text-align: justify;\">Diese \u00d6lheizung eignet sich am besten f\u00fcr Kraftwerke, \u00d6lf\u00f6rderanlagen und Anlagen, die Transformatorenreparaturen und Wartungsarbeiten durchf\u00fchren. Das Ger\u00e4t kann im Innen- oder Au\u00dfenbereich unter einer geeigneten \u00dcberdachung betrieben werden.<\/p>"}],"add_def_tab":[{"tab_title":"Spezifikation","tab_content":"<table>\r\n<tbody>\r\n<tr>\r\n<td rowspan=\"2\">\r\n<p style=\"text-align: center;\"><b>Parameter<\/b><\/p>\r\n<\/td>\r\n<td colspan=\"3\">\r\n<p style=\"text-align: center;\"><b>Werte<\/b><\/p>\r\n<\/td>\r\n<\/tr>\r\n<tr>\r\n<td>\r\n<p style=\"text-align: center;\"><b>PPM-18<\/b><\/p>\r\n<\/td>\r\n<td>\r\n<p style=\"text-align: center;\"><b>PPM-50<\/b><\/p>\r\n<\/td>\r\n<td>\r\n<p style=\"text-align: center;\"><b>PPM-70<\/b><\/p>\r\n<\/td>\r\n<\/tr>\r\n<tr>\r\n<td>\r\n<p style=\"text-align: left;\">Durchflussleistung bei einem Eingangsdruck von 0.2 MPa, m\u00b3\/ h, max.<\/p>\r\n<\/td>\r\n<td>\r\n<p style=\"text-align: center;\">2.2<\/p>\r\n<\/td>\r\n<td><\/td>\r\n<td><\/td>\r\n<\/tr>\r\n<tr>\r\n<td>\r\n<p style=\"text-align: left;\">Durchflussleistung bei einem Eingangsdruck von 0.24 MPa\/cm\u00b2, m\u00b3\/h, max.<\/p>\r\n<\/td>\r\n<td>\r\n<p style=\"text-align: center;\">\u2013<\/p>\r\n<\/td>\r\n<td>\r\n<p style=\"text-align: center;\">1,2<\/p>\r\n<\/td>\r\n<td>\r\n<p style=\"text-align: center;\">4<\/p>\r\n<\/td>\r\n<\/tr>\r\n<tr>\r\n<td>\r\n<p style=\"text-align: left;\">Fl\u00fcssigkeitsdruck, MPa, max.<\/p>\r\n<\/td>\r\n<td>\r\n<p style=\"text-align: center;\">0.6<\/p>\r\n<\/td>\r\n<td>\r\n<p style=\"text-align: center;\">4<\/p>\r\n<\/td>\r\n<td>\r\n<p style=\"text-align: center;\">2.5<\/p>\r\n<\/td>\r\n<\/tr>\r\n<tr>\r\n<td>\r\n<p style=\"text-align: left;\">Nennleistung, kW<\/p>\r\n<\/td>\r\n<td>\r\n<p style=\"text-align: center;\">19.5<\/p>\r\n<\/td>\r\n<td>\r\n<p style=\"text-align: center;\">56<\/p>\r\n<\/td>\r\n<td>\r\n<p style=\"text-align: center;\">74<\/p>\r\n<\/td>\r\n<\/tr>\r\n<tr>\r\n<td>\r\n<p style=\"text-align: left;\">Stromversorgung bei ~ 50 Hz, V (60Hz auf Anfrage)<\/p>\r\n<\/td>\r\n<td>\r\n<p style=\"text-align: center;\">380\/220<\/p>\r\n<\/td>\r\n<td>\r\n<p style=\"text-align: center;\">380<\/p>\r\n<\/td>\r\n<td>\r\n<p style=\"text-align: center;\">380<\/p>\r\n<\/td>\r\n<\/tr>\r\n<tr>\r\n<td>\r\n<p style=\"text-align: left;\">Max. Heiztemperatur, \u00b0\u0421\/ \u00b0F<\/p>\r\n<\/td>\r\n<td>\r\n<p style=\"text-align: center;\">120\/248<\/p>\r\n<\/td>\r\n<td>\r\n<p style=\"text-align: center;\">150\/302*<\/p>\r\n<\/td>\r\n<td><\/td>\r\n<\/tr>\r\n<tr>\r\n<td colspan=\"4\">\r\n<p style=\"text-align: left;\">Gr\u00f6\u00dfe, mm\/ft, max.<\/p>\r\n<\/td>\r\n<\/tr>\r\n<tr>\r\n<td>\r\n<p style=\"text-align: left;\">\u2022 L\u00e4nge<\/p>\r\n<\/td>\r\n<td>\r\n<p style=\"text-align: center;\">800\/2\u20198\u201d<\/p>\r\n<\/td>\r\n<td>\r\n<p style=\"text-align: center;\">1180\/3\u201911\u201d<\/p>\r\n<\/td>\r\n<td>\r\n<p style=\"text-align: center;\">1220\/4\u2019<\/p>\r\n<\/td>\r\n<\/tr>\r\n<tr>\r\n<td>\r\n<p style=\"text-align: left;\">\u2022 Breite<\/p>\r\n<\/td>\r\n<td>\r\n<p style=\"text-align: center;\">660\/\/2\u20192\u201d<\/p>\r\n<\/td>\r\n<td>\r\n<p style=\"text-align: center;\">800\/2\u20198\u201d<\/p>\r\n<\/td>\r\n<td>\r\n<p style=\"text-align: center;\">820\/2\u20198\u201d<\/p>\r\n<\/td>\r\n<\/tr>\r\n<tr>\r\n<td>\r\n<p style=\"text-align: left;\">\u2022 H\u00f6he<\/p>\r\n<\/td>\r\n<td>\r\n<p style=\"text-align: center;\">1830\/\/6\u2019<\/p>\r\n<\/td>\r\n<td>\r\n<p style=\"text-align: center;\">1870\/6\u20192\u201d<\/p>\r\n<\/td>\r\n<td>\r\n<p style=\"text-align: center;\">1900\/6\u20193\u201d<\/p>\r\n<\/td>\r\n<\/tr>\r\n<tr>\r\n<td>\r\n<p style=\"text-align: left;\">Gewicht, kg\/lbs, max<\/p>\r\n<\/td>\r\n<td>\r\n<p style=\"text-align: center;\">180\/397.8<\/p>\r\n<\/td>\r\n<td>\r\n<p style=\"text-align: center;\">400\/884<\/p>\r\n<\/td>\r\n<td>\r\n<p style=\"text-align: center;\">500\/1,105<\/p>\r\n<\/td>\r\n<\/tr>\r\n<\/tbody>\r\n<\/table>\r\n<p style=\"text-align: justify;\">* Auf Kundenwunsch kann die maximale Heiztemperatur auf bis zu 200 \u00b0 \u0421 \/ 392 \u00b0 F erh\u00f6ht<\/p>"},{"tab_title":"Vorteil","tab_content":"<ul>\r\n \t<li style=\"text-align: justify;\">Kleine und kompakte Heizger\u00e4te, die einfach zum Einsatzort transportiert werden k\u00f6nnen;<\/li>\r\n \t<li style=\"text-align: justify;\">Geringer Heizleistungsverbrauch;<\/li>\r\n \t<li style=\"text-align: justify;\">Keine \u00dcberhitzung. Nach dem Ausschalten kann die \u00d6ltemperatur um 15-20 Grad steigen.<\/li>\r\n \t<li style=\"text-align: justify;\">Leicht zu pflegen<\/li>\r\n<\/ul>"},{"tab_title":"Anwendung","tab_content":"[product_oil_types]"}],"add_video_tab":[{"video_tab_title":"Video","add_video_id":[{"video_id":"jAyoEfpSV6k"},{"video_id":"OvKaf6dlylU"},{"video_id":"v06MtL00A1M"}]}],"add_gallery_tab":[{"gallery_tab_title":"Foto","add_img":[31728]}],"add_price_tab":[{"price_tab_title":"Get a Quote"}]},"language":"de","_links":{"self":[{"href":"https:\/\/globecore.com\/de\/wp-json\/wp\/v2\/pages\/145954","targetHints":{"allow":["GET"]}}],"collection":[{"href":"https:\/\/globecore.com\/de\/wp-json\/wp\/v2\/pages"}],"about":[{"href":"https:\/\/globecore.com\/de\/wp-json\/wp\/v2\/types\/page"}],"author":[{"embeddable":true,"href":"https:\/\/globecore.com\/de\/wp-json\/wp\/v2\/users\/7"}],"replies":[{"embeddable":true,"href":"https:\/\/globecore.com\/de\/wp-json\/wp\/v2\/comments?post=145954"}],"version-history":[{"count":2,"href":"https:\/\/globecore.com\/de\/wp-json\/wp\/v2\/pages\/145954\/revisions"}],"predecessor-version":[{"id":336083,"href":"https:\/\/globecore.com\/de\/wp-json\/wp\/v2\/pages\/145954\/revisions\/336083"}],"up":[{"embeddable":true,"href":"https:\/\/globecore.com\/de\/wp-json\/wp\/v2\/pages\/145952"}],"wp:featuredmedia":[{"embeddable":true,"href":"https:\/\/globecore.com\/de\/wp-json\/wp\/v2\/media\/134660"}],"wp:attachment":[{"href":"https:\/\/globecore.com\/de\/wp-json\/wp\/v2\/media?parent=145954"}],"wp:term":[{"taxonomy":"category","embeddable":true,"href":"https:\/\/globecore.com\/de\/wp-json\/wp\/v2\/categories?post=145954"}],"curies":[{"name":"wp","href":"https:\/\/api.w.org\/{rel}","templated":true}]}}