{"id":145961,"date":"2020-01-31T08:18:26","date_gmt":"2020-01-31T08:18:26","guid":{"rendered":"https:\/\/globecore.com\/products\/online-transformer-dry-out-systems\/cmm-ssd-stationary-transformer-drying-unit\/"},"modified":"2026-03-06T09:08:23","modified_gmt":"2026-03-06T09:08:23","slug":"cmm-ssd-stationary-transformer-drying-unit","status":"publish","type":"page","link":"https:\/\/globecore.com\/de\/products\/online-transformer-dry-out-systems\/cmm-ssd-stationary-transformer-drying-unit\/","title":{"rendered":"CMM-260C &#8211; Installation der kontinuierlichen \u00d6ltrocknung im Transformator"},"content":{"rendered":"","protected":false},"excerpt":{"rendered":"<p>Das kontinuierliche Trocknungsger\u00e4t CMM-260C sch\u00fctzt Transformatoren, indem es deren \u00d6l w\u00e4hrend der gesamten Lebensdauer trocken h\u00e4lt. Die Einheit l\u00e4sst Transformator\u00f6l durch ein mikropor\u00f6ses Granulat-Sorbent zirkulieren, das Wasser aufnimmt und sicher zur\u00fcckh\u00e4lt. Es hat eine Kapazit\u00e4t von mindestens 30\u202fLitern\/Stunde (0,13\u202fgpm) und eine Wasseraufnahmef\u00e4higkeit von 9\u202fLitern (2,4\u202fgal). Das Ger\u00e4t kann an Transformatoren beliebigen Typs und Alters angeschlossen werden, die Installation dauert weniger als eine Stunde. Es trocknet das \u00d6l ohne Erw\u00e4rmung, ben\u00f6tigt keine st\u00e4ndige \u00dcberwachung durch den Bediener und kann tempor\u00e4r oder dauerhaft installiert werden.<\/p>\n","protected":false},"author":7,"featured_media":134514,"parent":145958,"menu_order":0,"comment_status":"closed","ping_status":"closed","template":"templates\/single-product.php","meta":{"_acf_changed":false,"_bbp_topic_count":0,"_bbp_reply_count":0,"_bbp_total_topic_count":0,"_bbp_total_reply_count":0,"_bbp_voice_count":0,"_bbp_anonymous_reply_count":0,"_bbp_topic_count_hidden":0,"_bbp_reply_count_hidden":0,"_bbp_forum_subforum_count":0,"footnotes":""},"categories":[1892,2481],"class_list":["post-145961","page","type-page","status-publish","has-post-thumbnail","hentry","category-oil-maintenance-de","category-wartung-von-transformatoren","oil_type-abwaertstransformatoren","oil_type-aufwartstransformatoren","oil_type-spezialtransformatoren","oil_type-verteilungstransformatoren","process_type-dehydrierung"],"acf":{"add_tab":[{"tab_title":"Beschreibung","tab_content":"<p style=\"text-align: justify;\">Wasser ist ein gef\u00e4hrlicher Feind des Transformators, da es die Durchschlagspannung des \u00d6ls verringert, die Alterung des \u00d6ls und die Feststoffisolierung beschleunigt. Es ist unm\u00f6glich, das Auftreten von Wasser im Transformator vollst\u00e4ndig zu beseitigen: Es bildet sich unabh\u00e4ngig von der Betriebsqualit\u00e4t oder dem Grad der Dichtheit. Es ist jedoch m\u00f6glich, den Transformator durch kontinuierliches Trocknen mit dem CMM-260C-Ger\u00e4t vor Feuchtigkeit zu sch\u00fctzen.<\/p>\r\n<p style=\"text-align: justify;\">CMM-260C ist an den Transformator angeschlossen und h\u00e4lt ihn w\u00e4hrend der gesamten Lebensdauer trocken, indem \u00d6l durch ein Sorbens aus Granulat mit mikropor\u00f6ser Struktur geleitet wird. Wasser wird vom Sorptionsmittel aufgenommen, bleibt zuverl\u00e4ssig in seinen Kristallen erhalten und f\u00e4llt nicht ins \u00d6l zur\u00fcck.<\/p>"}],"add_def_tab":[{"tab_title":"Spezifikationen","tab_content":"<table>\r\n<tbody>\r\n<tr>\r\n<td colspan=\"3\">\r\n<p style=\"text-align: center;\"><b>Der Name des Parameters<\/b><\/p>\r\n<\/td>\r\n<td>\r\n<p style=\"text-align: center;\"><b>Wert<\/b><\/p>\r\n<\/td>\r\n<\/tr>\r\n<tr>\r\n<td colspan=\"3\">\r\n<p style=\"text-align: left;\">Produktivit\u00e4t, l \/ h (gpm), mindestens<\/p>\r\n<\/td>\r\n<td>\r\n<p style=\"text-align: center;\"><b><i>30 (0,13)<\/i><\/b><\/p>\r\n<\/td>\r\n<\/tr>\r\n<tr>\r\n<td colspan=\"3\">\r\n<p style=\"text-align: left;\">Menge des saugf\u00e4higen Wassers, l (Gallone)<\/p>\r\n<\/td>\r\n<td>\r\n<p style=\"text-align: center;\"><b><i>9 (2,4)<\/i><\/b><\/p>\r\n<\/td>\r\n<\/tr>\r\n<tr>\r\n<td colspan=\"3\">Anzahl Sorbenten pro Adsorber, kg (Pfund)<\/td>\r\n<td>\r\n<p style=\"text-align: center;\"><b><i>20 (44)<\/i><\/b><\/p>\r\n<\/td>\r\n<\/tr>\r\n<tr>\r\n<td colspan=\"4\">\r\n<p style=\"text-align: left;\">Verarbeitete \u00d6loptionen:<\/p>\r\n<\/td>\r\n<\/tr>\r\n<tr>\r\n<td rowspan=\"3\"><\/td>\r\n<td colspan=\"2\">\r\n<p style=\"text-align: left;\">\u2014 Massenfeuchtigkeitsgehalt von \u00d6l, ppm, nicht mehr als<\/p>\r\n<\/td>\r\n<td>\r\n<p style=\"text-align: center;\"><b><i>&lt;5<\/i><\/b><\/p>\r\n<\/td>\r\n<\/tr>\r\n<tr>\r\n<td colspan=\"2\">\r\n<p style=\"text-align: left;\">\u2014 industrielle Reinheitsklasse nach ISO 4406<\/p>\r\n<\/td>\r\n<td>\r\n<p style=\"text-align: center;\"><b><i>-\/14\/12<\/i><\/b><\/p>\r\n<\/td>\r\n<\/tr>\r\n<tr>\r\n<td colspan=\"2\">\r\n<p style=\"text-align: left;\">\u2014 schlagfertige Spannung, KV, mindestens<\/p>\r\n<\/td>\r\n<td>\r\n<p style=\"text-align: center;\"><b><i>65<\/i><\/b><\/p>\r\n<\/td>\r\n<\/tr>\r\n<tr>\r\n<td colspan=\"3\">\r\n<p style=\"text-align: left;\">Ausgangsdruck, bar (psi)<\/p>\r\n<\/td>\r\n<td>\r\n<p style=\"text-align: center;\"><b><i>2 (29)<\/i><\/b><\/p>\r\n<\/td>\r\n<\/tr>\r\n<tr>\r\n<td colspan=\"3\">\r\n<p style=\"text-align: left;\">H\u00f6he der \u00d6lzufuhr relativ zum Ausgangsrohr, m (in)<\/p>\r\n<\/td>\r\n<td>\r\n<p style=\"text-align: center;\"><b><i>20 (790)<\/i><\/b><\/p>\r\n<\/td>\r\n<\/tr>\r\n<tr>\r\n<td colspan=\"3\">\r\n<p style=\"text-align: left;\">Maximaler Stromverbrauch, kW, nicht mehr als<\/p>\r\n<\/td>\r\n<td>\r\n<p style=\"text-align: center;\"><b><i>0,25<\/i><\/b><\/p>\r\n<\/td>\r\n<\/tr>\r\n<tr>\r\n<td colspan=\"4\">\r\n<p style=\"text-align: left;\">Elektrische Stromoptionen<\/p>\r\n<\/td>\r\n<\/tr>\r\n<tr>\r\n<td colspan=\"2\" rowspan=\"2\"><\/td>\r\n<td>\r\n<p style=\"text-align: left;\">Spannung, V<\/p>\r\n<\/td>\r\n<td>\r\n<p style=\"text-align: center;\"><b><i>400<\/i><\/b><\/p>\r\n<\/td>\r\n<\/tr>\r\n<tr>\r\n<td>\r\n<p style=\"text-align: left;\">variabel mit Frequenz, Hz<\/p>\r\n<\/td>\r\n<td>\r\n<p style=\"text-align: center;\"><b><i>50<\/i><\/b><\/p>\r\n<\/td>\r\n<\/tr>\r\n<tr>\r\n<td colspan=\"4\">\r\n<p style=\"text-align: left;\">Abmessungen, mm (in), nicht mehr als<\/p>\r\n<\/td>\r\n<\/tr>\r\n<tr>\r\n<td colspan=\"2\" rowspan=\"3\"><\/td>\r\n<td>\r\n<p style=\"text-align: left;\">L\u00e4nge<\/p>\r\n<\/td>\r\n<td>\r\n<p style=\"text-align: center;\"><b><i>1150 (45)<\/i><\/b><\/p>\r\n<\/td>\r\n<\/tr>\r\n<tr>\r\n<td>\r\n<p style=\"text-align: left;\">H\u00f6he<\/p>\r\n<\/td>\r\n<td>\r\n<p style=\"text-align: center;\"><b><i>1980 (78)<\/i><\/b><\/p>\r\n<\/td>\r\n<\/tr>\r\n<tr>\r\n<td>\r\n<p style=\"text-align: left;\">Breite<\/p>\r\n<\/td>\r\n<td>\r\n<p style=\"text-align: center;\"><b><i>490 (19)<\/i><\/b><\/p>\r\n<\/td>\r\n<\/tr>\r\n<tr>\r\n<td colspan=\"3\">\r\n<p style=\"text-align: left;\">Gewicht, kg (Pfund), nicht mehr als<\/p>\r\n<\/td>\r\n<td>\r\n<p style=\"text-align: center;\"><b><i>400 (880)<\/i><\/b><\/p>\r\n<\/td>\r\n<\/tr>\r\n<\/tbody>\r\n<\/table>"},{"tab_title":"Vorteile","tab_content":"<ul>\r\n \t<li>Verbindet sich mit Transformatoren jeder Marke und jeder Lebensdauer.<\/li>\r\n \t<li>Verbindet sich nicht l\u00e4nger als eine Stunde mit einem funktionierenden Transformator.<\/li>\r\n \t<li>gef\u00fcllt mit Sorbens, das Wasser unabh\u00e4ngig von seiner Temperatur und seinem Zustand absorbiert;<\/li>\r\n \t<li>Trocknet das \u00d6l ohne Heizung und erfordert keine st\u00e4ndige \u00dcberwachung;<\/li>\r\n \t<li style=\"text-align: justify;\">station\u00e4r oder vor\u00fcbergehend installiert wird.<\/li>\r\n<\/ul>"},{"tab_title":"Anwendung","tab_content":"[product_oil_types]"}],"add_video_tab":[{"video_tab_title":"Video","add_video_id":[{"video_id":"heSKOufJLm8"},{"video_id":"jLp4Rc9Yjt0"}]}],"add_gallery_tab":[{"gallery_tab_title":"Foto","add_img":[42484,42492,42500,42508]}],"add_price_tab":[{"price_tab_title":"Get a Quote"}]},"language":"de","_links":{"self":[{"href":"https:\/\/globecore.com\/de\/wp-json\/wp\/v2\/pages\/145961","targetHints":{"allow":["GET"]}}],"collection":[{"href":"https:\/\/globecore.com\/de\/wp-json\/wp\/v2\/pages"}],"about":[{"href":"https:\/\/globecore.com\/de\/wp-json\/wp\/v2\/types\/page"}],"author":[{"embeddable":true,"href":"https:\/\/globecore.com\/de\/wp-json\/wp\/v2\/users\/7"}],"replies":[{"embeddable":true,"href":"https:\/\/globecore.com\/de\/wp-json\/wp\/v2\/comments?post=145961"}],"version-history":[{"count":1,"href":"https:\/\/globecore.com\/de\/wp-json\/wp\/v2\/pages\/145961\/revisions"}],"predecessor-version":[{"id":336105,"href":"https:\/\/globecore.com\/de\/wp-json\/wp\/v2\/pages\/145961\/revisions\/336105"}],"up":[{"embeddable":true,"href":"https:\/\/globecore.com\/de\/wp-json\/wp\/v2\/pages\/145958"}],"wp:featuredmedia":[{"embeddable":true,"href":"https:\/\/globecore.com\/de\/wp-json\/wp\/v2\/media\/134514"}],"wp:attachment":[{"href":"https:\/\/globecore.com\/de\/wp-json\/wp\/v2\/media?parent=145961"}],"wp:term":[{"taxonomy":"category","embeddable":true,"href":"https:\/\/globecore.com\/de\/wp-json\/wp\/v2\/categories?post=145961"}],"curies":[{"name":"wp","href":"https:\/\/api.w.org\/{rel}","templated":true}]}}