{"id":145964,"date":"2024-01-22T12:05:41","date_gmt":"2024-01-22T12:05:41","guid":{"rendered":"https:\/\/globecore.com\/products\/online-transformer-dry-out-systems\/tor-4-online-transformer-dry-out-system\/"},"modified":"2026-03-06T09:12:21","modified_gmt":"2026-03-06T09:12:21","slug":"tor-4-online-transformer-dry-out-system","status":"publish","type":"page","link":"https:\/\/globecore.com\/de\/products\/online-transformer-dry-out-systems\/tor-4-online-transformer-dry-out-system\/","title":{"rendered":"System zur kontinuierlichen Trocknung von Transformatoren Typ TOR-4"},"content":{"rendered":"","protected":false},"excerpt":{"rendered":"<p>Die Transformator\u00f6l-Trocknungseinheit TOR-4 entfernt Wasser aus Transformatoren effizient und h\u00e4lt das \u00d6l trocken, unabh\u00e4ngig von Temperatur oder Wasserzustand. Das \u00d6l zirkuliert durch Filter und Adsorbenten, bevor es zum Transformator zur\u00fcckkehrt. Ein integrierter Logik-Controller \u00fcberwacht den Feuchtigkeitsgehalt, den Filterdruck, den Pumpenbetrieb und den \u00d6lstand des Transformators. Im Falle eines Lecks stoppen automatische Ventile den \u00d6lfluss und schalten die Einheit ab. Die TOR-4 hat eine Trocknungskapazit\u00e4t von 30\u202fl\/h, kann in weniger als einer Stunde angeschlossen werden, arbeitet ohne Heizung, erfordert keine st\u00e4ndige \u00dcberwachung und kann tempor\u00e4r oder dauerhaft installiert werden.<\/p>\n","protected":false},"author":7,"featured_media":145965,"parent":145958,"menu_order":0,"comment_status":"closed","ping_status":"closed","template":"templates\/single-product.php","meta":{"_acf_changed":false,"_bbp_topic_count":0,"_bbp_reply_count":0,"_bbp_total_topic_count":0,"_bbp_total_reply_count":0,"_bbp_voice_count":0,"_bbp_anonymous_reply_count":0,"_bbp_topic_count_hidden":0,"_bbp_reply_count_hidden":0,"_bbp_forum_subforum_count":0,"footnotes":""},"categories":[1892,2481],"class_list":["post-145964","page","type-page","status-publish","has-post-thumbnail","hentry","category-oil-maintenance-de","category-wartung-von-transformatoren","oil_type-abwaertstransformatoren","oil_type-aufwartstransformatoren","oil_type-spezialtransformatoren","oil_type-verteilungstransformatoren","process_type-dehydrierung"],"acf":{"add_tab":[{"tab_title":"Beschreibung","tab_content":"<p style=\"text-align: justify;\"><span style=\"font-weight: 400;\">Das TOR-4-System ist darauf ausgelegt, Feuchtigkeit aus dem Transformator zu entfernen und ihn unabh\u00e4ngig von der Temperatur und dem Feuchtigkeitszustand des \u00d6ls in einem trockenen Zustand zu halten.<\/span><\/p>\r\n<p style=\"text-align: justify;\"><span style=\"font-weight: 400;\">Umgebungsbedingungen f\u00fcr den Betrieb:<\/span><\/p>\r\n\r\n<ul style=\"text-align: justify;\">\r\n \t<li style=\"font-weight: 400;\"><span style=\"font-weight: 400;\">Umgebungstemperatur - von +5 bis +40 \u00b0C;<\/span><\/li>\r\n \t<li style=\"font-weight: 400;\"><span style=\"font-weight: 400;\">Atmosph\u00e4rendruck - von 84 bis 106,7 kPa (630-800 mm Hg);<\/span><\/li>\r\n \t<li style=\"font-weight: 400;\"><span style=\"font-weight: 400;\">H\u00f6he \u00fcber dem Meeresspiegel - bis zu 2000 m;<\/span><\/li>\r\n \t<li style=\"font-weight: 400;\"><span style=\"font-weight: 400;\">im Freien unter einem Vordach;<\/span><\/li>\r\n \t<li style=\"font-weight: 400;\"><span style=\"font-weight: 400;\">in R\u00e4umen mit Bel\u00fcftung.<\/span><\/li>\r\n<\/ul>\r\n<h2 style=\"text-align: center;\">Funktionsprinzip<\/h2>\r\n<p style=\"text-align: justify;\"><span style=\"font-weight: 400;\">Das kontinuierliche \u00d6l-Trocknungssystem TOR-4 ist mit Zeolith gef\u00fcllten Adsorbern ausgestattet, die Wassermolek\u00fcle absorbieren, wenn die verarbeitete Fl\u00fcssigkeit hindurchstr\u00f6mt.<\/span><\/p>\r\n<p style=\"text-align: justify;\"><span style=\"font-weight: 400;\">Bei Bedarf k\u00f6nnen die S\u00e4ulen mit dem Sorbens einfach demontiert und durch neue ersetzt werden, oder das Sorbens kann mit der BRPS (BRZ)-Zeolith-Regenerationseinheit regeneriert werden .<\/span><\/p>\r\n<p style=\"text-align: justify;\"><span style=\"font-weight: 400;\">Der Anschluss des Systems an den Transformator erfolgt \u00fcber eine starre oder flexible Rohrleitung. Die Pumpe pumpt das \u00d6l vom Transformator durch den Filter und dann durch die Adsorptionsmittel (wo dem \u00d6l Feuchtigkeit entzogen wird) und den Filter zur\u00fcck zum Transformator.<\/span><\/p>\r\n<p style=\"text-align: justify;\"><span style=\"font-weight: 400;\">Der Betrieb des Systems wird von einer Logiksteuerung gesteuert. Der Controller zeigt den Feuchtigkeitsgehalt im \u00d6l vor und nach der Trocknung, den Druck auf dem Filter und den Betrieb der Pumpe an.<\/span><\/p>\r\n<p style=\"text-align: justify;\"><span style=\"font-weight: 400;\">Um den Transformator vor Leckagen zu sch\u00fctzen, wird der \u00d6lstand im Transformator \u00fcberwacht. Das erforderliche Niveau wird in der Steuerung eingestellt und gehalten. Im Falle eines \u00d6llecks unterbrechen automatische Ventile den \u00d6lfluss aus dem Transformator und das TOR-4-System stoppt.<\/span><\/p>"}],"add_def_tab":[{"tab_title":"Technische Daten","tab_content":"<table>\r\n<tbody>\r\n<tr>\r\n<td style=\"text-align: center;\"><b>\u2116<\/b><\/td>\r\n<td style=\"text-align: center;\"><b>Parameter<\/b><\/td>\r\n<td>\r\n<p style=\"text-align: center;\"><b>Beschreibung<\/b><\/p>\r\n<\/td>\r\n<\/tr>\r\n<tr>\r\n<td><span style=\"font-weight: 400;\">1<\/span><\/td>\r\n<td style=\"text-align: left;\"><span style=\"font-weight: 400;\">\u00d6lpumpgeschwindigkeit, l\/h<\/span><\/td>\r\n<td>\r\n<p style=\"text-align: center;\"><span style=\"font-weight: 400;\">30<\/span><\/p>\r\n<\/td>\r\n<\/tr>\r\n<tr>\r\n<td><span style=\"font-weight: 400;\">2<\/span><\/td>\r\n<td style=\"text-align: left;\"><span style=\"font-weight: 400;\">Die Wassermenge, die von Adsorbern aufgenommen werden kann, l<\/span><\/td>\r\n<td>\r\n<p style=\"text-align: center;\"><span style=\"font-weight: 400;\">9<\/span><\/p>\r\n<\/td>\r\n<\/tr>\r\n<tr>\r\n<td style=\"text-align: center;\"><span style=\"font-weight: 400;\">3<\/span><\/td>\r\n<td style=\"text-align: left;\"><span style=\"font-weight: 400;\">Zeolithmasse in einem Adsorber, kg<\/span><\/td>\r\n<td>\r\n<p style=\"text-align: center;\"><span style=\"font-weight: 400;\">21<\/span><\/p>\r\n<\/td>\r\n<\/tr>\r\n<tr>\r\n<td><span style=\"font-weight: 400;\">4<\/span><\/td>\r\n<td style=\"text-align: left;\"><span style=\"font-weight: 400;\">Ausgangsdruck, bar<\/span><\/td>\r\n<td>\r\n<p style=\"text-align: center;\"><span style=\"font-weight: 400;\">2<\/span><\/p>\r\n<\/td>\r\n<\/tr>\r\n<tr>\r\n<td><span style=\"font-weight: 400;\">5<\/span><\/td>\r\n<td style=\"text-align: left;\"><span style=\"font-weight: 400;\">Ausgangsdruck, m<\/span><\/td>\r\n<td>\r\n<p style=\"text-align: center;\"><span style=\"font-weight: 400;\">20<\/span><\/p>\r\n<\/td>\r\n<\/tr>\r\n<tr>\r\n<td><span style=\"font-weight: 400;\">6<\/span><\/td>\r\n<td style=\"text-align: left;\"><span style=\"font-weight: 400;\">Maximaler Stromverbrauch, kW<\/span><\/td>\r\n<td>\r\n<p style=\"text-align: center;\"><span style=\"font-weight: 400;\">0,2<\/span><\/p>\r\n<\/td>\r\n<\/tr>\r\n<tr>\r\n<td rowspan=\"4\"><span style=\"font-weight: 400;\">7<\/span><\/td>\r\n<td style=\"text-align: left;\" colspan=\"2\"><span style=\"font-weight: 400;\">Parameter des Energiesystems<\/span><\/td>\r\n<\/tr>\r\n<tr>\r\n<td style=\"text-align: left;\"><span style=\"font-weight: 400;\">Anzahl der Phasen<\/span><\/td>\r\n<td>\r\n<p style=\"text-align: center;\"><span style=\"font-weight: 400;\">3p+1N+PE<\/span><\/p>\r\n<\/td>\r\n<\/tr>\r\n<tr>\r\n<td style=\"text-align: left;\"><span style=\"font-weight: 400;\">Spannung, V<\/span><\/td>\r\n<td>\r\n<p style=\"text-align: center;\"><span style=\"font-weight: 400;\">220<\/span><\/p>\r\n<\/td>\r\n<\/tr>\r\n<tr>\r\n<td style=\"text-align: left;\"><span style=\"font-weight: 400;\">Frequenz, Hz<\/span><\/td>\r\n<td>\r\n<p style=\"text-align: center;\"><span style=\"font-weight: 400;\">60<\/span><\/p>\r\n<\/td>\r\n<\/tr>\r\n<tr>\r\n<td rowspan=\"3\"><span style=\"font-weight: 400;\">8<\/span><\/td>\r\n<td colspan=\"2\"><span style=\"font-weight: 400;\">Verbindungen<\/span><\/td>\r\n<\/tr>\r\n<tr>\r\n<td style=\"text-align: left;\"><span style=\"font-weight: 400;\">\u00d6leinlass, Dn<\/span><\/td>\r\n<td>\r\n<p style=\"text-align: center;\"><span style=\"font-weight: 400;\">20<\/span><\/p>\r\n<\/td>\r\n<\/tr>\r\n<tr>\r\n<td style=\"text-align: left;\"><span style=\"font-weight: 400;\">\u00d6lauslass, Dn<\/span><\/td>\r\n<td>\r\n<p style=\"text-align: center;\"><span style=\"font-weight: 400;\">20<\/span><\/p>\r\n<\/td>\r\n<\/tr>\r\n<tr>\r\n<td rowspan=\"4\"><span style=\"font-weight: 400;\">9<\/span><\/td>\r\n<td style=\"text-align: left;\" colspan=\"2\"><span style=\"font-weight: 400;\">Abmessungen, mm, max<\/span><\/td>\r\n<\/tr>\r\n<tr>\r\n<td style=\"text-align: left;\"><span style=\"font-weight: 400;\">L\u00e4nge<\/span><\/td>\r\n<td>\r\n<p style=\"text-align: center;\"><span style=\"font-weight: 400;\">1180<\/span><\/p>\r\n<\/td>\r\n<\/tr>\r\n<tr>\r\n<td style=\"text-align: left;\"><span style=\"font-weight: 400;\">Breite mit Geh\u00e4use<\/span><\/td>\r\n<td>\r\n<p style=\"text-align: center;\"><span style=\"font-weight: 400;\">350\/550<\/span><\/p>\r\n<\/td>\r\n<\/tr>\r\n<tr>\r\n<td style=\"text-align: left;\"><span style=\"font-weight: 400;\">H\u00f6he mit Geh\u00e4use<\/span><\/td>\r\n<td>\r\n<p style=\"text-align: center;\"><span style=\"font-weight: 400;\">2035\/2085<\/span><\/p>\r\n<\/td>\r\n<\/tr>\r\n<tr>\r\n<td><span style=\"font-weight: 400;\">10<\/span><\/td>\r\n<td style=\"text-align: left;\"><span style=\"font-weight: 400;\">Gewicht. kg, max<\/span><\/td>\r\n<td>\r\n<p style=\"text-align: center;\"><span style=\"font-weight: 400;\">500<\/span><\/p>\r\n<\/td>\r\n<\/tr>\r\n<\/tbody>\r\n<\/table>"},{"tab_title":"Vorteile","tab_content":"<ul>\r\n \t<li style=\"font-weight: 400; text-align: justify;\"><span style=\"font-weight: 400;\">Anschluss an einen Transformator jeglichen Typs und Alters;<\/span><\/li>\r\n \t<li style=\"font-weight: 400; text-align: justify;\"><span style=\"font-weight: 400;\">der Verbindungsvorgang dauert weniger als eine Stunde;<\/span><\/li>\r\n \t<li style=\"font-weight: 400; text-align: justify;\"><span style=\"font-weight: 400;\">das Sorptionsmittel nimmt Feuchtigkeit unabh\u00e4ngig von seiner Temperatur und Form auf;<\/span><\/li>\r\n \t<li style=\"font-weight: 400; text-align: justify;\"><span style=\"font-weight: 400;\">Das System trocknet \u00d6l ohne Erhitzen und erfordert keine st\u00e4ndige Kontrolle durch den Bediener.<\/span><\/li>\r\n \t<li style=\"font-weight: 400; text-align: justify;\"><span style=\"font-weight: 400;\">das System kann vor\u00fcbergehend oder dauerhaft in der N\u00e4he des Transformators installiert werden;<\/span><\/li>\r\n \t<li style=\"font-weight: 400; text-align: justify;\"><span style=\"font-weight: 400;\">robustes Geh\u00e4use, das das System zuverl\u00e4ssig sch\u00fctzt;<\/span><\/li>\r\n \t<li style=\"font-weight: 400; text-align: justify;\"><span style=\"font-weight: 400;\">Nach der S\u00e4ttigung mit Feuchtigkeit kann das Sorbens mit der BRPS (BRZ)-Anlage reaktiviert und zur \u00d6ltrocknung wiederverwendet werden.<\/span><\/li>\r\n<\/ul>"},{"tab_title":"Anwendung","tab_content":"[product_oil_types]"}],"add_video_tab":null,"add_gallery_tab":null,"add_price_tab":null},"language":"de","_links":{"self":[{"href":"https:\/\/globecore.com\/de\/wp-json\/wp\/v2\/pages\/145964","targetHints":{"allow":["GET"]}}],"collection":[{"href":"https:\/\/globecore.com\/de\/wp-json\/wp\/v2\/pages"}],"about":[{"href":"https:\/\/globecore.com\/de\/wp-json\/wp\/v2\/types\/page"}],"author":[{"embeddable":true,"href":"https:\/\/globecore.com\/de\/wp-json\/wp\/v2\/users\/7"}],"replies":[{"embeddable":true,"href":"https:\/\/globecore.com\/de\/wp-json\/wp\/v2\/comments?post=145964"}],"version-history":[{"count":1,"href":"https:\/\/globecore.com\/de\/wp-json\/wp\/v2\/pages\/145964\/revisions"}],"predecessor-version":[{"id":336109,"href":"https:\/\/globecore.com\/de\/wp-json\/wp\/v2\/pages\/145964\/revisions\/336109"}],"up":[{"embeddable":true,"href":"https:\/\/globecore.com\/de\/wp-json\/wp\/v2\/pages\/145958"}],"wp:featuredmedia":[{"embeddable":true,"href":"https:\/\/globecore.com\/de\/wp-json\/wp\/v2\/media\/145965"}],"wp:attachment":[{"href":"https:\/\/globecore.com\/de\/wp-json\/wp\/v2\/media?parent=145964"}],"wp:term":[{"taxonomy":"category","embeddable":true,"href":"https:\/\/globecore.com\/de\/wp-json\/wp\/v2\/categories?post=145964"}],"curies":[{"name":"wp","href":"https:\/\/api.w.org\/{rel}","templated":true}]}}