{"id":145971,"date":"2021-07-02T05:38:00","date_gmt":"2021-07-02T05:38:00","guid":{"rendered":"https:\/\/globecore.com\/products\/online-transformer-monitoring-systems\/system-for-transformers-online-diagnostic-and-oil-online-processing-tor-5\/"},"modified":"2026-03-06T09:18:29","modified_gmt":"2026-03-06T09:18:29","slug":"system-for-transformers-online-diagnostic-and-oil-online-processing-tor-5","status":"publish","type":"page","link":"https:\/\/globecore.com\/de\/products\/online-transformer-monitoring-systems\/system-for-transformers-online-diagnostic-and-oil-online-processing-tor-5\/","title":{"rendered":"Online-\u00dcberwachungssystem f\u00fcr Transformatoren und Trocknung von Isolier\u00f6l TOR-5"},"content":{"rendered":"","protected":false},"excerpt":{"rendered":"<p>Das System TOR-5 \u00fcberwacht und steuert kontinuierlich den Zustand von Leistungstransformatoren, einschlie\u00dflich spezieller Typen wie Traktions-, Bergbau-, Marine- und Windturbinen-\u00dcbertragungs-Transformatoren, indem es den Zustand ihres Isolier\u00f6ls und der Isolation bewertet. Das System misst wichtige Parameter wie den Wassergehalt im \u00d6l und in der festen Isolation, die Durchschlagfestigkeit und den \u00d6lqualit\u00e4tsindex. Es wird direkt an den Transformator angeschlossen und erzeugt einen geschlossenen Kreislauf, bei dem das \u00d6l vom Tankboden entnommen, durch Sensoren geleitet und wieder nach oben zur\u00fcckgef\u00fchrt wird. Messungen erfolgen einmal pro Minute und werden an einen Cloud-Server \u00fcbertragen, wo zus\u00e4tzliche Berechnungen eine umfassende Bewertung des Transformatorzustands liefern.<\/p>\n","protected":false},"author":7,"featured_media":135101,"parent":145969,"menu_order":0,"comment_status":"closed","ping_status":"closed","template":"templates\/single-product.php","meta":{"_acf_changed":false,"_bbp_topic_count":0,"_bbp_reply_count":0,"_bbp_total_topic_count":0,"_bbp_total_reply_count":0,"_bbp_voice_count":0,"_bbp_anonymous_reply_count":0,"_bbp_topic_count_hidden":0,"_bbp_reply_count_hidden":0,"_bbp_forum_subforum_count":0,"footnotes":""},"categories":[1892,2481],"class_list":["post-145971","page","type-page","status-publish","has-post-thumbnail","hentry","category-oil-maintenance-de","category-wartung-von-transformatoren","oil_type-abwaertstransformatoren","oil_type-aufwartstransformatoren","oil_type-spezialtransformatoren","oil_type-verteilungstransformatoren","process_type-dehydrierung","process_type-uberwachung"],"acf":{"add_tab":[{"tab_title":"Beschreibung","tab_content":"<p style=\"text-align: justify;\">Der Hauptzweck des TOR-5-Systems ist die Online-\u00dcberwachung von Leistungstransformatoren durch Bewertung des Zustands von Isolier\u00f6l, einschlie\u00dflich Spezialtransformatoren: Traktionstransformatoren, Minentransformatoren, Elektroofentransformatoren, Schiffstransformatoren, Aufw\u00e4rtstransformatoren von Windkraftanlagen, usw..<\/p>\r\n<p style=\"text-align: justify;\">Das System ist an den Transformator angeschlossen und befindet sich st\u00e4ndig in dessen N\u00e4he. Nach dem Anschluss entsteht ein geschlossener Kreislauf: Das \u00d6l tritt von der Unterseite des Transformatorkessels ein, passiert die Sensoren des TOR-5-Systems und kehrt zur Oberseite des Transformatorkessels zur\u00fcck. Sensoren messen einmal pro Minute die Parameter des Transformatoren\u00f6ls und \u00fcbermitteln sie an den Cloud-Server, wo mit der GlobeCore-Methode auch andere Parameter berechnet werden, die eine umfassendere Beurteilung des Zustands des Transformators erm\u00f6glichen.<\/p>\r\n<p style=\"text-align: justify;\">Wichtige Parameter des Transformators, die mit dem TOR-5-System ermittelt werden:<\/p>\r\n\r\n<ul style=\"text-align: justify;\">\r\n \t<li>Wassergehalt im \u00d6l oben und unten im Transformator;<\/li>\r\n \t<li>der Wassergehalt der Feststoffisolierung oben und unten am Transformator;<\/li>\r\n \t<li>Durchschlagsfestigkeit von \u00d6l;<\/li>\r\n \t<li>\u00d6lqualit\u00e4tsindex.<\/li>\r\n<\/ul>\r\n<p style=\"text-align: justify;\">Der \u00d6lqualit\u00e4tsindex ist ein komplexer Indikator, mit dem Sie den Zustand des \u00d6ls insgesamt beurteilen k\u00f6nnen. Sie korreliert gut mit der S\u00e4urezahl und kann daher zur Beurteilung des \u00d6lalterungsgrads herangezogen werden.<\/p>\r\n\r\n<h2 style=\"text-align: center;\"><b>Funktionen zur Benachrichtigung des Benutzers<\/b><\/h2>\r\n<p style=\"text-align: justify;\">Um alle gemessenen und berechneten Parameter anzuzeigen, gen\u00fcgt ein Internetzugang. Im Internet befindet sich unter einer speziellen Adresse eine Webseite, auf die mit einem Passwort zugegriffen werden kann. Auf dieser Webseite finden Sie Informationen zu allen Transformatoren, die an TOR-5-Systeme angeschlossen sind. Sie k\u00f6nnen Daten f\u00fcr einen beliebigen Zeitraum anzeigen. Alle Daten werden bequem in Form von Grafiken, Streudiagrammen und Indikatoren dargestellt und Transformatoren werden auf einer Weltkarte angezeigt.<\/p>\r\n<p style=\"text-align: justify;\">Im Falle einer kurzen Unterbrechung der Verbindung zum Internet werden die Daten in der internen Datenbank gesammelt und nach Wiederaufnahme der Verbindung im Batch-Modus an die Webanwendung \u00fcbertragen.<\/p>\r\n\r\n<h2 style=\"text-align: center;\"><b>ONLINE-Trockung und Filtration vom Isolier\u00f6l<\/b><\/h2>\r\n<p style=\"text-align: justify;\">TOR-5 ist zus\u00e4tzlich mit einem Isolier\u00f6l-Trocknungs- und Filtersystem ausgestattet. Wenn die Parameter des Transformators die vom Bediener eingestellten Werte erreichen, wechselt TOR-5 automatisch vom Diagnosemodus in den Modus zum Filtern und Trocknen des Isolier\u00f6ls.<\/p>\r\n<p style=\"text-align: justify;\">In diesem Modus wird \u00d6l vom Boden des Transformators entnommen und anschlie\u00dfend nacheinander durch einen Filter mit einer Filterfeinheit von zehn Mikrometern und drei Adsorbern (Sorptionsmittelpatronen) gepumpt, die jeweils 15 Kilogramm Sorptionsmittel, bestehend aus Granulat, enthalten mit mikropor\u00f6ser Struktur. Mit Hilfe eines Filters werden mechanische Verunreinigungen aus dem \u00d6l entfernt und das Sorptionsmittel absorbiert und h\u00e4lt Wassermolek\u00fcle in seinen Kristallen. Anschlie\u00dfend wird sauberes und trockenes \u00d6l oben in den Transformatorkessel geleitet. Der Prozess des Absorbierens und Einfangens von Wasser erfordert kein Erhitzen des \u00d6ls und verl\u00e4uft unabh\u00e4ngig von der Temperatur gleicherma\u00dfen effizient. Die \u00d6laufbereitung erfolgt ohne Abschalten des Transformators, unabh\u00e4ngig von Tageszeit, Wetterbedingungen oder Anwesenheit von Wartungspersonal.<\/p>\r\n<p style=\"text-align: justify;\">Nachdem sich die \u00d6lparameter wieder normalisiert haben, schaltet das TOR-5-Ger\u00e4t automatisch vom \u00d6lbehandlungsmodus in den Parameter\u00fcberwachungsmodus zur\u00fcck.<\/p>"}],"add_def_tab":[{"tab_title":"Spezifikationen","tab_content":"<table>\r\n<tbody>\r\n<tr>\r\n<td width=\"385\">\r\n<p style=\"text-align: center;\"><b>Parameter<\/b><\/p>\r\n<\/td>\r\n<td width=\"224\">\r\n<p style=\"text-align: center;\"><strong>Wert<\/strong><\/p>\r\n<\/td>\r\n<\/tr>\r\n<tr>\r\n<td width=\"385\">Leistung, L\/h<\/td>\r\n<td width=\"224\">\r\n<p style=\"text-align: center;\">30<\/p>\r\n<\/td>\r\n<\/tr>\r\n<tr>\r\n<td width=\"385\">Aufgenommene Wassermenge, L<\/td>\r\n<td width=\"224\">\r\n<p style=\"text-align: center;\">9<\/p>\r\n<\/td>\r\n<\/tr>\r\n<tr>\r\n<td width=\"385\">Menge des Sorbens in einem Adsorber, kg<\/td>\r\n<td width=\"224\">\r\n<p style=\"text-align: center;\">21<\/p>\r\n<\/td>\r\n<\/tr>\r\n<tr>\r\n<td width=\"385\">Ausgangsdruck, bar<\/td>\r\n<td width=\"224\">\r\n<p style=\"text-align: center;\">2<\/p>\r\n<\/td>\r\n<\/tr>\r\n<tr>\r\n<td width=\"385\">\u00d6lzuleitungsh\u00f6he in Bezug auf den Auslassanschluss, m<\/td>\r\n<td width=\"224\">\r\n<p style=\"text-align: center;\">20<\/p>\r\n<\/td>\r\n<\/tr>\r\n<tr>\r\n<td width=\"385\">Maximale Leistungsaufnahme, W, nicht mehr als<\/td>\r\n<td width=\"224\">\r\n<p style=\"text-align: center;\">2000<\/p>\r\n<\/td>\r\n<\/tr>\r\n<tr>\r\n<td width=\"385\"><strong>Parameter der Stromversorgung<\/strong><\/td>\r\n<td width=\"224\"><\/td>\r\n<\/tr>\r\n<tr>\r\n<td width=\"385\">Anzahl der Phasen<\/td>\r\n<td width=\"224\">\r\n<p style=\"text-align: center;\">3p+1N+PE<\/p>\r\n<\/td>\r\n<\/tr>\r\n<tr>\r\n<td width=\"385\">Spannung, V<\/td>\r\n<td width=\"224\">\r\n<p style=\"text-align: center;\">380<\/p>\r\n<\/td>\r\n<\/tr>\r\n<tr>\r\n<td width=\"385\">Wechselstrom mit Frequenz, Hz<\/td>\r\n<td width=\"224\">\r\n<p style=\"text-align: center;\">50<\/p>\r\n<\/td>\r\n<\/tr>\r\n<tr>\r\n<td width=\"385\"><strong>Anschlussabmessungen<\/strong><\/td>\r\n<td width=\"224\"><\/td>\r\n<\/tr>\r\n<tr>\r\n<td width=\"385\">\u00d6leinlass, DN<\/td>\r\n<td width=\"224\">\r\n<p style=\"text-align: center;\">20<\/p>\r\n<\/td>\r\n<\/tr>\r\n<tr>\r\n<td width=\"385\">\u00d6lauslass, DN<\/td>\r\n<td width=\"224\">\r\n<p style=\"text-align: center;\">20<\/p>\r\n<\/td>\r\n<\/tr>\r\n<tr>\r\n<td width=\"385\"><strong>Abmessungen, nicht mehr als<\/strong><\/td>\r\n<td width=\"224\"><\/td>\r\n<\/tr>\r\n<tr>\r\n<td width=\"385\">L\u00e4nge, mm<\/td>\r\n<td width=\"224\">\r\n<p style=\"text-align: center;\">1.541<\/p>\r\n<\/td>\r\n<\/tr>\r\n<tr>\r\n<td width=\"385\">Breite, mm<\/td>\r\n<td width=\"224\">\r\n<p style=\"text-align: center;\">552<\/p>\r\n<\/td>\r\n<\/tr>\r\n<tr>\r\n<td width=\"385\">H\u00f6he, mm<\/td>\r\n<td width=\"224\">\r\n<p style=\"text-align: center;\">1955<\/p>\r\n<\/td>\r\n<\/tr>\r\n<tr>\r\n<td width=\"385\">Gewicht, kg, nicht mehr als<\/td>\r\n<td width=\"224\">\r\n<p style=\"text-align: center;\">435<\/p>\r\n<\/td>\r\n<\/tr>\r\n<\/tbody>\r\n<\/table>"},{"tab_title":"Vorteile","tab_content":"<ul>\r\n \t<li style=\"text-align: justify;\">Niedrige relative Kosten des Systems. Die Kosten f\u00fcr neue Transformatoren und die Verluste durch Notausf\u00e4lle bestehender Transformatoren belaufen sich auf Hunderttausende und Millionen Dollar. Und die Kosten des TOR-5-Systems machen nur einen kleinen Teil dieser Ausgaben aus, was dessen Anschaffung und Nutzung zu einer rentablen Investition macht;;<\/li>\r\n \t<li style=\"text-align: justify;\">Multifunktionalit\u00e4t. Das System l\u00f6st drei Aufgaben: Online-Bestimmung wichtiger Parameter von Transformatoren, Filterung und Trocknung von Isolier\u00f6l sowie schnelle und schnelle Information des Benutzers \u00fcber seine Arbeit und die Arbeit des Transformators;;<\/li>\r\n \t<li style=\"text-align: justify;\">Vielseitigkeit. Das TOR-5-System eignet sich f\u00fcr die Wartung neuer und alter \u00d6ltransformatoren sowie Transformatoren f\u00fcr verschiedene Zwecke;<\/li>\r\n \t<li style=\"text-align: justify;\">kompakte Gr\u00f6\u00dfe. Das System besteht aus der minimalen Anzahl an Komponenten, die f\u00fcr einen effizienten Betrieb erforderlich sind und in einem einzigen Geh\u00e4use mit einer Breite von 115 Zentimetern, einer H\u00f6he von 208 Zentimetern und einer L\u00e4nge von 35 Zentimetern untergebracht sind;<\/li>\r\n \t<li style=\"text-align: justify;\">die Lebensdauer der Anlage entspricht der Lebensdauer des Transformators durch den zuverl\u00e4ssigen Schutz aller Komponenten vor Besch\u00e4digung und Niederschlag;<\/li>\r\n \t<li style=\"text-align: justify;\">Benutzerfreundlichkeit der Webanwendung. Auf der Webseite wird f\u00fcr jede Unterstation eine Liste der Umspannwerke und Transformatoren angezeigt. Das Programm umfasst auch die Darstellung von Transformatoren auf einer Karte mit der Darstellung von Messungen und Berechnungen in Form von Grafiken und Diagrammen. Durch Auswahl eines Objekts erhalten Sie vollst\u00e4ndige Informationen \u00fcber den Zustand des \u00d6ls f\u00fcr den gesamten Zeitraum ab der Installation des TOR-5-Systems in der N\u00e4he des Transformators oder f\u00fcr einen ausgew\u00e4hlten Zeitraum;<\/li>\r\n \t<li style=\"text-align: justify;\">Einfache Verbindung. Nach der Vorbereitungsphase ist die Anlage in wenigen Minuten an den Transformator angeschlossen;<\/li>\r\n \t<li style=\"text-align: justify;\">Die \u00d6laufbereitung erfolgt ohne Abschalten des Transformators im Automatikbetrieb;<\/li>\r\n \t<li style=\"text-align: justify;\">Fernbedienung. Auch im Urlaub kann sich der Leiter des Energieversorgungsunternehmens oder ein Mitarbeiter der Serviceabteilung von jedem Arbeitsplatz aus in das System einloggen und den Status der Transformatorenflotte erfahren, ohne auf ein Ergebnis aus dem Labor warten zu m\u00fcssen und ohne den Einsatzort zu verlassen Ger\u00e4tebetrieb;<\/li>\r\n \t<li style=\"text-align: justify;\">umfassendere Informationen und Bewertung der Dynamik von Zustands\u00e4nderungen des Transformators. Dank der kontinuierlichen Datenerfassung ist es m\u00f6glich, die Dynamik von Zustands\u00e4nderungen des Transformatoren\u00f6ls auszuwerten, wodurch das TOR-5-System aussagekr\u00e4ftiger ist als periodische Laboranalysen<\/li>\r\n<\/ul>"},{"tab_title":"Anwendung","tab_content":"[product_oil_types]"},{"tab_title":"Gewinne","tab_content":"<ul>\r\n \t<li style=\"text-align: justify;\">Verl\u00e4ngerung der Lebensdauer neuer Transformatoren um Jahrzehnte. Bei \u00e4lteren Transformatoren erm\u00f6glicht das TOR-5-System anhand der Dynamik der \u00d6lalterung, rechtzeitig zu bestimmen, wann Reparaturen durchgef\u00fchrt oder Ger\u00e4te au\u00dfer Betrieb genommen werden m\u00fcssen, um einen Notfall zu verhindern;<\/li>\r\n \t<li style=\"text-align: justify;\">Verl\u00e4ngerung der Wartungsintervalle von Transformatoren durch vorbeugende Behandlung des Isolier\u00f6ls;<\/li>\r\n \t<li style=\"text-align: justify;\">Sparen Sie Geld durch den Wegfall von Labortests und erhalten Sie gleichzeitig umfassendere und zeitnahere Informationen \u00fcber den Zustand des Transformators;<\/li>\r\n \t<li style=\"text-align: justify;\">Reduzierung der Kosten f\u00fcr die Transformatorversicherung. Die Ausfallwahrscheinlichkeit eines Transformators, der mit dem TOR-5-System ausgestattet ist, ist deutlich geringer als die eines Transformators, der nicht mit einem solchen System ausgestattet ist. In solchen F\u00e4llen sind die Kosten der Versicherungspolice in der Regel geringer;<\/li>\r\n \t<li style=\"text-align: justify;\">Reduzierung der Zahl des eingesetzten Fachpersonals (Probenehmer, Laborpersonal, Betreiber von Isolier\u00f6lfiltrations- und -trocknungsanlagen usw.);<\/li>\r\n \t<li style=\"text-align: justify;\">Erhaltung der Umwelt. Ein ausgefallener Transformator durch die Meerenge, Feuer und sogar eine Explosion f\u00fchren zu einer \u00f6kologischen Katastrophe. Das TOR-5 GlobeCore-System vermeidet diese Situationen und beseitigt die Umweltverschmutzung, die mit Transformatorausf\u00e4llen verbunden ist.<\/li>\r\n<\/ul>"}],"add_video_tab":null,"add_gallery_tab":null,"add_price_tab":[{"price_tab_title":"Get a quote"}]},"language":"de","_links":{"self":[{"href":"https:\/\/globecore.com\/de\/wp-json\/wp\/v2\/pages\/145971","targetHints":{"allow":["GET"]}}],"collection":[{"href":"https:\/\/globecore.com\/de\/wp-json\/wp\/v2\/pages"}],"about":[{"href":"https:\/\/globecore.com\/de\/wp-json\/wp\/v2\/types\/page"}],"author":[{"embeddable":true,"href":"https:\/\/globecore.com\/de\/wp-json\/wp\/v2\/users\/7"}],"replies":[{"embeddable":true,"href":"https:\/\/globecore.com\/de\/wp-json\/wp\/v2\/comments?post=145971"}],"version-history":[{"count":1,"href":"https:\/\/globecore.com\/de\/wp-json\/wp\/v2\/pages\/145971\/revisions"}],"predecessor-version":[{"id":336114,"href":"https:\/\/globecore.com\/de\/wp-json\/wp\/v2\/pages\/145971\/revisions\/336114"}],"up":[{"embeddable":true,"href":"https:\/\/globecore.com\/de\/wp-json\/wp\/v2\/pages\/145969"}],"wp:featuredmedia":[{"embeddable":true,"href":"https:\/\/globecore.com\/de\/wp-json\/wp\/v2\/media\/135101"}],"wp:attachment":[{"href":"https:\/\/globecore.com\/de\/wp-json\/wp\/v2\/media?parent=145971"}],"wp:term":[{"taxonomy":"category","embeddable":true,"href":"https:\/\/globecore.com\/de\/wp-json\/wp\/v2\/categories?post=145971"}],"curies":[{"name":"wp","href":"https:\/\/api.w.org\/{rel}","templated":true}]}}