{"id":146069,"date":"2018-03-07T09:25:24","date_gmt":"2018-03-07T09:25:24","guid":{"rendered":"https:\/\/globecore.com\/products\/vacuum-drying-oven\/transformer-vacuum-furnace\/"},"modified":"2026-03-20T11:51:16","modified_gmt":"2026-03-20T11:51:16","slug":"transformer-vacuum-furnace","status":"publish","type":"page","link":"https:\/\/globecore.com\/de\/products\/vacuum-drying-oven\/transformer-vacuum-furnace\/","title":{"rendered":"US-6S Transformator Vakuumofen"},"content":{"rendered":"","protected":false},"excerpt":{"rendered":"<p>Der Transformator-Vakuumofen US-6S ist f\u00fcr die Trocknung der festen Isolation von Leistungstransformatoren ausgelegt. Die Vakuumtrocknung erm\u00f6glicht eine deutlich intensivere Feuchtigkeitsverdampfung im Vergleich zur Warmluft- oder nat\u00fcrlichen Trocknung und sorgt f\u00fcr h\u00f6here Effizienz sowie k\u00fcrzere Prozesszeiten. GlobeCore bietet den US-6S in verschiedenen Ausf\u00fchrungen an, die an Kundenanforderungen angepasst sind, mit Konstruktionsoptionen hinsichtlich Produktivit\u00e4t, Abmessungen, Installationsort, Beladungsmethode und Automatisierungsgrad.<\/p>\n","protected":false},"author":7,"featured_media":342124,"parent":146067,"menu_order":0,"comment_status":"closed","ping_status":"closed","template":"templates\/single-product.php","meta":{"_acf_changed":false,"_bbp_topic_count":0,"_bbp_reply_count":0,"_bbp_total_topic_count":0,"_bbp_total_reply_count":0,"_bbp_voice_count":0,"_bbp_anonymous_reply_count":0,"_bbp_topic_count_hidden":0,"_bbp_reply_count_hidden":0,"_bbp_forum_subforum_count":0,"footnotes":""},"categories":[2481],"class_list":["post-146069","page","type-page","status-publish","has-post-thumbnail","hentry","category-wartung-von-transformatoren","oil_type-abwaertstransformatoren","oil_type-aufwartstransformatoren","oil_type-spezialtransformatoren","oil_type-verteilungstransformatoren","process_type-dehydrierung"],"acf":{"add_tab":[{"tab_title":"Beschreibung","tab_content":"Wir stellen Ihnen den <b>Transformator-Vakuumofen US-6S<\/b> vor, der f\u00fcr die Trocknung der Feststoffisolierung von Leistungstransformatoren bestimmt ist.\r\n\r\nEine \u00fcbliche Praxis bei der Herstellung oder Reparatur von Leistungstransformatoren besteht darin, die Feuchtigkeit aus der Papierisolierung zu entfernen. Die getrocknete Isolierung hat eine dielektrische St\u00e4rke, die 20mal gr\u00f6\u00dfer als die nicht getrocknete ist, da Feuchtigkeit die dielektrische Durchschlagsfestigkeit negativ beeinflusst.\r\n\r\nAbh\u00e4ngig von der Art der Transformatoren gibt es mehrere M\u00f6glichkeiten, Feuchtigkeit aus dem aktiven Teil zu entfernen. So kann man z.B. diese mit einem Vakuumofen entfernen.\r\n\r\nDie Trocknung von Transformatoren mit Vakuum\u00f6fen hat folgende Vorteile:\r\n<ul>\r\n \t<li>intensivere Verdunstung der Feuchtigkeit im Vergleich zur Trocknung mit warmer Luft oder nat\u00fcrliche Trocknung;<\/li>\r\n \t<li>optimale Gesamtleistung und reduzierte Verarbeitungszeit<\/li>\r\n<\/ul>\r\nGlobeCore bietet einen Transformator-Vakuumofen mit Modifikationen an, die an die spezifischen Bed\u00fcrfnisse des Kunden angepasst sind. Das Design ber\u00fccksichtigt Produktivit\u00e4t, Abmessungen und Platzierung, Ladeverfahren, Automatisierungsgrad usw.\r\n\r\nDas folgende Bild zeigt den <b>Vakuumtrockenschrank US-6S.<\/b>\r\n<h2><b>Transformator Vakuumofen: die wichtigsten Komponenten und Baugruppen<\/b><\/h2>\r\n<a href=\"https:\/\/globecore.com\/wp-content\/uploads\/2019\/03\/UVS-6.jpg\"><img class=\"alignnone size-full wp-image-134282\" src=\"https:\/\/globecore.com\/wp-content\/uploads\/2019\/03\/UVS-6.jpg\" alt=\"\" width=\"1086\" height=\"768\" \/><\/a>\r\n\r\n1 \u2013 Schaltschrank\r\n\r\n2 \u2013 Vakuumeinheit BV\r\n\r\n3 \u2013 Kompressor\r\n\r\n4 \u2013 \u00d6lerhitzer PPM\r\n\r\n5 \u2013 Dampfkondensator\r\n\r\n6 \u2013 Kondensatsammelbeh\u00e4lter\r\n\r\n7 \u2013 Ofenkammer\r\n\r\n8 \u2013 T\u00fcr zur Ofenkammer\r\n\r\n9 \u2013 Schiebeschlitten\r\n\r\nDie Trocknung der Transformatorisolierung mit dem Vakuumofen US-6S zeichnet sich durch eine automatische \u00dcberpr\u00fcfung und Aufzeichnung wichtiger Betriebsparameter aus: Heiztemperatur, Betriebsvakuum in der Kammer, \u00c4nderungen des Feuchtigkeitsgehalts der Isolierung und Kondensat in der Kammer. Es ist auch m\u00f6glich, die aufgelisteten Parameter im Speicher des Controllers automatisch aufzuzeichnen, um eine Datei mit Bericht und Protokoll zu erstellen.\r\n<h2><b>Funktionsprinzip<\/b><\/h2>\r\nDer aktive Teil des Transformators wird durch einen Laufkran oder einen Lader auf den Schlitten geladen. Die Steuerung der Schlittenbewegung (motorischer Antrieb), das Schlie\u00dfen und \u00d6ffnen der T\u00fcren der Ofenkammer (pneumatischer Antrieb) erfolgt durch einen Bediener aus dem Steuerschrank.\r\n\r\nDie Beheizung der Ofenkammer erfolgt durch technisches \u00d6l, das seinerseits durch eine \u00d6ldurchlaufheizung auf die erforderliche Temperatur gebracht wird.\r\n\r\nUm das Bedienungspersonal vor Verbrennungen zu sch\u00fctzen und zu vermeiden, dass die Umgebungsluft die Trocknung des Transformators beeintr\u00e4chtigt, ist die Ofenkammer aus rostfreiem Stahl hergestellt und isoliert. Das System enth\u00e4lt auch einen Kondensator, der durch flie\u00dfendes Wasser gek\u00fchlt wird.\r\n\r\nDer Schaltschrank separiert und enth\u00e4lt:\r\n<ul>\r\n \t<li>Prozesskontrolle;<\/li>\r\n \t<li>Prozessdetektor;<\/li>\r\n \t<li>Schutzsystem;<\/li>\r\n \t<li>Diagnosesystem f\u00fcr m\u00f6gliche Fehlfunktionen<\/li>\r\n<\/ul>\r\nDas Steuersystem \u00fcberwacht kontinuierlich den Ofenstatus und -betrieb, die Parameter der Vakuumeinheit und den Zustand der behandelten Feststoffisolierung.\r\n\r\nDer Preis f\u00fcr einen Transformator-Vakuumofen h\u00e4ngt von den erforderlichen Abmessungen, der Kapazit\u00e4t und den technologischen Eigenschaften des Kundenprozesses ab."}],"add_def_tab":[{"tab_title":"Spezifikation","tab_content":"<table>\r\n<tbody>\r\n<tr>\r\n<td><strong>\u2116<\/strong><\/td>\r\n<td>\r\n<p style=\"text-align: center;\"><strong>Parameter<\/strong><\/p>\r\n<\/td>\r\n<td>\r\n<p style=\"text-align: center;\"><strong>Bedeutung<\/strong><\/p>\r\n<\/td>\r\n<\/tr>\r\n<tr>\r\n<td><\/td>\r\n<td colspan=\"2\"><strong>Trocknungskammer<\/strong><\/td>\r\n<\/tr>\r\n<tr>\r\n<td rowspan=\"4\">1<\/td>\r\n<td colspan=\"2\">Interne Abmessungen, mm max<\/td>\r\n<\/tr>\r\n<tr>\r\n<td>-Tiefe<\/td>\r\n<td>\r\n<p style=\"text-align: center;\">2000<\/p>\r\n<\/td>\r\n<\/tr>\r\n<tr>\r\n<td>-Breite<\/td>\r\n<td>\r\n<p style=\"text-align: center;\">1300<\/p>\r\n<\/td>\r\n<\/tr>\r\n<tr>\r\n<td>-H\u00f6he<\/td>\r\n<td>\r\n<p style=\"text-align: center;\">1600<\/p>\r\n<\/td>\r\n<\/tr>\r\n<tr>\r\n<td><\/td>\r\n<td colspan=\"2\"><strong>Heizblock<\/strong><\/td>\r\n<\/tr>\r\n<tr>\r\n<td>2<\/td>\r\n<td>Heizdruck, kW<\/td>\r\n<td>\r\n<p style=\"text-align: center;\">45<\/p>\r\n<\/td>\r\n<\/tr>\r\n<tr>\r\n<td>3<\/td>\r\n<td>Temperatureinstellbereich, \u00b0C<\/td>\r\n<td>\r\n<p style=\"text-align: center;\">20\u2026120<\/p>\r\n<\/td>\r\n<\/tr>\r\n<tr>\r\n<td>4<\/td>\r\n<td>Anzahl Heizelemente, Stck<\/td>\r\n<td>\r\n<p style=\"text-align: center;\">15<\/p>\r\n<\/td>\r\n<\/tr>\r\n<tr>\r\n<td><\/td>\r\n<td colspan=\"2\"><strong>Vakuumblock<\/strong><\/td>\r\n<\/tr>\r\n<tr>\r\n<td>5<\/td>\r\n<td>Leistung, m2\/St<\/td>\r\n<td>\r\n<p style=\"text-align: center;\">1000<\/p>\r\n<\/td>\r\n<\/tr>\r\n<tr>\r\n<td>6<\/td>\r\n<td>Gesamtleistung der Motoren, kW<\/td>\r\n<td>\r\n<p style=\"text-align: center;\">11<\/p>\r\n<\/td>\r\n<\/tr>\r\n<tr>\r\n<td>7<\/td>\r\n<td>Das erreichbare Vakuumniveau, mbar<\/td>\r\n<td>\r\n<p style=\"text-align: center;\">1<\/p>\r\n<\/td>\r\n<\/tr>\r\n<tr>\r\n<td><\/td>\r\n<td colspan=\"2\"><strong>Zirkulationssystem<\/strong><\/td>\r\n<\/tr>\r\n<tr>\r\n<td>8<\/td>\r\n<td>Leistung, m3\/St<\/td>\r\n<td>\r\n<p style=\"text-align: center;\">2000<\/p>\r\n<\/td>\r\n<\/tr>\r\n<tr>\r\n<td>9<\/td>\r\n<td>L\u00fcfterleistung, kW<\/td>\r\n<td>\r\n<p style=\"text-align: center;\">2,2<\/p>\r\n<\/td>\r\n<\/tr>\r\n<tr>\r\n<td><\/td>\r\n<td colspan=\"2\"><strong>Abgassystem<\/strong><\/td>\r\n<\/tr>\r\n<tr>\r\n<td>10<\/td>\r\n<td>Leistung, m3\/St<\/td>\r\n<td>\r\n<p style=\"text-align: center;\">2000<\/p>\r\n<\/td>\r\n<\/tr>\r\n<tr>\r\n<td>11<\/td>\r\n<td>L\u00fcfterleistung, kW<\/td>\r\n<td>\r\n<p style=\"text-align: center;\">1,1<\/p>\r\n<\/td>\r\n<\/tr>\r\n<tr>\r\n<td><\/td>\r\n<td colspan=\"2\"><strong>Kondensationssystem<\/strong><\/td>\r\n<\/tr>\r\n<tr>\r\n<td>12<\/td>\r\n<td>Leistung des K\u00fchlers (Chiller), kW<\/td>\r\n<td>\r\n<p style=\"text-align: center;\">3,0<\/p>\r\n<\/td>\r\n<\/tr>\r\n<tr>\r\n<td>13<\/td>\r\n<td>K\u00fchlleistung des K\u00fchlers (Chiller), kcal\/h<\/td>\r\n<td>\r\n<p style=\"text-align: center;\">6000<\/p>\r\n<\/td>\r\n<\/tr>\r\n<tr>\r\n<td>14<\/td>\r\n<td>Kondensationsfl\u00e4che, m2<\/td>\r\n<td>\r\n<p style=\"text-align: center;\">7,5<\/p>\r\n<\/td>\r\n<\/tr>\r\n<tr>\r\n<td>15<\/td>\r\n<td>Der W\u00e4rmetauschertyp (Kondensator)<\/td>\r\n<td>\r\n<p style=\"text-align: center;\">Rohrb\u00fcndelw\u00e4rmetauscher<\/p>\r\n<\/td>\r\n<\/tr>\r\n<tr>\r\n<td><\/td>\r\n<td colspan=\"2\"><strong>Pneumatisches System<\/strong><\/td>\r\n<\/tr>\r\n<tr>\r\n<td>16<\/td>\r\n<td>Kompressorleistung, kW<\/td>\r\n<td>\r\n<p style=\"text-align: center;\">1,1<\/p>\r\n<\/td>\r\n<\/tr>\r\n<tr>\r\n<td>17<\/td>\r\n<td>Druck, bar<\/td>\r\n<td>\r\n<p style=\"text-align: center;\">9<\/p>\r\n<\/td>\r\n<\/tr>\r\n<\/tbody>\r\n<\/table>\r\n*\u2013 Die angegebenen Abmessungen beziehen sich auf eine der m\u00f6glichen Ausf\u00fchrungen der Anlage. GlobeCore fertigt Vakuumkammern in verschiedenen Gr\u00f6\u00dfen nach Kundenwunsch."},{"tab_title":"Vorteil","tab_content":"GlobeCore produziert Vakuum-Trockenkammern f\u00fcr verschiedene Rohstoffe:\r\n<ul>\r\n \t<li>Puder und Pasten;<\/li>\r\n \t<li>Lebensmittel;<\/li>\r\n \t<li>Holz, etc.<\/li>\r\n<\/ul>\r\nVorteile\r\n<ul>\r\n \t<li>gleichm\u00e4\u00dfige Trocknung des gesamten Transformatorkernvolumens;<\/li>\r\n \t<li>wirtschaftliche Nutzung von Strom;<\/li>\r\n \t<li>reduzierte Trocknungsdauer;<\/li>\r\n \t<li>einfache Bedienung;<\/li>\r\n \t<li>Steuerung und Protokollierung von Prozessparametern;<\/li>\r\n \t<li>Entfernung von Feuchtigkeit aus der Kammer;<\/li>\r\n \t<li>Die Kammer besteht aus korrosionsbest\u00e4ndigem Material.<\/li>\r\n<\/ul>"},{"tab_title":"Anwendung","tab_content":"[product_oil_types]"}],"add_video_tab":[{"video_tab_title":"Video","add_video_id":[{"video_id":"2s9EPFxnsWU"},{"video_id":"uKcEOcHakCY"}]}],"add_gallery_tab":[{"gallery_tab_title":"Foto","add_img":[60003,29560,29569,29578,29587,29596]}],"add_price_tab":[{"price_tab_title":"Get a Quote"}]},"language":"de","_links":{"self":[{"href":"https:\/\/globecore.com\/de\/wp-json\/wp\/v2\/pages\/146069","targetHints":{"allow":["GET"]}}],"collection":[{"href":"https:\/\/globecore.com\/de\/wp-json\/wp\/v2\/pages"}],"about":[{"href":"https:\/\/globecore.com\/de\/wp-json\/wp\/v2\/types\/page"}],"author":[{"embeddable":true,"href":"https:\/\/globecore.com\/de\/wp-json\/wp\/v2\/users\/7"}],"replies":[{"embeddable":true,"href":"https:\/\/globecore.com\/de\/wp-json\/wp\/v2\/comments?post=146069"}],"version-history":[{"count":2,"href":"https:\/\/globecore.com\/de\/wp-json\/wp\/v2\/pages\/146069\/revisions"}],"predecessor-version":[{"id":336163,"href":"https:\/\/globecore.com\/de\/wp-json\/wp\/v2\/pages\/146069\/revisions\/336163"}],"up":[{"embeddable":true,"href":"https:\/\/globecore.com\/de\/wp-json\/wp\/v2\/pages\/146067"}],"wp:featuredmedia":[{"embeddable":true,"href":"https:\/\/globecore.com\/de\/wp-json\/wp\/v2\/media\/342124"}],"wp:attachment":[{"href":"https:\/\/globecore.com\/de\/wp-json\/wp\/v2\/media?parent=146069"}],"wp:term":[{"taxonomy":"category","embeddable":true,"href":"https:\/\/globecore.com\/de\/wp-json\/wp\/v2\/categories?post=146069"}],"curies":[{"name":"wp","href":"https:\/\/api.w.org\/{rel}","templated":true}]}}