{"id":146073,"date":"2016-04-01T10:39:14","date_gmt":"2016-04-01T10:39:14","guid":{"rendered":"https:\/\/globecore.com\/products\/transformer-maintenance\/sukhovey-air-drying\/"},"modified":"2026-03-06T09:24:44","modified_gmt":"2026-03-06T09:24:44","slug":"sukhovey-air-drying","status":"publish","type":"page","link":"https:\/\/globecore.com\/de\/products\/transformer-maintenance\/sukhovey-air-drying\/","title":{"rendered":"Sukhovey (Mojave Heat): Hei\u00dfluft-Trocknungsanlage"},"content":{"rendered":"","protected":false},"excerpt":{"rendered":"<p>Die Hei\u00dflufttrocknungseinheit Mojave Heat (Sukhovey) ist f\u00fcr die Lufttrocknung und die Entfernung fester Partikel aus der atmosph\u00e4rischen Luft sowie f\u00fcr die Sorptionstrocknung ausgelegt. Die getrocknete und gereinigte Luft wird zum Sp\u00fclen von Transformatortanks und elektrischen Anlagen w\u00e4hrend der Installation, Wartung oder Reparatur verwendet und verhindert die Ansammlung von Feuchtigkeit in der dielektrischen Isolierung, w\u00e4hrend der Kern freiliegt.<\/p>\n","protected":false},"author":7,"featured_media":146074,"parent":146064,"menu_order":0,"comment_status":"closed","ping_status":"closed","template":"templates\/single-product.php","meta":{"_acf_changed":false,"_bbp_topic_count":0,"_bbp_reply_count":0,"_bbp_total_topic_count":0,"_bbp_total_reply_count":0,"_bbp_voice_count":0,"_bbp_anonymous_reply_count":0,"_bbp_topic_count_hidden":0,"_bbp_reply_count_hidden":0,"_bbp_forum_subforum_count":0,"footnotes":""},"categories":[2481],"class_list":["post-146073","page","type-page","status-publish","has-post-thumbnail","hentry","category-wartung-von-transformatoren","oil_type-abwaertstransformatoren","oil_type-aufwartstransformatoren","oil_type-spezialtransformatoren","oil_type-verteilungstransformatoren","process_type-dehydrierung"],"acf":{"add_tab":[{"tab_title":"Beschreibung","tab_content":"<p style=\"text-align: justify;\">Die Sukhovey (Mojave Heat)-Lufttrocknungsanlage ist zum Trocknen von Luft und zur Entfernung von Feststoffpartikeln aus atmosph\u00e4rischer Luft sowie zur Sorbens-Trocknung ausgelegt. Die trockene und gereinigte Luft kann f\u00fcr die Reinigung von Transformatorbeh\u00e4ltern und elektrischen Ger\u00e4ten w\u00e4hrend der Installation, des Betriebs oder der Reparatur verwendet werden, um zu verhindern, dass die dielektrische Isolierung Feuchtigkeit absorbiert, w\u00e4hrend der Kern freiliegt.<\/p>\r\n<p style=\"text-align: justify;\">Das Ger\u00e4t ist als Metallk\u00f6rper in zwei Abteile unterteilt. Diese arbeiten als zwei voneinander unabh\u00e4ngige Adsorber, das eine gef\u00fcllt mit synthetischem Zeolith und das andere mit einem Staubfilter, um feste Verunreinigungen aus der Luft zu entfernen.<\/p>"}],"add_def_tab":[{"tab_title":"Spezifikation","tab_content":"<table>\r\n<tbody>\r\n<tr style=\"text-align: justify;\">\r\n<td rowspan=\"2\">\r\n<p style=\"text-align: center;\"><b>Parameter<\/b><\/p>\r\n<\/td>\r\n<td colspan=\"2\">\r\n<p style=\"text-align: center;\"><b>Wert<\/b><\/p>\r\n<\/td>\r\n<\/tr>\r\n<tr style=\"text-align: justify;\">\r\n<td>\r\n<p style=\"text-align: center;\"><b>Sukhovey-0.7<\/b><\/p>\r\n<\/td>\r\n<td>\r\n<p style=\"text-align: center;\"><b>Sukhovey-4<\/b><\/p>\r\n<\/td>\r\n<\/tr>\r\n<tr style=\"text-align: justify;\">\r\n<td>\r\n<p style=\"text-align: left;\">Lufttrocknungskapazit\u00e4t, m\u00b3\/min., Kubikyard, mind.<\/p>\r\n<\/td>\r\n<td>\r\n<p style=\"text-align: center;\">1.7\/2.223<\/p>\r\n<\/td>\r\n<td>\r\n<p style=\"text-align: center;\">2.5\/3.27<\/p>\r\n<\/td>\r\n<\/tr>\r\n<tr style=\"text-align: justify;\">\r\n<td>\r\n<p style=\"text-align: left;\">Taupunkt der Trockenluft, \u00b0\u0421\/\u00b0F, max.<\/p>\r\n<\/td>\r\n<td>\r\n<p style=\"text-align: center;\">-50\/-58<\/p>\r\n<\/td>\r\n<td>\r\n<p style=\"text-align: center;\">-50\/-58<\/p>\r\n<\/td>\r\n<\/tr>\r\n<tr style=\"text-align: justify;\">\r\n<td>\r\n<p style=\"text-align: left;\">Trockenluftdruck, MPa\/bar, max.<\/p>\r\n<\/td>\r\n<td>\r\n<p style=\"text-align: center;\">0.018\/0.18<\/p>\r\n<\/td>\r\n<td>\r\n<p style=\"text-align: center;\">0.025\/0.25<\/p>\r\n<\/td>\r\n<\/tr>\r\n<tr style=\"text-align: justify;\">\r\n<td>\r\n<p style=\"text-align: left;\">Trockenlufttemperatur, \u00b0\u0421\/\u00b0F, max.<\/p>\r\n<\/td>\r\n<td>\r\n<p style=\"text-align: center;\">90\u00b115\/194\u00b127<\/p>\r\n<\/td>\r\n<td>\r\n<p style=\"text-align: center;\">90\u00b115\/194\u00b127<\/p>\r\n<\/td>\r\n<\/tr>\r\n<tr style=\"text-align: justify;\">\r\n<td>\r\n<p style=\"text-align: left;\">Adsorbens, kg\/lbs, max.<\/p>\r\n<\/td>\r\n<td>\r\n<p style=\"text-align: center;\">190\/419.9<\/p>\r\n<\/td>\r\n<td>\r\n<p style=\"text-align: center;\">190\/419.9<\/p>\r\n<\/td>\r\n<\/tr>\r\n<tr style=\"text-align: justify;\">\r\n<td>\r\n<p style=\"text-align: left;\">Anzahl der Adsorber<\/p>\r\n<\/td>\r\n<td>\r\n<p style=\"text-align: center;\">1<\/p>\r\n<\/td>\r\n<td>\r\n<p style=\"text-align: center;\">2<\/p>\r\n<\/td>\r\n<\/tr>\r\n<tr style=\"text-align: justify;\">\r\n<td>\r\n<p style=\"text-align: left;\">Zeolith-Regenerationstemperatur, \u00b0\u0421\/\u00b0F, max.<\/p>\r\n<\/td>\r\n<td>\r\n<p style=\"text-align: center;\">430\/806<\/p>\r\n<\/td>\r\n<td>\r\n<p style=\"text-align: center;\">430\/806<\/p>\r\n<\/td>\r\n<\/tr>\r\n<tr style=\"text-align: justify;\">\r\n<td>\r\n<p style=\"text-align: left;\">Lufterhitzerleistung, kW, Max.<\/p>\r\n<\/td>\r\n<td>\r\n<p style=\"text-align: center;\">24<\/p>\r\n<\/td>\r\n<td>\r\n<p style=\"text-align: center;\">24<\/p>\r\n<\/td>\r\n<\/tr>\r\n<tr style=\"text-align: justify;\">\r\n<td>\r\n<p style=\"text-align: left;\">Lufttrocknung (normale Betriebsart)<\/p>\r\n<\/td>\r\n<td>\r\n<p style=\"text-align: center;\">1<\/p>\r\n<\/td>\r\n<td>\r\n<p style=\"text-align: center;\">5.05<\/p>\r\n<\/td>\r\n<\/tr>\r\n<tr style=\"text-align: justify;\">\r\n<td>\r\n<p style=\"text-align: left;\">Anzahl der Sorbentregenerationen in einem Adsorber<\/p>\r\n<\/td>\r\n<td>\r\n<p style=\"text-align: center;\">25<\/p>\r\n<\/td>\r\n<td>\r\n<p style=\"text-align: center;\">30<\/p>\r\n<\/td>\r\n<\/tr>\r\n<tr style=\"text-align: justify;\">\r\n<td>\r\n<p style=\"text-align: left;\">Anzahl der Sorbentregenerationen in zwei Adsorbern<\/p>\r\n<\/td>\r\n<td>\r\n<p style=\"text-align: center;\">\u2013<\/p>\r\n<\/td>\r\n<td>\r\n<p style=\"text-align: center;\">55<\/p>\r\n<\/td>\r\n<\/tr>\r\n<tr style=\"text-align: justify;\">\r\n<td>\r\n<p style=\"text-align: left;\">Nennspannung bei 50 Hz \/ 60 Hz, V (Elektrische Leistung kann auf Wunsch komplett angepasst werden)<\/p>\r\n<\/td>\r\n<td>\r\n<p style=\"text-align: center;\">380<\/p>\r\n<\/td>\r\n<td>\r\n<p style=\"text-align: center;\">380<\/p>\r\n<\/td>\r\n<\/tr>\r\n<tr style=\"text-align: justify;\">\r\n<td>\r\n<p style=\"text-align: left;\">Ausgangslufttemperatur zur Regeneration von externen Adsorbentien, \u00b0\u0421\/\u00b0F, max.<\/p>\r\n<\/td>\r\n<td>\r\n<p style=\"text-align: center;\">430\/806<\/p>\r\n<\/td>\r\n<td>\r\n<p style=\"text-align: center;\">430\/806<\/p>\r\n<\/td>\r\n<\/tr>\r\n<tr style=\"text-align: justify;\">\r\n<td>\r\n<p style=\"text-align: left;\">Dauer der Sorbentregeneration, h<\/p>\r\n<\/td>\r\n<td>\r\n<p style=\"text-align: center;\">4<\/p>\r\n<\/td>\r\n<td>\r\n<p style=\"text-align: center;\">2-4<\/p>\r\n<\/td>\r\n<\/tr>\r\n<tr style=\"text-align: justify;\">\r\n<td>\r\n<p style=\"text-align: left;\">Trockenluftfiltration Feinheit, Mikron<\/p>\r\n<\/td>\r\n<td>\r\n<p style=\"text-align: center;\">5<\/p>\r\n<\/td>\r\n<td>\r\n<p style=\"text-align: center;\">5<\/p>\r\n<\/td>\r\n<\/tr>\r\n<tr style=\"text-align: justify;\">\r\n<td colspan=\"3\">\r\n<p style=\"text-align: left;\">Gr\u00f6\u00dfe, mm\/ft, max.:<\/p>\r\n<\/td>\r\n<\/tr>\r\n<tr style=\"text-align: justify;\">\r\n<td>\r\n<p style=\"text-align: left;\">\u2022 L\u00e4nge<\/p>\r\n<\/td>\r\n<td>\r\n<p style=\"text-align: center;\">1350\/4\u20195\u2019\u2019<\/p>\r\n<\/td>\r\n<td>\r\n<p style=\"text-align: center;\">1500\/4\u201911\u2019\u2019<\/p>\r\n<\/td>\r\n<\/tr>\r\n<tr style=\"text-align: justify;\">\r\n<td>\r\n<p style=\"text-align: left;\">\u2022 Breite<\/p>\r\n<\/td>\r\n<td>\r\n<p style=\"text-align: center;\">800\/2\u20198\u2019\u2019<\/p>\r\n<\/td>\r\n<td>\r\n<p style=\"text-align: center;\">1200\/3\u201911\u2019\u2019<\/p>\r\n<\/td>\r\n<\/tr>\r\n<tr style=\"text-align: justify;\">\r\n<td>\r\n<p style=\"text-align: left;\">\u2022 H\u00f6he<\/p>\r\n<\/td>\r\n<td>\r\n<p style=\"text-align: center;\">1700\/5\u20197\u2019\u2019<\/p>\r\n<\/td>\r\n<td>\r\n<p style=\"text-align: center;\">2100\/6\u201911\u2019\u2019<\/p>\r\n<\/td>\r\n<\/tr>\r\n<tr>\r\n<td style=\"text-align: justify;\">Gewicht, kg\/lbs, max.<\/td>\r\n<td style=\"text-align: justify;\">\r\n<p style=\"text-align: center;\">550\/ 1,215.5<\/p>\r\n<\/td>\r\n<td>\r\n<p style=\"text-align: center;\">1050\/ 2,320.5<\/p>\r\n<\/td>\r\n<\/tr>\r\n<\/tbody>\r\n<\/table>"},{"tab_title":"Vorteil","tab_content":"<ul>\r\n \t<li style=\"text-align: justify;\">sch\u00fctzt das Isolationssystem vor Feuchtigkeit;<\/li>\r\n \t<li style=\"text-align: justify;\">Durchf\u00fchrung der Druckentlastung in mehreren Stufen;<\/li>\r\n \t<li style=\"text-align: justify;\">verhindert die Erw\u00e4rmung des Transformators.<\/li>\r\n<\/ul>"},{"tab_title":"Anwendung","tab_content":"[product_oil_types]"}],"add_video_tab":[{"video_tab_title":"Video","add_video_id":[{"video_id":"VfSwxNzUWdo"},{"video_id":"Oq36snTjmG4"},{"video_id":"kIm3ItVMQCY"}]}],"add_gallery_tab":[{"gallery_tab_title":"Foto","add_img":[1469,1472,13493,13490]}],"add_price_tab":[{"price_tab_title":"Get a Quote"}]},"language":"de","_links":{"self":[{"href":"https:\/\/globecore.com\/de\/wp-json\/wp\/v2\/pages\/146073","targetHints":{"allow":["GET"]}}],"collection":[{"href":"https:\/\/globecore.com\/de\/wp-json\/wp\/v2\/pages"}],"about":[{"href":"https:\/\/globecore.com\/de\/wp-json\/wp\/v2\/types\/page"}],"author":[{"embeddable":true,"href":"https:\/\/globecore.com\/de\/wp-json\/wp\/v2\/users\/7"}],"replies":[{"embeddable":true,"href":"https:\/\/globecore.com\/de\/wp-json\/wp\/v2\/comments?post=146073"}],"version-history":[{"count":2,"href":"https:\/\/globecore.com\/de\/wp-json\/wp\/v2\/pages\/146073\/revisions"}],"predecessor-version":[{"id":336118,"href":"https:\/\/globecore.com\/de\/wp-json\/wp\/v2\/pages\/146073\/revisions\/336118"}],"up":[{"embeddable":true,"href":"https:\/\/globecore.com\/de\/wp-json\/wp\/v2\/pages\/146064"}],"wp:featuredmedia":[{"embeddable":true,"href":"https:\/\/globecore.com\/de\/wp-json\/wp\/v2\/media\/146074"}],"wp:attachment":[{"href":"https:\/\/globecore.com\/de\/wp-json\/wp\/v2\/media?parent=146073"}],"wp:term":[{"taxonomy":"category","embeddable":true,"href":"https:\/\/globecore.com\/de\/wp-json\/wp\/v2\/categories?post=146073"}],"curies":[{"name":"wp","href":"https:\/\/api.w.org\/{rel}","templated":true}]}}