{"id":146078,"date":"2021-05-13T06:02:29","date_gmt":"2021-05-13T06:02:29","guid":{"rendered":"https:\/\/globecore.com\/products\/transformer-maintenance\/uvv-vacuum-cold-trap\/"},"modified":"2026-03-06T09:29:04","modified_gmt":"2026-03-06T09:29:04","slug":"uvv-vacuum-cold-trap","status":"publish","type":"page","link":"https:\/\/globecore.com\/de\/products\/transformer-maintenance\/uvv-vacuum-cold-trap\/","title":{"rendered":"Anlage zum Trocknen der Feststoffisolierung von Transformatoren UVV"},"content":{"rendered":"","protected":false},"excerpt":{"rendered":"<p>Die Vakuum-K\u00e4ltefalle UVV ist f\u00fcr das Evakuieren und Trocknen der festen Isolation in Leistungstransformatoren mit Spannungen von 110 bis 1.150 kV w\u00e4hrend Installation, Wartung und Reparatur ausgelegt. Sie trocknet die feste Isolation mittels Vakuum und einer Niedertemperaturfalle zur Abscheidung von Dampf-Gas-Gemischen. Die Einheit kann mit Transformatoren eingesetzt werden, die einem Druck von 26 Pa standhalten.<\/p>\n","protected":false},"author":59,"featured_media":145650,"parent":146064,"menu_order":0,"comment_status":"closed","ping_status":"closed","template":"templates\/single-product.php","meta":{"_acf_changed":false,"_bbp_topic_count":0,"_bbp_reply_count":0,"_bbp_total_topic_count":0,"_bbp_total_reply_count":0,"_bbp_voice_count":0,"_bbp_anonymous_reply_count":0,"_bbp_topic_count_hidden":0,"_bbp_reply_count_hidden":0,"_bbp_forum_subforum_count":0,"footnotes":""},"categories":[2481],"class_list":["post-146078","page","type-page","status-publish","has-post-thumbnail","hentry","category-wartung-von-transformatoren","oil_type-abwaertstransformatoren","oil_type-aufwartstransformatoren","oil_type-spezialtransformatoren","oil_type-verteilungstransformatoren","process_type-dehydrierung"],"acf":{"add_tab":[{"tab_title":"Beschreibung","tab_content":"<p style=\"text-align: justify;\"><span style=\"font-weight: 400;\">Die \u201e<\/span><span style=\"font-weight: 400;\">UVV<\/span><span style=\"font-weight: 400;\">\u201c - Anlage dient zum Evakuieren und Trocknen der festen Isolierung von Leistungstransformatoren mit einer Spannung von 110\u20131150 kV bei deren Installation, Wartung und Reparatur. Das Funktionsprinzip der Anlage besteht im Evakuieren des Transformatorkessels und dem anschlie\u00dfenden Einfrieren der Feuchtigkeit in einer Niedertemperaturfalle.<\/span><\/p>\r\n<p style=\"text-align: justify;\"><span style=\"font-weight: 400;\">Die Anlage wird f\u00fcr Transformatoren verwendet, deren Tanks einem absoluten Druck von 26 Pa standhalten k\u00f6nnen. Der Einsatz der Anlage bei Transformatoren, deren Beh\u00e4lter einem absoluten Druck von 26 Pa nicht standhalten, ist nach der mit dem Transformatorhersteller vereinbarten erforderlichen Verst\u00e4rkung des Beh\u00e4lters m\u00f6glich.<\/span><\/p>\r\n<p style=\"text-align: justify;\"><span style=\"font-weight: 400;\">Beim Trocknen der festen Isolierung von Leistungstransformatoren mit einer Spannung von 500-1150 kV ist zur Beschleunigung des Vakuumprozesses vom Atmosph\u00e4rendruck auf einen Absolutdruck von 1000 Pa ein Anschluss an die \u201e<\/span><span style=\"font-weight: 400;\">UVV<\/span><span style=\"font-weight: 400;\">\u201c-Einheit vorgesehen Vorverfl\u00fcssigungseinheit oder eine zus\u00e4tzliche Vorvakuumpumpe.<\/span><\/p>"}],"add_def_tab":[{"tab_title":"Technische Daten","tab_content":"<table>\r\n<tbody>\r\n<tr>\r\n<td>\r\n<p style=\"text-align: center;\"><b>Nr<\/b><\/p>\r\n<\/td>\r\n<td style=\"text-align: center;\"><b>Parameter<\/b><\/td>\r\n<td>\r\n<p style=\"text-align: center;\"><b>Wert<\/b><\/p>\r\n<\/td>\r\n<\/tr>\r\n<tr>\r\n<td><span style=\"font-weight: 400;\">1<\/span><\/td>\r\n<td style=\"text-align: left;\"><span style=\"font-weight: 400;\">Pumpgeschwindigkeit des Dampf-Gas-Gemisches aus dem Transformatorkessel bei einem Restdruck von Atmosph\u00e4rendruck bis 400 Pa, l\/s, min<\/span><\/td>\r\n<td>\r\n<p style=\"text-align: center;\"><span style=\"font-weight: 400;\">27\u00d73=81<\/span><\/p>\r\n<\/td>\r\n<\/tr>\r\n<tr>\r\n<td style=\"text-align: left;\"><span style=\"font-weight: 400;\">2<\/span><\/td>\r\n<td style=\"text-align: left;\"><span style=\"font-weight: 400;\">Pumpgeschwindigkeit des Dampf-Gas-Gemisches aus dem Transformatorkessel bei einem Restdruck von 400 bis 26 Pa, l\/s min<\/span><\/td>\r\n<td>\r\n<p style=\"text-align: center;\"><span style=\"font-weight: 400;\">500<\/span><\/p>\r\n<\/td>\r\n<\/tr>\r\n<tr>\r\n<td><span style=\"font-weight: 400;\">3<\/span><\/td>\r\n<td style=\"text-align: left;\"><span style=\"font-weight: 400;\">Der von der Vakuumpumpe im Transformatorkessel erzeugte Restdruck Pa betr\u00e4gt, max<\/span><\/td>\r\n<td>\r\n<p style=\"text-align: center;\"><span style=\"font-weight: 400;\">26<\/span><\/p>\r\n<\/td>\r\n<\/tr>\r\n<tr>\r\n<td><span style=\"font-weight: 400;\">4<\/span><\/td>\r\n<td style=\"text-align: left;\"><span style=\"font-weight: 400;\">Restdruck in der Anlage w\u00e4hrend der Dichtheitspr\u00fcfung, Pa, max<\/span><\/td>\r\n<td>\r\n<p style=\"text-align: center;\"><span style=\"font-weight: 400;\">4<\/span><\/p>\r\n<\/td>\r\n<\/tr>\r\n<tr>\r\n<td><span style=\"font-weight: 400;\">5<\/span><\/td>\r\n<td style=\"text-align: left;\"><span style=\"font-weight: 400;\">Zufluss in einer Stunde Versuche, Pa, max<\/span><\/td>\r\n<td>\r\n<p style=\"text-align: center;\"><span style=\"font-weight: 400;\">100<\/span><\/p>\r\n<\/td>\r\n<\/tr>\r\n<tr>\r\n<td><span style=\"font-weight: 400;\">6<\/span><\/td>\r\n<td style=\"text-align: left;\"><span style=\"font-weight: 400;\">Die Temperatur der Wasserdampf-Kondensationsoberfl\u00e4che, \u00b0C, ist nicht h\u00f6her<\/span><\/td>\r\n<td>\r\n<p style=\"text-align: center;\"><span style=\"font-weight: 400;\">-70<\/span><\/p>\r\n<\/td>\r\n<\/tr>\r\n<tr>\r\n<td><span style=\"font-weight: 400;\">7<\/span><\/td>\r\n<td style=\"text-align: left;\"><span style=\"font-weight: 400;\">Restfeuchtegehalt in der Feststoffd\u00e4mmung, % max<\/span><\/td>\r\n<td>\r\n<p style=\"text-align: center;\"><span style=\"font-weight: 400;\">1,0<\/span><\/p>\r\n<\/td>\r\n<\/tr>\r\n<tr>\r\n<td><span style=\"font-weight: 400;\">8<\/span><\/td>\r\n<td style=\"text-align: left;\"><span style=\"font-weight: 400;\">K\u00fchlleistung (bei einer Temperatur von -75 \u00b0C), W<\/span><\/td>\r\n<td>\r\n<p style=\"text-align: center;\"><span style=\"font-weight: 400;\">600<\/span><\/p>\r\n<\/td>\r\n<\/tr>\r\n<tr>\r\n<td><span style=\"font-weight: 400;\">9<\/span><\/td>\r\n<td style=\"text-align: left;\"><span style=\"font-weight: 400;\">Kondensationsfl\u00e4che, m2, min<\/span><\/td>\r\n<td>\r\n<p style=\"text-align: center;\"><span style=\"font-weight: 400;\">6,1<\/span><\/p>\r\n<\/td>\r\n<\/tr>\r\n<tr>\r\n<td><span style=\"font-weight: 400;\">10<\/span><\/td>\r\n<td style=\"text-align: left;\"><span style=\"font-weight: 400;\">Leistung des Abtausystems, kW<\/span><\/td>\r\n<td>\r\n<p style=\"text-align: center;\"><span style=\"font-weight: 400;\">2,1<\/span><\/p>\r\n<\/td>\r\n<\/tr>\r\n<tr>\r\n<td><span style=\"font-weight: 400;\">11<\/span><\/td>\r\n<td style=\"text-align: left;\"><span style=\"font-weight: 400;\">Die installierte Leistung der Anlage, kW<\/span><\/td>\r\n<td>\r\n<p style=\"text-align: center;\"><span style=\"font-weight: 400;\">21<\/span><\/p>\r\n<\/td>\r\n<\/tr>\r\n<tr>\r\n<td><span style=\"font-weight: 400;\">12<\/span><\/td>\r\n<td style=\"text-align: left;\"><span style=\"font-weight: 400;\">Versorgungsspannung eines dreiphasigen Wechselstromnetzes mit einer Frequenz von 50 Hz, V<\/span><\/td>\r\n<td>\r\n<p style=\"text-align: center;\"><span style=\"font-weight: 400;\">380<\/span><\/p>\r\n<\/td>\r\n<\/tr>\r\n<tr>\r\n<td><span style=\"font-weight: 400;\">13<\/span><\/td>\r\n<td>\r\n<p style=\"text-align: left;\"><span style=\"font-weight: 400;\">Gesamtabmessungen, mm, max<\/span><\/p>\r\n<p style=\"text-align: left;\"><span style=\"font-weight: 400;\">\u2014 L\u00e4nge<\/span><\/p>\r\n<p style=\"text-align: left;\"><span style=\"font-weight: 400;\">\u2014 Breite<\/span><\/p>\r\n<p style=\"text-align: left;\"><span style=\"font-weight: 400;\">\u2014 H\u00f6he<\/span><\/p>\r\n<\/td>\r\n<td>\r\n<p style=\"text-align: center;\"><span style=\"font-weight: 400;\">1900<\/span><\/p>\r\n<p style=\"text-align: center;\"><span style=\"font-weight: 400;\">1900<\/span><\/p>\r\n<p style=\"text-align: center;\"><span style=\"font-weight: 400;\">1950<\/span><\/p>\r\n<\/td>\r\n<\/tr>\r\n<tr>\r\n<td><span style=\"font-weight: 400;\">14<\/span><\/td>\r\n<td style=\"text-align: left;\"><span style=\"font-weight: 400;\">Gewicht, kg, max<\/span><\/td>\r\n<td>\r\n<p style=\"text-align: center;\"><span style=\"font-weight: 400;\">1900<\/span><\/p>\r\n<\/td>\r\n<\/tr>\r\n<\/tbody>\r\n<\/table>"},{"tab_title":"Vorteile","tab_content":"<ul>\r\n \t<li style=\"font-weight: 400; text-align: justify;\"><span style=\"font-weight: 400;\">Der Vakuumbereich ist mit Heiz- und K\u00fchlvorrichtungen von Vakuumpumpen f\u00fcr den Betrieb in einem weiten Temperaturbereich ausgestattet;<\/span><\/li>\r\n \t<li style=\"font-weight: 400; text-align: justify;\"><span style=\"font-weight: 400;\">Die Anlage\u00a0 ist mit Plattenvakuumpumpen ausgestattet, die keine separate Heizung oder K\u00fchlung erfordern und weniger laut sind;<\/span><\/li>\r\n \t<li style=\"font-weight: 400; text-align: justify;\"><span style=\"font-weight: 400;\">Alle Komponenten sind auf einem einzigen Rahmen montiert.<\/span><\/li>\r\n<\/ul>"},{"tab_title":"Anwendung","tab_content":"[product_oil_types]"}],"add_video_tab":[{"video_tab_title":"Video","add_video_id":[{"video_id":"hOeF7lqbW3A"}]}],"add_gallery_tab":null,"add_price_tab":[{"price_tab_title":"Get a Quote"}]},"language":"de","_links":{"self":[{"href":"https:\/\/globecore.com\/de\/wp-json\/wp\/v2\/pages\/146078","targetHints":{"allow":["GET"]}}],"collection":[{"href":"https:\/\/globecore.com\/de\/wp-json\/wp\/v2\/pages"}],"about":[{"href":"https:\/\/globecore.com\/de\/wp-json\/wp\/v2\/types\/page"}],"author":[{"embeddable":true,"href":"https:\/\/globecore.com\/de\/wp-json\/wp\/v2\/users\/59"}],"replies":[{"embeddable":true,"href":"https:\/\/globecore.com\/de\/wp-json\/wp\/v2\/comments?post=146078"}],"version-history":[{"count":2,"href":"https:\/\/globecore.com\/de\/wp-json\/wp\/v2\/pages\/146078\/revisions"}],"predecessor-version":[{"id":336122,"href":"https:\/\/globecore.com\/de\/wp-json\/wp\/v2\/pages\/146078\/revisions\/336122"}],"up":[{"embeddable":true,"href":"https:\/\/globecore.com\/de\/wp-json\/wp\/v2\/pages\/146064"}],"wp:featuredmedia":[{"embeddable":true,"href":"https:\/\/globecore.com\/de\/wp-json\/wp\/v2\/media\/145650"}],"wp:attachment":[{"href":"https:\/\/globecore.com\/de\/wp-json\/wp\/v2\/media?parent=146078"}],"wp:term":[{"taxonomy":"category","embeddable":true,"href":"https:\/\/globecore.com\/de\/wp-json\/wp\/v2\/categories?post=146078"}],"curies":[{"name":"wp","href":"https:\/\/api.w.org\/{rel}","templated":true}]}}