{"id":146081,"date":"2023-07-17T13:26:37","date_gmt":"2023-07-17T13:26:37","guid":{"rendered":"https:\/\/globecore.com\/products\/transformer-maintenance\/low-frequency-heating-device-lfd\/"},"modified":"2026-03-06T09:53:24","modified_gmt":"2026-03-06T09:53:24","slug":"low-frequency-heating-device-lfd","status":"publish","type":"page","link":"https:\/\/globecore.com\/de\/products\/transformer-maintenance\/low-frequency-heating-device-lfd\/","title":{"rendered":"Niederfrequenz-Heizger\u00e4t LFD"},"content":{"rendered":"","protected":false},"excerpt":{"rendered":"<p>Das LFD-Ger\u00e4t ist f\u00fcr das Erw\u00e4rmen und Trocknen von Transformatorwicklungen ausgelegt. Das Funktionsprinzip basiert auf niederfrequenten elektrischen Str\u00f6men, die durch die Transformatorwicklungen flie\u00dfen und diese auf eine standardm\u00e4\u00dfige Trocknungstemperatur von +75\u2026 +120\u202f\u00b0C erw\u00e4rmen. Da bei der Erw\u00e4rmung durch Niederfrequenzstr\u00f6me die W\u00e4rmequelle die Wicklung selbst ist und die Erw\u00e4rmung von innen erfolgt, erfolgt die Entfernung von Feuchtigkeit aus der Isolation schneller und vollst\u00e4ndiger im Vergleich zu anderen Erw\u00e4rmungsmethoden.<\/p>\n","protected":false},"author":7,"featured_media":146083,"parent":146064,"menu_order":0,"comment_status":"closed","ping_status":"closed","template":"templates\/single-product.php","meta":{"_acf_changed":false,"_bbp_topic_count":0,"_bbp_reply_count":0,"_bbp_total_topic_count":0,"_bbp_total_reply_count":0,"_bbp_voice_count":0,"_bbp_anonymous_reply_count":0,"_bbp_topic_count_hidden":0,"_bbp_reply_count_hidden":0,"_bbp_forum_subforum_count":0,"footnotes":""},"categories":[2481],"class_list":["post-146081","page","type-page","status-publish","has-post-thumbnail","hentry","category-wartung-von-transformatoren","oil_type-abwaertstransformatoren","oil_type-aufwartstransformatoren","oil_type-spezialtransformatoren","oil_type-verteilungstransformatoren","process_type-erwarmung"],"acf":{"add_tab":[{"tab_title":"Beschreibung","tab_content":"<p style=\"text-align: justify;\">Das LFD-Ger\u00e4t ist zum Erw\u00e4rmen und Trocknen von Transformatorwicklungen bestimmt.<\/p>\r\n<p style=\"text-align: justify;\">Das Funktionsprinzip des Ger\u00e4tes basiert auf dem Fluss niederfrequenter Str\u00f6me durch die Wicklungen des Transformators und deren Erw\u00e4rmung auf eine typische Trocknungstemperatur von +75 - +120\u00b0C. Aufgrund der Tatsache, dass bei der Erw\u00e4rmung durch niederfrequente Str\u00f6me die W\u00e4rmequelle die Wicklung selbst ist und die Erw\u00e4rmung von innen erfolgt, erfolgt die Entfernung von Feuchtigkeit aus der Dicke der Isolierung im Vergleich zu anderen Erw\u00e4rmungsmethoden schneller und vollst\u00e4ndiger.<\/p>\r\n<p style=\"text-align: justify;\">Um die Effizienz der Trocknung \u00f6lgef\u00fcllter Transformatoren zu steigern, kann der LFD in Verbindung mit thermischen Vakuumtrocknern von CMM eingesetzt werden. In diesem Fall kommt es beim Trocknen des Transformators gleichzeitig zu einer direkten Erw\u00e4rmung der Wicklungen des abgeschalteten Transformators und zum Entfernen der aus den Wicklungen freigesetzten Feuchtigkeit in das \u00d6l.<\/p>\r\n<p style=\"text-align: justify;\">Wenn das \u00d6l aus dem Transformator abgelassen wird, ist es effektiv, das LFD-Ger\u00e4t zusammen mit BV- oder UVV- oder Mojave Heat-Einheiten zu verwenden, die aus den Wicklungen abgegebene Feuchtigkeit in den Raum des Transformatorkessels entfernen. Der Prozess l\u00e4uft automatisch ab, bis die Feuchtigkeitsmenge im \u00d6l weniger als 10 g\/t (ppm) betr\u00e4gt, nachdem sich die Wicklungen am Ende auf eine Temperatur von +75 bis +120 \u00b0C erw\u00e4rmt haben.<\/p>"}],"add_def_tab":[{"tab_title":"Spezifikation","tab_content":"<table width=\"640\">\r\n<tbody>\r\n<tr>\r\n<td width=\"44\"><strong>Nr.<\/strong><\/td>\r\n<td style=\"text-align: center;\" colspan=\"2\" width=\"427\"><strong>Parameter<\/strong><\/td>\r\n<td style=\"text-align: center;\" width=\"168\"><strong>Wert<\/strong><\/td>\r\n<\/tr>\r\n<tr>\r\n<td width=\"44\">1<\/td>\r\n<td colspan=\"2\" width=\"427\">Maximaler Ausgangsstrom der Anlage (AC), A<\/td>\r\n<td style=\"text-align: center;\" width=\"168\">300*<\/td>\r\n<\/tr>\r\n<tr>\r\n<td width=\"44\">2<\/td>\r\n<td colspan=\"2\" width=\"427\">Umgebungstemperatur, \u00b0C<\/td>\r\n<td style=\"text-align: center;\" width=\"168\">0\u201340<\/td>\r\n<\/tr>\r\n<tr>\r\n<td width=\"44\">3<\/td>\r\n<td colspan=\"2\" width=\"427\">Relative Luftfeuchtigkeit, %<\/td>\r\n<td style=\"text-align: center;\" width=\"168\">Feuchtigkeit nicht erlaubt<\/td>\r\n<\/tr>\r\n<tr>\r\n<td width=\"44\">4<\/td>\r\n<td colspan=\"2\" width=\"427\">Ausgangsfrequenz, Hz<\/td>\r\n<td style=\"text-align: center;\" width=\"168\">0,5\u201310<\/td>\r\n<\/tr>\r\n<tr>\r\n<td width=\"44\">5<\/td>\r\n<td colspan=\"2\" width=\"427\">Schutzart<\/td>\r\n<td style=\"text-align: center;\" width=\"168\">IP 54, IK 09<\/td>\r\n<\/tr>\r\n<tr>\r\n<td width=\"44\">6<\/td>\r\n<td colspan=\"2\" width=\"427\">Parameter der Stromversorgung<\/td>\r\n<td style=\"text-align: center;\" width=\"168\">Auf Anfrage<\/td>\r\n<\/tr>\r\n<tr>\r\n<td rowspan=\"3\" width=\"44\">7<\/td>\r\n<td rowspan=\"3\" width=\"299\">Abmessungen, mm<\/td>\r\n<td width=\"128\">L\u00e4nge<\/td>\r\n<td style=\"text-align: center;\" width=\"168\">2510<\/td>\r\n<\/tr>\r\n<tr>\r\n<td width=\"128\">Breite<\/td>\r\n<td style=\"text-align: center;\" width=\"168\">1400<\/td>\r\n<\/tr>\r\n<tr>\r\n<td width=\"128\">H\u00f6he<\/td>\r\n<td style=\"text-align: center;\" width=\"168\">1680<\/td>\r\n<\/tr>\r\n<tr>\r\n<td width=\"44\">8<\/td>\r\n<td colspan=\"2\" width=\"427\">Gewicht, kg<\/td>\r\n<td style=\"text-align: center;\" width=\"168\">2500<\/td>\r\n<\/tr>\r\n<\/tbody>\r\n<\/table>\r\n<em>* \u2013 Werte f\u00fcr eine der m\u00f6glichen Ausf\u00fchrungen des Ger\u00e4ts. Das LFD-Ger\u00e4t wird nach Kundenwunsch gefertigt. Die Eigenschaften k\u00f6nnen je nach Nennstrom der Prim\u00e4rwicklung der Transformatoren variieren, deren aktive Teile beheizt werden m\u00fcssen.<\/em>"},{"tab_title":"Vorteil","tab_content":"<ul>\r\n \t<li>vollst\u00e4ndige Automatisierung;<\/li>\r\n \t<li>Energieeffizient;<\/li>\r\n \t<li>kompakte Abmessungen;<\/li>\r\n \t<li>Trocknen von Transformatorwicklungen;<\/li>\r\n \t<li>intelligente Ausr\u00fcstung;<\/li>\r\n \t<li>Schutz vor \u00dcberhitzung der Transformatorwicklungen.<\/li>\r\n<\/ul>"},{"tab_title":"Anwendung","tab_content":"[product_oil_types]"}],"add_video_tab":[{"video_tab_title":"Video","add_video_id":[{"video_id":"V2-k0bffOso"},{"video_id":"uKcEOcHakCY"}]}],"add_gallery_tab":null,"add_price_tab":null},"language":"de","_links":{"self":[{"href":"https:\/\/globecore.com\/de\/wp-json\/wp\/v2\/pages\/146081","targetHints":{"allow":["GET"]}}],"collection":[{"href":"https:\/\/globecore.com\/de\/wp-json\/wp\/v2\/pages"}],"about":[{"href":"https:\/\/globecore.com\/de\/wp-json\/wp\/v2\/types\/page"}],"author":[{"embeddable":true,"href":"https:\/\/globecore.com\/de\/wp-json\/wp\/v2\/users\/7"}],"replies":[{"embeddable":true,"href":"https:\/\/globecore.com\/de\/wp-json\/wp\/v2\/comments?post=146081"}],"version-history":[{"count":2,"href":"https:\/\/globecore.com\/de\/wp-json\/wp\/v2\/pages\/146081\/revisions"}],"predecessor-version":[{"id":336129,"href":"https:\/\/globecore.com\/de\/wp-json\/wp\/v2\/pages\/146081\/revisions\/336129"}],"up":[{"embeddable":true,"href":"https:\/\/globecore.com\/de\/wp-json\/wp\/v2\/pages\/146064"}],"wp:featuredmedia":[{"embeddable":true,"href":"https:\/\/globecore.com\/de\/wp-json\/wp\/v2\/media\/146083"}],"wp:attachment":[{"href":"https:\/\/globecore.com\/de\/wp-json\/wp\/v2\/media?parent=146081"}],"wp:term":[{"taxonomy":"category","embeddable":true,"href":"https:\/\/globecore.com\/de\/wp-json\/wp\/v2\/categories?post=146081"}],"curies":[{"name":"wp","href":"https:\/\/api.w.org\/{rel}","templated":true}]}}