{"id":146088,"date":"2016-07-29T12:27:37","date_gmt":"2016-07-29T12:27:37","guid":{"rendered":"https:\/\/globecore.com\/products\/transformer-maintenance\/transformer-safety-system-tss\/"},"modified":"2026-03-06T12:11:12","modified_gmt":"2026-03-06T12:11:12","slug":"transformer-safety-system-tss","status":"publish","type":"page","link":"https:\/\/globecore.com\/de\/products\/transformer-maintenance\/transformer-safety-system-tss\/","title":{"rendered":"Transformatorsicherheitssystem TSS"},"content":{"rendered":"","protected":false},"excerpt":{"rendered":"<p>Das Transformator-Sicherheitssystem (TSS) verbindet \u00d6lfilter-, Entgasungs- und Trocknungseinheiten mit Transformatoren und erm\u00f6glicht eine sichere \u00d6laufbereitung auch an unter Spannung stehenden Transformatoren. Es wird \u00fcber obere und untere Anschl\u00fcsse mit automatischen Ventilen angeschlossen, die das System stoppen, wenn der \u00d6lstand abnormal ist oder ein Leck auftritt. Ein Luftablassventil verhindert Fehlmeldungen durch Luft in den Schl\u00e4uchen, w\u00e4hrend die angeschlossenen Einheiten das \u00d6l reinigen, Feuchtigkeit und Gase entfernen und seine dielektrischen Eigenschaften erhalten.<\/p>\n","protected":false},"author":7,"featured_media":134778,"parent":146064,"menu_order":0,"comment_status":"closed","ping_status":"closed","template":"templates\/single-product.php","meta":{"_acf_changed":false,"_bbp_topic_count":0,"_bbp_reply_count":0,"_bbp_total_topic_count":0,"_bbp_total_reply_count":0,"_bbp_voice_count":0,"_bbp_anonymous_reply_count":0,"_bbp_topic_count_hidden":0,"_bbp_reply_count_hidden":0,"_bbp_forum_subforum_count":0,"footnotes":""},"categories":[2481],"class_list":["post-146088","page","type-page","status-publish","has-post-thumbnail","hentry","category-wartung-von-transformatoren","oil_type-abwaertstransformatoren","oil_type-aufwartstransformatoren","oil_type-spezialtransformatoren","oil_type-verteilungstransformatoren","process_type-sicherheit"],"acf":{"add_tab":[{"tab_title":"Beschreibung","tab_content":"<p style=\"text-align: justify;\">Reinigung und Regeneration von Isolier\u00f6len ist ein wichtiger und integraler Bestandteil der Ma\u00dfnahmen zur Verbesserung der Zuverl\u00e4ssigkeit und Verl\u00e4ngerung der Lebensdauer von Leistungstransformatoren. Bei der \u00d6lregeneration kann es zu einer Vielzahl von Notsituationen kommen (\u00d6llecks, Luft in Schl\u00e4uchen usw.) , die zum Verlust kostbarer Zeit und in einigen F\u00e4llen zu ungeplanten Kosten f\u00fchren k\u00f6nnen.<\/p>\r\n<p style=\"text-align: justify;\">Deshalb schl\u00e4gt GlobeCore vor, um die Sicherheit in der \u00d6lverarbeitung zu erh\u00f6hen, \u00d6lfiltrationssysteme mit TSS zu verbinden. Diese Ausr\u00fcstung kann von Unternehmen der Elektrizit\u00e4tsindustrie, sowie von Unternehmen, die Reperaturen an \u00f6lgef\u00fcllten Ger\u00e4ten durchf\u00fchren, genutzt werden.<\/p>\r\n\r\n<h2 style=\"text-align: justify;\"><b>STANDARDSET DES SICHERHEITSSYSTEMS TSS:<\/b><\/h2>\r\n<ul style=\"text-align: justify;\">\r\n \t<li>Zwei Ventile;<\/li>\r\n \t<li>\u00d6lstandssensor;<\/li>\r\n \t<li>Kabelsatz;<\/li>\r\n \t<li>Schaltschrank\/Steuerschrank.<\/li>\r\n<\/ul>\r\n<h2 style=\"text-align: justify;\"><b>TSS (T<\/b>RANSFORMATOR<b>S<\/b>ICHERHEITS<b>S<\/b>YSTEM<b>) VERBINDET DIE FOLGENDEN ANLAGEN MIT DEM TRANSFORMATOR:<\/b><\/h2>\r\n<ul style=\"text-align: justify;\">\r\n \t<li>\u00d6lfilteranlage;<\/li>\r\n \t<li>\u00d6lentgasungssysteme;<\/li>\r\n \t<li>\u00d6ltrocknungsanlage.<\/li>\r\n<\/ul>\r\n<p style=\"text-align: justify;\">Die \u00d6lreinigungsanlage wird mit dem Transformator \u00fcber obere und untere Anschl\u00fcsse verbunden. Jeder Anschluss enth\u00e4lt ein spezielles automatisches Ventil, das in Notsituationen die Installation deaktiviert.<\/p>\r\n<p style=\"text-align: justify;\">Der Bediener kann die Normen f\u00fcr den oberen und unteren \u00d6lstand im Transformatorbeh\u00e4lter einstellen. Wenn das \u00d6l das Niveau nicht erreicht, gibt der Sensor einen Befehl, um den Transformator von der \u00d6lreinigungsausr\u00fcstung zu trennen. Gelangt Luft in die Schl\u00e4uche, schaltet sich das Entl\u00fcftungsventil ein und beseitigt falsche Alarme des Transformator-Gasrelais.<\/p>"}],"add_def_tab":[{"tab_title":"Spezifikation","tab_content":"<table width=\"514\">\r\n<tbody>\r\n<tr>\r\n<th>\u2116<\/th>\r\n<th>Parametername<\/th>\r\n<th>Wert<\/th>\r\n<\/tr>\r\n<tr>\r\n<td>1<\/td>\r\n<td>Nenndurchmesser, Dn, mm<\/td>\r\n<td style=\"text-align: center;\">25<\/td>\r\n<\/tr>\r\n<tr>\r\n<td>2<\/td>\r\n<td>Parameter des elektrischen Stroms:<\/td>\r\n<td><\/td>\r\n<\/tr>\r\n<tr>\r\n<td><\/td>\r\n<td>\u2014 Spannung, V<\/td>\r\n<td style=\"text-align: center;\">Auf Anfrage<\/td>\r\n<\/tr>\r\n<tr>\r\n<td><\/td>\r\n<td>\u2014 Wechselstromfrequenz, Hz<\/td>\r\n<td><\/td>\r\n<\/tr>\r\n<tr>\r\n<td>3<\/td>\r\n<td>Gesamtabmessungen, mm, max:<\/td>\r\n<td><\/td>\r\n<\/tr>\r\n<tr>\r\n<td><\/td>\r\n<td>\u2014 L\u00e4nge<\/td>\r\n<td style=\"text-align: center;\">850<\/td>\r\n<\/tr>\r\n<tr>\r\n<td><\/td>\r\n<td>\u2014 Breite<\/td>\r\n<td style=\"text-align: center;\">790<\/td>\r\n<\/tr>\r\n<tr>\r\n<td><\/td>\r\n<td>\u2014 H\u00f6he<\/td>\r\n<td style=\"text-align: center;\">1590<\/td>\r\n<\/tr>\r\n<tr>\r\n<td>4<\/td>\r\n<td>Gewicht, kg, max<\/td>\r\n<td style=\"text-align: center;\">210<\/td>\r\n<\/tr>\r\n<\/tbody>\r\n<\/table>"},{"tab_title":"Vorteil","tab_content":"<ul>\r\n \t<li style=\"text-align: justify;\">Unabh\u00e4ngig. Kann mit Ger\u00e4ten von GlobeCore oder anderen Herstellern genutzt werden;<\/li>\r\n \t<li style=\"text-align: justify;\">Vielseitigkeit. Es kann mit \u00d6lbehandlungsanlagen, Filtrations- und Regenerationsanlagen eingesetzt werden;<\/li>\r\n \t<li style=\"text-align: justify;\">Einfache Verbindung. Mit Grundkenntnissen verbindet der Bediener die Ausr\u00fcstung in f\u00fcnf Minuten;<\/li>\r\n \t<li style=\"text-align: justify;\">Funktioniert am Transformator unter Spannung;<\/li>\r\n \t<li style=\"text-align: justify;\">Das Bedienfeld ist sowohl an der Installation selbst (vor\u00fcbergehend oder dauerhaft) als auch an der speziellen Unterst\u00fctzung angebracht;<\/li>\r\n \t<li style=\"text-align: justify;\">Durch ein speziell angefordertes GSM-Modul funktioniert die Installation auch per Smartphone.<\/li>\r\n<\/ul>"},{"tab_title":"Anwendung","tab_content":"[product_oil_types]"}],"add_video_tab":[{"video_tab_title":"Video","add_video_id":[{"video_id":"ufvysloHoCQ"},{"video_id":"M3BpW5GQiRc"}]}],"add_gallery_tab":null,"add_price_tab":[{"price_tab_title":"Get a Quote"}]},"language":"de","_links":{"self":[{"href":"https:\/\/globecore.com\/de\/wp-json\/wp\/v2\/pages\/146088","targetHints":{"allow":["GET"]}}],"collection":[{"href":"https:\/\/globecore.com\/de\/wp-json\/wp\/v2\/pages"}],"about":[{"href":"https:\/\/globecore.com\/de\/wp-json\/wp\/v2\/types\/page"}],"author":[{"embeddable":true,"href":"https:\/\/globecore.com\/de\/wp-json\/wp\/v2\/users\/7"}],"replies":[{"embeddable":true,"href":"https:\/\/globecore.com\/de\/wp-json\/wp\/v2\/comments?post=146088"}],"version-history":[{"count":2,"href":"https:\/\/globecore.com\/de\/wp-json\/wp\/v2\/pages\/146088\/revisions"}],"predecessor-version":[{"id":336158,"href":"https:\/\/globecore.com\/de\/wp-json\/wp\/v2\/pages\/146088\/revisions\/336158"}],"up":[{"embeddable":true,"href":"https:\/\/globecore.com\/de\/wp-json\/wp\/v2\/pages\/146064"}],"wp:featuredmedia":[{"embeddable":true,"href":"https:\/\/globecore.com\/de\/wp-json\/wp\/v2\/media\/134778"}],"wp:attachment":[{"href":"https:\/\/globecore.com\/de\/wp-json\/wp\/v2\/media?parent=146088"}],"wp:term":[{"taxonomy":"category","embeddable":true,"href":"https:\/\/globecore.com\/de\/wp-json\/wp\/v2\/categories?post=146088"}],"curies":[{"name":"wp","href":"https:\/\/api.w.org\/{rel}","templated":true}]}}