{"id":146096,"date":"2021-04-26T10:39:52","date_gmt":"2021-04-26T10:39:52","guid":{"rendered":"https:\/\/globecore.com\/products\/zeolite-regeneration-and-drying\/brps-zeolite-regeneration-block\/"},"modified":"2026-03-06T12:33:40","modified_gmt":"2026-03-06T12:33:40","slug":"brps-zeolite-regeneration-block","status":"publish","type":"page","link":"https:\/\/globecore.com\/de\/products\/zeolite-regeneration-and-drying\/brps-zeolite-regeneration-block\/","title":{"rendered":"BRPS &#8211; Einheit zur Regeneration von Zeolith (Sorptionsmittel) und Feuchtigkeitsentfernung"},"content":{"rendered":"","protected":false},"excerpt":{"rendered":"<p>Die BRPS-Anlage dient zur Reinigung des Sorbents (Zeolith) von \u00d6lr\u00fcckst\u00e4nden mittels \u00fcberhitztem Dampf sowie zur Entfernung aufgenommener Feuchtigkeit durch Trocknung mit Hei\u00dfluft. Sie wird in Energie- und Industrieanlagen eingesetzt, in denen zeolithgef\u00fcllte Adsorber Schmier- und Isolier\u00f6le trocknen, beispielsweise in Transformator-Trocknungssystemen. Zur Wiederherstellung der Adsorptionsf\u00e4higkeit muss der Zeolith auf 250 \u00b0C erhitzt werden. Da er jedoch \u00d6lr\u00fcckst\u00e4nde mit niedrigerem Flammpunkt enth\u00e4lt, werden diese zun\u00e4chst mit \u00fcberhitztem Dampf entfernt; die Reinigungsprodukte werden in einem separaten Beh\u00e4lter gesammelt. Anschlie\u00dfend wird der Zeolith mit Hei\u00dfluft bis 250 \u00b0C getrocknet und danach vakuumiert, um Restdampf und Gase zu entfernen. Nach dem Abk\u00fchlen ist der Zeolith wieder einsatzbereit.<\/p>\n","protected":false},"author":7,"featured_media":134990,"parent":146095,"menu_order":0,"comment_status":"closed","ping_status":"closed","template":"templates\/single-product.php","meta":{"_acf_changed":false,"_bbp_topic_count":0,"_bbp_reply_count":0,"_bbp_total_topic_count":0,"_bbp_total_reply_count":0,"_bbp_voice_count":0,"_bbp_anonymous_reply_count":0,"_bbp_topic_count_hidden":0,"_bbp_reply_count_hidden":0,"_bbp_forum_subforum_count":0,"footnotes":""},"categories":[1892],"class_list":["post-146096","page","type-page","status-publish","has-post-thumbnail","hentry","category-oil-maintenance-de","oil_type-sorptionsmittel","process_type-regeneration-de"],"acf":{"add_tab":[{"tab_title":"Beschreibung","tab_content":"<p style=\"text-align: justify;\">Die BRPS-Anlage dient zum Waschen des Sorptionsmittels (Zeolith) mit \u00fcberhitztem Dampf von \u00d6lr\u00fcckst\u00e4nden und zum Entfernen zuvor aufgenommener Feuchtigkeit durch Trocknen mit Hei\u00dfluft.<\/p>\r\n<p style=\"text-align: justify;\">Das Ger\u00e4t wird in Energie-, Industrie- und anderen Anlagen eingesetzt, die mit Zeolith gef\u00fcllte Adsorber zum Trocknen von Schmier- und Elektroisolier\u00f6len verwenden, insbesondere die Einheit mit Sorbenspatronen ZP-260 GlobeCore.<\/p>\r\n\r\n<h2 style=\"text-align: center;\">Arbeitsprinzip<\/h2>\r\n<p style=\"text-align: justify;\">Um die absorbierenden Eigenschaften von Zeolith wiederherzustellen, muss es auf eine Temperatur von 250 Grad Celsius erhitzt werden. Aber Zeolith enth\u00e4lt \u00d6lreste, deren Flammpunkt meist deutlich niedriger liegt, beispielsweise bei Transformatoren\u00f6l \u2013 130 Grad Celsius.<\/p>\r\n<p style=\"text-align: justify;\">Daher entfernt das Ger\u00e4t vor dem Erhitzen \u00d6lr\u00fcckst\u00e4nde, indem es die Zeolithschicht mit \u00fcberhitztem Dampf w\u00e4scht, der mithilfe eines Dampferzeugers erzeugt wird. Waschmittel werden in einem Hilfsbeh\u00e4lter gesammelt.<\/p>\r\n<p style=\"text-align: justify;\">Nach dem Entfernen des restlichen \u00d6ls wird der Zeolith mit Hilfe von Hei\u00dfluft getrocknet, die von einem Luftgebl\u00e4se dem Erhitzer zugef\u00fchrt wird und am Austritt aus dem Erhitzer eine Temperatur von 250 Grad Celsius aufweist.<\/p>\r\n<p style=\"text-align: justify;\">Im letzten Schritt wird die mit Zeolith gef\u00fcllte Anlage durch den Betrieb der Vakuumpumpe evakuiert, die die restlichen D\u00e4mpfe und Dampf-Gas-Gemische abpumpt.<\/p>\r\n<p style=\"text-align: justify;\">Nach dem Abk\u00fchlen kann der Zeolith wieder zum Trocknen von Industrie\u00f6len verwendet werden.<\/p>"}],"add_def_tab":[{"tab_title":"Spezifikation","tab_content":"<table width=\"638\">\r\n<tbody>\r\n<tr>\r\n<td style=\"text-align: center;\"><strong>\u2116<\/strong><\/td>\r\n<td style=\"text-align: center;\"><strong>Parameter<\/strong><\/td>\r\n<td style=\"text-align: center;\"><strong>Bedeutung<\/strong><\/td>\r\n<\/tr>\r\n<tr>\r\n<td>1<\/td>\r\n<td colspan=\"2\">\r\n<p style=\"text-align: left;\">\u00d6lparameter im Dampfreinigungsmodus<\/p>\r\n<\/td>\r\n<\/tr>\r\n<tr>\r\n<td><\/td>\r\n<td>\r\n<p style=\"text-align: left;\">\u2013 Dampftemperatur, <sup>0<\/sup>\u0421<\/p>\r\n<\/td>\r\n<td>150<\/td>\r\n<\/tr>\r\n<tr>\r\n<td><\/td>\r\n<td>\r\n<p style=\"text-align: left;\">\u2013 Druck, MPa<\/p>\r\n<\/td>\r\n<td>0,5<\/td>\r\n<\/tr>\r\n<tr>\r\n<td>\r\n<p style=\"text-align: left;\"><\/p>\r\n<\/td>\r\n<td>\r\n<p style=\"text-align: left;\">\u2013Leistung der Heizger\u00e4te, kW<\/p>\r\n<\/td>\r\n<td>12<\/td>\r\n<\/tr>\r\n<tr>\r\n<td>\r\n<p style=\"text-align: center;\">2<\/p>\r\n<\/td>\r\n<td>\r\n<p style=\"text-align: left;\">Parameter im Trocknungsmodus<\/p>\r\n<\/td>\r\n<td><\/td>\r\n<\/tr>\r\n<tr>\r\n<td>\r\n<p style=\"text-align: left;\"><\/p>\r\n<\/td>\r\n<td>\r\n<p style=\"text-align: left;\">\u2013 Luftgebl\u00e4seleistung, m3\/min, min<\/p>\r\n<\/td>\r\n<td>2,3<\/td>\r\n<\/tr>\r\n<tr>\r\n<td><\/td>\r\n<td>\r\n<p style=\"text-align: left;\">\u2013 erw\u00e4rmte Lufttemperatur, \u00ba\u0421<\/p>\r\n<\/td>\r\n<td>150 \u2013 250<\/td>\r\n<\/tr>\r\n<tr>\r\n<td>3<\/td>\r\n<td colspan=\"2\">\r\n<p style=\"text-align: left;\">Parameter im Vakuumiermodus<\/p>\r\n<\/td>\r\n<\/tr>\r\n<tr>\r\n<td><\/td>\r\n<td>\r\n<p style=\"text-align: left;\">\u2013 Saugverm\u00f6gen, l\/s, min<\/p>\r\n<\/td>\r\n<td>6,6<\/td>\r\n<\/tr>\r\n<tr>\r\n<td><\/td>\r\n<td>\r\n<p style=\"text-align: left;\">\u2013 Restdruck, mbar (mPa), max<\/p>\r\n<\/td>\r\n<td>2,5 (250)<\/td>\r\n<\/tr>\r\n<tr>\r\n<td>4<\/td>\r\n<td>\r\n<p style=\"text-align: left;\">Die Leistung des Lufterhitzers, kW, max<\/p>\r\n<\/td>\r\n<td>10,8<\/td>\r\n<\/tr>\r\n<tr>\r\n<td>5<\/td>\r\n<td>\r\n<p style=\"text-align: left;\">Antriebsleistung des K\u00fchlerlaufrads, kW, max<\/p>\r\n<\/td>\r\n<td>0,75<\/td>\r\n<\/tr>\r\n<tr>\r\n<td>\r\n<p style=\"text-align: center;\">6<\/p>\r\n<\/td>\r\n<td>\r\n<p style=\"text-align: left;\">Installierte Leistung, kW, max<\/p>\r\n<\/td>\r\n<td>13,2<\/td>\r\n<\/tr>\r\n<tr>\r\n<td>7<\/td>\r\n<td colspan=\"2\">\r\n<p style=\"text-align: left;\">Abmessungen, mm, max<\/p>\r\n<\/td>\r\n<\/tr>\r\n<tr>\r\n<td>\r\n<p style=\"text-align: left;\"><\/p>\r\n<\/td>\r\n<td>\r\n<p style=\"text-align: left;\">\u2013 L\u00e4nge;<\/p>\r\n<\/td>\r\n<td>1100<\/td>\r\n<\/tr>\r\n<tr>\r\n<td><\/td>\r\n<td>\r\n<p style=\"text-align: left;\">\u2013 Breite;<\/p>\r\n<\/td>\r\n<td>650<\/td>\r\n<\/tr>\r\n<tr>\r\n<td>\r\n<p style=\"text-align: left;\"><\/p>\r\n<\/td>\r\n<td>\r\n<p style=\"text-align: left;\">\u2013 H\u00f6he<\/p>\r\n<\/td>\r\n<td>1350<\/td>\r\n<\/tr>\r\n<tr>\r\n<td>\r\n<p style=\"text-align: left;\">8<\/p>\r\n<\/td>\r\n<td>\r\n<p style=\"text-align: left;\">Gewicht, kg, max<\/p>\r\n<\/td>\r\n<td>210<\/td>\r\n<\/tr>\r\n<\/tbody>\r\n<\/table>"},{"tab_title":"Vorteil","tab_content":"<ul>\r\n \t<li>kompakte Gr\u00f6\u00dfe;<\/li>\r\n \t<li>Mobilit\u00e4t durch Platzierung auf R\u00e4dern;<\/li>\r\n \t<li>Die Leistung des Heizger\u00e4ts reicht aus, um die Luft auf eine Temperatur von 400 Grad Celsius zu erhitzen, sodass das BRPS zur L\u00f6sung anderer Aufgaben verwendet werden kann, die eine h\u00f6here Heiztemperatur erfordern.<\/li>\r\n \t<li>Einsparung von Zeolith aufgrund seiner wiederholten Verwendung zum Trocknen von \u00d6len.<\/li>\r\n<\/ul>"},{"tab_title":"Anwendung","tab_content":"[product_oil_types]"}],"add_video_tab":[{"video_tab_title":"Video","add_video_id":[{"video_id":"4ClBRG2nmgA"},{"video_id":"9OOcql1QFoE"}]}],"add_gallery_tab":null,"add_price_tab":[{"price_tab_title":"Get a quote"}]},"language":"de","_links":{"self":[{"href":"https:\/\/globecore.com\/de\/wp-json\/wp\/v2\/pages\/146096","targetHints":{"allow":["GET"]}}],"collection":[{"href":"https:\/\/globecore.com\/de\/wp-json\/wp\/v2\/pages"}],"about":[{"href":"https:\/\/globecore.com\/de\/wp-json\/wp\/v2\/types\/page"}],"author":[{"embeddable":true,"href":"https:\/\/globecore.com\/de\/wp-json\/wp\/v2\/users\/7"}],"replies":[{"embeddable":true,"href":"https:\/\/globecore.com\/de\/wp-json\/wp\/v2\/comments?post=146096"}],"version-history":[{"count":2,"href":"https:\/\/globecore.com\/de\/wp-json\/wp\/v2\/pages\/146096\/revisions"}],"predecessor-version":[{"id":336176,"href":"https:\/\/globecore.com\/de\/wp-json\/wp\/v2\/pages\/146096\/revisions\/336176"}],"up":[{"embeddable":true,"href":"https:\/\/globecore.com\/de\/wp-json\/wp\/v2\/pages\/146095"}],"wp:featuredmedia":[{"embeddable":true,"href":"https:\/\/globecore.com\/de\/wp-json\/wp\/v2\/media\/134990"}],"wp:attachment":[{"href":"https:\/\/globecore.com\/de\/wp-json\/wp\/v2\/media?parent=146096"}],"wp:term":[{"taxonomy":"category","embeddable":true,"href":"https:\/\/globecore.com\/de\/wp-json\/wp\/v2\/categories?post=146096"}],"curies":[{"name":"wp","href":"https:\/\/api.w.org\/{rel}","templated":true}]}}