{"id":146101,"date":"2021-04-22T07:33:33","date_gmt":"2021-04-22T07:33:33","guid":{"rendered":"https:\/\/globecore.com\/products\/zeolite-regeneration-and-drying\/zeolite-drying-cabinet-ssc\/"},"modified":"2026-03-06T12:20:55","modified_gmt":"2026-03-06T12:20:55","slug":"zeolite-drying-cabinet-ssc","status":"publish","type":"page","link":"https:\/\/globecore.com\/de\/products\/zeolite-regeneration-and-drying\/zeolite-drying-cabinet-ssc\/","title":{"rendered":"Anlage zum Trocknen von Zeolith und Kieselgel SSC-15"},"content":{"rendered":"","protected":false},"excerpt":{"rendered":"<p>Der SSC-15 Zeolith-Trocknungsschrank ist f\u00fcr Energieversorgungsunternehmen und Gasverarbeitungsanlagen konzipiert und dient zur Vortrocknung von Zeolith, der zur tiefen Entw\u00e4sserung von Heiz\u00f6len und Erdgas eingesetzt wird. Das Geh\u00e4use aus Stahlblech umfasst eine w\u00e4rmeisolierte Trocknungskammer mit 12 Einsch\u00fcben. Zwei Heizeinheiten sind beidseitig der Kammer installiert, w\u00e4hrend ein auf der R\u00fcckseite montierter Ventilator einen kontinuierlichen Luftstrom von den elektrischen Heizelementen durch seitliche \u00d6ffnungen gew\u00e4hrleistet und so eine gleichm\u00e4\u00dfige W\u00e4rmeverteilung sicherstellt. Der Trocknungsprozess wird durch eine modulare Einheit gesteuert, die in der N\u00e4he des Schranks installiert ist. Auf Kundenwunsch kann der Trockenschrank mit Heizelementen bis 800 \u00b0C sowie mit einer automatischen T\u00fcrverriegelung ausgestattet werden, die ein \u00d6ffnen vor dem Abk\u00fchlen verhindert.<\/p>\n","protected":false},"author":7,"featured_media":134552,"parent":146095,"menu_order":0,"comment_status":"closed","ping_status":"closed","template":"templates\/single-product.php","meta":{"_acf_changed":false,"_bbp_topic_count":0,"_bbp_reply_count":0,"_bbp_total_topic_count":0,"_bbp_total_reply_count":0,"_bbp_voice_count":0,"_bbp_anonymous_reply_count":0,"_bbp_topic_count_hidden":0,"_bbp_reply_count_hidden":0,"_bbp_forum_subforum_count":0,"footnotes":""},"categories":[1892],"class_list":["post-146101","page","type-page","status-publish","has-post-thumbnail","hentry","category-oil-maintenance-de","oil_type-sorptionsmittel","process_type-dehydrierung"],"acf":{"add_tab":[{"tab_title":"Beschreibung","tab_content":"<p style=\"text-align: justify;\">Wir bieten Elektrizit\u00e4tsunternehmen und Gasverarbeitungsbetrieben die Ausr\u00fcstung zum Trocknen von Zeolith an \u2013 die SSC-15-Anlage. Diese Ausr\u00fcstung ist f\u00fcr die Vortrocknung von Zeolith bestimmt, der f\u00fcr die Tiefentw\u00e4sserung von Energie\u00f6len und Erdgas verwendet wird.<\/p>\r\n<p style=\"text-align: justify;\">Die Vortrocknung des Zeoliths erfolgt mit Hilfe der SSC-15 Anlage, wodurch seine Adsorptionseigenschaften und die Qualit\u00e4t der Dehydrierung von Energie\u00f6len und Erdgasen verbessert werden k\u00f6nnen. Dar\u00fcber hinaus kann das System auch zum Trocknen von Schwei\u00dfelektroden genutzt werden.<\/p>\r\n<p style=\"text-align: justify;\">SSC-15 ist f\u00fcr den Betrieb vorgesehen mit:<\/p>\r\n\r\n<ul style=\"text-align: justify;\">\r\n \t<li>Umgebungstemperatur von 0 bis 35 \u00b0C;<\/li>\r\n \t<li>Atmosph\u00e4rendruck von 630 bis 800 mm Hg<\/li>\r\n<\/ul>\r\n<p style=\"text-align: justify;\">Der Rahmen des Produkts besteht aus profiliertem Metall und Stahlblech. Die Anlage verf\u00fcgt \u00fcber eine Trockenkammer, an deren Seiten zwei Heizbl\u00f6cke installiert sind. An der R\u00fcckwand ist ein Ventilator installiert, der Luft aus der Kammer durch die Elektroheizungen treibt und durch die L\u00f6cher in den Seitenw\u00e4nden zur\u00fcckf\u00fchrt. Um den W\u00e4rmeverlust zu reduzieren, ist der Rahmen isoliert.<\/p>\r\n<p style=\"text-align: justify;\">Die Steuerung des technologischen Prozesses der Zeolithtrocknung erfolgt mit Hilfe einer kompletten Vorrichtung, die an der Wand des Raumes neben der Trockenskammer angebracht ist.<\/p>"}],"add_def_tab":[{"tab_title":"Spezifikation","tab_content":"<table width=\"467\">\r\n<tbody>\r\n<tr>\r\n<td style=\"text-align: center;\"><strong>\u2116<\/strong><\/td>\r\n<td style=\"text-align: center;\"><strong>Parameter<\/strong><\/td>\r\n<td style=\"text-align: center;\"><strong>Bedeutung<\/strong><\/td>\r\n<\/tr>\r\n<tr>\r\n<td>1<\/td>\r\n<td>\r\n<p style=\"text-align: left;\">Menge des beladenen Zeoliths, dm3<\/p>\r\n<\/td>\r\n<td>130<\/td>\r\n<\/tr>\r\n<tr>\r\n<td>2<\/td>\r\n<td style=\"text-align: left;\">Die Anzahl der Eisenbleche im Schrank, St\u00fcck.<\/td>\r\n<td>12<\/td>\r\n<\/tr>\r\n<tr>\r\n<td>3<\/td>\r\n<td style=\"text-align: left;\">Installierte Leistung der Heizger\u00e4te, kW<\/td>\r\n<td>14,4<\/td>\r\n<\/tr>\r\n<tr>\r\n<td>4<\/td>\r\n<td style=\"text-align: left;\">Temperatureinstellbereich, \u00b0C<\/td>\r\n<td>zu 250<\/td>\r\n<\/tr>\r\n<tr>\r\n<td>5<\/td>\r\n<td style=\"text-align: left;\">Installierte L\u00fcfterleistung, kW<\/td>\r\n<td>0,18<\/td>\r\n<\/tr>\r\n<tr>\r\n<td>6<\/td>\r\n<td style=\"text-align: left;\">Versorgungsspannung bei einer Stromfrequenz von 50 Hz, V<\/td>\r\n<td>380<\/td>\r\n<\/tr>\r\n<tr>\r\n<td>7<\/td>\r\n<td style=\"text-align: left;\">Gewicht (ohne Zeolith), kg max<\/td>\r\n<td>370<\/td>\r\n<\/tr>\r\n<tr>\r\n<td rowspan=\"4\">8<\/td>\r\n<td style=\"text-align: left;\">Abmessungen,mm, max<\/td>\r\n<td><\/td>\r\n<\/tr>\r\n<tr>\r\n<td style=\"text-align: left;\">\u2013 L\u00e4nge<\/td>\r\n<td>1500<\/td>\r\n<\/tr>\r\n<tr>\r\n<td style=\"text-align: left;\">\u2013 Breite (bei geschlossener T\u00fcr)<\/td>\r\n<td>1000<\/td>\r\n<\/tr>\r\n<tr>\r\n<td style=\"text-align: left;\">\u2013 H\u00f6he<\/td>\r\n<td>1100<\/td>\r\n<\/tr>\r\n<\/tbody>\r\n<\/table>\r\n&nbsp;"},{"tab_title":"Vorteil","tab_content":"<ul>\r\n \t<li>die M\u00f6glichkeit der Erw\u00e4rmung auf eine Temperatur von 400 \u00b0C;<\/li>\r\n \t<li>automatische Aufrechterhaltung der eingestellten Temperatur;<\/li>\r\n \t<li>das Vorhandensein eines Schraubt\u00fcrschlosses, das die Wahrscheinlichkeit von Farbverbrennungen verringert und die Abdichtung erh\u00f6ht;<\/li>\r\n \t<li>die M\u00f6glichkeit, Tablettbl\u00f6cke aus dem Ofen zu entfernen, wodurch das System zur L\u00f6sung anderer Aufgaben des Erhitzens, H\u00e4rtens, Backens von Materialien und Teilen verwendet werden kann.Abh\u00e4ngig von den Besonderheiten der Produktionsprozesse im Unternehmen des Kunden und auf dessen Wunsch ist es m\u00f6glich, Heizelemente bis 800 \u00b0C zu installieren und den Bediener durch ein Ofentemperierungssystem vor Verbrennungen zu sch\u00fctzen.<\/li>\r\n<\/ul>"},{"tab_title":"Anwendung","tab_content":"[product_oil_types]"}],"add_video_tab":[{"video_tab_title":"Video","add_video_id":[{"video_id":"F9wxHNaJwMI"},{"video_id":"lKc9bjhRtt0"},{"video_id":"PacWTVikQGY"}]}],"add_gallery_tab":[{"gallery_tab_title":"Foto","add_img":[26282,26273]}],"add_price_tab":[{"price_tab_title":"Get a quote"}]},"language":"de","_links":{"self":[{"href":"https:\/\/globecore.com\/de\/wp-json\/wp\/v2\/pages\/146101","targetHints":{"allow":["GET"]}}],"collection":[{"href":"https:\/\/globecore.com\/de\/wp-json\/wp\/v2\/pages"}],"about":[{"href":"https:\/\/globecore.com\/de\/wp-json\/wp\/v2\/types\/page"}],"author":[{"embeddable":true,"href":"https:\/\/globecore.com\/de\/wp-json\/wp\/v2\/users\/7"}],"replies":[{"embeddable":true,"href":"https:\/\/globecore.com\/de\/wp-json\/wp\/v2\/comments?post=146101"}],"version-history":[{"count":3,"href":"https:\/\/globecore.com\/de\/wp-json\/wp\/v2\/pages\/146101\/revisions"}],"predecessor-version":[{"id":336167,"href":"https:\/\/globecore.com\/de\/wp-json\/wp\/v2\/pages\/146101\/revisions\/336167"}],"up":[{"embeddable":true,"href":"https:\/\/globecore.com\/de\/wp-json\/wp\/v2\/pages\/146095"}],"wp:featuredmedia":[{"embeddable":true,"href":"https:\/\/globecore.com\/de\/wp-json\/wp\/v2\/media\/134552"}],"wp:attachment":[{"href":"https:\/\/globecore.com\/de\/wp-json\/wp\/v2\/media?parent=146101"}],"wp:term":[{"taxonomy":"category","embeddable":true,"href":"https:\/\/globecore.com\/de\/wp-json\/wp\/v2\/categories?post=146101"}],"curies":[{"name":"wp","href":"https:\/\/api.w.org\/{rel}","templated":true}]}}