{"id":146129,"date":"2020-07-01T17:09:03","date_gmt":"2020-07-01T17:09:03","guid":{"rendered":"https:\/\/globecore.com\/products\/instruments\/toet-transformer-oil-express-tester\/"},"modified":"2026-03-06T12:38:43","modified_gmt":"2026-03-06T12:38:43","slug":"toet-transformer-oil-express-tester","status":"publish","type":"page","link":"https:\/\/globecore.com\/de\/products\/instruments\/toet-transformer-oil-express-tester\/","title":{"rendered":"Schnelltester f\u00fcr Transformator\u00f6l TOR-1"},"content":{"rendered":"","protected":false},"excerpt":{"rendered":"<p>Das TOR-1 ist ein Ger\u00e4t zur schnellen und genauen Bestimmung des Massenanteils von Wasser in Isolier\u00f6len, selbst bei sehr niedrigen Werten. Seine hohe Messgeschwindigkeit und Genauigkeit machen das TOR-1 zu einer idealen L\u00f6sung f\u00fcr die regelm\u00e4\u00dfige Vor-Ort-\u00dcberwachung des Feuchtigkeitsgehalts in Transformator\u00f6len und gew\u00e4hrleisten eine zuverl\u00e4ssige Kontrolle w\u00e4hrend des Betriebs. Das Ger\u00e4t misst die Wasseraktivit\u00e4t und die Temperatur und berechnet den absoluten Wassergehalt in ppm.<\/p>\n","protected":false},"author":7,"featured_media":320474,"parent":146122,"menu_order":0,"comment_status":"closed","ping_status":"closed","template":"templates\/single-product.php","meta":{"_acf_changed":false,"_bbp_topic_count":0,"_bbp_reply_count":0,"_bbp_total_topic_count":0,"_bbp_total_reply_count":0,"_bbp_voice_count":0,"_bbp_anonymous_reply_count":0,"_bbp_topic_count_hidden":0,"_bbp_reply_count_hidden":0,"_bbp_forum_subforum_count":0,"footnotes":""},"categories":[1931],"class_list":["post-146129","page","type-page","status-publish","has-post-thumbnail","hentry","category-instruments-de","oil_type-dieselkraftstoff","oil_type-hydraulikol","oil_type-industrieol","oil_type-transformatorenol","process_type-feuchtigkeitstest"],"acf":{"add_tab":[{"tab_title":"Beschreibung","tab_content":"<p style=\"text-align: justify;\">TOR-1 ist ein Ger\u00e4t zur schnellen und genauen Bestimmung des Feuchtigkeitsmassenanteils in Isolier\u00f6len, selbst in kleinsten Mengen.<\/p>\r\n<p style=\"text-align: justify;\">Hohe Messpr\u00e4zision und hervorragende Langzeitstabilit\u00e4t machen den Schnelltester zur idealen L\u00f6sung f\u00fcr die kontinuierliche \u00dcberwachung des Feuchtigkeitsgehalts in Transformator\u00f6len.<\/p>\r\n<p style=\"text-align: justify;\">Das TOR-1-Ger\u00e4t misst die folgenden Parameter:<\/p>\r\n\r\n<ul style=\"text-align: justify;\">\r\n \t<li>Wasseraktivit\u00e4t;<\/li>\r\n \t<li>Temperatur;<\/li>\r\n \t<li>berechnet den absoluten Feuchtigkeitsgehalt in ppm.<\/li>\r\n<\/ul>\r\n<h2 style=\"text-align: center;\">Zusammensetzung des TOR-1-Ger\u00e4ts<\/h2>\r\n<p style=\"text-align: justify;\">Das Ger\u00e4t vereint alle Vorrichtungen in sich, die f\u00fcr eine einfache und bequeme Bedienung erforderlich sind:<\/p>\r\n\r\n<ul style=\"text-align: justify;\">\r\n \t<li>zwei digitale Indikatoren: einer zeigt die Temperatur der Probe an, der andere\u00a0 Luftfeuchtigkeit in ppm;<\/li>\r\n \t<li>abnehmbarer Probenahmebecher;<\/li>\r\n \t<li>Zwei Tasten: zur Stromversorgung und zur Aufnahme der Feuchtigkeits- und Temperaturmessung.<\/li>\r\n<\/ul>\r\n<h2 style=\"text-align: center;\">Arbeitsprinzip<\/h2>\r\n<p style=\"text-align: justify;\">Der Feuchtigkeitsgehalt von \u00d6l kann als absoluter Wert in ppm oder als relativer aw-Wert beschrieben werden:<\/p>\r\n\r\n<ul style=\"text-align: justify;\">\r\n \t<li>ppm ist das Verh\u00e4ltnis von Feuchtigkeitsmasse zu \u00d6lmasse;<\/li>\r\n \t<li>aw ist der tats\u00e4chliche Feuchtigkeitsgehalt als Anteil des vollst\u00e4ndig mit Feuchtigkeit ges\u00e4ttigten \u00d6ls.<\/li>\r\n<\/ul>\r\n<p style=\"text-align: justify;\">Der Wert aw=0 entspricht \u00d6l ohne Wasser, w\u00e4hrend aw=1 entspricht \u00d6l, das vollst\u00e4ndig mit Feuchtigkeit ges\u00e4ttigt ist.<\/p>\r\n<p style=\"text-align: justify;\">Das Ger\u00e4t misst mit einem kapazitiven Sensor, der Langzeitstabilit\u00e4t und hervorragende Schmutzbest\u00e4ndigkeit gew\u00e4hrleistet. Die gemessenen physikalischen Gr\u00f6\u00dfen sind Wasseraktivit\u00e4t aw und Temperatur T. Mit diesen Werten berechnet der Schnelltester den Feuchtigkeitsgehalt (ppm) im Mineraltransformator\u00f6l. Die Berechnung des Feuchtigkeitsgehalts in nichtmineralischem Transformator\u00f6l und Schmier\u00f6len ist erst m\u00f6glich, nachdem die spezifischen Gr\u00f6\u00dfen dieser \u00d6le in das Ger\u00e4t heruntergeladen wurden.<\/p>"}],"add_def_tab":[{"tab_title":"Technische Daten","tab_content":"<table>\r\n<tbody>\r\n<tr>\r\n<td width=\"47\"><strong>\u2116<\/strong><\/td>\r\n<td width=\"338\">\r\n<p style=\"text-align: center;\"><strong>Parameter<\/strong><\/p>\r\n<\/td>\r\n<td>\r\n<p style=\"text-align: center;\"><strong>Wert<\/strong><\/p>\r\n<\/td>\r\n<\/tr>\r\n<tr>\r\n<td width=\"47\">1<\/td>\r\n<td width=\"338\">Arbeitsbereich, aw (aktive Wasser (aw))<\/td>\r\n<td>\r\n<p style=\"text-align: center;\">0\u20261<\/p>\r\n<\/td>\r\n<\/tr>\r\n<tr>\r\n<td width=\"47\">2<\/td>\r\n<td width=\"338\">Arbeitsbereich der Messung des gel\u00f6sten Wassergehalts, ppm<\/td>\r\n<td>\r\n<p style=\"text-align: center;\">0\u2026500<\/p>\r\n<\/td>\r\n<\/tr>\r\n<tr>\r\n<td width=\"47\">3<\/td>\r\n<td width=\"338\">Genauigkeit bei 20 \u00b0C<\/td>\r\n<td>\r\n<p style=\"text-align: center;\">\u00b10,02 aw (0\u20260,9 aw) \u00b10,03 aw (0,9\u20261 aw)<\/p>\r\n<\/td>\r\n<\/tr>\r\n<tr>\r\n<td width=\"47\">4<\/td>\r\n<td width=\"338\">Temperaturmessung<\/td>\r\n<td>\r\n<p style=\"text-align: center;\">ja<\/p>\r\n<\/td>\r\n<\/tr>\r\n<tr>\r\n<td width=\"47\">5<\/td>\r\n<td width=\"338\">Arbeitstemperatur des Mediums, \u00b0\u0421<\/td>\r\n<td>\r\n<p style=\"text-align: center;\">0\u202655<\/p>\r\n<\/td>\r\n<\/tr>\r\n<tr>\r\n<td width=\"47\">6<\/td>\r\n<td width=\"338\">Ben\u00f6tigte Leistung, W<\/td>\r\n<td>\r\n<p style=\"text-align: center;\">10<\/p>\r\n<\/td>\r\n<\/tr>\r\n<tr>\r\n<td width=\"47\">7<\/td>\r\n<td width=\"338\">Einphasen-Wechselstromversorgungsspannung, 50 Hz, V<\/td>\r\n<td>\r\n<p style=\"text-align: center;\">220<\/p>\r\n<\/td>\r\n<\/tr>\r\n<tr>\r\n<td width=\"47\">8<\/td>\r\n<td width=\"338\">Abmessungen, mm, nicht mehr als\r\n<ul>\r\n \t<li>L\u00e4nge<\/li>\r\n \t<li>Breite<\/li>\r\n \t<li>H\u00f6he<\/li>\r\n<\/ul>\r\n<\/td>\r\n<td>\r\n<p style=\"text-align: center;\">190<\/p>\r\n<p style=\"text-align: center;\">255<\/p>\r\n<p style=\"text-align: center;\">365<\/p>\r\n<\/td>\r\n<\/tr>\r\n<tr>\r\n<td width=\"47\">9<\/td>\r\n<td width=\"338\">Gewicht, kg, nicht mehr als<\/td>\r\n<td>\r\n<p style=\"text-align: center;\">6<\/p>\r\n<\/td>\r\n<\/tr>\r\n<\/tbody>\r\n<\/table>"},{"tab_title":"Vorteile","tab_content":"<ul>\r\n \t<li style=\"text-align: justify;\">kompakter Aufbau;<\/li>\r\n \t<li style=\"text-align: justify;\">einfache Benutzung: um die Probe zu wechseln, reicht es aus, der herausnehmbare Probenahmebecher zu wechseln und die Start-Taste zu dr\u00fccken, um die Messung anzufangen;<\/li>\r\n \t<li style=\"text-align: justify;\">Multifunktionalit\u00e4t;<\/li>\r\n \t<li style=\"text-align: justify;\">funktioniert ohne PC;<\/li>\r\n \t<li style=\"text-align: justify;\">kann aufgrund des ausreichenden Schutzes (vandalensichere Metallkn\u00f6pfe, F\u00fchlelement-Schutz, eingebauter Schutz elektrischer Ger\u00e4te) und einer stabilisierten Stromversorgung zur \u00d6lpr\u00fcfung unter Feldbedingungen neben dem Trafo verwendet werden.<\/li>\r\n<\/ul>"},{"tab_title":"Anwendung","tab_content":"[product_oil_types]"}],"add_video_tab":[{"video_tab_title":"Video","add_video_id":[{"video_id":"_pD3QI9OZ7s"},{"video_id":"SUDtO9zVDtw"}]}],"add_gallery_tab":[{"gallery_tab_title":"Foto","add_img":[102368,102380,102392,102404]}],"add_price_tab":[{"price_tab_title":"Get a quote"}]},"language":"de","_links":{"self":[{"href":"https:\/\/globecore.com\/de\/wp-json\/wp\/v2\/pages\/146129","targetHints":{"allow":["GET"]}}],"collection":[{"href":"https:\/\/globecore.com\/de\/wp-json\/wp\/v2\/pages"}],"about":[{"href":"https:\/\/globecore.com\/de\/wp-json\/wp\/v2\/types\/page"}],"author":[{"embeddable":true,"href":"https:\/\/globecore.com\/de\/wp-json\/wp\/v2\/users\/7"}],"replies":[{"embeddable":true,"href":"https:\/\/globecore.com\/de\/wp-json\/wp\/v2\/comments?post=146129"}],"version-history":[{"count":1,"href":"https:\/\/globecore.com\/de\/wp-json\/wp\/v2\/pages\/146129\/revisions"}],"predecessor-version":[{"id":336180,"href":"https:\/\/globecore.com\/de\/wp-json\/wp\/v2\/pages\/146129\/revisions\/336180"}],"up":[{"embeddable":true,"href":"https:\/\/globecore.com\/de\/wp-json\/wp\/v2\/pages\/146122"}],"wp:featuredmedia":[{"embeddable":true,"href":"https:\/\/globecore.com\/de\/wp-json\/wp\/v2\/media\/320474"}],"wp:attachment":[{"href":"https:\/\/globecore.com\/de\/wp-json\/wp\/v2\/media?parent=146129"}],"wp:term":[{"taxonomy":"category","embeddable":true,"href":"https:\/\/globecore.com\/de\/wp-json\/wp\/v2\/categories?post=146129"}],"curies":[{"name":"wp","href":"https:\/\/api.w.org\/{rel}","templated":true}]}}