{"id":146156,"date":"2020-12-24T13:11:48","date_gmt":"2020-12-24T13:11:48","guid":{"rendered":"https:\/\/globecore.com\/products\/instruments\/toet-2-tester-for-moisture-and-hydrogen-content-measurement-in-transformer-oil\/"},"modified":"2026-03-06T13:27:00","modified_gmt":"2026-03-06T13:27:00","slug":"toet-2-tester-for-moisture-and-hydrogen-content-measurement-in-transformer-oil","status":"publish","type":"page","link":"https:\/\/globecore.com\/de\/products\/instruments\/toet-2-tester-for-moisture-and-hydrogen-content-measurement-in-transformer-oil\/","title":{"rendered":"Ger\u00e4t zur Bestimmung des Feuchtigkeits- und Wasserstoffgehalts in Transformator\u00f6l TOR-2"},"content":{"rendered":"","protected":false},"excerpt":{"rendered":"<p>Der TOR-2 Transformator\u00f6l-Schnelltester ist f\u00fcr die Messung von Feuchtigkeits- und Wasserstoffgehalt in mineralischen und etherbasierten Isolier\u00f6len konzipiert. Die kontinuierliche \u00dcberwachung von Wasserstoff erm\u00f6glicht die fr\u00fchzeitige Erkennung potenzieller Transformatorsch\u00e4den und hilft, Ausf\u00e4lle zu verhindern. Feuchtigkeit und Wasserstoff werden in Teilen pro Million (ppm) gemessen, und das Vorhandensein anderer Gase im \u00d6l beeintr\u00e4chtigt die Messgenauigkeit nicht. Seine hohe Messgeschwindigkeit macht den TOR-2 zu einer idealen L\u00f6sung f\u00fcr die regelm\u00e4\u00dfige Vor-Ort-\u00dcberwachung des Feuchtigkeitsgehalts in Transformator\u00f6len.<\/p>\n","protected":false},"author":7,"featured_media":146157,"parent":146122,"menu_order":0,"comment_status":"closed","ping_status":"closed","template":"templates\/single-product.php","meta":{"_acf_changed":false,"_bbp_topic_count":0,"_bbp_reply_count":0,"_bbp_total_topic_count":0,"_bbp_total_reply_count":0,"_bbp_voice_count":0,"_bbp_anonymous_reply_count":0,"_bbp_topic_count_hidden":0,"_bbp_reply_count_hidden":0,"_bbp_forum_subforum_count":0,"footnotes":""},"categories":[1931],"class_list":["post-146156","page","type-page","status-publish","has-post-thumbnail","hentry","category-instruments-de","oil_type-dieselkraftstoff","oil_type-hydraulikol","oil_type-industrieol","oil_type-transformatorenol","process_type-feuchtigkeitstest","process_type-wasserstofftest"],"acf":{"add_tab":[{"tab_title":"Beschreibung","tab_content":"<p style=\"text-align: justify;\">TOR-2-Schnelltester f\u00fcr Transformator\u00f6l dient zur Bestimmung des Feuchtigkeits- und Wasserstoffgehalts in mineralischen Isolier\u00f6len und Isolier\u00f6len auf Etherbasis. Der Feuchtigkeits- und Wasserstoffgehalt wird in ppm (parts per million) gemessen.<\/p>\r\n<p style=\"text-align: justify;\">Vorausgesetzt, wir kennen den Gehalt an Wasserstoff und Feuchtigkeit im \u00d6l sowie seine \u00c4nderungsgeschwindigkeit, ist es m\u00f6glich, die im Trafo auftretenden Defekte im Voraus zu bestimmen und rechtzeitig Ma\u00dfnahmen zu ergreifen, um eine Besch\u00e4digung des Trafos zu verhindern.<\/p>\r\n\r\n<h2 style=\"text-align: center;\">Feuchtigkeitsgehaltmessung<\/h2>\r\n<p style=\"text-align: justify;\">Das Ger\u00e4t misst die Wasseraktivit\u00e4t mithilfe eines kapazitiven Sensors, der Langzeitstabilit\u00e4t und hervorragende Schmutzbest\u00e4ndigkeit gew\u00e4hrleistet. Die \u00d6ltemperatur wird ebenfalls gemessen. Auf Grund dieser Messungen wird der Feuchtigkeitsgehalt berechnet.<\/p>\r\n\r\n<h2 style=\"text-align: center;\">Wasserstoffgehaltsmessung<\/h2>\r\n<p style=\"text-align: justify;\">Zur Messung des Wasserstoffgehalts wird ein hochselektiver Festk\u00f6rpersensor verwendet, der direkt in \u00d6l getaucht ist. Der Sensor gew\u00e4hrleistet die Genauigkeit und Zuverl\u00e4ssigkeit direkter Messungen. Die geringe L\u00f6slichkeit von Wasserstoff in \u00d6l und seine hohe Diffusionsf\u00e4higkeit erleichtern das Erkennen bei niedrigen Konzentrationen und erm\u00f6glichen das Erkennen eines Defekts im Trafo.<\/p>"}],"add_def_tab":[{"tab_title":"Technische Daten","tab_content":"<table>\r\n<tbody>\r\n<tr>\r\n<td><b>Nr.<\/b><\/td>\r\n<td>\r\n<p style=\"text-align: center;\"><b>Parameterbezeichnung<\/b><\/p>\r\n<\/td>\r\n<td>\r\n<p style=\"text-align: center;\"><b>Wert<\/b><\/p>\r\n<\/td>\r\n<\/tr>\r\n<tr>\r\n<td colspan=\"3\">\r\n<p style=\"text-align: left;\">Feuchtigkeitsmessungseigenschaften<\/p>\r\n<\/td>\r\n<\/tr>\r\n<tr>\r\n<td>1<\/td>\r\n<td>\r\n<p style=\"text-align: left;\">Arbeitsbereich, aw (Wasseraktivit\u00e4t (aw))<\/p>\r\n<\/td>\r\n<td>\r\n<p style=\"text-align: center;\">0\u20261<\/p>\r\n<\/td>\r\n<\/tr>\r\n<tr>\r\n<td>2<\/td>\r\n<td>\r\n<p style=\"text-align: left;\">Genauigkeit bei 20 \u00b0 C (68 \u00b0 F)<\/p>\r\n<\/td>\r\n<td>\r\n<p style=\"text-align: center;\">\u00b10,02 aw (0\u20260,9 aw) \u00b10,03 aw (0,9\u20261 aw)<\/p>\r\n<\/td>\r\n<\/tr>\r\n<tr>\r\n<td>3<\/td>\r\n<td>\r\n<p style=\"text-align: left;\">Temperaturmessung<\/p>\r\n<\/td>\r\n<td>\r\n<p style=\"text-align: center;\">ja<\/p>\r\n<\/td>\r\n<\/tr>\r\n<tr>\r\n<td>4<\/td>\r\n<td>\r\n<p style=\"text-align: left;\">Arbeitsumfeldtemperatur, \u00b0 \u0421 (\u00b0 F)<\/p>\r\n<\/td>\r\n<td>\r\n<p style=\"text-align: center;\">0\u202655 (32\u2026 131)<\/p>\r\n<\/td>\r\n<\/tr>\r\n<tr>\r\n<td colspan=\"3\">\r\n<p style=\"text-align: left;\">Wasserstoffmessungseigenschaften<\/p>\r\n<\/td>\r\n<\/tr>\r\n<tr>\r\n<td>6<\/td>\r\n<td>\r\n<p style=\"text-align: left;\">Messbereich, ppm<\/p>\r\n<\/td>\r\n<td>\r\n<p style=\"text-align: center;\">25-5000<\/p>\r\n<\/td>\r\n<\/tr>\r\n<tr>\r\n<td>7<\/td>\r\n<td>\r\n<p style=\"text-align: left;\">Genauigkeit<\/p>\r\n<\/td>\r\n<td>\r\n<p style=\"text-align: center;\">20% des Messwerts oder 25 ppm<\/p>\r\n<\/td>\r\n<\/tr>\r\n<tr>\r\n<td>8<\/td>\r\n<td>\r\n<p style=\"text-align: left;\">Wiederholpr\u00e4zision<\/p>\r\n<\/td>\r\n<td>\r\n<p style=\"text-align: center;\">10% der Messwerte oder\u00a0 15 ppm<\/p>\r\n<\/td>\r\n<\/tr>\r\n<tr>\r\n<td>9<\/td>\r\n<td>\r\n<p style=\"text-align: left;\">Ansprechzeit<\/p>\r\n<\/td>\r\n<td>\r\n<p style=\"text-align: center;\">&lt;60 Min (90% Steigungs\u00e4nderung)<\/p>\r\n<\/td>\r\n<\/tr>\r\n<tr>\r\n<td>10<\/td>\r\n<td>\r\n<p style=\"text-align: left;\">Querempfindlichkeit:<\/p>\r\n<\/td>\r\n<td>\r\n<p style=\"text-align: center;\">Weniger als 2% Querempfindlichkeit zu anderen Gasen (CO, CO2, Kohlenwasserstoffe)<\/p>\r\n<\/td>\r\n<\/tr>\r\n<tr>\r\n<td>11<\/td>\r\n<td>\r\n<p style=\"text-align: left;\">Arbeitsumfeldtemperatur, \u00b0 \u0421 (\u00b0 F)<\/p>\r\n<\/td>\r\n<td>\r\n<p style=\"text-align: center;\">0\u202655 (32\u2026 131)<\/p>\r\n<\/td>\r\n<\/tr>\r\n<tr>\r\n<td>13<\/td>\r\n<td>\r\n<p style=\"text-align: left;\">Installierte Leistung, W<\/p>\r\n<\/td>\r\n<td>\r\n<p style=\"text-align: center;\">60<\/p>\r\n<\/td>\r\n<\/tr>\r\n<tr>\r\n<td>14<\/td>\r\n<td>\r\n<p style=\"text-align: left;\">Versorgungsspannung eines einphasigen Wechselstromnetzes mit einer Frequenz von 50 Hz, V<\/p>\r\n<\/td>\r\n<td>\r\n<p style=\"text-align: center;\">220<\/p>\r\n<\/td>\r\n<\/tr>\r\n<tr>\r\n<td>15<\/td>\r\n<td>\r\n<p style=\"text-align: left;\">Au\u00dfenabmessungen, mm (Zoll), nicht mehr als<\/p>\r\n<p style=\"text-align: left;\">\u2013 L\u00e4nge<\/p>\r\n<p style=\"text-align: left;\">\u2013 Breite<\/p>\r\n<p style=\"text-align: left;\">\u2013 H\u00f6he<\/p>\r\n<\/td>\r\n<td>&nbsp;\r\n<p style=\"text-align: center;\">235 (9)<\/p>\r\n<p style=\"text-align: center;\">265 (10)<\/p>\r\n<p style=\"text-align: center;\">350 (14)<\/p>\r\n<\/td>\r\n<\/tr>\r\n<tr>\r\n<td>16<\/td>\r\n<td>\r\n<p style=\"text-align: left;\">Gewicht, kg (Pfd.), nicht mehr als<\/p>\r\n<\/td>\r\n<td>\r\n<p style=\"text-align: center;\">10 (22)<\/p>\r\n<\/td>\r\n<\/tr>\r\n<\/tbody>\r\n<\/table>"},{"tab_title":"Vorteile","tab_content":"<ul>\r\n \t<li style=\"text-align: justify;\">Bestimmung der Feuchtigkeit und des Wasserstoffs auch in kleinen Mengen;<\/li>\r\n \t<li style=\"text-align: justify;\">unaufh\u00f6rliche Verfolgung des Wasserstoffgehalts liefert glaubw\u00fcrdige Information \u00fcber beginnende Besch\u00e4digungen, die zum Ausfall des Trafos f\u00fchren k\u00f6nnen;<\/li>\r\n \t<li style=\"text-align: justify;\">kompakter Aufbau;<\/li>\r\n \t<li style=\"text-align: justify;\">einfache Benutzung: um die Probe zu wechseln, reicht es aus, der herausnehmbare Probenahmebecher zu wechseln und die Start-Taste zu dr\u00fccken, um die Messung anzufangen);<\/li>\r\n \t<li style=\"text-align: justify;\">f\u00fcr Messungen werden keine Verbrauchsmaterialien ben\u00f6tigt;<\/li>\r\n \t<li style=\"text-align: justify;\">Vorhandensein anderer Gase im \u00d6l beeintr\u00e4chtigt die Aussagekr\u00e4ftigkeit der Messungen nicht;<\/li>\r\n \t<li style=\"text-align: justify;\">einfache Kalibrierung;<\/li>\r\n \t<li style=\"text-align: justify;\">erfordert keine vorbeugende Wartung.<\/li>\r\n<\/ul>"},{"tab_title":"Anwendung","tab_content":"[product_oil_types]"}],"add_video_tab":[{"video_tab_title":"Video","add_video_id":[{"video_id":"BSUh2z_h660"},{"video_id":"hi3tYsS746s"}]}],"add_gallery_tab":[{"gallery_tab_title":"Foto","add_img":[67740,67751,67762,67773,67784]}],"add_price_tab":[{"price_tab_title":"Get a quote"}]},"language":"de","_links":{"self":[{"href":"https:\/\/globecore.com\/de\/wp-json\/wp\/v2\/pages\/146156","targetHints":{"allow":["GET"]}}],"collection":[{"href":"https:\/\/globecore.com\/de\/wp-json\/wp\/v2\/pages"}],"about":[{"href":"https:\/\/globecore.com\/de\/wp-json\/wp\/v2\/types\/page"}],"author":[{"embeddable":true,"href":"https:\/\/globecore.com\/de\/wp-json\/wp\/v2\/users\/7"}],"replies":[{"embeddable":true,"href":"https:\/\/globecore.com\/de\/wp-json\/wp\/v2\/comments?post=146156"}],"version-history":[{"count":1,"href":"https:\/\/globecore.com\/de\/wp-json\/wp\/v2\/pages\/146156\/revisions"}],"predecessor-version":[{"id":336190,"href":"https:\/\/globecore.com\/de\/wp-json\/wp\/v2\/pages\/146156\/revisions\/336190"}],"up":[{"embeddable":true,"href":"https:\/\/globecore.com\/de\/wp-json\/wp\/v2\/pages\/146122"}],"wp:featuredmedia":[{"embeddable":true,"href":"https:\/\/globecore.com\/de\/wp-json\/wp\/v2\/media\/146157"}],"wp:attachment":[{"href":"https:\/\/globecore.com\/de\/wp-json\/wp\/v2\/media?parent=146156"}],"wp:term":[{"taxonomy":"category","embeddable":true,"href":"https:\/\/globecore.com\/de\/wp-json\/wp\/v2\/categories?post=146156"}],"curies":[{"name":"wp","href":"https:\/\/api.w.org\/{rel}","templated":true}]}}