{"id":146163,"date":"2020-11-24T14:44:52","date_gmt":"2020-11-24T14:44:52","guid":{"rendered":"https:\/\/globecore.com\/products\/instruments\/liquid-insulation-dissipation-factor-and-dielectric-factor-measurement-unit-tiar\/"},"modified":"2026-03-06T13:31:09","modified_gmt":"2026-03-06T13:31:09","slug":"liquid-insulation-dissipation-factor-and-dielectric-factor-measurement-unit-tiar","status":"publish","type":"page","link":"https:\/\/globecore.com\/de\/products\/instruments\/liquid-insulation-dissipation-factor-and-dielectric-factor-measurement-unit-tiar\/","title":{"rendered":"Ger\u00e4t zur Messung des dielektrischen Verlustfaktors der Transformator\u00f6len TOR-3"},"content":{"rendered":"","protected":false},"excerpt":{"rendered":"<p>Das TOR-3 ist f\u00fcr die Bestimmung des dielektrischen Verlustwinkels, des spezifischen Widerstands und der Permittivit\u00e4t von Transformator\u00f6len und anderen dielektrischen Fl\u00fcssigkeiten gem\u00e4\u00df IEC 60247-2004-02 (VDE-0380-2:2005_01), ASTM D924-08 und ASTM D1169-02 konzipiert. Es handelt sich um ein vollautomatisches Ger\u00e4t, das Pr\u00fcfungen nach den angegebenen Normen oder benutzerdefinierten Verfahren erm\u00f6glicht. Der Messprozess wird computerunterst\u00fctzt durchgef\u00fchrt, mit der M\u00f6glichkeit, Ergebnisse zu speichern und auszudrucken. Die Einheit kann auch mit der Software Tangent Service ausgestattet werden, die die Online-Anzeige von Ergebnissen und den Zugriff auf archivierte Messungen in grafischer oder numerischer Form erm\u00f6glicht.<\/p>\n","protected":false},"author":7,"featured_media":135194,"parent":146122,"menu_order":0,"comment_status":"closed","ping_status":"closed","template":"templates\/single-product.php","meta":{"_acf_changed":false,"_bbp_topic_count":0,"_bbp_reply_count":0,"_bbp_total_topic_count":0,"_bbp_total_reply_count":0,"_bbp_voice_count":0,"_bbp_anonymous_reply_count":0,"_bbp_topic_count_hidden":0,"_bbp_reply_count_hidden":0,"_bbp_forum_subforum_count":0,"footnotes":""},"categories":[1931],"class_list":["post-146163","page","type-page","status-publish","has-post-thumbnail","hentry","category-instruments-de","oil_type-fr3-dielektrikum","oil_type-midel-7131-dielektrikum","oil_type-silikonol","oil_type-transformatorenol","process_type-dielektrischer-verlustfaktor-test","process_type-permittivitatstest","process_type-spezifischer-widerstandstest"],"acf":{"add_tab":[{"tab_title":"Beschreibung","tab_content":"<p style=\"text-align: justify;\">Das Ger\u00e4t dient zur Bestimmung des dielektrischen Verlustfaktors und der dielektrischen Durchl\u00e4ssigkeit der Transformator\u00f6l und anderer fl\u00fcssigen Isolatoren gem\u00e4\u00df IEC 60247 und den entsprechenden nationalen Normen (GOST 6581-75).<\/p>\r\n<p style=\"text-align: justify;\">Es handelt sich um ein vollautomatisches Ger\u00e4t, das Testen gem\u00e4\u00df den in diesen Standards festgelegten Verfahren sowie gem\u00e4\u00df den im entsprechenden Abschnitt des Ger\u00e4temen\u00fcs angegebenen Benutzerverfahren sicherstellt.<\/p>\r\n\r\n<h2 style=\"text-align: center;\">Arbeitsprinzip<\/h2>\r\n<p style=\"text-align: justify;\">Das Funktionsprinzip des Ger\u00e4ts beruht auf der Messung der Differenz der Signalamplituden und -phasen, die erhalten werden, wenn gleichzeitig eine sinusf\u00f6rmige Pr\u00fcfspannung mit einem effektiven Wert von bis zu 2 kV an den Normalkondensator und die Messzelle der Anlage als Messobjekt angelegt wird.<\/p>\r\n<p style=\"text-align: justify;\">Die Amplitudendifferenz der vom Normalkondensator und der Innenelektrode der Messzelle aufgenommenen Signale ist proportional zur dielektrischen Durchl\u00e4ssigkeit der untersuchten Fl\u00fcssigkeit. Die Phasendifferenz\u00a0 der vom Normalkondensator und der Innenelektrode der Messzelle aufgenommenen Signale kennzeichnet den Wert des dielektrischen Verlustfaktors.<\/p>"}],"add_def_tab":[{"tab_title":"Technische Daten","tab_content":"<table>\r\n<tbody>\r\n<tr>\r\n<td><b>Nr.<\/b><\/td>\r\n<td>\r\n<p style=\"text-align: center;\"><b>Bezeichnung<\/b><\/p>\r\n<\/td>\r\n<td>\r\n<p style=\"text-align: center;\"><b>Wert<\/b><\/p>\r\n<\/td>\r\n<\/tr>\r\n<tr>\r\n<td>1<\/td>\r\n<td>\r\n<p style=\"text-align: left;\">Arbeitsspannung des Wechselstroms, V<\/p>\r\n<\/td>\r\n<td>\r\n<p style=\"text-align: center;\">85 \u2013 264<\/p>\r\n<\/td>\r\n<\/tr>\r\n<tr>\r\n<td>2<\/td>\r\n<td>\r\n<p style=\"text-align: left;\">Versorgungsfrequenz, Hz<\/p>\r\n<\/td>\r\n<td>\r\n<p style=\"text-align: center;\">48 \u2013 63<\/p>\r\n<\/td>\r\n<\/tr>\r\n<tr>\r\n<td>3<\/td>\r\n<td>\r\n<p style=\"text-align: left;\">Stromverbrauch, VA<\/p>\r\n<\/td>\r\n<td>\r\n<p style=\"text-align: center;\">Nicht mehr als 250<\/p>\r\n<\/td>\r\n<\/tr>\r\n<tr>\r\n<td>4<\/td>\r\n<td>\r\n<p style=\"text-align: left;\">Aufgedr\u00fcckte Messspannung AC, kV<\/p>\r\n<\/td>\r\n<td>\r\n<p style=\"text-align: center;\">Sinusoidal, 500\u20132.000 V Effektivwert<\/p>\r\n<\/td>\r\n<\/tr>\r\n<tr>\r\n<td>5<\/td>\r\n<td>\r\n<p style=\"text-align: left;\">Messbereich, Tan \u03b4<\/p>\r\n<\/td>\r\n<td>\r\n<p style=\"text-align: center;\">0,00001 \u2013 1<\/p>\r\n<\/td>\r\n<\/tr>\r\n<tr>\r\n<td>6<\/td>\r\n<td>\r\n<p style=\"text-align: left;\">Messaufl\u00f6sung, Tan \u03b4<\/p>\r\n<\/td>\r\n<td>\r\n<p style=\"text-align: center;\">1\u044510-5<\/p>\r\n<\/td>\r\n<\/tr>\r\n<tr>\r\n<td>7<\/td>\r\n<td>\r\n<p style=\"text-align: left;\">Messabweichung, Tan \u03b4<\/p>\r\n<\/td>\r\n<td>\r\n<p style=\"text-align: center;\">+\/- 1% der gemessenen + 0,00008<\/p>\r\n<\/td>\r\n<\/tr>\r\n<tr>\r\n<td>8<\/td>\r\n<td>\r\n<p style=\"text-align: left;\">Messbereich der relativen Dielektrizit\u00e4tskonstante, \u03b5<\/p>\r\n<\/td>\r\n<td>\r\n<p style=\"text-align: center;\">1,0 \u2013 15,0<\/p>\r\n<\/td>\r\n<\/tr>\r\n<tr>\r\n<td>9<\/td>\r\n<td>\r\n<p style=\"text-align: left;\">Messabweichung, \u03b5<\/p>\r\n<\/td>\r\n<td>\r\n<p style=\"text-align: center;\">+\/- 2%<\/p>\r\n<\/td>\r\n<\/tr>\r\n<tr>\r\n<td>10<\/td>\r\n<td>\r\n<p style=\"text-align: left;\">Messbereich der elektrischen Kapazit\u00e4t, C, pF<\/p>\r\n<\/td>\r\n<td>\r\n<p style=\"text-align: center;\">20 \u2013 1000<\/p>\r\n<\/td>\r\n<\/tr>\r\n<tr>\r\n<td>11<\/td>\r\n<td>\r\n<p style=\"text-align: left;\">Messabweichung, C, pF<\/p>\r\n<\/td>\r\n<td>\r\n<p style=\"text-align: center;\">+\/- 1% + 1<\/p>\r\n<\/td>\r\n<\/tr>\r\n<tr>\r\n<td>12<\/td>\r\n<td>\r\n<p style=\"text-align: left;\">\u00d6ltemperatur-Messbereich, \u00b0 C<\/p>\r\n<\/td>\r\n<td>\r\n<p style=\"text-align: center;\">20 \u2013 110<\/p>\r\n<\/td>\r\n<\/tr>\r\n<tr>\r\n<td>13<\/td>\r\n<td>\r\n<p style=\"text-align: left;\">Volumen der Messzelle, cm3<\/p>\r\n<\/td>\r\n<td>\r\n<p style=\"text-align: center;\">42<\/p>\r\n<\/td>\r\n<\/tr>\r\n<tr>\r\n<td>14<\/td>\r\n<td>\r\n<p style=\"text-align: left;\">Elektrische Kapazit\u00e4t einer leeren Zelle, pF<\/p>\r\n<\/td>\r\n<td>\r\n<p style=\"text-align: center;\">65 \u2013 85<\/p>\r\n<\/td>\r\n<\/tr>\r\n<tr>\r\n<td>15<\/td>\r\n<td>\r\n<p style=\"text-align: left;\">Zeit einer Messung, nicht mehr, Min.<\/p>\r\n<\/td>\r\n<td>\r\n<p style=\"text-align: center;\">5<\/p>\r\n<\/td>\r\n<\/tr>\r\n<tr>\r\n<td>16<\/td>\r\n<td>\r\n<p style=\"text-align: left;\">Bereich der eingestellten Frequenz, \u0410\u0421, Hz<\/p>\r\n<\/td>\r\n<td>\r\n<p style=\"text-align: center;\">45 \u2013 65<\/p>\r\n<\/td>\r\n<\/tr>\r\n<tr>\r\n<td>17<\/td>\r\n<td>\r\n<p style=\"text-align: left;\">Temperaturmessaufl\u00f6sung, \u00b0 C<\/p>\r\n<\/td>\r\n<td>\r\n<p style=\"text-align: center;\">0,5<\/p>\r\n<\/td>\r\n<\/tr>\r\n<tr>\r\n<td>18<\/td>\r\n<td>\r\n<p style=\"text-align: left;\">Eingebauter Drucker<\/p>\r\n<\/td>\r\n<td>\r\n<p style=\"text-align: center;\">nein<\/p>\r\n<\/td>\r\n<\/tr>\r\n<tr>\r\n<td>19<\/td>\r\n<td>\r\n<p style=\"text-align: left;\">Arbeitstemperatur, \u00b0 C<\/p>\r\n<\/td>\r\n<td>\r\n<p style=\"text-align: center;\">0 \u2013 50<\/p>\r\n<\/td>\r\n<\/tr>\r\n<tr>\r\n<td>20<\/td>\r\n<td>\r\n<p style=\"text-align: left;\">Aufbewahrungstemperatur, \u00b0 C<\/p>\r\n<\/td>\r\n<td>\r\n<p style=\"text-align: center;\">Von \u2014 20 bis + 60<\/p>\r\n<\/td>\r\n<\/tr>\r\n<tr>\r\n<td>21<\/td>\r\n<td>\r\n<p style=\"text-align: left;\">Relative Feuchtigkeit, %<\/p>\r\n<\/td>\r\n<td>Bis zu 90 nicht kondensierend<\/td>\r\n<\/tr>\r\n<tr>\r\n<td>22<\/td>\r\n<td>\r\n<p style=\"text-align: left;\">Au\u00dfenabmessungen, mm<\/p>\r\n<\/td>\r\n<td>400\u0445450\u0445300*<\/td>\r\n<\/tr>\r\n<tr>\r\n<td>23<\/td>\r\n<td>\r\n<p style=\"text-align: left;\">Gewicht, nicht mehr als, g<\/p>\r\n<\/td>\r\n<td>5300*<\/td>\r\n<\/tr>\r\n<\/tbody>\r\n<\/table>\r\n* \u2014\u00a0 mit der installierten und angeschlossenen Zelle"},{"tab_title":"Vorteile","tab_content":"<ul>\r\n \t<li style=\"text-align: justify;\">schnelle Messungen bei gleichzeitiger Wahrung der Pr\u00e4zision;<\/li>\r\n \t<li style=\"text-align: justify;\">Der Messablauf ist automatisiert und wird von einem Computer gesteuert; die Ergebnisse k\u00f6nnen gespeichert und auf einem Drucker ausgedruckt werden;<\/li>\r\n \t<li style=\"text-align: justify;\">kann mit der Engineering-Software Tangent Service erg\u00e4nzt werden, mit der die Ergebnisse sowie ein Archiv von Messungen in grafischer oder digitaler Form online angezeigt werden k\u00f6nnen;<\/li>\r\n \t<li style=\"text-align: justify;\">Variabilit\u00e4t der Einstellungen \u2013 kann f\u00fcr Forschungszwecke verwendet werden;<\/li>\r\n \t<li style=\"text-align: justify;\">geringes Gewicht, kompakte Gr\u00f6\u00dfe, bequem zu bedienen.<\/li>\r\n<\/ul>"},{"tab_title":"Anwendung","tab_content":"[product_oil_types]"}],"add_video_tab":[{"video_tab_title":"Video","add_video_id":[{"video_id":"gatyhtnke2M"}]}],"add_gallery_tab":null,"add_price_tab":[{"price_tab_title":"Get a quote"}]},"language":"de","_links":{"self":[{"href":"https:\/\/globecore.com\/de\/wp-json\/wp\/v2\/pages\/146163","targetHints":{"allow":["GET"]}}],"collection":[{"href":"https:\/\/globecore.com\/de\/wp-json\/wp\/v2\/pages"}],"about":[{"href":"https:\/\/globecore.com\/de\/wp-json\/wp\/v2\/types\/page"}],"author":[{"embeddable":true,"href":"https:\/\/globecore.com\/de\/wp-json\/wp\/v2\/users\/7"}],"replies":[{"embeddable":true,"href":"https:\/\/globecore.com\/de\/wp-json\/wp\/v2\/comments?post=146163"}],"version-history":[{"count":1,"href":"https:\/\/globecore.com\/de\/wp-json\/wp\/v2\/pages\/146163\/revisions"}],"predecessor-version":[{"id":336194,"href":"https:\/\/globecore.com\/de\/wp-json\/wp\/v2\/pages\/146163\/revisions\/336194"}],"up":[{"embeddable":true,"href":"https:\/\/globecore.com\/de\/wp-json\/wp\/v2\/pages\/146122"}],"wp:featuredmedia":[{"embeddable":true,"href":"https:\/\/globecore.com\/de\/wp-json\/wp\/v2\/media\/135194"}],"wp:attachment":[{"href":"https:\/\/globecore.com\/de\/wp-json\/wp\/v2\/media?parent=146163"}],"wp:term":[{"taxonomy":"category","embeddable":true,"href":"https:\/\/globecore.com\/de\/wp-json\/wp\/v2\/categories?post=146163"}],"curies":[{"name":"wp","href":"https:\/\/api.w.org\/{rel}","templated":true}]}}