{"id":146183,"date":"2023-12-29T12:43:30","date_gmt":"2023-12-29T12:43:30","guid":{"rendered":"https:\/\/globecore.com\/products\/instruments\/universal-transformer-oil-tester-tor-7-moisture-gases-solid-particles\/"},"modified":"2026-03-06T13:39:40","modified_gmt":"2026-03-06T13:39:40","slug":"universal-transformer-oil-tester-tor-7-moisture-gases-solid-particles","status":"publish","type":"page","link":"https:\/\/globecore.com\/de\/products\/instruments\/universal-transformer-oil-tester-tor-7-moisture-gases-solid-particles\/","title":{"rendered":"Messger\u00e4t f\u00fcr Transformatoren\u00f6l TOR-7 (der Gehalt an Feuchtigkeit, Gasen und Feststoffpartikeln)"},"content":{"rendered":"","protected":false},"excerpt":{"rendered":"<p>Der TOR-7 Transformator\u00f6l-Tester misst Feuchtigkeit, Wasserstoff, Gasgehalt und Feststoffkontamination in einem einzigen Ger\u00e4t. Die Wasseraktivit\u00e4t (aw) wird von 0 bis 1 mit hoher Genauigkeit gemessen, und die Temperatur wird ebenfalls aufgezeichnet. Wasserstoff und Kontamination werden von 25 bis 5.000\u202fppm mit guter Pr\u00e4zision und geringer Kreuzempfindlichkeit gegen\u00fcber anderen Gasen gemessen. Die \u00d6lreinheit wird nach den Normen ISO 4406 und SAE bewertet und deckt einen Viskosit\u00e4tsbereich von 1\u20131.000\u202fmm\u00b2\/s sowie ISO-Kontaminationsklassen von 9\/8\/7 bis 25\/24\/23 ab.<\/p>\n","protected":false},"author":7,"featured_media":146184,"parent":146122,"menu_order":0,"comment_status":"closed","ping_status":"closed","template":"templates\/single-product.php","meta":{"_acf_changed":false,"_bbp_topic_count":0,"_bbp_reply_count":0,"_bbp_total_topic_count":0,"_bbp_total_reply_count":0,"_bbp_voice_count":0,"_bbp_anonymous_reply_count":0,"_bbp_topic_count_hidden":0,"_bbp_reply_count_hidden":0,"_bbp_forum_subforum_count":0,"footnotes":""},"categories":[1931],"class_list":["post-146183","page","type-page","status-publish","has-post-thumbnail","hentry","category-instruments-de","oil_type-fr3-dielektrikum","oil_type-midel-7131-dielektrikum","oil_type-silikonol","oil_type-transformatorenol","process_type-feuchtigkeitstest","process_type-partikelreinheitsklasse-test","process_type-restgasprufung","process_type-wasserstofftest"],"acf":{"add_tab":[{"tab_title":"Beschreibung","tab_content":"<p style=\"text-align: justify;\"><span style=\"font-weight: 400;\">Der Transformator\u00f6ltester TOR-7 dient zur Bestimmung des Volumengehalts an Gasen, der Feuchtigkeit, der Verunreinigung mit Feststoffpartikeln und des Wasserstoffgehalts im \u00d6l. Das Ger\u00e4t ist in der Lage, mineralische Transformatoren\u00f6le mit folgenden Eigenschaften zu analysieren:<\/span><\/p>\r\n\r\n<ul style=\"text-align: justify;\">\r\n \t<li style=\"font-weight: 400;\"><span style=\"font-weight: 400;\">kinematische Viskosit\u00e4t bei 50 \u00b0C - 2...12 mm2\/s;<\/span><\/li>\r\n \t<li style=\"font-weight: 400;\"><span style=\"font-weight: 400;\">Dichte bei 20 \u00b0C - 800 ... 950 kg\/m3;<\/span><\/li>\r\n \t<li style=\"font-weight: 400;\"><span style=\"font-weight: 400;\">der Massengehalt an Feuchtigkeit im \u00d6l betr\u00e4gt nicht mehr als 10 ppm;<\/span><\/li>\r\n \t<li style=\"font-weight: 400;\"><span style=\"font-weight: 400;\">Industriereinheitsklasse nach ISO 4406 - nicht schlechter 19\/21\/16.<\/span><\/li>\r\n<\/ul>\r\n<h2 style=\"text-align: center;\">Funktionsprinzip<\/h2>\r\n<p style=\"text-align: justify;\"><span style=\"font-weight: 400;\">Die Messungen basieren auf der Verfolgung der \u00c4nderung des Gasdrucks im Zylinder, der sich im Vakuumzustand befindet, wenn er mit einer Portion \u00d6l gef\u00fcllt ist. Unter Ber\u00fccksichtigung der Volumina des Zylinders und des zu f\u00fcllenden \u00d6ls sowie des Drucks im Zylinder vor und nach dem Bef\u00fcllen ist es m\u00f6glich, den Volumengehalt von Gasen zu bestimmen. Mithilfe von Sensoren und einer Steuerplatine werden Feuchtigkeitsgehalt, \u00d6ltemperatur, Wasserstoffgehalt und die Menge an Feststoffpartikeln im \u00d6l ermittelt und auf dem Display angezeigt.<\/span><\/p>"}],"add_def_tab":[{"tab_title":"Technische Daten","tab_content":"<table>\r\n<tbody>\r\n<tr>\r\n<td>\r\n<p style=\"text-align: center;\"><b>\u2116<\/b><\/p>\r\n<\/td>\r\n<td style=\"text-align: center;\"><b>Parameter<\/b><\/td>\r\n<td>\r\n<p style=\"text-align: center;\"><b>Bedeutung<\/b><\/p>\r\n<\/td>\r\n<\/tr>\r\n<tr>\r\n<td>\r\n<p style=\"text-align: left;\"><span style=\"font-weight: 400;\">1<\/span><\/p>\r\n<\/td>\r\n<td style=\"text-align: left;\"><span style=\"font-weight: 400;\">Das Volumen der Messzelle, l<\/span><\/td>\r\n<td style=\"text-align: left;\">\r\n<p style=\"text-align: center;\"><span style=\"font-weight: 400;\">1,2<\/span><\/p>\r\n<\/td>\r\n<\/tr>\r\n<tr>\r\n<td style=\"text-align: left;\"><span style=\"font-weight: 400;\">2<\/span><\/td>\r\n<td style=\"text-align: left;\"><span style=\"font-weight: 400;\">\u00d6lprobenvolumen, l<\/span><\/td>\r\n<td>\r\n<p style=\"text-align: center;\"><span style=\"font-weight: 400;\">0,5 \u2013 0,7<\/span><\/p>\r\n<\/td>\r\n<\/tr>\r\n<tr>\r\n<td style=\"text-align: left;\"><span style=\"font-weight: 400;\">3<\/span><\/td>\r\n<td style=\"text-align: left;\"><span style=\"font-weight: 400;\">Grenzdruck im Ger\u00e4t, Pa<\/span><\/td>\r\n<td>\r\n<p style=\"text-align: center;\"><span style=\"font-weight: 400;\">0,3<\/span><\/p>\r\n<\/td>\r\n<\/tr>\r\n<tr>\r\n<td style=\"text-align: left;\"><span style=\"font-weight: 400;\">4<\/span><\/td>\r\n<td style=\"text-align: left;\"><span style=\"font-weight: 400;\">Maximaler Zufluss im Ger\u00e4t, Pa<\/span><\/td>\r\n<td>\r\n<p style=\"text-align: center;\"><span style=\"font-weight: 400;\">26<\/span><\/p>\r\n<\/td>\r\n<\/tr>\r\n<tr>\r\n<td style=\"text-align: left;\"><span style=\"font-weight: 400;\">5<\/span><\/td>\r\n<td style=\"text-align: left;\"><span style=\"font-weight: 400;\">\u00d6ldruck am Einlass, bar<\/span><\/td>\r\n<td>\r\n<p style=\"text-align: center;\"><span style=\"font-weight: 400;\">0,3 \u2014 3<\/span><\/p>\r\n<\/td>\r\n<\/tr>\r\n<tr>\r\n<td style=\"text-align: left;\"><span style=\"font-weight: 400;\">6<\/span><\/td>\r\n<td style=\"text-align: left;\"><span style=\"font-weight: 400;\">Die Temperatur des gemessenen \u00d6ls, \u00ba\u0421<\/span><\/td>\r\n<td>\r\n<p style=\"text-align: center;\"><span style=\"font-weight: 400;\">20 \u2014 90<\/span><\/p>\r\n<\/td>\r\n<\/tr>\r\n<tr>\r\n<td style=\"text-align: left;\"><span style=\"font-weight: 400;\">7<\/span><\/td>\r\n<td style=\"text-align: left;\"><span style=\"font-weight: 400;\">Maximaler Stromverbrauch, kW, nicht mehr<\/span><\/td>\r\n<td>\r\n<p style=\"text-align: center;\"><span style=\"font-weight: 400;\">1<\/span><\/p>\r\n<\/td>\r\n<\/tr>\r\n<tr>\r\n<td style=\"text-align: left;\"><span style=\"font-weight: 400;\">8<\/span><\/td>\r\n<td>\r\n<p style=\"text-align: left;\"><span style=\"font-weight: 400;\">Elektrische Stromparameter (Standard, andere auf Anfrage):<\/span><\/p>\r\n<p style=\"text-align: left;\"><span style=\"font-weight: 400;\">\u2014 Spannung, V<\/span><\/p>\r\n<p style=\"text-align: left;\"><span style=\"font-weight: 400;\">\u2014 Variabel mit Frequenz, Hz<\/span><\/p>\r\n<\/td>\r\n<td><b>\u00a0<\/b>\r\n<p style=\"text-align: center;\"><span style=\"font-weight: 400;\">230<\/span><\/p>\r\n<p style=\"text-align: center;\"><span style=\"font-weight: 400;\">50<\/span><\/p>\r\n<\/td>\r\n<\/tr>\r\n<tr>\r\n<td style=\"text-align: left;\"><span style=\"font-weight: 400;\">9<\/span><\/td>\r\n<td style=\"text-align: left;\"><span style=\"font-weight: 400;\">Gesamtabmessungen, mm, max<\/span>\r\n\r\n<span style=\"font-weight: 400;\">\u2014 L\u00e4nge<\/span>\r\n\r\n<span style=\"font-weight: 400;\">\u2014 H\u00f6he<\/span>\r\n\r\n<span style=\"font-weight: 400;\">\u2014 Breite<\/span><\/td>\r\n<td>\r\n<p style=\"text-align: left;\"><b>\u00a0<\/b><\/p>\r\n<p style=\"text-align: center;\"><span style=\"font-weight: 400;\">465<\/span><\/p>\r\n<p style=\"text-align: center;\"><span style=\"font-weight: 400;\">530<\/span><\/p>\r\n<p style=\"text-align: center;\"><span style=\"font-weight: 400;\">375<\/span><\/p>\r\n<\/td>\r\n<\/tr>\r\n<tr>\r\n<td>\r\n<p style=\"text-align: left;\"><span style=\"font-weight: 400;\">10<\/span><\/p>\r\n<\/td>\r\n<td>\r\n<p style=\"text-align: left;\"><span style=\"font-weight: 400;\">Gewicht, kg, max<\/span><\/p>\r\n<\/td>\r\n<td>\r\n<p style=\"text-align: center;\"><span style=\"font-weight: 400;\">40<\/span><\/p>\r\n<\/td>\r\n<\/tr>\r\n<\/tbody>\r\n<\/table>\r\n&nbsp;\r\n<p style=\"text-align: center;\"><span style=\"font-weight: 400;\"><b><i>\u00d6lmesseigenschaften<\/i><\/b>\u00a0<\/span><\/p>\r\n<span style=\"font-weight: 400;\">\u00a0<\/span>\r\n<table>\r\n<tbody>\r\n<tr>\r\n<td>\r\n<p style=\"text-align: center;\"><b>Parameter<\/b><\/p>\r\n<\/td>\r\n<td style=\"text-align: center;\"><b>Bedeutung<\/b><\/td>\r\n<\/tr>\r\n<tr>\r\n<td colspan=\"2\">\r\n<p style=\"text-align: center;\"><b>\u00d6lmesseigenschaften<\/b><\/p>\r\n<\/td>\r\n<\/tr>\r\n<tr>\r\n<td>\r\n<p style=\"text-align: left;\"><span style=\"font-weight: 400;\">Arbeitsbereich, aw (Wasseraktivit\u00e4t (aw))<\/span><\/p>\r\n<\/td>\r\n<td style=\"text-align: center;\"><span style=\"font-weight: 400;\">0\u20261<\/span><\/td>\r\n<\/tr>\r\n<tr>\r\n<td>\r\n<p style=\"text-align: left;\"><span style=\"font-weight: 400;\">Genauigkeit bei 20 \u00b0C<\/span><\/p>\r\n<\/td>\r\n<td style=\"text-align: center;\"><span style=\"font-weight: 400;\">\u00b10.02 aw (0\u20260.9 aw) \u00b10.03 aw (0.9\u20261 aw)<\/span><\/td>\r\n<\/tr>\r\n<tr>\r\n<td>\r\n<p style=\"text-align: left;\"><span style=\"font-weight: 400;\">Temperaturmessung<\/span><\/p>\r\n<\/td>\r\n<td style=\"text-align: center;\"><span style=\"font-weight: 400;\">ja<\/span><\/td>\r\n<\/tr>\r\n<tr>\r\n<td>\r\n<p style=\"text-align: left;\"><span style=\"font-weight: 400;\">Temperatur des Arbeitsmediums, \u00b0C<\/span><\/p>\r\n<\/td>\r\n<td style=\"text-align: center;\"><span style=\"font-weight: 400;\">0\u202655<\/span><\/td>\r\n<\/tr>\r\n<tr>\r\n<td style=\"text-align: center;\" colspan=\"2\"><b>Eigenschaften der Wasserstoffmessung<\/b><\/td>\r\n<\/tr>\r\n<tr>\r\n<td>\r\n<p style=\"text-align: left;\"><span style=\"font-weight: 400;\">Messbereich, ppm<\/span><\/p>\r\n<\/td>\r\n<td style=\"text-align: center;\"><span style=\"font-weight: 400;\">25-5000<\/span><\/td>\r\n<\/tr>\r\n<tr>\r\n<td>\r\n<p style=\"text-align: left;\"><span style=\"font-weight: 400;\">Genauigkeit<\/span><\/p>\r\n<\/td>\r\n<td style=\"text-align: center;\"><span style=\"font-weight: 400;\">20 % des Indikators oder 25 ppm<\/span><\/td>\r\n<\/tr>\r\n<tr>\r\n<td>\r\n<p style=\"text-align: left;\"><span style=\"font-weight: 400;\">H\u00e4ufigkeit<\/span><\/p>\r\n<\/td>\r\n<td style=\"text-align: center;\"><span style=\"font-weight: 400;\">10 % des Messwerts oder 15 ppm<\/span><\/td>\r\n<\/tr>\r\n<tr>\r\n<td>\r\n<p style=\"text-align: left;\"><span style=\"font-weight: 400;\">Reaktionszeit<\/span><\/p>\r\n<\/td>\r\n<td style=\"text-align: center;\"><span style=\"font-weight: 400;\">&lt;60 min (90 % Schrittwechsel)<\/span><\/td>\r\n<\/tr>\r\n<tr>\r\n<td>\r\n<p style=\"text-align: left;\"><span style=\"font-weight: 400;\">Querempfindlichkeit<\/span><\/p>\r\n<\/td>\r\n<td><span style=\"font-weight: 400;\">Weniger als 2 % Querempfindlichkeit gegen\u00fcber anderen Gasen (CO, CO2, Kohlenwasserstoffe)<\/span><\/td>\r\n<\/tr>\r\n<tr>\r\n<td>\r\n<p style=\"text-align: left;\"><span style=\"font-weight: 400;\">Temperatur des Arbeitsmediums, \u00b0C<\/span><\/p>\r\n<\/td>\r\n<td style=\"text-align: center;\"><span style=\"font-weight: 400;\">0\u202655<\/span><\/td>\r\n<\/tr>\r\n<tr>\r\n<td style=\"text-align: center;\" colspan=\"2\"><b>Eigenschaften der Verschmutzungsmessung<\/b><\/td>\r\n<\/tr>\r\n<tr>\r\n<td>\r\n<p style=\"text-align: left;\"><span style=\"font-weight: 400;\">Messbereich, ppm<\/span><\/p>\r\n<\/td>\r\n<td style=\"text-align: center;\"><span style=\"font-weight: 400;\">25-5000<\/span><\/td>\r\n<\/tr>\r\n<tr>\r\n<td>\r\n<p style=\"text-align: left;\"><span style=\"font-weight: 400;\">Genauigkeit<\/span><\/p>\r\n<\/td>\r\n<td style=\"text-align: center;\"><span style=\"font-weight: 400;\">20% des Indikators oder 25 Ppm<\/span><\/td>\r\n<\/tr>\r\n<tr>\r\n<td>\r\n<p style=\"text-align: left;\"><span style=\"font-weight: 400;\">H\u00e4ufigkeit<\/span><\/p>\r\n<\/td>\r\n<td style=\"text-align: center;\"><span style=\"font-weight: 400;\">10% des Indikators oder 15 Ppm<\/span><\/td>\r\n<\/tr>\r\n<tr>\r\n<td>\r\n<p style=\"text-align: left;\"><span style=\"font-weight: 400;\">Reaktionszeit<\/span><\/p>\r\n<\/td>\r\n<td style=\"text-align: center;\"><span style=\"font-weight: 400;\">&lt;60 min (90 % Schrittwechsel)<\/span><\/td>\r\n<\/tr>\r\n<tr>\r\n<td>\r\n<p style=\"text-align: left;\"><span style=\"font-weight: 400;\">Querempfindlichkeit<\/span><\/p>\r\n<\/td>\r\n<td style=\"text-align: center;\"><span style=\"font-weight: 400;\">Weniger als 2 % Querempfindlichkeit gegen\u00fcber anderen Gasen (CO, CO2, Kohlenwasserstoffe)<\/span><\/td>\r\n<\/tr>\r\n<tr>\r\n<td>\r\n<p style=\"text-align: left;\"><span style=\"font-weight: 400;\">Temperatur des Arbeitsmediums, \u00b0C<\/span><\/p>\r\n<\/td>\r\n<td style=\"text-align: center;\"><span style=\"font-weight: 400;\">0\u202655<\/span><\/td>\r\n<\/tr>\r\n<tr>\r\n<td colspan=\"2\">\r\n<p style=\"text-align: center;\"><b>Merkmale des Reinheitsgrades bzw. Verschmutzungsgrades<\/b><\/p>\r\n<\/td>\r\n<\/tr>\r\n<tr>\r\n<td><span style=\"font-weight: 400;\">Zul\u00e4ssiger Viskosit\u00e4tsbereich<\/span><\/td>\r\n<td style=\"text-align: center;\"><span style=\"font-weight: 400;\">1 bis 1000 mm\u00b2\/s<\/span><\/td>\r\n<\/tr>\r\n<tr>\r\n<td rowspan=\"4\"><span style=\"font-weight: 400;\">Messgr\u00f6\u00dfen<\/span><\/td>\r\n<td style=\"text-align: center;\"><span style=\"font-weight: 400;\">ISO 99 (ISO 4406:1999)<\/span><\/td>\r\n<\/tr>\r\n<tr>\r\n<td style=\"text-align: center;\"><span style=\"font-weight: 400;\">SAE (SAE AS 4059)<\/span><\/td>\r\n<\/tr>\r\n<tr>\r\n<td style=\"text-align: center;\"><span style=\"font-weight: 400;\">ISO 87 (ISO4406:1987)<\/span><\/td>\r\n<\/tr>\r\n<tr>\r\n<td style=\"text-align: center;\"><span style=\"font-weight: 400;\">NAS (NAS 1638)<\/span><\/td>\r\n<\/tr>\r\n<tr>\r\n<td rowspan=\"3\"><span style=\"font-weight: 400;\">Messbereich<\/span><\/td>\r\n<td style=\"text-align: center;\"><span style=\"font-weight: 400;\">Messungen ab ISO-Klasse 9\/8\/7<\/span><\/td>\r\n<\/tr>\r\n<tr>\r\n<td style=\"text-align: center;\"><span style=\"font-weight: 400;\">(MIN) bis ISO-Klasse 25\/24\/23 (MAX)<\/span><\/td>\r\n<\/tr>\r\n<tr>\r\n<td style=\"text-align: center;\"><span style=\"font-weight: 400;\">Kalibriert im ISO-Bereich von 11\/13\/10 bis 23\/21\/18<\/span><\/td>\r\n<\/tr>\r\n<tr>\r\n<td><span style=\"font-weight: 400;\">Genauigkeit<\/span><\/td>\r\n<td style=\"text-align: center;\"><span style=\"font-weight: 400;\">+\/- \u00bd ISO-Klasse im kalibrierten Bereich<\/span><\/td>\r\n<\/tr>\r\n<tr>\r\n<td style=\"text-align: left;\"><span style=\"font-weight: 400;\">Temperatur des Arbeitsmediums, \u00b0C<\/span><\/td>\r\n<td>\r\n<p style=\"text-align: center;\"><span style=\"font-weight: 400;\">0 \u2026 +85<\/span><\/p>\r\n<\/td>\r\n<\/tr>\r\n<\/tbody>\r\n<\/table>\r\n<b>\u00a0<\/b>\r\n\r\n<span style=\"font-weight: 400;\">\u00a0<\/span>"},{"tab_title":"Vorteile","tab_content":"<p style=\"text-align: justify;\"><span style=\"font-weight: 400;\">\u00a0Messung von vier wichtigen Parametern (Feuchtigkeits- und Wasserstoffgehalt, Menge an Feststoffpartikeln, Volumengehalt an Gasen) mit einem Ger\u00e4t.<\/span><\/p>\r\n<p style=\"text-align: justify;\"><span style=\"font-weight: 400;\">\u2014 zuverl\u00e4ssige Arbeit;<\/span><\/p>\r\n<p style=\"text-align: justify;\"><span style=\"font-weight: 400;\">\u2014 bequemer und langlebiger K\u00f6rper;<\/span><\/p>\r\n<p style=\"text-align: justify;\"><span style=\"font-weight: 400;\">\u2014 M\u00f6glichkeit, die Ergebnisse auf dem eingebauten Drucker auszudrucken.<\/span><\/p>"},{"tab_title":"Anwendung","tab_content":"[product_oil_types]"}],"add_video_tab":null,"add_gallery_tab":null,"add_price_tab":null},"language":"de","_links":{"self":[{"href":"https:\/\/globecore.com\/de\/wp-json\/wp\/v2\/pages\/146183","targetHints":{"allow":["GET"]}}],"collection":[{"href":"https:\/\/globecore.com\/de\/wp-json\/wp\/v2\/pages"}],"about":[{"href":"https:\/\/globecore.com\/de\/wp-json\/wp\/v2\/types\/page"}],"author":[{"embeddable":true,"href":"https:\/\/globecore.com\/de\/wp-json\/wp\/v2\/users\/7"}],"replies":[{"embeddable":true,"href":"https:\/\/globecore.com\/de\/wp-json\/wp\/v2\/comments?post=146183"}],"version-history":[{"count":2,"href":"https:\/\/globecore.com\/de\/wp-json\/wp\/v2\/pages\/146183\/revisions"}],"predecessor-version":[{"id":336202,"href":"https:\/\/globecore.com\/de\/wp-json\/wp\/v2\/pages\/146183\/revisions\/336202"}],"up":[{"embeddable":true,"href":"https:\/\/globecore.com\/de\/wp-json\/wp\/v2\/pages\/146122"}],"wp:featuredmedia":[{"embeddable":true,"href":"https:\/\/globecore.com\/de\/wp-json\/wp\/v2\/media\/146184"}],"wp:attachment":[{"href":"https:\/\/globecore.com\/de\/wp-json\/wp\/v2\/media?parent=146183"}],"wp:term":[{"taxonomy":"category","embeddable":true,"href":"https:\/\/globecore.com\/de\/wp-json\/wp\/v2\/categories?post=146183"}],"curies":[{"name":"wp","href":"https:\/\/api.w.org\/{rel}","templated":true}]}}