{"id":146187,"date":"2024-01-25T12:31:37","date_gmt":"2024-01-25T12:31:37","guid":{"rendered":"https:\/\/globecore.com\/products\/instruments\/tor-8-tester-for-residual-gas-content-of-insulating-oil\/"},"modified":"2026-03-06T13:47:38","modified_gmt":"2026-03-06T13:47:38","slug":"tor-8-tester-for-residual-gas-content-of-insulating-oil","status":"publish","type":"page","link":"https:\/\/globecore.com\/de\/products\/instruments\/tor-8-tester-for-residual-gas-content-of-insulating-oil\/","title":{"rendered":"Ein Ger\u00e4t zur Messung des Restgasgehalts von Isolier\u00f6l TOR-8"},"content":{"rendered":"","protected":false},"excerpt":{"rendered":"<p>Der TOR-8 Tester wird verwendet, um gel\u00f6ste Gase in Isolier\u00f6len w\u00e4hrend des Entgasungsprozesses in Entgasungsmaschinen zu messen. Sein Hauptzweck ist die pr\u00e4zise Bewertung der Effizienz der Gasentfernung aus Transformator\u00f6l, wodurch Fachleute die Entgasungsrate \u00fcberwachen und eine ordnungsgem\u00e4\u00dfe \u00d6laufbereitung sicherstellen k\u00f6nnen. Der Messvorgang dauert bis zu 10 Minuten, und das Ger\u00e4t verf\u00fcgt \u00fcber einen integrierten Thermodrucker zum Ausdrucken der Ergebnisse. Der TOR-8 wird h\u00e4ufig von Unternehmen eingesetzt, die an der Installation, Reparatur und dem Betrieb von Transformator\u00f6lsystemen beteiligt sind, und ist ein unverzichtbares Werkzeug f\u00fcr die Wartung und Instandhaltung von Transformatoranlagen.<\/p>\n","protected":false},"author":7,"featured_media":146188,"parent":146122,"menu_order":0,"comment_status":"closed","ping_status":"closed","template":"templates\/single-product.php","meta":{"_acf_changed":false,"_bbp_topic_count":0,"_bbp_reply_count":0,"_bbp_total_topic_count":0,"_bbp_total_reply_count":0,"_bbp_voice_count":0,"_bbp_anonymous_reply_count":0,"_bbp_topic_count_hidden":0,"_bbp_reply_count_hidden":0,"_bbp_forum_subforum_count":0,"footnotes":""},"categories":[1931],"class_list":["post-146187","page","type-page","status-publish","has-post-thumbnail","hentry","category-instruments-de","oil_type-fr3-dielektrikum","oil_type-midel-7131-dielektrikum","oil_type-silikonol","oil_type-transformatorenol","process_type-restgasprufung"],"acf":{"add_tab":[{"tab_title":"Beschreibung","tab_content":"<p style=\"text-align: justify;\"><span style=\"font-weight: 400;\">Die Entgasung von Transformatoren\u00f6l ist erforderlich, um gel\u00f6ste Gase zu entfernen, was seine Isoliereigenschaften verbessert und Korrosion und Verschlei\u00df von Energieanlagen verhindert. Das Ger\u00e4t TOR-8 wird bei der Reinigung von Isolier\u00f6len von gel\u00f6sten Gasen (\u00d6lentgasung) in Entgasungsanlagen eingesetzt. Sein Hauptzweck besteht darin, die Wirksamkeit der von diesen Anlagen durchgef\u00fchrten Entgasungsverfahren zu bestimmen. Dank seiner Verwendung ist es m\u00f6glich, den Grad der Entfernung von Gasen aus \u00d6l genau zu beurteilen.<\/span><\/p>\r\n<p style=\"text-align: justify;\"><span style=\"font-weight: 400;\">Das Ger\u00e4t wird h\u00e4ufig in Installations-, Reparatur- und Betriebsorganisationen eingesetzt, die sich mit der Verarbeitung von Transformatoren\u00f6l befassen. Dank dieses Ger\u00e4ts k\u00f6nnen Spezialisten den Entgasungsprozess, der ein wichtiger Bestandteil der Wartung und des Betriebs von Transformatoranlagen ist, einfach und effektiv kontrollieren.<\/span><\/p>\r\n\r\n<h2 style=\"text-align: center;\"><b>Funktionsprinzip<\/b><\/h2>\r\n<p style=\"text-align: justify;\"><span style=\"font-weight: 400;\">Das Funktionsprinzip des Ger\u00e4ts basiert auf der Aufzeichnung der Gasdruck\u00e4nderung in einem Vakuumzylinder, wenn eine Portion \u00d6l hineingef\u00fcllt wird. Wenn Sie das Volumen der Flasche und des eingef\u00fcllten \u00d6ls sowie den Druck in der Flasche vor und nach dem Bef\u00fcllen kennen, k\u00f6nnen Sie den Volumengehalt des Gases bestimmen.<\/span><\/p>\r\n<p style=\"text-align: justify;\"><span style=\"font-weight: 400;\">Die Messung des Restgasgehaltes erfolgt w\u00e4hrend des Betriebs der Entgasungsanlage.<\/span><\/p>"}],"add_def_tab":[{"tab_title":"Technische Daten","tab_content":"<table>\r\n<tbody>\r\n<tr>\r\n<td style=\"text-align: center;\"><b>\u2116<\/b><\/td>\r\n<td style=\"text-align: center;\"><b>Parameter<\/b><\/td>\r\n<td>\r\n<p style=\"text-align: center;\"><b>Bedeutung<\/b><\/p>\r\n<\/td>\r\n<\/tr>\r\n<tr>\r\n<td><span style=\"font-weight: 400;\">1<\/span><\/td>\r\n<td><span style=\"font-weight: 400;\">Das Volumen der Messzelle, l<\/span><\/td>\r\n<td>\r\n<p style=\"text-align: center;\"><span style=\"font-weight: 400;\">1,2<\/span><\/p>\r\n<\/td>\r\n<\/tr>\r\n<tr>\r\n<td><span style=\"font-weight: 400;\">2<\/span><\/td>\r\n<td><span style=\"font-weight: 400;\">\u00d6lprobenvolumen, l<\/span><\/td>\r\n<td>\r\n<p style=\"text-align: center;\"><span style=\"font-weight: 400;\">0,5 \u2013 0,7<\/span><\/p>\r\n<\/td>\r\n<\/tr>\r\n<tr>\r\n<td><span style=\"font-weight: 400;\">3<\/span><\/td>\r\n<td><span style=\"font-weight: 400;\">Grenzdruck im Ger\u00e4t, Pa<\/span><\/td>\r\n<td>\r\n<p style=\"text-align: center;\"><span style=\"font-weight: 400;\">0,3<\/span><\/p>\r\n<\/td>\r\n<\/tr>\r\n<tr>\r\n<td><span style=\"font-weight: 400;\">4<\/span><\/td>\r\n<td><span style=\"font-weight: 400;\">Maximaler Zufluss im Ger\u00e4t, Pa<\/span><\/td>\r\n<td>\r\n<p style=\"text-align: center;\"><span style=\"font-weight: 400;\">26<\/span><\/p>\r\n<\/td>\r\n<\/tr>\r\n<tr>\r\n<td><span style=\"font-weight: 400;\">5<\/span><\/td>\r\n<td><span style=\"font-weight: 400;\">\u00d6ldruck am Einlass, bar<\/span><\/td>\r\n<td>\r\n<p style=\"text-align: center;\"><span style=\"font-weight: 400;\">0,3 \u2014 10<\/span><\/p>\r\n<\/td>\r\n<\/tr>\r\n<tr>\r\n<td><span style=\"font-weight: 400;\">6<\/span><\/td>\r\n<td><span style=\"font-weight: 400;\">Die Temperatur des gemessenen \u00d6ls, \u00ba\u0421<\/span><\/td>\r\n<td>\r\n<p style=\"text-align: center;\"><span style=\"font-weight: 400;\">20 \u2014 90<\/span><\/p>\r\n<\/td>\r\n<\/tr>\r\n<tr>\r\n<td><span style=\"font-weight: 400;\">7<\/span><\/td>\r\n<td><span style=\"font-weight: 400;\">Maximaler Stromverbrauch, kW, nicht mehr<\/span><\/td>\r\n<td>\r\n<p style=\"text-align: center;\"><span style=\"font-weight: 400;\">1<\/span><\/p>\r\n<\/td>\r\n<\/tr>\r\n<tr>\r\n<td><span style=\"font-weight: 400;\">8<\/span><\/td>\r\n<td><span style=\"font-weight: 400;\">Elektrische Stromparameter (Standard, andere auf Anfrage):<\/span>\r\n<ul>\r\n \t<li style=\"font-weight: 400;\"><span style=\"font-weight: 400;\">Spannung, V<\/span><\/li>\r\n \t<li style=\"font-weight: 400;\"><span style=\"font-weight: 400;\">variabel mit Frequenz, Hz<\/span><\/li>\r\n<\/ul>\r\n<\/td>\r\n<td><span style=\"font-weight: 400;\">\u00a0<\/span>\r\n<p style=\"text-align: center;\"><span style=\"font-weight: 400;\">230<\/span><\/p>\r\n<p style=\"text-align: center;\"><span style=\"font-weight: 400;\">50<\/span><\/p>\r\n<\/td>\r\n<\/tr>\r\n<tr>\r\n<td><span style=\"font-weight: 400;\">9<\/span><\/td>\r\n<td><span style=\"font-weight: 400;\">Gesamtabmessungen, mm, max<\/span>\r\n\r\n<span style=\"font-weight: 400;\">\u2014 L\u00e4nge<\/span>\r\n\r\n<span style=\"font-weight: 400;\">\u2014 H\u00f6he<\/span>\r\n\r\n<span style=\"font-weight: 400;\">\u2014 Breite<\/span><\/td>\r\n<td><span style=\"font-weight: 400;\">\u00a0<\/span>\r\n<p style=\"text-align: center;\"><span style=\"font-weight: 400;\">330<\/span><\/p>\r\n<p style=\"text-align: center;\"><span style=\"font-weight: 400;\">300<\/span><\/p>\r\n<p style=\"text-align: center;\"><span style=\"font-weight: 400;\">275<\/span><\/p>\r\n<\/td>\r\n<\/tr>\r\n<tr>\r\n<td><span style=\"font-weight: 400;\">10<\/span><\/td>\r\n<td><span style=\"font-weight: 400;\">Gewicht, kg max<\/span><\/td>\r\n<td>\r\n<p style=\"text-align: center;\"><span style=\"font-weight: 400;\">25<\/span><\/p>\r\n<\/td>\r\n<\/tr>\r\n<\/tbody>\r\n<\/table>"},{"tab_title":"Vorteile","tab_content":"<ul>\r\n \t<li style=\"font-weight: 400;\"><span style=\"font-weight: 400;\">genaue Messung des Restgasgehalts im Transformator\u00f6l;<\/span><\/li>\r\n \t<li style=\"font-weight: 400;\"><span style=\"font-weight: 400;\">zuverl\u00e4ssige Arbeit;<\/span><\/li>\r\n \t<li style=\"font-weight: 400;\"><span style=\"font-weight: 400;\">bequemer und langlebiger K\u00f6rper;<\/span><\/li>\r\n \t<li style=\"font-weight: 400;\"><span style=\"font-weight: 400;\">der Messvorgang dauert bis zu 10 Minuten;<\/span><\/li>\r\n \t<li style=\"font-weight: 400;\"><span style=\"font-weight: 400;\">M\u00f6glichkeit, die Ergebnisse auf dem eingebauten Thermodrucker auszudrucken.<\/span><\/li>\r\n<\/ul>"},{"tab_title":"Anwendung","tab_content":"[product_oil_types]"}],"add_video_tab":null,"add_gallery_tab":null,"add_price_tab":null},"language":"de","_links":{"self":[{"href":"https:\/\/globecore.com\/de\/wp-json\/wp\/v2\/pages\/146187","targetHints":{"allow":["GET"]}}],"collection":[{"href":"https:\/\/globecore.com\/de\/wp-json\/wp\/v2\/pages"}],"about":[{"href":"https:\/\/globecore.com\/de\/wp-json\/wp\/v2\/types\/page"}],"author":[{"embeddable":true,"href":"https:\/\/globecore.com\/de\/wp-json\/wp\/v2\/users\/7"}],"replies":[{"embeddable":true,"href":"https:\/\/globecore.com\/de\/wp-json\/wp\/v2\/comments?post=146187"}],"version-history":[{"count":2,"href":"https:\/\/globecore.com\/de\/wp-json\/wp\/v2\/pages\/146187\/revisions"}],"predecessor-version":[{"id":336206,"href":"https:\/\/globecore.com\/de\/wp-json\/wp\/v2\/pages\/146187\/revisions\/336206"}],"up":[{"embeddable":true,"href":"https:\/\/globecore.com\/de\/wp-json\/wp\/v2\/pages\/146122"}],"wp:featuredmedia":[{"embeddable":true,"href":"https:\/\/globecore.com\/de\/wp-json\/wp\/v2\/media\/146188"}],"wp:attachment":[{"href":"https:\/\/globecore.com\/de\/wp-json\/wp\/v2\/media?parent=146187"}],"wp:term":[{"taxonomy":"category","embeddable":true,"href":"https:\/\/globecore.com\/de\/wp-json\/wp\/v2\/categories?post=146187"}],"curies":[{"name":"wp","href":"https:\/\/api.w.org\/{rel}","templated":true}]}}