{"id":146197,"date":"2020-11-23T13:42:09","date_gmt":"2020-11-23T13:42:09","guid":{"rendered":"https:\/\/globecore.com\/products\/instruments\/insulation-fluid-dielectric-strength-measurement-tor-80\/"},"modified":"2026-03-06T13:55:29","modified_gmt":"2026-03-06T13:55:29","slug":"insulation-fluid-dielectric-strength-measurement-tor-80","status":"publish","type":"page","link":"https:\/\/globecore.com\/de\/products\/instruments\/insulation-fluid-dielectric-strength-measurement-tor-80\/","title":{"rendered":"Ger\u00e4t zur Messung der Durchschlagspannung der dielektrischen Fl\u00fcssigkeiten TOR-80"},"content":{"rendered":"","protected":false},"excerpt":{"rendered":"<p>Die TOR-80 Einheit ist f\u00fcr die automatisierte und pr\u00e4zise Messung der Durchschlagsfestigkeit (Durchbruchspannung bis 80\u202fkV) von Transformator\u00f6l und anderen dielektrischen Fl\u00fcssigkeiten gem\u00e4\u00df IEC 60156, ASTM D877 und ASTM D1816 ausgelegt. Sie kann autonom oder im Netzwerk betrieben werden und \u00fcbertr\u00e4gt die Ergebnisse an einen PC, um eine lokale Datenbank zu erstellen, Berichte zu generieren, Diagramme zu erstellen und Ergebnisse auszudrucken. Das Ger\u00e4t ist vollautomatisch und unterst\u00fctzt Pr\u00fcfungen sowohl nach Standardverfahren als auch nach benutzerdefinierten Verfahren.<\/p>\n","protected":false},"author":7,"featured_media":146198,"parent":146122,"menu_order":0,"comment_status":"closed","ping_status":"closed","template":"templates\/single-product.php","meta":{"_acf_changed":false,"_bbp_topic_count":0,"_bbp_reply_count":0,"_bbp_total_topic_count":0,"_bbp_total_reply_count":0,"_bbp_voice_count":0,"_bbp_anonymous_reply_count":0,"_bbp_topic_count_hidden":0,"_bbp_reply_count_hidden":0,"_bbp_forum_subforum_count":0,"footnotes":""},"categories":[1931],"class_list":["post-146197","page","type-page","status-publish","has-post-thumbnail","hentry","category-instruments-de","oil_type-fr3-dielektrikum","oil_type-midel-7131-dielektrikum","oil_type-silikonol","oil_type-transformatorenol","process_type-durchbruchspannungsprufung"],"acf":{"add_tab":[{"tab_title":"Beschreibung","tab_content":"<p style=\"text-align: justify;\">Das TOR-80-Ger\u00e4t dient zur Bestimmung der Durchschlagspannung von Transformator\u00f6l und anderen fl\u00fcssigen Dielektrika gem\u00e4\u00df IEC 60156, ASTM D877, ASTM D1816, GOST 6581.<\/p>\r\n<p style=\"text-align: justify;\">Es handelt sich um ein vollautomatisches Ger\u00e4t, das Testen gem\u00e4\u00df den in den oben angef\u00fchrten Standards festgelegten Verfahren sowie gem\u00e4\u00df den im entsprechenden Abschnitt des Ger\u00e4temen\u00fcs angegebenen Benutzerverfahren sicherstellt.<\/p>\r\n\r\n<h2 style=\"text-align: center;\">Arbeitsprinzip<\/h2>\r\n<p style=\"text-align: justify;\">Der Arbeitskern des Ger\u00e4ts ist einen Hochspannungstransformator und elektronische Module. Das Funktionsprinzip des Ger\u00e4ts besteht in einem allm\u00e4hlichen Spannungsanhebung an der Sekund\u00e4rwicklung eines Hochspannungstransformators von Null auf einen H\u00f6chstwert oder auf einen Wert, bei dem ein Durchschlag der in die an den Hochspannungskontakten des Trafos installierte Messzelle eingegossenen dielektrischen Fl\u00fcssigkeiten auftritt.<\/p>\r\n<p style=\"text-align: justify;\">Der Spannungsanstieg an der Sekund\u00e4rwicklung des Trafos tritt aufgrund einer allm\u00e4hlichen Spannungsanhebung an der Prim\u00e4rwicklung auf, wenn eine Sinusoidalspannung von einem gesteuerten Hauptwechselrichter, der eines der elektronischen Module ist, an diese angelegt wird.<\/p>\r\n<p style=\"text-align: justify;\">Der Spannungsanstieg wird von einem Mikrocontroller gesteuert, der den Betrieb des Hauptwechselrichters steuert. Der gesteuerte Hauptwechselrichter aufgrund Befehle vom Steuermodul der Anlage.<\/p>\r\n<p style=\"text-align: justify;\">W\u00e4hrend des Ger\u00e4tebetriebs wird eine Wechselhochspannung (50 \u2013 60 Hz) von den Kontakten der Sekund\u00e4rwicklung durch die Zellelektroden an die in das Zellgef\u00e4\u00df gegossene untersuchte dielektrische Fl\u00fcssigkeit angelegt. Der Durchschlag erfolgt zwischen den Zellelektroden durch den mit einer dielektrischen Fl\u00fcssigkeit gef\u00fcllten Raum.<\/p>"}],"add_def_tab":[{"tab_title":"Technische Daten","tab_content":"<table>\r\n<tbody>\r\n<tr>\r\n<td><b>Nr.<\/b><\/td>\r\n<td>\r\n<p style=\"text-align: center;\"><b>Bezeichnung<\/b><\/p>\r\n<\/td>\r\n<td>\r\n<p style=\"text-align: center;\"><b>Wert<\/b><\/p>\r\n<\/td>\r\n<\/tr>\r\n<tr>\r\n<td>1<\/td>\r\n<td style=\"text-align: left;\">Arbeitsspannung des Wechselstroms, V<\/td>\r\n<td style=\"text-align: center;\">85 \u2013 264<\/td>\r\n<\/tr>\r\n<tr>\r\n<td>2<\/td>\r\n<td style=\"text-align: left;\">Versorgungsfrequenz, Hz<\/td>\r\n<td style=\"text-align: center;\">48 \u2013 63<\/td>\r\n<\/tr>\r\n<tr>\r\n<td>3<\/td>\r\n<td style=\"text-align: left;\">Stromverbrauch, VA<\/td>\r\n<td style=\"text-align: center;\">Nicht mehr als 250<\/td>\r\n<\/tr>\r\n<tr>\r\n<td>3<\/td>\r\n<td style=\"text-align: left;\">H\u00f6chste Ausgangsspannung, kV<\/td>\r\n<td>\r\n<p style=\"text-align: center;\">Sinusf\u00f6rmig, bis zu<\/p>\r\n<p style=\"text-align: center;\">80 kV Effektivwert<\/p>\r\n<\/td>\r\n<\/tr>\r\n<tr>\r\n<td>4<\/td>\r\n<td style=\"text-align: left;\">Messabweichung der Ausgangsspannung<\/td>\r\n<td style=\"text-align: center;\">\u00b12 %<\/td>\r\n<\/tr>\r\n<tr>\r\n<td>5<\/td>\r\n<td style=\"text-align: left;\">Spannungsanstiegsgeschwindigkeit, kV\/s<\/td>\r\n<td style=\"text-align: center;\">Von 0,1 bis 5 *<\/td>\r\n<\/tr>\r\n<tr>\r\n<td>6<\/td>\r\n<td style=\"text-align: left;\">Ausgangsspannungsanzeigeaufl\u00f6sung, V<\/td>\r\n<td style=\"text-align: center;\">100<\/td>\r\n<\/tr>\r\n<tr>\r\n<td>7<\/td>\r\n<td style=\"text-align: left;\">Hochspannungsabschaltzeit nach dem Spannungsdurchschlag, \u03bcs<\/td>\r\n<td>\r\n<p style=\"text-align: center;\">10 \u2013 max,<\/p>\r\n<p style=\"text-align: center;\">4 \u2013 typisch<\/p>\r\n<\/td>\r\n<\/tr>\r\n<tr>\r\n<td>8<\/td>\r\n<td style=\"text-align: left;\">Volumen der Messzelle, cm3<\/td>\r\n<td style=\"text-align: center;\">500<\/td>\r\n<\/tr>\r\n<tr>\r\n<td>9<\/td>\r\n<td style=\"text-align: left;\">Messbereich f\u00fcr Umgebungstemperatur, \u00b0 C<\/td>\r\n<td style=\"text-align: center;\">0 \u2013 100<\/td>\r\n<\/tr>\r\n<tr>\r\n<td>10<\/td>\r\n<td style=\"text-align: left;\">Temperaturmessaufl\u00f6sung, \u00b0 C<\/td>\r\n<td style=\"text-align: center;\">1<\/td>\r\n<\/tr>\r\n<tr>\r\n<td>11<\/td>\r\n<td style=\"text-align: left;\">Eingebauter Drucker<\/td>\r\n<td style=\"text-align: center;\">ja<\/td>\r\n<\/tr>\r\n<tr>\r\n<td>12<\/td>\r\n<td style=\"text-align: left;\">Arbeitstemperatur, \u00b0 C<\/td>\r\n<td style=\"text-align: center;\">0 \u2013 50<\/td>\r\n<\/tr>\r\n<tr>\r\n<td>13<\/td>\r\n<td style=\"text-align: left;\">Aufbewahrungstemperatur, \u00b0 C<\/td>\r\n<td style=\"text-align: center;\">Von \u2013 20 bis + 60<\/td>\r\n<\/tr>\r\n<tr>\r\n<td>14<\/td>\r\n<td style=\"text-align: left;\">Relative Feuchtigkeit, %<\/td>\r\n<td style=\"text-align: center;\">Bis zu 90 nicht betauend<\/td>\r\n<\/tr>\r\n<tr>\r\n<td>15<\/td>\r\n<td style=\"text-align: left;\">Au\u00dfenabmessungen, mm<\/td>\r\n<td style=\"text-align: center;\">490\u0425320\u0425300<\/td>\r\n<\/tr>\r\n<tr>\r\n<td>16<\/td>\r\n<td style=\"text-align: left;\">Gewicht, nicht mehr als, kg<\/td>\r\n<td style=\"text-align: center;\">25<\/td>\r\n<\/tr>\r\n<\/tbody>\r\n<\/table>\r\n<p style=\"text-align: left;\">* \u2013 variable.<\/p>"},{"tab_title":"Vorteile","tab_content":"<ul>\r\n \t<li style=\"text-align: justify;\">automatisierte und genaue Messung der Durchschlagspannung bis 80 kV;<\/li>\r\n \t<li style=\"text-align: justify;\">Sofortabschaltung (4 \u03bcs) der Pr\u00fcfspannung bei einem Durchschlag;<\/li>\r\n \t<li style=\"text-align: justify;\">kann autonom oder in einem Netzwerk arbeiten, indem Ergebnisse auf einen PC \u00fcbertragen, eine lokale Datenbank angelegt, Berichte zusammengestellt, Diagramme erstellt und Ergebnisse gedruckt werden;<\/li>\r\n \t<li style=\"text-align: justify;\">es gibt Software f\u00fcr die Umsetzung der Standard- und benutzerdefinierten Messvorg\u00e4nge \u2013 das Ger\u00e4t kann f\u00fcr Forschungszwecke verwendet werden.<\/li>\r\n \t<li style=\"text-align: justify;\">einfach und bequem zu bedienen und zu warten.<\/li>\r\n<\/ul>"},{"tab_title":"Anwendung","tab_content":"[product_oil_types]"}],"add_video_tab":[{"video_tab_title":"Video","add_video_id":[{"video_id":"khMDoAwmEuM"}]}],"add_gallery_tab":[{"gallery_tab_title":"Foto","add_img":[41370,41362]}],"add_price_tab":[{"price_tab_title":"Get a quote"}]},"language":"de","_links":{"self":[{"href":"https:\/\/globecore.com\/de\/wp-json\/wp\/v2\/pages\/146197","targetHints":{"allow":["GET"]}}],"collection":[{"href":"https:\/\/globecore.com\/de\/wp-json\/wp\/v2\/pages"}],"about":[{"href":"https:\/\/globecore.com\/de\/wp-json\/wp\/v2\/types\/page"}],"author":[{"embeddable":true,"href":"https:\/\/globecore.com\/de\/wp-json\/wp\/v2\/users\/7"}],"replies":[{"embeddable":true,"href":"https:\/\/globecore.com\/de\/wp-json\/wp\/v2\/comments?post=146197"}],"version-history":[{"count":2,"href":"https:\/\/globecore.com\/de\/wp-json\/wp\/v2\/pages\/146197\/revisions"}],"predecessor-version":[{"id":336216,"href":"https:\/\/globecore.com\/de\/wp-json\/wp\/v2\/pages\/146197\/revisions\/336216"}],"up":[{"embeddable":true,"href":"https:\/\/globecore.com\/de\/wp-json\/wp\/v2\/pages\/146122"}],"wp:featuredmedia":[{"embeddable":true,"href":"https:\/\/globecore.com\/de\/wp-json\/wp\/v2\/media\/146198"}],"wp:attachment":[{"href":"https:\/\/globecore.com\/de\/wp-json\/wp\/v2\/media?parent=146197"}],"wp:term":[{"taxonomy":"category","embeddable":true,"href":"https:\/\/globecore.com\/de\/wp-json\/wp\/v2\/categories?post=146197"}],"curies":[{"name":"wp","href":"https:\/\/api.w.org\/{rel}","templated":true}]}}