{"id":146201,"date":"2022-07-19T11:46:33","date_gmt":"2022-07-19T11:46:33","guid":{"rendered":"https:\/\/globecore.com\/products\/instruments\/breakdown-voltage-tester-tor-100\/"},"modified":"2026-03-06T14:14:53","modified_gmt":"2026-03-06T14:14:53","slug":"breakdown-voltage-tester-tor-100","status":"publish","type":"page","link":"https:\/\/globecore.com\/de\/products\/instruments\/breakdown-voltage-tester-tor-100\/","title":{"rendered":"ISOLIER\u00d6LPR\u00dcFUNG MIT TOR-100"},"content":{"rendered":"","protected":false},"excerpt":{"rendered":"<p>Der TOR-100 Tester ist f\u00fcr die automatisierte und pr\u00e4zise Messung der Durchschlagsfestigkeit (bis 100\u202fkV) von Transformator\u00f6l und anderen fl\u00fcssigen Dielektrika ausgelegt. Er arbeitet nach den Normen IEC 60156, VDE 0370, ASTM D877, ASTM D1816 und IRAM 2341, die aktualisiert oder erweitert werden k\u00f6nnen, um Kundenanforderungen oder neue Normversionen zu erf\u00fcllen. Der Tester verf\u00fcgt \u00fcber einen integrierten Drucker f\u00fcr sofortige Ergebnisse und einen USB-Anschluss zum Speichern der Pr\u00fcfdaten auf einem USB-Stick, was die einfache \u00dcbertragung und Speicherung der Messungen auf einem Computer erm\u00f6glicht.<\/p>\n","protected":false},"author":7,"featured_media":146203,"parent":146122,"menu_order":0,"comment_status":"closed","ping_status":"closed","template":"templates\/single-product.php","meta":{"_acf_changed":false,"_bbp_topic_count":0,"_bbp_reply_count":0,"_bbp_total_topic_count":0,"_bbp_total_reply_count":0,"_bbp_voice_count":0,"_bbp_anonymous_reply_count":0,"_bbp_topic_count_hidden":0,"_bbp_reply_count_hidden":0,"_bbp_forum_subforum_count":0,"footnotes":""},"categories":[1931],"class_list":["post-146201","page","type-page","status-publish","has-post-thumbnail","hentry","category-instruments-de","oil_type-fr3-dielektrikum","oil_type-midel-7131-dielektrikum","oil_type-silikonol","oil_type-transformatorenol","process_type-durchbruchspannungsprufung"],"acf":{"add_tab":[{"tab_title":"Beschreibung","tab_content":"<p style=\"text-align: justify;\">Der TOR-100-Tester dient zur Bestimmung der elektrischen Durchschlagsfestigkeit von Transformator\u00f6l und anderen fl\u00fcssigen Dielektrika gem\u00e4\u00df IEC 60156, VDE 0370, ASTM D877, ASTM D1816, IRAM 2341. Diese Normenliste kann sowohl unter Ber\u00fccksichtigung der Kundenw\u00fcnsche als auch mit dem Aufkommen neuer Normenversionen erg\u00e4nzt und ge\u00e4ndert werden.<\/p>\r\n\r\n<h2 style=\"text-align: center;\">Arbeitsprinzip<\/h2>\r\n<p style=\"text-align: justify;\">Der Arbeitskern des Testers besteht aus einem Hochspannungstransformator und elektronischen Modulen. Das Funktionsprinzip des Ger\u00e4ts besteht darin, die Spannung an der Sekund\u00e4rwicklung eines Hochspannungstransformators schrittweise von Null auf einen Maximalwert oder auf einen Wert zu erh\u00f6hen, bei dem ein Zusammenbruch eines fl\u00fcssigen Dielektrikums auftritt, das in eine Messzelle gegossen wird an den Hochspannungskontakten des Transformators installiert, die Teil seiner Ausgangselektroden sind.<\/p>\r\n<p style=\"text-align: justify;\">Der Spannungsanstieg an den Hochspannungskontakten der Sekund\u00e4rwicklung des Transformators entsteht durch einen allm\u00e4hlichen Anstieg der Spannung an der Prim\u00e4rwicklung, wenn von einem gesteuerten Master-Wechselrichter eine sinusf\u00f6rmige Spannung an diese angelegt wird.<\/p>"}],"add_def_tab":[{"tab_title":"Technische Daten","tab_content":"<table>\r\n<tbody>\r\n<tr>\r\n<td>Nr<\/td>\r\n<td>\r\n<p style=\"text-align: center;\"><strong>Parameter<\/strong><\/p>\r\n<\/td>\r\n<td>\r\n<p style=\"text-align: center;\"><strong>Bedeutung<\/strong><\/p>\r\n<\/td>\r\n<\/tr>\r\n<tr>\r\n<td>1<\/td>\r\n<td>Eingangsspannung, V<\/td>\r\n<td>\r\n<p style=\"text-align: center;\">85 \u2014 264<\/p>\r\n<\/td>\r\n<\/tr>\r\n<tr>\r\n<td>2<\/td>\r\n<td>Stromversorgungsfrequenz, Hz<\/td>\r\n<td>\r\n<p style=\"text-align: center;\">48 \u2013 63<\/p>\r\n<\/td>\r\n<\/tr>\r\n<tr>\r\n<td>3<\/td>\r\n<td>Stromverbrauch, VA<\/td>\r\n<td>\r\n<p style=\"text-align: center;\">max 250<\/p>\r\n<\/td>\r\n<\/tr>\r\n<tr>\r\n<td>4<\/td>\r\n<td>Maximale Ausgangsspannung, kV<\/td>\r\n<td>\r\n<p style=\"text-align: center;\">Sinusf\u00f6rmig, bis 100 kV RMS<\/p>\r\n<\/td>\r\n<\/tr>\r\n<tr>\r\n<td>5<\/td>\r\n<td>Fehler bei der Messung der Ausgangsspannung<\/td>\r\n<td>\r\n<p style=\"text-align: center;\">\u00b11 kV<\/p>\r\n<\/td>\r\n<\/tr>\r\n<tr>\r\n<td>6<\/td>\r\n<td>Spannungsanstiegsrate, kV\/s<\/td>\r\n<td>\r\n<p style=\"text-align: center;\">ab\u00a0 0,1 bis 5<\/p>\r\n<\/td>\r\n<\/tr>\r\n<tr>\r\n<td>7<\/td>\r\n<td>Aufl\u00f6sung bei der Anzeige der Ausgangsspannung, V<\/td>\r\n<td>\r\n<p style=\"text-align: center;\">100<\/p>\r\n<\/td>\r\n<\/tr>\r\n<tr>\r\n<td>8<\/td>\r\n<td>Hochspannungs-Ausschaltzeit nach Durchschlag, \u00b5s<\/td>\r\n<td>\r\n<p style=\"text-align: center;\">10 max,<\/p>\r\n<p style=\"text-align: center;\">4 <span class=\"HwtZe\" lang=\"de\"><span class=\"jCAhz ChMk0b\"><span class=\"ryNqvb\">typisch<\/span><\/span><\/span><\/p>\r\n<\/td>\r\n<\/tr>\r\n<tr>\r\n<td>9<\/td>\r\n<td>Messung des Zellvolumens, cm3<\/td>\r\n<td>\r\n<p style=\"text-align: center;\">500<\/p>\r\n<\/td>\r\n<\/tr>\r\n<tr>\r\n<td>10<\/td>\r\n<td>Messbereich der Umgebungstemperatur, \u00b0C<\/td>\r\n<td>\r\n<p style=\"text-align: center;\">0 \u2014 100<\/p>\r\n<\/td>\r\n<\/tr>\r\n<tr>\r\n<td>11<\/td>\r\n<td>Aufl\u00f6sung bei der Temperaturmessung, \u00b0\u0421<\/td>\r\n<td>\r\n<p style=\"text-align: center;\">1<\/p>\r\n<\/td>\r\n<\/tr>\r\n<tr>\r\n<td>12<\/td>\r\n<td>Eingebauter Drucker<\/td>\r\n<td>\r\n<p style=\"text-align: center;\">ja<\/p>\r\n<\/td>\r\n<\/tr>\r\n<tr>\r\n<td>13<\/td>\r\n<td>Betriebstemperatur, \u00b0C<\/td>\r\n<td>\r\n<p style=\"text-align: center;\">0 \u2014 50<\/p>\r\n<\/td>\r\n<\/tr>\r\n<tr>\r\n<td>14<\/td>\r\n<td>Lagertemperatur, \u00b0C<\/td>\r\n<td>\r\n<p style=\"text-align: center;\">Vom \u2013 20 bis + 60<\/p>\r\n<\/td>\r\n<\/tr>\r\n<tr>\r\n<td>15<\/td>\r\n<td>Relative Luftfeuchtigkeit, %<\/td>\r\n<td>\r\n<p style=\"text-align: center;\">Bis zu 90 nicht kondensierend<\/p>\r\n<\/td>\r\n<\/tr>\r\n<tr>\r\n<td>16<\/td>\r\n<td>Atmosph\u00e4rendruck, mmHg<\/td>\r\n<td>\r\n<p style=\"text-align: center;\">630 \u2014 800<\/p>\r\n<\/td>\r\n<\/tr>\r\n<tr>\r\n<td>17<\/td>\r\n<td>Abmessungen, mm<\/td>\r\n<td>\r\n<p style=\"text-align: center;\">510\u0445300\u0445350<\/p>\r\n<\/td>\r\n<\/tr>\r\n<tr>\r\n<td>18<\/td>\r\n<td>Gewicht, kg, max<\/td>\r\n<td>\r\n<p style=\"text-align: center;\">29,6<\/p>\r\n<\/td>\r\n<\/tr>\r\n<\/tbody>\r\n<\/table>"},{"tab_title":"Vorteile","tab_content":"<ul>\r\n \t<li style=\"text-align: justify;\">automatisierte und genaue Durchschlagspannungsmessung bis 100 kV;<\/li>\r\n \t<li style=\"text-align: justify;\">Sofortige (4 \u03bcs) Abschaltung der Pr\u00fcfspannung bei Durchschlag;<\/li>\r\n \t<li style=\"text-align: justify;\">Es gibt einen eingebauten Drucker, mit dem Sie die Messergebnisse ausdrucken k\u00f6nnen;<\/li>\r\n \t<li style=\"text-align: justify;\">F\u00fcr den Anschluss eines Flash-Laufwerks ist ein USB-Anschluss vorhanden. Sie k\u00f6nnen Informationen aus dem Testdatenarchiv aufzeichnen, um sie sp\u00e4ter auf einen Computer zu \u00fcbertragen;<\/li>\r\n \t<li style=\"text-align: justify;\">einfach und bequem zu bedienen und zu warten.<\/li>\r\n<\/ul>"},{"tab_title":"Anwendung","tab_content":"[product_oil_types]"}],"add_video_tab":[{"video_tab_title":"Video","add_video_id":[{"video_id":"QRUVLQxdnbM"}]}],"add_gallery_tab":[{"gallery_tab_title":"Foto","add_img":[63251,63261,63271,63281]}],"add_price_tab":[{"price_tab_title":"Get a quote"}]},"language":"de","_links":{"self":[{"href":"https:\/\/globecore.com\/de\/wp-json\/wp\/v2\/pages\/146201","targetHints":{"allow":["GET"]}}],"collection":[{"href":"https:\/\/globecore.com\/de\/wp-json\/wp\/v2\/pages"}],"about":[{"href":"https:\/\/globecore.com\/de\/wp-json\/wp\/v2\/types\/page"}],"author":[{"embeddable":true,"href":"https:\/\/globecore.com\/de\/wp-json\/wp\/v2\/users\/7"}],"replies":[{"embeddable":true,"href":"https:\/\/globecore.com\/de\/wp-json\/wp\/v2\/comments?post=146201"}],"version-history":[{"count":2,"href":"https:\/\/globecore.com\/de\/wp-json\/wp\/v2\/pages\/146201\/revisions"}],"predecessor-version":[{"id":336225,"href":"https:\/\/globecore.com\/de\/wp-json\/wp\/v2\/pages\/146201\/revisions\/336225"}],"up":[{"embeddable":true,"href":"https:\/\/globecore.com\/de\/wp-json\/wp\/v2\/pages\/146122"}],"wp:featuredmedia":[{"embeddable":true,"href":"https:\/\/globecore.com\/de\/wp-json\/wp\/v2\/media\/146203"}],"wp:attachment":[{"href":"https:\/\/globecore.com\/de\/wp-json\/wp\/v2\/media?parent=146201"}],"wp:term":[{"taxonomy":"category","embeddable":true,"href":"https:\/\/globecore.com\/de\/wp-json\/wp\/v2\/categories?post=146201"}],"curies":[{"name":"wp","href":"https:\/\/api.w.org\/{rel}","templated":true}]}}