{"id":146238,"date":"2022-12-19T12:11:05","date_gmt":"2022-12-19T12:11:05","guid":{"rendered":"https:\/\/globecore.com\/products\/wind-turbine-service\/cmm-g-wind-turbine-gearbox-oil-changer-with-dimensions-adapted-to-the-customers-trailer-ones\/"},"modified":"2026-03-06T14:17:02","modified_gmt":"2026-03-06T14:17:02","slug":"cmm-g-wind-turbine-gearbox-oil-changer-with-dimensions-adapted-to-the-customers-trailer-ones","status":"publish","type":"page","link":"https:\/\/globecore.com\/de\/products\/wind-turbine-service\/cmm-g-wind-turbine-gearbox-oil-changer-with-dimensions-adapted-to-the-customers-trailer-ones\/","title":{"rendered":"GETRIBE\u00d6LWECHSLER F\u00dcR WINDKRAFTANLAGEN \u0421\u041c\u041c-G (mit Abmessungen, die an die Abmessungen des Anh\u00e4ngers des Kunden angepasst sind)"},"content":{"rendered":"","protected":false},"excerpt":{"rendered":"<p>Die CMM-G Einheit ist f\u00fcr alle Vorg\u00e4nge im Zusammenhang mit dem \u00d6lwechsel in Windturbinengetrieben ausgelegt und kann bei Bedarf sauberes \u00d6l vor dem Bef\u00fcllen erw\u00e4rmen. Die Einheit ist rahmenmontiert, mit Abmessungen, die auf den Anh\u00e4nger des Kunden zugeschnitten sind, und verf\u00fcgt \u00fcber einen eingebauten Generator f\u00fcr den Betrieb ohne Netzanschluss.<br \/>\nSie unterst\u00fctzt sechs Betriebsmodi: Bef\u00fcllen des Getriebes mit sauberem \u00d6l, Abpumpen von Alt\u00f6l, Vorw\u00e4rmen des \u00d6ls vor dem Bef\u00fcllen, Ablassen von Alt\u00f6l aus der Einheit, Sp\u00fclen des Getriebes mit Reinigungs\u00f6l und \u00dcbertragen von \u00d6l zwischen Tanks.<\/p>\n","protected":false},"author":7,"featured_media":146240,"parent":146235,"menu_order":0,"comment_status":"closed","ping_status":"closed","template":"templates\/single-product.php","meta":{"_acf_changed":false,"_bbp_topic_count":0,"_bbp_reply_count":0,"_bbp_total_topic_count":0,"_bbp_total_reply_count":0,"_bbp_voice_count":0,"_bbp_anonymous_reply_count":0,"_bbp_topic_count_hidden":0,"_bbp_reply_count_hidden":0,"_bbp_forum_subforum_count":0,"footnotes":""},"categories":[2567],"class_list":["post-146238","page","type-page","status-publish","has-post-thumbnail","hentry","category-erneuerbare-energien-biokraftstoffe","oil_type-getriebeol","oil_type-transformatorenol","process_type-aendern"],"acf":{"add_tab":[{"tab_title":"Beschreibung","tab_content":"<p style=\"text-align: justify;\">Die CMM-G Anlage wurde entwickelt, um \u00d6l in Getrieben von Windkraftanlagen zu handhaben, vom Ablassen bis zum Sp\u00fclen und Nachf\u00fcllen. Bei Bedarf kann das Ger\u00e4t das \u00d6l vor dem Pumpenvorw\u00e4rmen. Ein Merkmal dieses Modells ist die Anpassung der Gesamtabmessungen an die Abmessungen des Anh\u00e4ngers des Kunden.<\/p>\r\n<p style=\"text-align: justify;\">Das Ger\u00e4t kann mit mineralischen und synthetischen \u00d6len mit folgenden Eigenschaften arbeiten:<\/p>\r\n\r\n<ul style=\"text-align: justify;\">\r\n \t<li>kinematische Viskosit\u00e4t bei 40\u00b0\u0421, mm2\/s - 8\u2026320;<\/li>\r\n \t<li>Dichte bei 20\u00b0\u0421, kg\/m3 \u2013 800\u2026900;<\/li>\r\n \t<li>industrielle Sauberkeitsklasse nach ISO 4406 - nicht schlechter als 14.<\/li>\r\n<\/ul>\r\n<h2 style=\"text-align: justify;\"><strong>BETRIEBSVERFAHREN<\/strong><\/h2>\r\n<p style=\"text-align: justify;\">Das CMM-G kann in sechs Betriebsarten verwendet werden:<\/p>\r\n\r\n<ul style=\"text-align: justify;\">\r\n \t<li style=\"text-align: justify;\">sauberes \u00d6l in das Getriebe pumpen;<\/li>\r\n \t<li style=\"text-align: justify;\">Alt\u00f6l aus dem Getriebe abpumpen;<\/li>\r\n \t<li style=\"text-align: justify;\">\u00d6lerw\u00e4rmung vor der Versorgung des Getriebes;<\/li>\r\n \t<li style=\"text-align: justify;\">Ablassen von Alt\u00f6l aus der Einheit;<\/li>\r\n \t<li style=\"text-align: justify;\">Sp\u00fclen des Getriebes mit Spezial\u00f6l;<\/li>\r\n \t<li style=\"text-align: justify;\">\u00d6l von Tank zu Tank pumpen.<\/li>\r\n<\/ul>\r\n<p style=\"text-align: justify;\">Zur Stromversorgung des Ger\u00e4tes k\u00f6nnen Sie den eingebauten Generator oder ein externes Drehstromnetz verwenden. Wenn der Generator eingeschaltet ist, ist der gleichzeitige Betrieb aller Modi blockiert.<\/p>"}],"add_def_tab":[{"tab_title":"Technische Daten","tab_content":"<table width=\"622\">\r\n<tbody>\r\n<tr>\r\n<td width=\"47\"><strong>\u2116<\/strong><\/td>\r\n<td width=\"478\">\r\n<p style=\"text-align: center;\"><strong>\u00a0Parameter <\/strong><\/p>\r\n<\/td>\r\n<td width=\"98\">\r\n<p style=\"text-align: center;\"><strong>Wert<\/strong><\/p>\r\n<\/td>\r\n<\/tr>\r\n<tr>\r\n<td width=\"47\">1<\/td>\r\n<td style=\"text-align: left;\" width=\"478\">Einspritzleistung, m\u00b3\/h, mindestens (bei \u00d6ltemperatur 50\u00b0C)<\/td>\r\n<td width=\"98\">\r\n<p style=\"text-align: center;\">0,5<\/p>\r\n<\/td>\r\n<\/tr>\r\n<tr>\r\n<td width=\"47\">2<\/td>\r\n<td style=\"text-align: left;\" width=\"478\">Ablaufleistung, m\u00b3\/h, min (bei \u00d6ltemperatur nicht unter 50\u00b0C)<\/td>\r\n<td width=\"98\">\r\n<p style=\"text-align: center;\">0,25<\/p>\r\n<\/td>\r\n<\/tr>\r\n<tr>\r\n<td width=\"47\">3<\/td>\r\n<td style=\"text-align: left;\" width=\"478\">Volumen des sauberen \u00d6lbeh\u00e4lters, l, max<\/td>\r\n<td width=\"98\">\r\n<p style=\"text-align: center;\">1250<\/p>\r\n<\/td>\r\n<\/tr>\r\n<tr>\r\n<td width=\"47\">4<\/td>\r\n<td style=\"text-align: left;\" width=\"478\">Sp\u00fcl\u00f6linhalt, l, max<\/td>\r\n<td width=\"98\">\r\n<p style=\"text-align: center;\">630<\/p>\r\n<\/td>\r\n<\/tr>\r\n<tr>\r\n<td width=\"47\">5<\/td>\r\n<td style=\"text-align: left;\" width=\"478\">Maximale \u00d6laustrittstemperatur im Heizmodus, \u00b0C<\/td>\r\n<td width=\"98\">\r\n<p style=\"text-align: center;\">65<\/p>\r\n<\/td>\r\n<\/tr>\r\n<tr>\r\n<td width=\"47\">6<\/td>\r\n<td style=\"text-align: left;\" width=\"478\">Ausgangsdruck, MPa, min<\/td>\r\n<td width=\"98\">\r\n<p style=\"text-align: center;\">10<\/p>\r\n<\/td>\r\n<\/tr>\r\n<tr>\r\n<td width=\"47\">7<\/td>\r\n<td style=\"text-align: left;\" width=\"478\">Leistung der \u00d6lheizung Nr. 1, kW, max<\/td>\r\n<td width=\"98\">\r\n<p style=\"text-align: center;\">6,0<\/p>\r\n<\/td>\r\n<\/tr>\r\n<tr>\r\n<td width=\"47\">8<\/td>\r\n<td style=\"text-align: left;\" width=\"478\">\u00a0Leistung der \u00d6lheizung Nr. 2, kW, max<\/td>\r\n<td width=\"98\">\r\n<p style=\"text-align: center;\">6,0<\/p>\r\n<\/td>\r\n<\/tr>\r\n<tr>\r\n<td width=\"47\">9<\/td>\r\n<td style=\"text-align: left;\" width=\"478\">Maximaler Stromverbrauch, kW, max<\/td>\r\n<td width=\"98\">\r\n<p style=\"text-align: center;\">11<\/p>\r\n<\/td>\r\n<\/tr>\r\n<tr>\r\n<td width=\"47\">10<\/td>\r\n<td width=\"478\">\r\n<p style=\"text-align: left;\">Stromparameter:<\/p>\r\n<p style=\"text-align: left;\">\u25cf Spannung, V\r\n\u25cf variabel mit Frequenz, Hz<\/p>\r\n<\/td>\r\n<td width=\"98\">&nbsp;\r\n<p style=\"text-align: center;\">Auf\r\nKundenwu\r\nnsch<\/p>\r\n<\/td>\r\n<\/tr>\r\n<tr>\r\n<td width=\"47\">11<\/td>\r\n<td width=\"478\">\r\n<p style=\"text-align: left;\">Abmessungen, mm, max<\/p>\r\n<p style=\"text-align: left;\">\u25cf L\u00e4nge\r\n\u25cf Breite\r\n\u25cf H\u00f6he<\/p>\r\n<\/td>\r\n<td width=\"98\">\r\n<p style=\"text-align: center;\">4960<\/p>\r\n<p style=\"text-align: center;\">2260<\/p>\r\n<p style=\"text-align: center;\">1560<\/p>\r\n<\/td>\r\n<\/tr>\r\n<tr>\r\n<td width=\"47\">12<\/td>\r\n<td style=\"text-align: left;\" width=\"478\">Gewicht,kg, max<\/td>\r\n<td width=\"98\">\r\n<p style=\"text-align: center;\">2800<\/p>\r\n<\/td>\r\n<\/tr>\r\n<\/tbody>\r\n<\/table>"},{"tab_title":"Vorteile","tab_content":"<ul>\r\n \t<li style=\"text-align: justify;\">die Anlage f\u00fchrt alle technologischen Vorg\u00e4nge im Zusammenhang mit\r\ndem \u00d6lwechsel in Getrieben von Windkraftanlagen durch;<\/li>\r\n \t<li style=\"text-align: justify;\">Die Installation erfolgt auf dem Rahmen und die Abmessungen der\r\nInstallation werden an die Abmessungen des Anh\u00e4ngers des Kunden\r\nangepasst.<\/li>\r\n \t<li style=\"text-align: justify;\">Die Kapazit\u00e4t f\u00fcr sauberes \u00d6l wurde auf 1250 Litas erh\u00f6ht;<\/li>\r\n \t<li style=\"text-align: justify;\">Bei fehlendem Zugang zum Versorgungsnetz ist der Betrieb \u00fcber den\r\neingebauten Generator m\u00f6glich.<\/li>\r\n<\/ul>"},{"tab_title":"Anwendung","tab_content":"[product_oil_types]"}],"add_video_tab":null,"add_gallery_tab":null,"add_price_tab":null},"language":"de","_links":{"self":[{"href":"https:\/\/globecore.com\/de\/wp-json\/wp\/v2\/pages\/146238","targetHints":{"allow":["GET"]}}],"collection":[{"href":"https:\/\/globecore.com\/de\/wp-json\/wp\/v2\/pages"}],"about":[{"href":"https:\/\/globecore.com\/de\/wp-json\/wp\/v2\/types\/page"}],"author":[{"embeddable":true,"href":"https:\/\/globecore.com\/de\/wp-json\/wp\/v2\/users\/7"}],"replies":[{"embeddable":true,"href":"https:\/\/globecore.com\/de\/wp-json\/wp\/v2\/comments?post=146238"}],"version-history":[{"count":1,"href":"https:\/\/globecore.com\/de\/wp-json\/wp\/v2\/pages\/146238\/revisions"}],"predecessor-version":[{"id":336227,"href":"https:\/\/globecore.com\/de\/wp-json\/wp\/v2\/pages\/146238\/revisions\/336227"}],"up":[{"embeddable":true,"href":"https:\/\/globecore.com\/de\/wp-json\/wp\/v2\/pages\/146235"}],"wp:featuredmedia":[{"embeddable":true,"href":"https:\/\/globecore.com\/de\/wp-json\/wp\/v2\/media\/146240"}],"wp:attachment":[{"href":"https:\/\/globecore.com\/de\/wp-json\/wp\/v2\/media?parent=146238"}],"wp:term":[{"taxonomy":"category","embeddable":true,"href":"https:\/\/globecore.com\/de\/wp-json\/wp\/v2\/categories?post=146238"}],"curies":[{"name":"wp","href":"https:\/\/api.w.org\/{rel}","templated":true}]}}