{"id":146243,"date":"2017-11-09T08:41:32","date_gmt":"2017-11-09T08:41:32","guid":{"rendered":"https:\/\/globecore.com\/products\/wind-turbine-service\/cmm-g\/"},"modified":"2026-04-10T11:34:04","modified_gmt":"2026-04-10T11:34:04","slug":"cmm-g","status":"publish","type":"page","link":"https:\/\/globecore.com\/de\/products\/wind-turbine-service\/cmm-g\/","title":{"rendered":"CMM-G \u00d6lwechselanlage f\u00fcr Windkraftgetriebe"},"content":{"rendered":"","protected":false},"excerpt":{"rendered":"<p>Die CMM-G Einheit ist f\u00fcr einen dreistufigen Prozess des \u00d6lwechsels in Windturbinengetrieben ausgelegt: Ablassen des Alt\u00f6ls, Sp\u00fclen des Getriebes und Bef\u00fcllen mit neuem \u00d6l. Sie erm\u00f6glicht eine schnelle und effiziente Wartung von Windturbinen-\u00d6lsystemen und ist mit Turbinen verschiedener Hersteller kompatibel. Die Einheit kann auch sauberes \u00d6l vor dem Nachf\u00fcllen erw\u00e4rmen.<\/p>\n","protected":false},"author":7,"featured_media":133720,"parent":146235,"menu_order":0,"comment_status":"closed","ping_status":"closed","template":"templates\/single-product.php","meta":{"_acf_changed":false,"_bbp_topic_count":0,"_bbp_reply_count":0,"_bbp_total_topic_count":0,"_bbp_total_reply_count":0,"_bbp_voice_count":0,"_bbp_anonymous_reply_count":0,"_bbp_topic_count_hidden":0,"_bbp_reply_count_hidden":0,"_bbp_forum_subforum_count":0,"footnotes":""},"categories":[2567],"class_list":["post-146243","page","type-page","status-publish","has-post-thumbnail","hentry","category-erneuerbare-energien-biokraftstoffe","oil_type-getriebeol","oil_type-transformatorenol","process_type-aendern"],"acf":{"add_tab":[{"tab_title":"Beschreibung","tab_content":"<p style=\"text-align: justify;\">Die CMM-G-Einheit ist f\u00fcr einen dreistufigen Prozess des \u00d6lwechsels in Windkraftgetrieben (Entleeren des alten \u00d6ls, Sp\u00fclen des Getriebes und Bef\u00fcllen des Getriebes mit neuem \u00d6l) ausgelegt. Die Einheit erm\u00f6glicht eine schnelle und effiziente Wartung des \u00d6lsystems von Windkraftanlagen unterschiedlicher Hersteller. Die CMM-G kann ebenfalls sauberes \u00d6l erhitzen.<\/p>\r\n<p style=\"text-align: justify;\"><b>Das Ger\u00e4t wechselt Mineral- und Synthetik\u00f6l mit den folgenden Eigenschaften:<\/b><\/p>\r\n\r\n<ul style=\"text-align: justify;\">\r\n \t<li>kinematische Viskosit\u00e4t bei 40\u00b0\u0421 - 8...12 mm\u00b2\/sec;<\/li>\r\n \t<li>Dichte bei 20\u00b0\u0421, - 800...950 kg\/m\u00b3;<\/li>\r\n \t<li>ISO 4406 Reinheitsklasse \u2013 14 oder besser.<\/li>\r\n<\/ul>\r\n<h2 style=\"text-align: center;\">CMM-G \u00d6lwechselanlage<\/h2>\r\n<p style=\"text-align: justify;\">Das CMM-G ist auf einem Anh\u00e4nger montiert und besteht aus Geh\u00e4use-, Rein- und Alt\u00f6ltanks sowie Schlauchtrommeln. Die Seitenw\u00e4nde des Geh\u00e4uses sind mit T\u00fcren f\u00fcr den Zugang und die Wartung ausgestattet. Auf der linken Seite des Geh\u00e4uses befindet sich ein Staufach f\u00fcr Zubeh\u00f6r. In einem Abteil mit Rolltor befindet sich ein Generator, der das Ger\u00e4t mit Strom versorgt, wenn kein Netzanschluss vorhanden ist. Prozessparameter und Automatikventile werden \u00fcber eine Steuerung gesteuert. Das Ende des Ausgangsschlauches ist mit einem \u00d6lz\u00e4hler ausgestattet.<\/p>\r\n<p style=\"text-align: justify;\"><b>Bevor zu einem anderen \u00d6ltyp gewechselt wird, wie folgt vorgehen:<\/b><\/p>\r\n\r\n<ul style=\"text-align: justify;\">\r\n \t<li>Sp\u00fclen Sie das Ger\u00e4t, um ein Vermischen verschiedener \u00d6larten (mineralisch und synthetisch) zu vermeiden;<\/li>\r\n \t<li>Filterelemente wechseln<\/li>\r\n<\/ul>\r\n<h2 style=\"text-align: center;\">Betriebsmodi der CMM-G \u00d6lwechselanlage<\/h2>\r\n<p style=\"text-align: justify;\"><img class=\"wp-image-7830 size-full\" src=\"https:\/\/globecore.com\/wp-content\/uploads\/2017\/11\/CMM-G.jpg\" alt=\"Gear oil Changer\" width=\"900\" height=\"397\" \/>\r\n250 Gallonen\/950 Liter Tank<\/p>\r\n\r\n<h3 style=\"text-align: center;\">Ablass des Alt\u00f6ls<\/h3>\r\n<p style=\"text-align: justify;\">In diesem Modus f\u00f6rdert die Vakuumpumpe der Anlage \u00d6l aus dem Turbinengetriebe in die Anlage hinein.<\/p>\r\n\r\n<h3 style=\"text-align: center;\">Getriebesp\u00fclung<\/h3>\r\n<p style=\"text-align: justify;\">In dieser Betriebsart wird Sp\u00fcl\u00f6l bis zu einer H\u00f6he von 105 Metern gef\u00f6rdert und mit 5 bar Druck in das Getriebe eingespeist. Dabei wird das restliche Alt\u00f6l und Feinstaub ausgewaschen.<\/p>\r\n\r\n<h3 style=\"text-align: center;\">Heiz- und Filtrationsmodus<\/h3>\r\n<p style=\"text-align: justify;\">Dieser Modus wird ben\u00f6tigt, um sauberes \u00d6l vor dem Bef\u00fcllen schnell aufzuheizen und zu filtrieren. Nach dem Erw\u00e4rmen auf 70\u00b0C wird das \u00d6l dem Getriebe zugef\u00fchrt.<\/p>\r\n<p style=\"text-align: justify;\">Bei eingeschaltetem Heiz- und Filtrationsmodus ist es m\u00f6glich, das Getriebe gleichzeitig mit \u00d6l zu versorgen und die n\u00e4chste \u00d6lmenge f\u00fcr die Bef\u00fcllung der n\u00e4chsten Turbine zu erw\u00e4rmen.<\/p>\r\n\r\n<h3 style=\"text-align: center;\">Versorgung mit sauberem \u00d6l<\/h3>\r\n<p style=\"text-align: justify;\">In diesem Modus liefert die Pumpe \u00d6l bis zu einer H\u00f6he von 105 Metern. Zur gleichen Zeit wird das \u00d6l durch 3 und 25 um Filter gefiltert.<\/p>"}],"add_def_tab":[{"tab_title":"Spezifikation","tab_content":"<table>\r\n<tbody>\r\n<tr>\r\n<td style=\"text-align: center;\" colspan=\"2\"><b>Parameter<\/b><\/td>\r\n<td style=\"text-align: center;\" colspan=\"2\"><b>Werte<\/b><\/td>\r\n<\/tr>\r\n<tr>\r\n<td style=\"text-align: left;\" colspan=\"3\">1. \u00d6laussto\u00dfgeschwindigkeit, m\u00b3 \/ Stunde, mind.<\/td>\r\n<td style=\"text-align: center;\">0,8<\/td>\r\n<\/tr>\r\n<tr>\r\n<td style=\"text-align: left;\" colspan=\"3\">2. \u00d6lablassgeschwindigkeit, m\u00b3 \/ Stunde, mind.<\/td>\r\n<td style=\"text-align: center;\">0,5<\/td>\r\n<\/tr>\r\n<tr>\r\n<td style=\"text-align: left;\" colspan=\"2\">3. Max. \u00d6laustrittstemperatur im Heizbetrieb, \u00ba\u0421<\/td>\r\n<td style=\"text-align: center;\" colspan=\"2\">70<\/td>\r\n<\/tr>\r\n<tr>\r\n<td style=\"text-align: left;\" colspan=\"2\">4. Ausgangsdruck, MPa<\/td>\r\n<td style=\"text-align: center;\" colspan=\"2\">1,3<\/td>\r\n<\/tr>\r\n<tr>\r\n<td style=\"text-align: left;\" colspan=\"2\">5. Heizleistung, kW, max.<\/td>\r\n<td style=\"text-align: center;\" colspan=\"2\">4,8<\/td>\r\n<\/tr>\r\n<tr>\r\n<td style=\"text-align: left;\" colspan=\"2\">6. Max. Stromverbrauch, kW<\/td>\r\n<td style=\"text-align: center;\" colspan=\"2\">8<\/td>\r\n<\/tr>\r\n<tr>\r\n<td style=\"text-align: left;\" colspan=\"4\">7. Stromversorgung<\/td>\r\n<\/tr>\r\n<tr>\r\n<td rowspan=\"2\"><\/td>\r\n<td style=\"text-align: left;\">\u2013 Spannung, V<\/td>\r\n<td style=\"text-align: center;\" colspan=\"2\">380<\/td>\r\n<\/tr>\r\n<tr>\r\n<td style=\"text-align: left;\">\u2013 Wechselstromfrequenz, Hz<\/td>\r\n<td style=\"text-align: center;\" colspan=\"2\">50<\/td>\r\n<\/tr>\r\n<tr>\r\n<td style=\"text-align: left;\" colspan=\"4\">8. Abmessungen, mm, max.<\/td>\r\n<\/tr>\r\n<tr>\r\n<td rowspan=\"3\"><\/td>\r\n<td style=\"text-align: left;\">\u2013 L\u00e4nge<\/td>\r\n<td style=\"text-align: center;\" colspan=\"2\">5700<\/td>\r\n<\/tr>\r\n<tr>\r\n<td style=\"text-align: left;\">\u2013 Breite<\/td>\r\n<td style=\"text-align: center;\" colspan=\"2\">2400<\/td>\r\n<\/tr>\r\n<tr>\r\n<td style=\"text-align: left;\">\u2013 H\u00f6he<\/td>\r\n<td style=\"text-align: center;\" colspan=\"2\">1650<\/td>\r\n<\/tr>\r\n<tr>\r\n<td style=\"text-align: left;\" colspan=\"2\">9. Leergewicht, kg, max.<\/td>\r\n<td style=\"text-align: center;\" colspan=\"2\">2500<\/td>\r\n<\/tr>\r\n<\/tbody>\r\n<\/table>"},{"tab_title":"Vorteil","tab_content":"<ul>\r\n \t<li style=\"text-align: justify;\">Mobilit\u00e4t;<\/li>\r\n \t<li style=\"text-align: justify;\">Betriebsf\u00e4hig in rauen Klimazonen;<\/li>\r\n \t<li style=\"text-align: justify;\">vollst\u00e4ndige Prozessautomatisierung;<\/li>\r\n \t<li style=\"text-align: justify;\">Automatische Korrektur des \u00d6lflusses bei sich \u00e4ndernden Prozessbedingungen (Filterzustand, \u00d6lzufuhrh\u00f6he etc.);<\/li>\r\n \t<li style=\"text-align: justify;\">Das Entleeren des \u00d6ls und das Einf\u00fcllen des neuen \u00d6ls dauert weniger als 1 Stunde;<\/li>\r\n \t<li style=\"text-align: justify;\">Trommeln sind mit elektrischen Antrieben f\u00fcr schnelles Aufwickeln der Schl\u00e4uche ausgestattet.<\/li>\r\n<\/ul>"},{"tab_title":"Anwendung","tab_content":"[product_oil_types]"}],"add_video_tab":[{"video_tab_title":"Video","add_video_id":[{"video_id":"VWHrNwtUhrY"},{"video_id":"9nUIlCn1Kt4"},{"video_id":"cqL1nNb1oC0"},{"video_id":"7p7LCT4_OMo"}]}],"add_gallery_tab":[{"gallery_tab_title":"Foto","add_img":[14935,14938,14941,14944,14947,14950,14953,14956,14959,14962,16171,16183,16180,16174,16168]}],"add_price_tab":[{"price_tab_title":"Get a quote"}]},"language":"de","_links":{"self":[{"href":"https:\/\/globecore.com\/de\/wp-json\/wp\/v2\/pages\/146243","targetHints":{"allow":["GET"]}}],"collection":[{"href":"https:\/\/globecore.com\/de\/wp-json\/wp\/v2\/pages"}],"about":[{"href":"https:\/\/globecore.com\/de\/wp-json\/wp\/v2\/types\/page"}],"author":[{"embeddable":true,"href":"https:\/\/globecore.com\/de\/wp-json\/wp\/v2\/users\/7"}],"replies":[{"embeddable":true,"href":"https:\/\/globecore.com\/de\/wp-json\/wp\/v2\/comments?post=146243"}],"version-history":[{"count":3,"href":"https:\/\/globecore.com\/de\/wp-json\/wp\/v2\/pages\/146243\/revisions"}],"predecessor-version":[{"id":342617,"href":"https:\/\/globecore.com\/de\/wp-json\/wp\/v2\/pages\/146243\/revisions\/342617"}],"up":[{"embeddable":true,"href":"https:\/\/globecore.com\/de\/wp-json\/wp\/v2\/pages\/146235"}],"wp:featuredmedia":[{"embeddable":true,"href":"https:\/\/globecore.com\/de\/wp-json\/wp\/v2\/media\/133720"}],"wp:attachment":[{"href":"https:\/\/globecore.com\/de\/wp-json\/wp\/v2\/media?parent=146243"}],"wp:term":[{"taxonomy":"category","embeddable":true,"href":"https:\/\/globecore.com\/de\/wp-json\/wp\/v2\/categories?post=146243"}],"curies":[{"name":"wp","href":"https:\/\/api.w.org\/{rel}","templated":true}]}}