{"id":146246,"date":"2018-03-20T14:21:32","date_gmt":"2018-03-20T14:21:32","guid":{"rendered":"https:\/\/globecore.com\/products\/wind-turbine-service\/cmm-gl-wind-turbine-gearbox-oil-changer\/"},"modified":"2026-03-06T14:22:44","modified_gmt":"2026-03-06T14:22:44","slug":"cmm-gl-wind-turbine-gearbox-oil-changer","status":"publish","type":"page","link":"https:\/\/globecore.com\/de\/products\/wind-turbine-service\/cmm-gl-wind-turbine-gearbox-oil-changer\/","title":{"rendered":"CMM-GL Getriebe\u00f6lwechsler f\u00fcr Windkraftanlagen"},"content":{"rendered":"","protected":false},"excerpt":{"rendered":"<p>Die CMM-GL Einheit ist daf\u00fcr ausgelegt, Alt\u00f6l abzulassen, neues \u00d6l zu pumpen und Windturbinengetriebe zu sp\u00fclen, einschlie\u00dflich Haupt-, Azimut- und Blattverstellgetriebe. Die Einheit ist auf einem einachsigen Anh\u00e4nger montiert, mit getrennten Steuer- und Prozessbereichen. Der Prozessbereich umfasst Schlauchaufroller, w\u00e4hrend der Steuerbereich \u00fcber sicher verschlossene T\u00fcren f\u00fcr einen sicheren Betrieb verf\u00fcgt.<\/p>\n","protected":false},"author":1,"featured_media":133628,"parent":146235,"menu_order":0,"comment_status":"closed","ping_status":"closed","template":"templates\/single-product.php","meta":{"_acf_changed":false,"_bbp_topic_count":0,"_bbp_reply_count":0,"_bbp_total_topic_count":0,"_bbp_total_reply_count":0,"_bbp_voice_count":0,"_bbp_anonymous_reply_count":0,"_bbp_topic_count_hidden":0,"_bbp_reply_count_hidden":0,"_bbp_forum_subforum_count":0,"footnotes":""},"categories":[2567],"class_list":["post-146246","page","type-page","status-publish","has-post-thumbnail","hentry","category-erneuerbare-energien-biokraftstoffe","oil_type-getriebeol","oil_type-transformatorenol","process_type-aendern"],"acf":{"add_tab":[{"tab_title":"Beschreibung","tab_content":"<p style=\"text-align: justify;\">Die CMM-GL-Einheit wurde entwickelt, um Alt\u00f6l aus Windturbinengetrieben abzuleiten und mit neuem \u00d6l zu bef\u00fcllen. Die Anlage kann das Getriebe auch mit Spezial\u00f6l sp\u00fclen. Sie kann Windkraftgetriebe sowohl mit Haupt- und Azimutlager als auch mit Gondellager warten.\r\nDas Ger\u00e4t arbeitet mit mineralischen und synthetischen Getriebe\u00f6len mit folgenden Spezifikationen:\r\n\u2022\u00a0\u00a0\u00a0 kinematische Viskosit\u00e4t bei 40\u00b0\u0421 \u2013 8\u202650 mm2\/sek;\r\n\u2022\u00a0\u00a0\u00a0 Dichte bei 20\u00b0\u0421 \u2013 800\u2026950 kg\/m3;\r\n\u2022\u00a0\u00a0\u00a0 ISO 4406 Reinheitsklasse \u2013 14 oder besser<\/p>\r\n\r\n<h2 style=\"text-align: center;\">CMM-GL Design des Getriebe\u00f6lwechslers<\/h2>\r\n<p style=\"text-align: justify;\">Der \u0421\u041c\u041c-GL ist ein Anh\u00e4nger mit einer Achse, der den Steuerabschnitt und den Prozessabschnitt unterst\u00fctzt. Der Prozessabschnitt umfasst auch Schlauchtrommeln. Die Sektionaltore sind mit Sicherheitsschl\u00f6ssern ausgestattet.\r\nDas Ger\u00e4t ben\u00f6tigt eine externe Stromquelle. Das CMM-GL ist voll automatisiert mit einem speziellen Controller, der den Betrieb von Pumpen, Ventilen, Kapazit\u00e4tssensoren, Temperatursensoren, Durchflussschaltern, Filtern, Manometern und Durchflussmessern steuert.<\/p>\r\n\r\n<h2 style=\"text-align: center;\">Betriebsarten<\/h2>\r\n<p style=\"text-align: justify;\"><b>Alt\u00f6l-Ablass<\/b>\r\nIn diesem Modus f\u00f6rdert die Vakuumpumpe das \u00d6l aus dem Getriebe in die Vakuumkammer, bis diese voll ist. Dann transportiert eine Zahnradpumpe das \u00d6l zu einem vorbereiteten Beh\u00e4lter.<\/p>\r\n<p style=\"text-align: justify;\"><b>Getriebesp\u00fclung<\/b>\r\nIn diesem Modus wird \u00d6l von der Zahnradpumpe auf die erforderliche H\u00f6he (bis zu 60 Meter) gepumpt und unter Druck in das Getriebe eingespritzt, wobei das verbleibende alte \u00d6l und Feinstaub weggesp\u00fclt wird.<\/p>\r\n<p style=\"text-align: justify;\"><b>Frisch\u00f6lversorgung<\/b>\r\nIn diesem Modus f\u00f6rdert die Zahnradpumpe das neue \u00d6l auf die erforderliche H\u00f6he (bis zu 60 Meter).<\/p>\r\n<p style=\"text-align: justify;\"><b>Filtrationsmodus<\/b>\r\nW\u00e4hrend neues \u00d6l oder Sp\u00fcl\u00f6l in das Getriebe gepumpt wird, passiert das \u00d6l einen 15 \u03bcm Filter f\u00fcr erh\u00f6hte Reinheit.<\/p>"}],"add_def_tab":[{"tab_title":"Spezifikation","tab_content":"<table>\r\n<tbody>\r\n<tr>\r\n<td style=\"text-align: center;\" colspan=\"2\"><b>Parameter<\/b><\/td>\r\n<td style=\"text-align: center;\"><b>Wert<\/b><\/td>\r\n<\/tr>\r\n<tr>\r\n<td colspan=\"2\">1. \u00d6laussto\u00dfrate, m\u00b3\/h, mind.<\/td>\r\n<td>0,6<\/td>\r\n<\/tr>\r\n<tr>\r\n<td colspan=\"2\">2. \u00d6lablassrate, m\u00b3\/h, mind.<\/td>\r\n<td>0,13<\/td>\r\n<\/tr>\r\n<tr>\r\n<td colspan=\"2\">3. Ausgangsdruck, MPa<\/td>\r\n<td>1,3<\/td>\r\n<\/tr>\r\n<tr>\r\n<td colspan=\"2\">4. Maximale Leistungsaufnahme, kW<\/td>\r\n<td>4,1<\/td>\r\n<\/tr>\r\n<tr>\r\n<td colspan=\"3\">5. Stromversorgung<\/td>\r\n<\/tr>\r\n<tr>\r\n<td rowspan=\"2\"><\/td>\r\n<td>\u2013 Spannung, V (anpassbar)<\/td>\r\n<td>380 (240, 400, 480)<\/td>\r\n<\/tr>\r\n<tr>\r\n<td>\u2013 Wechselstromfrequenz, Hz (anpassbar)<\/td>\r\n<td>50 (60)<\/td>\r\n<\/tr>\r\n<tr>\r\n<td colspan=\"3\">6. Abmessungen, mm<\/td>\r\n<\/tr>\r\n<tr>\r\n<td rowspan=\"3\"><\/td>\r\n<td>\u2013 L\u00e4nge<\/td>\r\n<td>3509<\/td>\r\n<\/tr>\r\n<tr>\r\n<td>\u2013 Breite<\/td>\r\n<td>1959<\/td>\r\n<\/tr>\r\n<tr>\r\n<td>\u2013 H\u00f6he<\/td>\r\n<td>1306<\/td>\r\n<\/tr>\r\n<tr>\r\n<td colspan=\"2\">7. Leergewicht, kg<\/td>\r\n<td>900<\/td>\r\n<\/tr>\r\n<\/tbody>\r\n<\/table>\r\n&nbsp;"},{"tab_title":"Vorteile","tab_content":"<ul>\r\n \t<li>hohe Qualit\u00e4t des \u00d6lwechsels in Windkraftgetrieben;<\/li>\r\n \t<li>Reduzierung der Stillstandszeiten von Windkraftanlagen (der \u00d6lwechsel dauert weniger als eine Stunde);<\/li>\r\n \t<li>Mobilit\u00e4t (Transport durch den Windpark mit dem Auto, Standard-Container-Installation ist ebenfalls m\u00f6glich);<\/li>\r\n \t<li>Auffangen von \u00d6lverschmutzungen aus der Getriebeverkleidung;<\/li>\r\n \t<li>kann \u00d6l von einem Beh\u00e4lter zum anderen pumpen;<\/li>\r\n \t<li>Vollst\u00e4ndiger und einfacher Zugang f\u00fcr Inspektion oder Wartung.<\/li>\r\n<\/ul>"},{"tab_title":"Anwendung","tab_content":"[product_oil_types]"}],"add_video_tab":[{"video_tab_title":"Video","add_video_id":[{"video_id":"9nUIlCn1Kt4"}]}],"add_gallery_tab":[{"gallery_tab_title":"Foto","add_img":[14962,14959,14956,14953,14950,14947,14944,14941,14938,14935]}],"add_price_tab":[{"price_tab_title":"Get a Quote"}]},"language":"de","_links":{"self":[{"href":"https:\/\/globecore.com\/de\/wp-json\/wp\/v2\/pages\/146246","targetHints":{"allow":["GET"]}}],"collection":[{"href":"https:\/\/globecore.com\/de\/wp-json\/wp\/v2\/pages"}],"about":[{"href":"https:\/\/globecore.com\/de\/wp-json\/wp\/v2\/types\/page"}],"author":[{"embeddable":true,"href":"https:\/\/globecore.com\/de\/wp-json\/wp\/v2\/users\/1"}],"replies":[{"embeddable":true,"href":"https:\/\/globecore.com\/de\/wp-json\/wp\/v2\/comments?post=146246"}],"version-history":[{"count":1,"href":"https:\/\/globecore.com\/de\/wp-json\/wp\/v2\/pages\/146246\/revisions"}],"predecessor-version":[{"id":336235,"href":"https:\/\/globecore.com\/de\/wp-json\/wp\/v2\/pages\/146246\/revisions\/336235"}],"up":[{"embeddable":true,"href":"https:\/\/globecore.com\/de\/wp-json\/wp\/v2\/pages\/146235"}],"wp:featuredmedia":[{"embeddable":true,"href":"https:\/\/globecore.com\/de\/wp-json\/wp\/v2\/media\/133628"}],"wp:attachment":[{"href":"https:\/\/globecore.com\/de\/wp-json\/wp\/v2\/media?parent=146246"}],"wp:term":[{"taxonomy":"category","embeddable":true,"href":"https:\/\/globecore.com\/de\/wp-json\/wp\/v2\/categories?post=146246"}],"curies":[{"name":"wp","href":"https:\/\/api.w.org\/{rel}","templated":true}]}}