{"id":146258,"date":"2023-05-22T07:40:30","date_gmt":"2023-05-22T07:40:30","guid":{"rendered":"https:\/\/globecore.com\/laboratory-colloid-mill-clm-0-25-1\/"},"modified":"2026-03-09T08:07:22","modified_gmt":"2026-03-09T08:07:22","slug":"laboratory-colloid-mill-clm-0-25-1","status":"publish","type":"page","link":"https:\/\/globecore.com\/de\/products\/colloid-mill\/colloid-mills-for-bitumen-emulsion-production\/laboratory-colloid-mill-clm-0-25-1\/","title":{"rendered":"Labor-Kolloidm\u00fchle CLM-0.25.1"},"content":{"rendered":"","protected":false},"excerpt":{"rendered":"<p>Die Labor-Kolloidm\u00fchle CLM-0.25.1 ist f\u00fcr die Homogenisierung und Emulgierung von fl\u00fcssigen Materialien und z\u00e4hen Suspensionen unter hohen Scherkr\u00e4ften im Laborbetrieb vorgesehen. Sie wird zur Herstellung von Laborchargen von Bitumenemulsionen sowie zur Auswahl optimaler Emulsionsformulierungen in Abh\u00e4ngigkeit von den Inhaltsstoffen und Anwendungsanforderungen eingesetzt. Die CLM-0.25.1 kann entweder als eigenst\u00e4ndige Einheit oder als Bestandteil des Bitumenemulsions-Produktionssystems USB-2 geliefert werden. Die Mindestleistung betr\u00e4gt 25 l\/h (0,11 gpm).<\/p>\n","protected":false},"author":7,"featured_media":146259,"parent":148389,"menu_order":0,"comment_status":"closed","ping_status":"closed","template":"templates\/single-product.php","meta":{"_acf_changed":false,"_bbp_topic_count":0,"_bbp_reply_count":0,"_bbp_total_topic_count":0,"_bbp_total_reply_count":0,"_bbp_voice_count":0,"_bbp_anonymous_reply_count":0,"_bbp_topic_count_hidden":0,"_bbp_reply_count_hidden":0,"_bbp_forum_subforum_count":0,"footnotes":""},"categories":[1939],"class_list":["post-146258","page","type-page","status-publish","has-post-thumbnail","hentry","category-frasen","oil_type-chemische-industrie","oil_type-erdolindustrie","process_type-fraesen","process_type-mischen"],"acf":{"add_tab":[{"tab_title":"Beschreibung","tab_content":"<p style=\"text-align: justify;\">Die Laborkolloidm\u00fchle CLM-0.25.1 ist f\u00fcr die Homogenisierung und Emulgierung fl\u00fcssiger Materialien (dicke Suspensionen mit hohen Scherspannungen) unter Laborbedingungen konzipiert. CLM-0.25.1 kann verwendet werden f\u00fcr:<\/p>\r\n\r\n<ul style=\"text-align: justify;\">\r\n \t<li>Entnahme von Laborproben von Bitumenemulsionen;<\/li>\r\n \t<li>Auswahl der Bitumenemulsionsrezeptur in Abh\u00e4ngigkeit vom Verh\u00e4ltnis der Komponenten und dem Anwendungsbereich der Emulsion.<\/li>\r\n<\/ul>\r\n<p style=\"text-align: justify;\">Diese Kolloidm\u00fchle kann sowohl zusammen mit USB-2-Bitumenemulsions-Produktionseinheiten als auch als separates Produkt geliefert werden.<\/p>"}],"add_def_tab":[{"tab_title":"Technische Daten","tab_content":"<table>\r\n<tbody>\r\n<tr>\r\n<td><b>Nr<\/b><\/td>\r\n<td>\r\n<p style=\"text-align: center;\"><b>Parameter<\/b><\/p>\r\n<\/td>\r\n<td>\r\n<p style=\"text-align: center;\"><b>Bedeutung<\/b><\/p>\r\n<\/td>\r\n<\/tr>\r\n<tr>\r\n<td>1<\/td>\r\n<td style=\"text-align: left;\">Leistung, l\/St (min)<\/td>\r\n<td>\r\n<p style=\"text-align: center;\">25<\/p>\r\n<\/td>\r\n<\/tr>\r\n<tr>\r\n<td>2<\/td>\r\n<td style=\"text-align: left;\">Das Volumen des Einf\u00fcllstutzens, l<\/td>\r\n<td>\r\n<p style=\"text-align: center;\">1,5<\/p>\r\n<\/td>\r\n<\/tr>\r\n<tr>\r\n<td>3<\/td>\r\n<td style=\"text-align: left;\">Betriebstemperatur, \u00b0C (max)<\/td>\r\n<td>\r\n<p style=\"text-align: center;\">150<\/p>\r\n<\/td>\r\n<\/tr>\r\n<tr>\r\n<td>4<\/td>\r\n<td style=\"text-align: left;\">Axialer Messerspalt, mm<\/td>\r\n<td>\r\n<p style=\"text-align: center;\">0,25\u2026 1,25<\/p>\r\n<\/td>\r\n<\/tr>\r\n<tr>\r\n<td>5<\/td>\r\n<td style=\"text-align: left;\">Radialer Spalt der Messer, mm<\/td>\r\n<td>\r\n<p style=\"text-align: center;\">0,25<\/p>\r\n<\/td>\r\n<\/tr>\r\n<tr>\r\n<td>6<\/td>\r\n<td style=\"text-align: left;\">Lineargeschwindigkeit der Messer, m\/s<\/td>\r\n<td>\r\n<p style=\"text-align: center;\">50-57<\/p>\r\n<\/td>\r\n<\/tr>\r\n<tr>\r\n<td>7<\/td>\r\n<td style=\"text-align: left;\">Drehzahl des Elektroantriebs und der M\u00fchlenwelle, U\/min<\/td>\r\n<td>\r\n<p style=\"text-align: center;\">16750-19250<\/p>\r\n<\/td>\r\n<\/tr>\r\n<tr>\r\n<td>8<\/td>\r\n<td style=\"text-align: left;\">Elektrische Antriebsleistung, kW<\/td>\r\n<td>\r\n<p style=\"text-align: center;\">0,7<\/p>\r\n<\/td>\r\n<\/tr>\r\n<tr>\r\n<td>9<\/td>\r\n<td style=\"text-align: left;\">Spannung des Drehstroms 50 Hz, V<\/td>\r\n<td>\r\n<p style=\"text-align: center;\">400<\/p>\r\n<\/td>\r\n<\/tr>\r\n<tr>\r\n<td>10<\/td>\r\n<td style=\"text-align: left;\">Abmessungen im betriebsbereiten Zustand, mm (max):<\/td>\r\n<td><\/td>\r\n<\/tr>\r\n<tr>\r\n<td><\/td>\r\n<td style=\"text-align: left;\">\u2014 L\u00e4nge<\/td>\r\n<td>\r\n<p style=\"text-align: center;\">320\/425<\/p>\r\n<\/td>\r\n<\/tr>\r\n<tr>\r\n<td><\/td>\r\n<td style=\"text-align: left;\">\u2014 Breite<\/td>\r\n<td>\r\n<p style=\"text-align: center;\">290<\/p>\r\n<\/td>\r\n<\/tr>\r\n<tr>\r\n<td><\/td>\r\n<td style=\"text-align: left;\">\u2014 H\u00f6he<\/td>\r\n<td>\r\n<p style=\"text-align: center;\">450<\/p>\r\n<\/td>\r\n<\/tr>\r\n<tr>\r\n<td>11<\/td>\r\n<td style=\"text-align: left;\">Gewicht, kg (max)<\/td>\r\n<td>\r\n<p style=\"text-align: center;\">15<\/p>\r\n<\/td>\r\n<\/tr>\r\n<\/tbody>\r\n<\/table>"},{"tab_title":"Vorteile","tab_content":"<ul>\r\n \t<li style=\"text-align: justify;\">Korrosionsbest\u00e4ndigkeit;<\/li>\r\n \t<li style=\"text-align: justify;\">Leistungsregulierung.<\/li>\r\n<\/ul>"}],"add_video_tab":[{"video_tab_title":"Video","add_video_id":[{"video_id":"4l1AmaM4sxk"},{"video_id":"VwZwMbA6es0"}]}],"add_gallery_tab":null,"add_price_tab":null},"language":"de","_links":{"self":[{"href":"https:\/\/globecore.com\/de\/wp-json\/wp\/v2\/pages\/146258","targetHints":{"allow":["GET"]}}],"collection":[{"href":"https:\/\/globecore.com\/de\/wp-json\/wp\/v2\/pages"}],"about":[{"href":"https:\/\/globecore.com\/de\/wp-json\/wp\/v2\/types\/page"}],"author":[{"embeddable":true,"href":"https:\/\/globecore.com\/de\/wp-json\/wp\/v2\/users\/7"}],"replies":[{"embeddable":true,"href":"https:\/\/globecore.com\/de\/wp-json\/wp\/v2\/comments?post=146258"}],"version-history":[{"count":1,"href":"https:\/\/globecore.com\/de\/wp-json\/wp\/v2\/pages\/146258\/revisions"}],"predecessor-version":[{"id":341767,"href":"https:\/\/globecore.com\/de\/wp-json\/wp\/v2\/pages\/146258\/revisions\/341767"}],"up":[{"embeddable":true,"href":"https:\/\/globecore.com\/de\/wp-json\/wp\/v2\/pages\/148389"}],"wp:featuredmedia":[{"embeddable":true,"href":"https:\/\/globecore.com\/de\/wp-json\/wp\/v2\/media\/146259"}],"wp:attachment":[{"href":"https:\/\/globecore.com\/de\/wp-json\/wp\/v2\/media?parent=146258"}],"wp:term":[{"taxonomy":"category","embeddable":true,"href":"https:\/\/globecore.com\/de\/wp-json\/wp\/v2\/categories?post=146258"}],"curies":[{"name":"wp","href":"https:\/\/api.w.org\/{rel}","templated":true}]}}