{"id":146263,"date":"2018-11-26T07:03:15","date_gmt":"2018-11-26T07:03:15","guid":{"rendered":"https:\/\/globecore.com\/colloid-mill-clm-40\/"},"modified":"2026-03-09T08:36:37","modified_gmt":"2026-03-09T08:36:37","slug":"colloid-mill-clm-40","status":"publish","type":"page","link":"https:\/\/globecore.com\/de\/products\/colloid-mill\/colloid-mills-for-bitumen-modification\/colloid-mill-clm-40\/","title":{"rendered":"Kolloidm\u00fchle CLM-40.2"},"content":{"rendered":"","protected":false},"excerpt":{"rendered":"<p>Die Kolloidm\u00fchle CLM-40.2 ist f\u00fcr das Mahlen von SBS-Polymergranulat zur Herstellung von modifiziertem Bitumen ausgelegt. Die Einheit kann als Teil einer kompletten Anlage oder separat zur Nachr\u00fcstung bestehender Ger\u00e4te geliefert werden. Sie bietet eine Kapazit\u00e4t von 30\u202fm\u00b3\/h, gew\u00e4hrleistet Delaminierungsbest\u00e4ndigkeit der Mischung und erlaubt die Einstellung des Rotor-Stator-Spalts ohne Demontage.<\/p>\n","protected":false},"author":7,"featured_media":134146,"parent":148402,"menu_order":0,"comment_status":"closed","ping_status":"closed","template":"templates\/single-product.php","meta":{"_acf_changed":false,"_bbp_topic_count":0,"_bbp_reply_count":0,"_bbp_total_topic_count":0,"_bbp_total_reply_count":0,"_bbp_voice_count":0,"_bbp_anonymous_reply_count":0,"_bbp_topic_count_hidden":0,"_bbp_reply_count_hidden":0,"_bbp_forum_subforum_count":0,"footnotes":""},"categories":[1939],"class_list":["post-146263","page","type-page","status-publish","has-post-thumbnail","hentry","category-frasen","oil_type-chemische-industrie","oil_type-erdolindustrie","process_type-fraesen","process_type-mischen"],"acf":{"add_tab":[{"tab_title":"Beschreibung","tab_content":"<p style=\"text-align: justify;\">Die Kolloidm\u00fchle CLM-40.2 ist f\u00fcr das Schleifen von Granulaten oder Partikeln aus SBS-Polymer zur Herstellung von modifiziertem Bitumen ausgelegt.<\/p>\r\n<p style=\"text-align: justify;\">Das Ger\u00e4t kann entweder als Teil einer Anlage oder separat zur Nachr\u00fcstung in bestehende Anlagen geliefert werden.<\/p>\r\n<p style=\"text-align: justify;\">Das Ger\u00e4t ist f\u00fcr den Betrieb im Innen- oder Au\u00dfenbereich unter vord\u00e4chern konzipiert.<\/p>\r\n<p style=\"text-align: justify;\">Das Design des Ger\u00e4ts erm\u00f6glicht den Betrieb bei Temperaturen von<em>+5<sup>0<\/sup>bis +40<sup>0<\/sup>.<\/em><\/p>"}],"add_def_tab":[{"tab_title":"Genaue Angabe","tab_content":"<table width=\"602\">\r\n<tbody>\r\n<tr>\r\n<td width=\"315\">\r\n<p style=\"text-align: center;\"><strong>Parameter<\/strong><\/p>\r\n<\/td>\r\n<td width=\"287\">\r\n<p style=\"text-align: center;\"><strong>Wert<\/strong><\/p>\r\n<\/td>\r\n<\/tr>\r\n<tr>\r\n<td width=\"315\">\r\n<p style=\"text-align: left;\">Kapazit\u00e4t, m<sup>3<\/sup>\/Stunde<\/p>\r\n<\/td>\r\n<td width=\"287\">\r\n<p style=\"text-align: center;\">30<\/p>\r\n<\/td>\r\n<\/tr>\r\n<tr>\r\n<td width=\"315\">\r\n<p style=\"text-align: left;\">Betriebsdruck, MPa<\/p>\r\n<\/td>\r\n<td width=\"287\">\r\n<p style=\"text-align: center;\">0.6<\/p>\r\n<\/td>\r\n<\/tr>\r\n<tr>\r\n<td width=\"315\">\r\n<p style=\"text-align: left;\">Nominale Drehzahl<\/p>\r\n<\/td>\r\n<td width=\"287\">\r\n<p style=\"text-align: center;\">3000*<\/p>\r\n<\/td>\r\n<\/tr>\r\n<tr>\r\n<td width=\"315\">\r\n<p style=\"text-align: left;\">Antriebsleistung, kW<\/p>\r\n<\/td>\r\n<td width=\"287\">\r\n<p style=\"text-align: center;\">110*<\/p>\r\n<\/td>\r\n<\/tr>\r\n<tr>\r\n<td width=\"315\">\r\n<p style=\"text-align: left;\">Saug-\/Lademitteldurchmesser der Bohrung, mm<\/p>\r\n<\/td>\r\n<td width=\"287\">\r\n<p style=\"text-align: center;\">80\/80<\/p>\r\n<\/td>\r\n<\/tr>\r\n<tr>\r\n<td width=\"315\">\r\n<p style=\"text-align: left;\">W\u00e4rmetr\u00e4ger Max. Temperatur,o<\/p>\r\n<\/td>\r\n<td width=\"287\">\r\n<p style=\"text-align: center;\">180<\/p>\r\n<\/td>\r\n<\/tr>\r\n<tr>\r\n<td width=\"315\">\r\n<p style=\"text-align: left;\">Abmessungen, mm:<\/p>\r\n<\/td>\r\n<td width=\"287\"><\/td>\r\n<\/tr>\r\n<tr>\r\n<td width=\"315\">\r\n<p style=\"text-align: left;\">\u2014 L\u00e4nge<\/p>\r\n<\/td>\r\n<td width=\"287\">\r\n<p style=\"text-align: center;\">1700*<\/p>\r\n<\/td>\r\n<\/tr>\r\n<tr>\r\n<td width=\"315\">\r\n<p style=\"text-align: left;\">\u2014 Breite<\/p>\r\n<\/td>\r\n<td width=\"287\">\r\n<p style=\"text-align: center;\">900*<\/p>\r\n<\/td>\r\n<\/tr>\r\n<tr>\r\n<td width=\"315\">\r\n<p style=\"text-align: left;\">\u2014 H\u00f6he<\/p>\r\n<\/td>\r\n<td width=\"287\">\r\n<p style=\"text-align: center;\">1500*<\/p>\r\n<\/td>\r\n<\/tr>\r\n<tr>\r\n<td width=\"315\">\r\n<p style=\"text-align: left;\">Gewicht, kg<\/p>\r\n<\/td>\r\n<td width=\"287\">\r\n<p style=\"text-align: center;\">1150*<\/p>\r\n<\/td>\r\n<\/tr>\r\n<\/tbody>\r\n<\/table>\r\n<p style=\"text-align: justify;\">Hinweis.* \u2014 die M\u00fchle wird ohne Elektromotor geliefert<\/p>"},{"tab_title":"Vorteile","tab_content":"<ul>\r\n \t<li style=\"text-align: justify;\">Delaminationsbest\u00e4ndigkeit von Mischungen;<\/li>\r\n \t<li style=\"text-align: justify;\">Angepasster Rotor-Stator-Spalt ohne Demontage.<\/li>\r\n<\/ul>"}],"add_video_tab":[{"video_tab_title":"Video","add_video_id":[{"video_id":"QTksOComkNs"}]}],"add_gallery_tab":null,"add_price_tab":[{"price_tab_title":"Get a quote"}]},"language":"de","_links":{"self":[{"href":"https:\/\/globecore.com\/de\/wp-json\/wp\/v2\/pages\/146263","targetHints":{"allow":["GET"]}}],"collection":[{"href":"https:\/\/globecore.com\/de\/wp-json\/wp\/v2\/pages"}],"about":[{"href":"https:\/\/globecore.com\/de\/wp-json\/wp\/v2\/types\/page"}],"author":[{"embeddable":true,"href":"https:\/\/globecore.com\/de\/wp-json\/wp\/v2\/users\/7"}],"replies":[{"embeddable":true,"href":"https:\/\/globecore.com\/de\/wp-json\/wp\/v2\/comments?post=146263"}],"version-history":[{"count":1,"href":"https:\/\/globecore.com\/de\/wp-json\/wp\/v2\/pages\/146263\/revisions"}],"predecessor-version":[{"id":341790,"href":"https:\/\/globecore.com\/de\/wp-json\/wp\/v2\/pages\/146263\/revisions\/341790"}],"up":[{"embeddable":true,"href":"https:\/\/globecore.com\/de\/wp-json\/wp\/v2\/pages\/148402"}],"wp:featuredmedia":[{"embeddable":true,"href":"https:\/\/globecore.com\/de\/wp-json\/wp\/v2\/media\/134146"}],"wp:attachment":[{"href":"https:\/\/globecore.com\/de\/wp-json\/wp\/v2\/media?parent=146263"}],"wp:term":[{"taxonomy":"category","embeddable":true,"href":"https:\/\/globecore.com\/de\/wp-json\/wp\/v2\/categories?post=146263"}],"curies":[{"name":"wp","href":"https:\/\/api.w.org\/{rel}","templated":true}]}}