{"id":146267,"date":"2020-03-11T09:14:26","date_gmt":"2020-03-11T09:14:26","guid":{"rendered":"https:\/\/globecore.com\/colloid-mill-clm-100-2\/"},"modified":"2026-03-09T08:44:18","modified_gmt":"2026-03-09T08:44:18","slug":"colloid-mill-clm-100-2","status":"publish","type":"page","link":"https:\/\/globecore.com\/de\/products\/colloid-mill\/colloid-mills-for-different-applications\/colloid-mill-clm-100-2\/","title":{"rendered":"Kolloid-M\u00fchle CLM-100.2"},"content":{"rendered":"","protected":false},"excerpt":{"rendered":"<p>Die Kolloidm\u00fchle CLM-100.2 ist f\u00fcr die Homogenisierung und Emulgierung von fl\u00fcssigen Produkten im Laborma\u00dfstab ausgelegt. Sie kann eine Vielzahl von Materialien in verschiedenen Industrien vorbereiten, l\u00f6sen und verarbeiten und erzeugt dickfl\u00fcssige Suspensionen mit hohen Scherkr\u00e4ften. Die Einheit hat eine Kapazit\u00e4t von 0,1\u20131\u202fm\u00b3\/h.<\/p>\n","protected":false},"author":7,"featured_media":134556,"parent":148409,"menu_order":0,"comment_status":"closed","ping_status":"closed","template":"templates\/single-product.php","meta":{"_acf_changed":false,"_bbp_topic_count":0,"_bbp_reply_count":0,"_bbp_total_topic_count":0,"_bbp_total_reply_count":0,"_bbp_voice_count":0,"_bbp_anonymous_reply_count":0,"_bbp_topic_count_hidden":0,"_bbp_reply_count_hidden":0,"_bbp_forum_subforum_count":0,"footnotes":""},"categories":[1939],"class_list":["post-146267","page","type-page","status-publish","has-post-thumbnail","hentry","category-frasen","oil_type-bauindustrie","oil_type-chemische-industrie","oil_type-erdolindustrie","oil_type-kosmetikindustrie","oil_type-lebensmittelindustrie","oil_type-pharmazeutische-industrie","process_type-fraesen","process_type-mischen"],"acf":{"add_tab":[{"tab_title":"Beschreibung","tab_content":"<p style=\"text-align: justify;\">Die Kolloidm\u00fchle CLM-100.2 ist f\u00fcr die Homogenisierung und Emulgierung von fl\u00fcssigen Produkten (dicke Suspension mit hohen Scherbeanspruchungen) unter Laborbedingungen ausgelegt, um beispielsweise Bitumenemulsionen zu erhalten.<\/p>\r\n<p style=\"text-align: justify;\">Das Ger\u00e4t kann f\u00fcr die Herstellung, Aufl\u00f6sung und Verarbeitung vieler Produkte in verschiedenen Branchen eingesetzt werden.<\/p>"}],"add_def_tab":[{"tab_title":"Spezifikationen","tab_content":"<table>\r\n<tbody>\r\n<tr>\r\n<td>\r\n<p style=\"text-align: center;\"><b>\u2116.<\/b><\/p>\r\n<\/td>\r\n<td>\r\n<p style=\"text-align: center;\"><b>Parameter<\/b><\/p>\r\n<\/td>\r\n<td>\r\n<p style=\"text-align: center;\"><b>Wert<\/b><\/p>\r\n<\/td>\r\n<\/tr>\r\n<tr>\r\n<td>1<\/td>\r\n<td>Kapazit\u00e4t der Einheit, m3\/h (gpm)<\/td>\r\n<td>\r\n<p style=\"text-align: center;\">0,1\u20261 (0,44\u2026 4,4)*<\/p>\r\n<\/td>\r\n<\/tr>\r\n<tr>\r\n<td>2<\/td>\r\n<td>Kinematische Viskosit\u00e4t des Produkts, mm2\/s (St), h\u00f6chstens<\/td>\r\n<td>\r\n<p style=\"text-align: center;\">150 (1,5)<\/p>\r\n<\/td>\r\n<\/tr>\r\n<tr>\r\n<td>3<\/td>\r\n<td>Betriebstemperatur, \u00b0C (\u00b0F), h\u00f6chstens<\/td>\r\n<td>\r\n<p style=\"text-align: center;\">180 (356)<\/p>\r\n<\/td>\r\n<\/tr>\r\n<tr>\r\n<td>4<\/td>\r\n<td>Maximaler Druck, bar (psi), h\u00f6chstens<\/td>\r\n<td>\r\n<p style=\"text-align: center;\">6 (87)<\/p>\r\n<\/td>\r\n<\/tr>\r\n<tr>\r\n<td>5<\/td>\r\n<td>Arbeitsvolumen des Produkts, L (gal)<\/td>\r\n<td>\r\n<p style=\"text-align: center;\">5 (1,3)<\/p>\r\n<\/td>\r\n<\/tr>\r\n<tr>\r\n<td>6<\/td>\r\n<td>Art der Wellendichtung<\/td>\r\n<td>\r\n<p style=\"text-align: center;\">mechanisch<\/p>\r\n<\/td>\r\n<\/tr>\r\n<tr>\r\n<td>7<\/td>\r\n<td>Art der Rotor\/Stator-Werkzeuge<\/td>\r\n<td>\r\n<p style=\"text-align: center;\">D\u00fcse<\/p>\r\n<\/td>\r\n<\/tr>\r\n<tr>\r\n<td>8<\/td>\r\n<td>Austauschbarer Messersatz<\/td>\r\n<td>\r\n<p style=\"text-align: center;\">optional**<\/p>\r\n<\/td>\r\n<\/tr>\r\n<tr>\r\n<td>9<\/td>\r\n<td>Axialer Messerspalt (voreingestellt), mm (in)<\/td>\r\n<td>\r\n<p style=\"text-align: center;\">0,2\u20262 (8\u00b710<sup>-3<\/sup>\u2026 8\u00b710<sup>-2<\/sup>)<\/p>\r\n<\/td>\r\n<\/tr>\r\n<tr>\r\n<td>10<\/td>\r\n<td>Radialer Messerspalt, mm (in)<\/td>\r\n<td>\r\n<p style=\"text-align: center;\">0,25 (10<sup>-3<\/sup>)<\/p>\r\n<\/td>\r\n<\/tr>\r\n<tr>\r\n<td>11<\/td>\r\n<td>Messerspitzen-Geschwindigkeit, m\/s (mph), h\u00f6chstens<\/td>\r\n<td>\r\n<p style=\"text-align: center;\">50 (112)<\/p>\r\n<\/td>\r\n<\/tr>\r\n<tr>\r\n<td>12<\/td>\r\n<td>Drehzahl der M\u00fchlenwelle und der Lager, U\/min<\/td>\r\n<td>\r\n<p style=\"text-align: center;\">6.800<\/p>\r\n<\/td>\r\n<\/tr>\r\n<tr>\r\n<td>13<\/td>\r\n<td>Drehzahl der Elektromotorwelle, U\/min<\/td>\r\n<td>\r\n<p style=\"text-align: center;\">3.400<\/p>\r\n<\/td>\r\n<\/tr>\r\n<tr>\r\n<td>14<\/td>\r\n<td>Antriebsleistung, kW<\/td>\r\n<td>\r\n<p style=\"text-align: center;\">3,3<\/p>\r\n<\/td>\r\n<\/tr>\r\n<tr>\r\n<td>15<\/td>\r\n<td>Spannung, V<\/td>\r\n<td>\r\n<p style=\"text-align: center;\">benutzerdefiniert<\/p>\r\n<\/td>\r\n<\/tr>\r\n<tr>\r\n<td rowspan=\"4\">16<\/td>\r\n<td>Abmessungen, mm (in), h\u00f6chstens:<\/td>\r\n<td><\/td>\r\n<\/tr>\r\n<tr>\r\n<td>\u2014 L\u00e4nge<\/td>\r\n<td>\r\n<p style=\"text-align: center;\">550 (22)<\/p>\r\n<\/td>\r\n<\/tr>\r\n<tr>\r\n<td>\u2014 Breite<\/td>\r\n<td>\r\n<p style=\"text-align: center;\">600 (24)<\/p>\r\n<\/td>\r\n<\/tr>\r\n<tr>\r\n<td>\u2014 H\u00f6he<\/td>\r\n<td>\r\n<p style=\"text-align: center;\">850 (34)<\/p>\r\n<\/td>\r\n<\/tr>\r\n<tr>\r\n<td>17<\/td>\r\n<td>Gewicht, h\u00f6chstens, kg (lb)<\/td>\r\n<td>\r\n<p style=\"text-align: center;\">75 (165)<\/p>\r\n<\/td>\r\n<\/tr>\r\n<\/tbody>\r\n<\/table>\r\n<p style=\"text-align: justify;\"><b>\u00a0<\/b>* \u2014 Die Kapazit\u00e4t der Einheit kann variieren und h\u00e4ngt von der Art des hergestellten Produkts ab.<\/p>"},{"tab_title":"Vorteile","tab_content":"<ul>\r\n \t<li style=\"text-align: justify;\">mit verschiedenen Arten von Produkten arbeiten;<\/li>\r\n \t<li style=\"text-align: justify;\">Die Kolloidm\u00fchle kann mit verschiedenen Arten von Werkzeugen des Rotors \/ Stator-Systems ausger\u00fcstet werden, je nach Art des zu verarbeitenden Stoffes und dem erforderlichen Aufprall.<\/li>\r\n \t<li style=\"text-align: justify;\">der Werkzeugtyp des Rotors \/ Stator-Systems sowie die Anzahl der Arbeitsschritte f\u00fcr die optimale Intensit\u00e4t der mechanischen und thermischen Bearbeitung des Produkts ausgew\u00e4hlt werden;<\/li>\r\n \t<li style=\"text-align: justify;\">Werkzeuge k\u00f6nnen zusammenlegbar oder aus einem St\u00fcck gefertigt sein und werden je nach Verwendungszweck der M\u00fchle auch aus verschiedenen Stahlsorten hergestellt.<\/li>\r\n<\/ul>"}],"add_video_tab":[{"video_tab_title":"Video","add_video_id":[{"video_id":"QTksOComkNs"},{"video_id":"qk5XJF1lVqE"},{"video_id":"x6ulEixY8kk"}]}],"add_gallery_tab":null,"add_price_tab":[{"price_tab_title":"Get a quote"}]},"language":"de","_links":{"self":[{"href":"https:\/\/globecore.com\/de\/wp-json\/wp\/v2\/pages\/146267","targetHints":{"allow":["GET"]}}],"collection":[{"href":"https:\/\/globecore.com\/de\/wp-json\/wp\/v2\/pages"}],"about":[{"href":"https:\/\/globecore.com\/de\/wp-json\/wp\/v2\/types\/page"}],"author":[{"embeddable":true,"href":"https:\/\/globecore.com\/de\/wp-json\/wp\/v2\/users\/7"}],"replies":[{"embeddable":true,"href":"https:\/\/globecore.com\/de\/wp-json\/wp\/v2\/comments?post=146267"}],"version-history":[{"count":2,"href":"https:\/\/globecore.com\/de\/wp-json\/wp\/v2\/pages\/146267\/revisions"}],"predecessor-version":[{"id":341795,"href":"https:\/\/globecore.com\/de\/wp-json\/wp\/v2\/pages\/146267\/revisions\/341795"}],"up":[{"embeddable":true,"href":"https:\/\/globecore.com\/de\/wp-json\/wp\/v2\/pages\/148409"}],"wp:featuredmedia":[{"embeddable":true,"href":"https:\/\/globecore.com\/de\/wp-json\/wp\/v2\/media\/134556"}],"wp:attachment":[{"href":"https:\/\/globecore.com\/de\/wp-json\/wp\/v2\/media?parent=146267"}],"wp:term":[{"taxonomy":"category","embeddable":true,"href":"https:\/\/globecore.com\/de\/wp-json\/wp\/v2\/categories?post=146267"}],"curies":[{"name":"wp","href":"https:\/\/api.w.org\/{rel}","templated":true}]}}