{"id":146274,"date":"2016-12-20T07:58:33","date_gmt":"2016-12-20T07:58:33","guid":{"rendered":"https:\/\/globecore.com\/products\/magnetic-mill\/mixing-machine-avs-100\/"},"modified":"2026-03-09T08:57:50","modified_gmt":"2026-03-09T08:57:50","slug":"mixing-machine-avs-100","status":"publish","type":"page","link":"https:\/\/globecore.com\/de\/products\/magnetic-mill\/mixing-machine-avs-100\/","title":{"rendered":"Prozessverst\u00e4rker AVS-100. Elektromagnetische M\u00fchle"},"content":{"rendered":"","protected":false},"excerpt":{"rendered":"<p>GlobeCore ist das einzige Hightech-Unternehmen weltweit, das industrielle Wirbelschichtger\u00e4te mit nachgewiesener Leistung in realen Anwendungen herstellt. Das Wirbelschichtger\u00e4t ABC-100 ist darauf ausgelegt, verschiedene physikalische und chemische Prozesse zu intensivieren, einschlie\u00dflich Feinmahlen, Mischen, Dispergieren und Materialaktivierung. Dies wird durch die Nutzung eines elektromagnetischen Feldes und ferromagnetischer Elemente erreicht, die intensive Mischvorg\u00e4nge erzeugen.<\/p>\n","protected":false},"author":7,"featured_media":146275,"parent":146271,"menu_order":0,"comment_status":"closed","ping_status":"closed","template":"templates\/single-product.php","meta":{"_acf_changed":false,"_bbp_topic_count":0,"_bbp_reply_count":0,"_bbp_total_topic_count":0,"_bbp_total_reply_count":0,"_bbp_voice_count":0,"_bbp_anonymous_reply_count":0,"_bbp_topic_count_hidden":0,"_bbp_reply_count_hidden":0,"_bbp_forum_subforum_count":0,"footnotes":""},"categories":[1939],"class_list":["post-146274","page","type-page","status-publish","has-post-thumbnail","hentry","category-frasen","oil_type-bauindustrie","oil_type-chemische-industrie","oil_type-erdolindustrie","oil_type-lebensmittelindustrie","oil_type-pharmazeutische-industrie","process_type-aktivierung","process_type-fraesen","process_type-mischen"],"acf":{"add_tab":[{"tab_title":"Beschreibung","tab_content":"<div class=\"siteorigin-widget-tinymce textwidget\" style=\"text-align: justify;\">Die Anlage wandelt Energie des elektromagnetischen Feldes in andere Energieformen um. Sie besteht aus einer <b>Kammer (Pipeline) mit einem Durchmesser von 90-136mm<\/b>, die sich im Zentrum der darum angeordneten Spulen befindet. Im Arbeitsbereich befinden sich, je nach Volumen dieses Bereiches, bis zu mehrere hundert ferromagnetische zylindrische Elemente mit einem Durchmesser von 0,5 - 5mm und einer L\u00e4nge von 5 - 60mm (0,05 - 5 kg).<\/div>\r\n<div class=\"siteorigin-widget-tinymce textwidget\" style=\"text-align: justify;\"><\/div>\r\n<div class=\"siteorigin-widget-tinymce textwidget\" style=\"text-align: justify;\">Je nach Anforderung der Prozesse, kann die Kammer in vielf\u00e4ltiger Weise gestaltet werden.<\/div>\r\n<div class=\"siteorigin-widget-tinymce textwidget\" style=\"text-align: justify;\"><\/div>\r\n<div class=\"siteorigin-widget-tinymce textwidget\" style=\"text-align: justify;\">F\u00fcr Fl\u00fcssigphasenprozesse sind die Siebe auf den Seiten der Buchse oder nur am Auslassende installiert. Wenn Faserstoffe verarbeitet werden, werden Labyrinth-Siebe installiert. Diese Vorrichtungen halten die ferromagnetischen Partikel innerhalb der Arbeitszone.<\/div>\r\n<div class=\"siteorigin-widget-tinymce textwidget\" style=\"text-align: justify;\"><\/div>\r\n<div class=\"siteorigin-widget-tinymce textwidget\">\r\n<p style=\"text-align: justify;\">Der Energieverbrauch in der Kammer ist nur durch sein Design, Material und die Dicke der W\u00e4nde definiert und h\u00e4ngt nicht von der Magnetfeldst\u00e4rke ab. <b>Um den Energieverbrauch zu reduzieren, fertigen wir die Kammer aus einem nicht-magnetischen Material (Edelstahl).<\/b><\/p>\r\n\r\n<div id=\"pgc-141-0-1\" class=\"panel-grid-cell\" style=\"text-align: justify;\">\r\n<div id=\"panel-141-0-1-0\" class=\"so-panel widget widget_sow-editor panel-first-child panel-last-child\">\r\n<div class=\"so-widget-sow-editor so-widget-sow-editor-base\">\r\n<div class=\"siteorigin-widget-tinymce textwidget\">\r\n<div id=\"pg-141-1\" class=\"panel-grid\">\r\n<div id=\"pgc-141-1-0\" class=\"panel-grid-cell\">\r\n<div id=\"panel-141-1-0-1\" class=\"so-panel widget widget_sow-editor panel-last-child\">\r\n<div class=\"so-widget-sow-editor so-widget-sow-editor-base\">\r\n<div class=\"siteorigin-widget-tinymce textwidget\">\r\n\r\nDie Granulierung und Vermischung k\u00f6nnen nicht nur durch ferromagnetische Pellets, sondern auch durch Messer(Abb. 4), R\u00f6hrchen (Abb.5) oder Rotoren (Abb. 6) erfolgen. In diesen F\u00e4llen fungieren die Siebe als Filter (Separatoren). <b>Elektromagnetische Systeme mit ferromagnetischen Elementen sollen verschiedene physikalische und chemische Prozesse intensivieren.<\/b>\r\n\r\n<\/div>\r\n<\/div>\r\n<\/div>\r\n<\/div>\r\n<\/div>\r\n<\/div>\r\n<\/div>\r\n<\/div>\r\n<\/div>\r\n<table>\r\n<tbody>\r\n<tr>\r\n<td width=\"219\"><a href=\"https:\/\/globecore.com\/wp-content\/uploads\/2016\/12\/Electromagnetic-vortex-system.jpg\"><img class=\"alignnone size-full wp-image-133206\" src=\"https:\/\/globecore.com\/wp-content\/uploads\/2016\/12\/Electromagnetic-vortex-system.jpg\" alt=\"\" width=\"250\" height=\"250\" \/><\/a><\/td>\r\n<td width=\"219\"><a href=\"https:\/\/globecore.com\/wp-content\/uploads\/2016\/12\/vortex-layer.jpg\"><img class=\"alignnone size-full wp-image-133207\" src=\"https:\/\/globecore.com\/wp-content\/uploads\/2016\/12\/vortex-layer.jpg\" alt=\"\" width=\"300\" height=\"296\" \/><\/a><\/td>\r\n<td width=\"219\"><a href=\"https:\/\/globecore.com\/wp-content\/uploads\/2016\/12\/AVS-for-liquid-phase-processes.jpg\"><img class=\"alignnone size-full wp-image-133208\" src=\"https:\/\/globecore.com\/wp-content\/uploads\/2016\/12\/AVS-for-liquid-phase-processes.jpg\" alt=\"\" width=\"300\" height=\"233\" \/><\/a><\/td>\r\n<\/tr>\r\n<tr>\r\n<td width=\"219\">Abb. 1.Elektromagnetisches Wirbelsystem:\r\n\r\n1 \u2013 sch\u00fctzende Buchse; 2 \u2013Induktor des rotierenden elektromagnetischen Feldes;\r\n\r\n3 \u2013 Induktork\u00f6rper; 4 \u2013 Nichtmagnetisches Material der Betriebskammer;\r\n\r\n5 \u2013 Ferromagnetische Elemente<\/td>\r\n<td width=\"219\">Abb 2. A Foto eines Wirbelschichtger\u00e4tes (1000 fps Kamera)<\/td>\r\n<td width=\"219\">Abb 3. Die Kammer der AVS f\u00fcr Fl\u00fcssigphasenprozesse:\r\n\r\n1 \u2013 Kammer; 2 \u2013 Buchse; 3\u2013 Sieb;<\/td>\r\n<\/tr>\r\n<tr>\r\n<td width=\"219\"><a href=\"https:\/\/globecore.com\/wp-content\/uploads\/2016\/12\/AVS-chamber-with-knives.jpg\"><img class=\"alignnone size-full wp-image-133209\" src=\"https:\/\/globecore.com\/wp-content\/uploads\/2016\/12\/AVS-chamber-with-knives.jpg\" alt=\"\" width=\"300\" height=\"200\" \/><\/a><\/td>\r\n<td width=\"219\"><a href=\"https:\/\/globecore.com\/wp-content\/uploads\/2016\/12\/AVS-chamber-with-tubes.jpg\"><img class=\"alignnone size-full wp-image-133210\" src=\"https:\/\/globecore.com\/wp-content\/uploads\/2016\/12\/AVS-chamber-with-tubes.jpg\" alt=\"\" width=\"300\" height=\"192\" \/><\/a><\/td>\r\n<td width=\"219\"><a href=\"https:\/\/globecore.com\/wp-content\/uploads\/2016\/12\/AVS-chamber-with-rotor.jpg\"><img class=\"alignnone size-full wp-image-133211\" src=\"https:\/\/globecore.com\/wp-content\/uploads\/2016\/12\/AVS-chamber-with-rotor.jpg\" alt=\"\" width=\"300\" height=\"203\" \/><\/a><\/td>\r\n<\/tr>\r\n<tr>\r\n<td width=\"219\">Abb. 4. AVS Kammer mit Messern:\r\n\r\n1 \u2013 Messer; 2 \u2013 Kammer; 3\u2013 Maschensieb; 4 \u2013 Buchse.<\/td>\r\n<td width=\"219\">Abb. 5. AVS Kammer mit R\u00f6hren:\r\n\r\n1 \u2013 Kammer; 2 \u2013 Netz; 3 \u2013 Buchse; 4 \u2013 Rohre; 5 \u2013 Filterrohre<\/td>\r\n<td width=\"219\">Abb. 6. AVS Kammer mit Rotoren:\r\n\r\n1 \u2013 Kammer; 2\u2013Bronze-Buchsen (geschmiert und gek\u00fchlt durch die verarbeitete Fl\u00fcssigkeit); 3 \u2013 Deckel; 4 \u2013 Rotor<\/td>\r\n<\/tr>\r\n<\/tbody>\r\n<\/table>\r\n<p style=\"text-align: justify;\"><strong>Hier k\u00f6nnen die Ger\u00e4te effizient genutzt werden:<\/strong><\/p>\r\n\r\n<ul style=\"text-align: justify;\">\r\n \t<li>Herstellung von Mehr-Komponenten Emulsionen und Suspensionen;<\/li>\r\n \t<li>Beschleunigung der Herstellung von fein dispergierten Gemischen;<\/li>\r\n \t<li>Aktivierung von Materialien sowohl in trockener Form als auch in Wasser dispergiert;<\/li>\r\n \t<li>f\u00fchrt zu verbesserten Eigenschaften des Harzes und verminderte Vulkanisations-Zeit;<\/li>\r\n \t<li>zur vollst\u00e4ndigen Reinigung industrieller Abwasser von Phenol, Formaldehyd, Schwermetallen, Arsen, Cyaniden,<\/li>\r\n \t<li>Beschleunigung der W\u00e4rmebehandlung,<\/li>\r\n \t<li>Herstellung von Proteinmaterial aus Hefezellen;<\/li>\r\n \t<li>Verbesserung der mikrobiologischen Stabilit\u00e4t von Nahrungsmitteln und Aktivierung der Hefe beim Brotbacken;<\/li>\r\n \t<li>Verbesserung der Rohprodukte und Fertigprodukte mit Fleisch und Fisch;<\/li>\r\n \t<li>Intensivierung der Extraktionsprozesse, einschlie\u00dflich der Produktion von Br\u00fche, Saft, Pektin usw.;<\/li>\r\n \t<li>Herstellung von Suspensionen und Emulsionen mit erh\u00f6hter mikrobiologischer Sicherheit in der Nahrungsmittelproduktion ohne die Verwendung von Stabilisatoren sowie Erh\u00f6hung der Effizienz der Produktion.<\/li>\r\n<\/ul>\r\n<p style=\"text-align: justify;\"><b>Das rotierende elektromagnetische Feld bewirkt, dass sich die ferromagnetischen Elemente in der Arbeitszone bewegen und die sogenannte Wirbelschicht erzeugen.<\/b><\/p>\r\n<p style=\"text-align: justify;\"><b>AVS SYSTEM K\u00d6NNEN VERWENDET WERDEN ALS:<\/b><\/p>\r\n\r\n<ul>\r\n \t<li style=\"text-align: justify;\">Reaktoren,<\/li>\r\n \t<li style=\"text-align: justify;\">Mixer,<\/li>\r\n \t<li style=\"text-align: justify;\">Zerkleinerungsmaschinen,<\/li>\r\n \t<li style=\"text-align: justify;\">Extraktoren,<\/li>\r\n \t<li style=\"text-align: justify;\">Zur magnetischen Behandlung,<\/li>\r\n \t<li style=\"text-align: justify;\">Materialaktivierung, etc.<\/li>\r\n<\/ul>\r\n<\/div>"}],"add_def_tab":[{"tab_title":"Spezifikation","tab_content":"<table>\r\n<tbody>\r\n<tr>\r\n<td rowspan=\"2\">\r\n<p style=\"text-align: center;\"><b>Parameter<\/b><\/p>\r\n<\/td>\r\n<td>\r\n<p style=\"text-align: center;\"><b>Typ<\/b><\/p>\r\n<\/td>\r\n<\/tr>\r\n<tr>\r\n<td>\r\n<p style=\"text-align: center;\"><b>AVS-100<\/b><\/p>\r\n<\/td>\r\n<\/tr>\r\n<tr>\r\n<td>\r\n<p style=\"text-align: left;\">Max. Verarbeitungsrate, m\u00b3\/h<\/p>\r\n<p style=\"text-align: left;\">\u2013 Ausgangsstoff: Wasser<\/p>\r\n<\/td>\r\n<td>\r\n<p style=\"text-align: center;\">12<\/p>\r\n<\/td>\r\n<\/tr>\r\n<tr>\r\n<td>\r\n<p style=\"text-align: left;\">\u2013 Suspensionsherstellung<\/p>\r\n<\/td>\r\n<td>\r\n<p style=\"text-align: center;\">5<\/p>\r\n<\/td>\r\n<\/tr>\r\n<tr>\r\n<td>\r\n<p style=\"text-align: left;\">Betriebsdruck, MPa (kg\/cm\u00b2), max:<\/p>\r\n<\/td>\r\n<td>\r\n<p style=\"text-align: center;\">0,25 (2,5)<\/p>\r\n<\/td>\r\n<\/tr>\r\n<tr>\r\n<td>\r\n<p style=\"text-align: left;\">Durchmesser des Arbeitsbereiches, mm<\/p>\r\n<\/td>\r\n<td>\r\n<p style=\"text-align: center;\">90<\/p>\r\n<\/td>\r\n<\/tr>\r\n<tr>\r\n<td>\r\n<p style=\"text-align: left;\">Magnetische Flussdichte im Arbeitsbereich, \u0422<\/p>\r\n<\/td>\r\n<td>\r\n<p style=\"text-align: center;\">0,15<\/p>\r\n<\/td>\r\n<\/tr>\r\n<tr>\r\n<td>\r\n<p style=\"text-align: left;\">Stromversorgung<\/p>\r\n<\/td>\r\n<td>\r\n<p style=\"text-align: center;\">AC-Netz<\/p>\r\n<\/td>\r\n<\/tr>\r\n<tr>\r\n<td>\r\n<p style=\"text-align: left;\">Frequenz, Hz<\/p>\r\n<\/td>\r\n<td>\r\n<p style=\"text-align: center;\">50<\/p>\r\n<\/td>\r\n<\/tr>\r\n<tr>\r\n<td>\r\n<p style=\"text-align: left;\">Spannung, V<\/p>\r\n<\/td>\r\n<td>\r\n<p style=\"text-align: center;\">380<\/p>\r\n<\/td>\r\n<\/tr>\r\n<tr>\r\n<td>\r\n<p style=\"text-align: left;\">Rotation des Magnetfeldes im Arbeitsbereich, RPM<\/p>\r\n<\/td>\r\n<td>\r\n<p style=\"text-align: center;\">3 000<\/p>\r\n<\/td>\r\n<\/tr>\r\n<tr>\r\n<td>\r\n<p style=\"text-align: left;\">Energieverbrauch, kW<\/p>\r\n<\/td>\r\n<td>\r\n<p style=\"text-align: center;\">4,5<\/p>\r\n<\/td>\r\n<\/tr>\r\n<tr>\r\n<td>\r\n<p style=\"text-align: left;\">Gr\u00f6\u00dfe, mm<\/p>\r\n<\/td>\r\n<td>\r\n<p style=\"text-align: center;\">1200\u00d7900\u00d71610<\/p>\r\n<\/td>\r\n<\/tr>\r\n<tr>\r\n<td>\r\n<p style=\"text-align: left;\">Gewicht, kg<\/p>\r\n<\/td>\r\n<td>\r\n<p style=\"text-align: center;\">520<\/p>\r\n<\/td>\r\n<\/tr>\r\n<\/tbody>\r\n<\/table>"},{"tab_title":"Vorteil","tab_content":"<ul>\r\n \t<li style=\"text-align: justify;\">gleichzeitige Pulverisierung, Mischung und Aktivierung von verarbeiteten Medien;<\/li>\r\n \t<li style=\"text-align: justify;\">sehr feine Pulverisierung;<\/li>\r\n \t<li style=\"text-align: justify;\">Prozessintensivierung. Retentionszeiten gemessen in Sekundenbruchteilen;<\/li>\r\n \t<li style=\"text-align: justify;\">reduzierter Stromverbrauch;<\/li>\r\n \t<li style=\"text-align: justify;\">Rohstoffeinsparung;<\/li>\r\n \t<li style=\"text-align: justify;\">einfach in bestehende Bearbeitungslinien nachr\u00fcstbar.<\/li>\r\n<\/ul>"},{"tab_title":"Anwendung","tab_content":"[product_oil_types]"}],"add_video_tab":[{"video_tab_title":"Video","add_video_id":[{"video_id":"lP_OWFxsJcg"},{"video_id":"CUdDy6UWX38"},{"video_id":"QoyUIzXozfc"},{"video_id":"s4uoqhKtQK8"}]}],"add_gallery_tab":[{"gallery_tab_title":"Foto","add_img":[60153,60162,42063,42072]}],"add_price_tab":[{"price_tab_title":"Get a Quote"}]},"language":"de","_links":{"self":[{"href":"https:\/\/globecore.com\/de\/wp-json\/wp\/v2\/pages\/146274","targetHints":{"allow":["GET"]}}],"collection":[{"href":"https:\/\/globecore.com\/de\/wp-json\/wp\/v2\/pages"}],"about":[{"href":"https:\/\/globecore.com\/de\/wp-json\/wp\/v2\/types\/page"}],"author":[{"embeddable":true,"href":"https:\/\/globecore.com\/de\/wp-json\/wp\/v2\/users\/7"}],"replies":[{"embeddable":true,"href":"https:\/\/globecore.com\/de\/wp-json\/wp\/v2\/comments?post=146274"}],"version-history":[{"count":3,"href":"https:\/\/globecore.com\/de\/wp-json\/wp\/v2\/pages\/146274\/revisions"}],"predecessor-version":[{"id":341805,"href":"https:\/\/globecore.com\/de\/wp-json\/wp\/v2\/pages\/146274\/revisions\/341805"}],"up":[{"embeddable":true,"href":"https:\/\/globecore.com\/de\/wp-json\/wp\/v2\/pages\/146271"}],"wp:featuredmedia":[{"embeddable":true,"href":"https:\/\/globecore.com\/de\/wp-json\/wp\/v2\/media\/146275"}],"wp:attachment":[{"href":"https:\/\/globecore.com\/de\/wp-json\/wp\/v2\/media?parent=146274"}],"wp:term":[{"taxonomy":"category","embeddable":true,"href":"https:\/\/globecore.com\/de\/wp-json\/wp\/v2\/categories?post=146274"}],"curies":[{"name":"wp","href":"https:\/\/api.w.org\/{rel}","templated":true}]}}