{"id":146279,"date":"2016-12-20T08:14:28","date_gmt":"2016-12-20T08:14:28","guid":{"rendered":"https:\/\/globecore.com\/products\/magnetic-mill\/chemical-mixing-machine-avs-150\/"},"modified":"2026-03-09T09:03:13","modified_gmt":"2026-03-09T09:03:13","slug":"chemical-mixing-machine-avs-150","status":"publish","type":"page","link":"https:\/\/globecore.com\/de\/products\/magnetic-mill\/chemical-mixing-machine-avs-150\/","title":{"rendered":"Elektromagnetische M\u00fchle AVS-150"},"content":{"rendered":"","protected":false},"excerpt":{"rendered":"<p>GlobeCore ist das einzige Hightech-Unternehmen weltweit, das industrielle Wirbelschichtger\u00e4te mit nachgewiesener Leistung in realen Anwendungen herstellt. Die Chemische Mischmaschine arbeitet, indem sie die Energie eines elektromagnetischen Feldes in andere Energieformen umwandelt. Die Einheit ABC-150, ausgestattet mit ferromagnetischen Arbeitselementen, ist f\u00fcr das feine und ultrafeine Mahlen aller Arten von Sch\u00fcttg\u00fctern ausgelegt. W\u00e4hrend der Verarbeitung werden die Materialien nicht nur verkleinert, sondern auch mechanisch aktiviert, wodurch die Eigenschaften der behandelten Komponenten verbessert werden.<\/p>\n","protected":false},"author":7,"featured_media":133840,"parent":146271,"menu_order":0,"comment_status":"closed","ping_status":"closed","template":"templates\/single-product.php","meta":{"_acf_changed":false,"_bbp_topic_count":0,"_bbp_reply_count":0,"_bbp_total_topic_count":0,"_bbp_total_reply_count":0,"_bbp_voice_count":0,"_bbp_anonymous_reply_count":0,"_bbp_topic_count_hidden":0,"_bbp_reply_count_hidden":0,"_bbp_forum_subforum_count":0,"footnotes":""},"categories":[1939],"class_list":["post-146279","page","type-page","status-publish","has-post-thumbnail","hentry","category-frasen","oil_type-bauindustrie","oil_type-chemische-industrie","oil_type-erdolindustrie","oil_type-lebensmittelindustrie","oil_type-pharmazeutische-industrie","process_type-aktivierung","process_type-fraesen","process_type-mischen"],"acf":{"add_tab":[{"tab_title":"Beschreibung","tab_content":"<p style=\"text-align: justify;\">Die Anlage wandelt Energie des elektromagnetischen Feldes in andere Energieformen um. Sie besteht aus einer <b>Kammer (Pipeline) mit einem Durchmesser von 90-136mm<\/b>, die sich im Zentrum der darum angeordneten Spulen befindet. Im Arbeitsbereich befinden sich, je nach Volumen dieses Bereiches, bis zu mehrere hundert ferromagnetische zylindrische Elemente mit einem Durchmesser von 0,5 - 5mm und einer L\u00e4nge von 5 - 60mm (0,05 - 5 kg).<\/p>\r\n<p style=\"text-align: justify;\">Je nach Anforderung der Prozesse, kann die Kammer in vielf\u00e4ltiger Weise gestaltet werden.<\/p>\r\n<p style=\"text-align: justify;\">F\u00fcr Fl\u00fcssigphasenprozesse sind die Siebe auf den Seiten der Buchse oder nur am Auslassende installiert. Wenn Faserstoffe verarbeitet werden, werden Labyrinth-Siebe installiert. Diese Vorrichtungen halten die ferromagnetischen Partikel innerhalb der Arbeitszone.<\/p>\r\n<p style=\"text-align: justify;\">Der Energieverbrauch in der Kammer ist nur durch sein Design, Material und die Dicke der W\u00e4nde definiert und h\u00e4ngt nicht von der Magnetfeldst\u00e4rke ab. <b>Um den Energieverbrauch zu reduzieren, fertigen wir die Kammer aus einem nicht-magnetischen Material (Edelstahl).<\/b><\/p>\r\n<p style=\"text-align: justify;\"><b>Das rotierende elektromagnetische Feld bewirkt, dass sich die ferromagnetischen Elemente in der Arbeitszone bewegen und die sogenannte \"Wirbelschicht\" erzeugen.<\/b><\/p>\r\n<p style=\"text-align: justify;\">Die Hauptkomponenten von elektromagnetischen Einheiten mit Wirbelschicht sind: die Induktivit\u00e4t des rotierenden, elektromagnetischen Feldes mit K\u00fchlsystem, verbunden mit einer dreiphasigen 380\/220V, 50Hz Stromversorgung und einem Betriebsraum mit ferromagnetischen Elementen.<\/p>\r\n<a href=\"https:\/\/globecore.com\/wp-content\/uploads\/2016\/12\/image004.jpg\"><img class=\"size-full wp-image-133213 aligncenter\" src=\"https:\/\/globecore.com\/wp-content\/uploads\/2016\/12\/image004.jpg\" alt=\"\" width=\"408\" height=\"322\" \/><\/a>\r\n<p style=\"text-align: justify;\"><b>Elektromagnetische Systeme mit ferromagnetischen Elementen sollen verschiedene physikalische und chemische Prozesse intensivieren.<\/b><\/p>\r\n<p style=\"text-align: justify;\">Hier k\u00f6nnen die Ger\u00e4te effizient genutzt werden:<\/p>\r\n\r\n<ul style=\"text-align: justify;\">\r\n \t<li>Herstellung von Mehr-Komponenten Emulsionen und Suspensionen;<\/li>\r\n \t<li>Beschleunigung der Herstellung von fein dispergierten Gemischen;<\/li>\r\n \t<li>Aktivierung von Materialien sowohl in trockener Form als auch in Wasser dispergiert;<\/li>\r\n \t<li>f\u00fchrt zu verbesserten Eigenschaften des Harzes und verminderte Vulkanisations-Zeit;<\/li>\r\n \t<li>zur vollst\u00e4ndigen Reinigung industrieller Abwasser von Phenol, Formaldehyd, Schwermetallen, Arsen, Cyaniden;<\/li>\r\n \t<li>Beschleunigung der W\u00e4rmebehandlung;<\/li>\r\n \t<li>Herstellung von Proteinmaterial aus Hefezellen;<\/li>\r\n \t<li>Verbesserung der mikrobiologischen Stabilit\u00e4t von Nahrungsmitteln und Aktivierung der Hefe beim Brotbacken;<\/li>\r\n \t<li>Verbesserung der Rohprodukte und Fertigprodukte mit Fleisch und Fisch;<\/li>\r\n \t<li>Intensivierung der Extraktionsprozesse, einschlie\u00dflich der Produktion von Br\u00fche, Saft, Pektin usw.;<\/li>\r\n \t<li>Herstellung von Suspensionen und Emulsionen mit erh\u00f6hter mikrobiologischer Sicherheit in der Nahrungsmittelproduktion ohne die Verwendung von Stabilisatoren sowie Erh\u00f6hung der Effizienz der Produktion.<\/li>\r\n<\/ul>\r\n<h3 style=\"text-align: justify;\"><b>AVS SYSTEME K\u00d6NNEN VERWENDET WERDEN ALS:<\/b><\/h3>\r\n<ul style=\"text-align: justify;\">\r\n \t<li>Reaktoren,<\/li>\r\n \t<li>Mixer,<\/li>\r\n \t<li>Zerkleinerungsmaschinen,<\/li>\r\n \t<li>Extraktoren,<\/li>\r\n \t<li>Zur magnetischen Behandlung,<\/li>\r\n \t<li>Materialaktivierung, etc.<\/li>\r\n<\/ul>"}],"add_def_tab":[{"tab_title":"Spezifikation","tab_content":"<table>\r\n<tbody>\r\n<tr>\r\n<td rowspan=\"2\">\r\n<p style=\"text-align: center;\"><b>Parameter<\/b><\/p>\r\n<\/td>\r\n<td>\r\n<p style=\"text-align: center;\"><b>Typ<\/b><\/p>\r\n<\/td>\r\n<\/tr>\r\n<tr>\r\n<td>\r\n<p style=\"text-align: center;\"><b>AVS-150<\/b><\/p>\r\n<\/td>\r\n<\/tr>\r\n<tr>\r\n<td>\r\n<p style=\"text-align: left;\">Max. Verarbeitungsrate, m\u00b3\/h<\/p>\r\n<p style=\"text-align: left;\">\u2013 Ausgangsstoff: Wasser<\/p>\r\n<\/td>\r\n<td>\r\n<p style=\"text-align: center;\">30<\/p>\r\n<\/td>\r\n<\/tr>\r\n<tr>\r\n<td>\r\n<p style=\"text-align: left;\">\u2013 Suspensionsherstellung<\/p>\r\n<\/td>\r\n<td>\r\n<p style=\"text-align: center;\">15<\/p>\r\n<\/td>\r\n<\/tr>\r\n<tr>\r\n<td>\r\n<p style=\"text-align: left;\">Betriebsdruck, MPa (kg\/cm\u00b2), max:<\/p>\r\n<\/td>\r\n<td>\r\n<p style=\"text-align: center;\">0,25 (2,5)<\/p>\r\n<\/td>\r\n<\/tr>\r\n<tr>\r\n<td>\r\n<p style=\"text-align: left;\">Durchmesser des Arbeitsbereiches, mm<\/p>\r\n<\/td>\r\n<td>\r\n<p style=\"text-align: center;\">136<\/p>\r\n<\/td>\r\n<\/tr>\r\n<tr>\r\n<td>\r\n<p style=\"text-align: left;\">Magnetische Flussdichte im Arbeitsbereich, \u0422<\/p>\r\n<\/td>\r\n<td>\r\n<p style=\"text-align: center;\">0,15<\/p>\r\n<\/td>\r\n<\/tr>\r\n<tr>\r\n<td>\r\n<p style=\"text-align: left;\">Stromversorgung<\/p>\r\n<\/td>\r\n<td>\r\n<p style=\"text-align: center;\">AC Netz<\/p>\r\n<\/td>\r\n<\/tr>\r\n<tr>\r\n<td>\r\n<p style=\"text-align: left;\">Frequenz, Hz<\/p>\r\n<\/td>\r\n<td>\r\n<p style=\"text-align: center;\">50<\/p>\r\n<\/td>\r\n<\/tr>\r\n<tr>\r\n<td>\r\n<p style=\"text-align: left;\">Spannung, V<\/p>\r\n<\/td>\r\n<td>\r\n<p style=\"text-align: center;\">380<\/p>\r\n<\/td>\r\n<\/tr>\r\n<tr>\r\n<td>\r\n<p style=\"text-align: left;\">Rotation des Magnetfeldes im Arbeitsbereich, RPM<\/p>\r\n<\/td>\r\n<td>\r\n<p style=\"text-align: center;\">3 000<\/p>\r\n<\/td>\r\n<\/tr>\r\n<tr>\r\n<td>\r\n<p style=\"text-align: left;\">Energieverbrauch, kW<\/p>\r\n<\/td>\r\n<td>\r\n<p style=\"text-align: center;\">9,5<\/p>\r\n<\/td>\r\n<\/tr>\r\n<tr>\r\n<td>\r\n<p style=\"text-align: left;\">Gr\u00f6\u00dfe, mm<\/p>\r\n<p style=\"text-align: left;\">\u2014 Anlage<\/p>\r\n<p style=\"text-align: left;\">\u2013 Bedienungsfeld<\/p>\r\n<\/td>\r\n<td>\r\n<p style=\"text-align: center;\">1300\u00d71100\u00d71690<\/p>\r\n<p style=\"text-align: center;\">1 060\u00d71030\u00d71900<\/p>\r\n<\/td>\r\n<\/tr>\r\n<tr>\r\n<td>\r\n<p style=\"text-align: left;\">Gewicht, kg<\/p>\r\n<p style=\"text-align: left;\">\u2014 Anlage<\/p>\r\n<p style=\"text-align: left;\">\u2013 Bedienungsfeld<\/p>\r\n<\/td>\r\n<td>\r\n<p style=\"text-align: center;\">500<\/p>\r\n<p style=\"text-align: center;\">450<\/p>\r\n<\/td>\r\n<\/tr>\r\n<\/tbody>\r\n<\/table>\r\n&nbsp;"},{"tab_title":"Vorteil","tab_content":"<ul>\r\n \t<li style=\"text-align: justify;\">gleichzeitige Pulverisierung, Mischung und Aktivierung von verarbeiteten Medien;<\/li>\r\n \t<li style=\"text-align: justify;\">sehr feine Pulverisierung;<\/li>\r\n \t<li style=\"text-align: justify;\">Prozessintensivierung. Retentionszeiten gemessen in Sekundenbruchteilen;<\/li>\r\n \t<li style=\"text-align: justify;\">reduzierter Stromverbrauch;<\/li>\r\n \t<li style=\"text-align: justify;\">Rohstoffeinsparung;<\/li>\r\n \t<li style=\"text-align: justify;\">einfach in bestehende Bearbeitungslinien nachr\u00fcstbar.<\/li>\r\n<\/ul>"},{"tab_title":"Anwendung","tab_content":"[product_oil_types]"}],"add_video_tab":[{"video_tab_title":"Video","add_video_id":[{"video_id":"swYNzzr232o"},{"video_id":"yPFbdk4QcsQ"},{"video_id":"cWxerFiGRF8"}]}],"add_gallery_tab":[{"gallery_tab_title":"Foto","add_img":[60114,60123,60132,42072,42063,60094]}],"add_price_tab":[{"price_tab_title":"Get a Quote"}]},"language":"de","_links":{"self":[{"href":"https:\/\/globecore.com\/de\/wp-json\/wp\/v2\/pages\/146279","targetHints":{"allow":["GET"]}}],"collection":[{"href":"https:\/\/globecore.com\/de\/wp-json\/wp\/v2\/pages"}],"about":[{"href":"https:\/\/globecore.com\/de\/wp-json\/wp\/v2\/types\/page"}],"author":[{"embeddable":true,"href":"https:\/\/globecore.com\/de\/wp-json\/wp\/v2\/users\/7"}],"replies":[{"embeddable":true,"href":"https:\/\/globecore.com\/de\/wp-json\/wp\/v2\/comments?post=146279"}],"version-history":[{"count":2,"href":"https:\/\/globecore.com\/de\/wp-json\/wp\/v2\/pages\/146279\/revisions"}],"predecessor-version":[{"id":341809,"href":"https:\/\/globecore.com\/de\/wp-json\/wp\/v2\/pages\/146279\/revisions\/341809"}],"up":[{"embeddable":true,"href":"https:\/\/globecore.com\/de\/wp-json\/wp\/v2\/pages\/146271"}],"wp:featuredmedia":[{"embeddable":true,"href":"https:\/\/globecore.com\/de\/wp-json\/wp\/v2\/media\/133840"}],"wp:attachment":[{"href":"https:\/\/globecore.com\/de\/wp-json\/wp\/v2\/media?parent=146279"}],"wp:term":[{"taxonomy":"category","embeddable":true,"href":"https:\/\/globecore.com\/de\/wp-json\/wp\/v2\/categories?post=146279"}],"curies":[{"name":"wp","href":"https:\/\/api.w.org\/{rel}","templated":true}]}}