{"id":146283,"date":"2021-04-22T06:57:22","date_gmt":"2021-04-22T06:57:22","guid":{"rendered":"https:\/\/globecore.com\/products\/magnetic-mill\/avsp-100-vortex-layer-device-semi-automated\/"},"modified":"2026-03-09T09:11:21","modified_gmt":"2026-03-09T09:11:21","slug":"avsp-100-vortex-layer-device-semi-automated","status":"publish","type":"page","link":"https:\/\/globecore.com\/de\/products\/magnetic-mill\/avsp-100-vortex-layer-device-semi-automated\/","title":{"rendered":"Wirbelschichtsapparat AVSp-100 (halbautomatisch)"},"content":{"rendered":"","protected":false},"excerpt":{"rendered":"<p>GlobeCore ist das einzige Hightech-Unternehmen weltweit, das industrielle Wirbelschichtger\u00e4te mit nachgewiesener Leistung in realen Anwendungen herstellt. Das Wirbelschichtger\u00e4t AVSp-100 (halbautomatische Ausf\u00fchrung, Kapazit\u00e4t bis zu 50 kg\/h) ist f\u00fcr die zyklische Dispersion von Mehrkomponentensystemen sowie f\u00fcr das Mischen rieself\u00e4higer trockener Materialien konzipiert, unter Ausschluss explosiver Gemische. Es eignet sich f\u00fcr Forschungszwecke in Pilotanlagen und Laboren und erm\u00f6glicht die Verarbeitung einer breiten Produktpalette in kleinen Chargen.<\/p>\n","protected":false},"author":7,"featured_media":134942,"parent":146271,"menu_order":0,"comment_status":"closed","ping_status":"closed","template":"templates\/single-product.php","meta":{"_acf_changed":false,"_bbp_topic_count":0,"_bbp_reply_count":0,"_bbp_total_topic_count":0,"_bbp_total_reply_count":0,"_bbp_voice_count":0,"_bbp_anonymous_reply_count":0,"_bbp_topic_count_hidden":0,"_bbp_reply_count_hidden":0,"_bbp_forum_subforum_count":0,"footnotes":""},"categories":[1939],"class_list":["post-146283","page","type-page","status-publish","has-post-thumbnail","hentry","category-frasen","oil_type-bauindustrie","oil_type-chemische-industrie","process_type-aktivierung","process_type-fraesen","process_type-mischen"],"acf":{"add_tab":[{"tab_title":"Beschreibung","tab_content":"<p style=\"text-align: justify;\"><em><strong>GlobeCore<\/strong><\/em> ist das einzige High-Tech-Unternehmen der Welt, das funktionierende elektromagnetische M\u00fchlen mit echten industriellen Anwendungen herstellt, die die erwarteten Ergebnisse garantieren.<\/p>\r\n<p style=\"text-align: justify;\">Das Wirbelschichtsapparat (elektromagnetische M\u00fchle) AVSp-150 (halbautomatisch) ist f\u00fcr die Durchf\u00fchrung zyklischer Prozesse zum Dispergieren von Mehrkomponentensystemen und Mischen trockener Sch\u00fcttg\u00fcter (au\u00dfer explosiven Gemischen) bestimmt. Das Ger\u00e4t kann in Versuchswerkst\u00e4tten, in Fabriken mit einer gro\u00dfen Produktpalette und mit kleinen Mengen verarbeiteter Sch\u00fcttg\u00fcter sowie unter Laborbedingungen eingesetzt werden.<\/p>\r\n<p style=\"text-align: justify;\">Das AVSp-150-Ger\u00e4t besteht aus einem Bett, einem Geh\u00e4use, in dem sich der rotierende elektromagnetische Feldinduktor befindet, einem Reaktionstank mit einer K\u00fchlvorrichtung und einem austauschbaren Einsatz. Im oberen Teil des Bettes befindet sich ein Antriebsmechanismus zum Bewegen des Reaktionsgef\u00e4\u00dfes.<\/p>\r\n<p style=\"text-align: justify;\">An der Vorderwand des Bettes unter dem Reaktionsbeh\u00e4lter ist ein verst\u00e4rkter Tisch f\u00fcr Hilfsvorg\u00e4nge installiert. Im unteren Teil des Rahmens befinden sich Elemente des K\u00fchlsystems des rotierenden elektromagnetischen Feldinduktors: ein \u00d6ltank, eine \u00d6lpumpe und ein W\u00e4rmetauscher. Der Betrieb der halbautomatischen Anlage wird \u00fcber die Fernbedienung gesteuert, auf der sich die Steuer-, Signal- und Steuerger\u00e4te befinden.<\/p>"}],"add_def_tab":[{"tab_title":"Spezifikation","tab_content":"<table width=\"540\">\r\n<tbody>\r\n<tr>\r\n<td style=\"text-align: center;\"><strong>\u2116<\/strong><\/td>\r\n<td style=\"text-align: center;\"><strong>Paramter<\/strong><\/td>\r\n<td style=\"text-align: center;\"><strong>Bedeutung<\/strong><\/td>\r\n<\/tr>\r\n<tr>\r\n<td>1<\/td>\r\n<td>\r\n<p style=\"text-align: left;\">Durchmesser der Arbeitskammer, mm<\/p>\r\n<\/td>\r\n<td>89<\/td>\r\n<\/tr>\r\n<tr>\r\n<td>2<\/td>\r\n<td>\r\n<p style=\"text-align: left;\">Bohrdurchmesser des Induktors, mm<\/p>\r\n<\/td>\r\n<td>100<\/td>\r\n<\/tr>\r\n<tr>\r\n<td>3<\/td>\r\n<td>\r\n<p style=\"text-align: left;\">Die L\u00e4nge des Arbeitsbereichs der Kamera, mm<\/p>\r\n<\/td>\r\n<td>100<\/td>\r\n<\/tr>\r\n<tr>\r\n<td>4<\/td>\r\n<td>\r\n<p style=\"text-align: left;\">Magnetische Induktion im zentralen Teil der Bohrung<\/p>\r\n<\/td>\r\n<td>0,12<\/td>\r\n<\/tr>\r\n<tr>\r\n<td>5<\/td>\r\n<td>\r\n<p style=\"text-align: left;\">Die Spannung der Stromkreise betr\u00e4gt ~50 Hz,<\/p>\r\n<\/td>\r\n<td>380<\/td>\r\n<\/tr>\r\n<tr>\r\n<td>6<\/td>\r\n<td>\r\n<p style=\"text-align: left;\">Wirkleistung, KW<\/p>\r\n<\/td>\r\n<td>1,6<\/td>\r\n<\/tr>\r\n<tr>\r\n<td>\r\n<p style=\"text-align: center;\">7<\/p>\r\n<\/td>\r\n<td>\r\n<p style=\"text-align: left;\">\u00a0Vollst\u00e4ndige Leistung, KW\u0410<\/p>\r\n<\/td>\r\n<td>25<\/td>\r\n<\/tr>\r\n<tr>\r\n<td>8<\/td>\r\n<td style=\"text-align: left;\">Kondensatorbatterie, kVar<\/td>\r\n<td>30<\/td>\r\n<\/tr>\r\n<tr>\r\n<td>\r\n<p style=\"text-align: center;\">9<\/p>\r\n<\/td>\r\n<td>\r\n<p style=\"text-align: left;\">Anschluss von Wicklungen<\/p>\r\n<\/td>\r\n<td>\u00abStern\u00bb<\/td>\r\n<\/tr>\r\n<tr>\r\n<td>10<\/td>\r\n<td>\r\n<p style=\"text-align: left;\">Das Volumen des K\u00fchlmittels (Transformator\u00f6l der Marke T-1500), l<\/p>\r\n<\/td>\r\n<td>90<\/td>\r\n<\/tr>\r\n<tr>\r\n<td>11<\/td>\r\n<td>\r\n<p style=\"text-align: left;\">Abmessungen, mm, max:<\/p>\r\n<p style=\"text-align: left;\">\u2013 L\u00e4nge<\/p>\r\n<p style=\"text-align: left;\">\u2013 Breite<\/p>\r\n<p style=\"text-align: left;\">\u2013 H\u00f6he<\/p>\r\n<\/td>\r\n<td>1480\r\n\r\n1058\r\n\r\n1868<\/td>\r\n<\/tr>\r\n<tr>\r\n<td>12<\/td>\r\n<td>\r\n<p style=\"text-align: left;\">Gewicht, kg max:<\/p>\r\n<\/td>\r\n<td>560<\/td>\r\n<\/tr>\r\n<\/tbody>\r\n<\/table>"},{"tab_title":"Vorteil","tab_content":"<ul>\r\n \t<li>Multifunktionalit\u00e4t (Mahlung, Mischung und Aktivierung verarbeiteter Substanzen);<\/li>\r\n \t<li>hohe Mahlfeinheit;<\/li>\r\n \t<li>Intensivierung technologischer Prozesse: Verarbeitung dauert Sekunden und Bruchteile von Sekunden;<\/li>\r\n \t<li>Reduzierung des Stromverbrauchs;<\/li>\r\n \t<li>Einsparung von Rohstoffen und Materialien;<\/li>\r\n \t<li>einfache Integration in bestehende Technologielinien.<\/li>\r\n<\/ul>"},{"tab_title":"Anwendung","tab_content":"[product_oil_types]"}],"add_video_tab":[{"video_tab_title":"Video","add_video_id":[{"video_id":"7bFSOZhXK9k"}]}],"add_gallery_tab":null,"add_price_tab":[{"price_tab_title":"Get a quote"}]},"language":"de","_links":{"self":[{"href":"https:\/\/globecore.com\/de\/wp-json\/wp\/v2\/pages\/146283","targetHints":{"allow":["GET"]}}],"collection":[{"href":"https:\/\/globecore.com\/de\/wp-json\/wp\/v2\/pages"}],"about":[{"href":"https:\/\/globecore.com\/de\/wp-json\/wp\/v2\/types\/page"}],"author":[{"embeddable":true,"href":"https:\/\/globecore.com\/de\/wp-json\/wp\/v2\/users\/7"}],"replies":[{"embeddable":true,"href":"https:\/\/globecore.com\/de\/wp-json\/wp\/v2\/comments?post=146283"}],"version-history":[{"count":1,"href":"https:\/\/globecore.com\/de\/wp-json\/wp\/v2\/pages\/146283\/revisions"}],"predecessor-version":[{"id":341813,"href":"https:\/\/globecore.com\/de\/wp-json\/wp\/v2\/pages\/146283\/revisions\/341813"}],"up":[{"embeddable":true,"href":"https:\/\/globecore.com\/de\/wp-json\/wp\/v2\/pages\/146271"}],"wp:featuredmedia":[{"embeddable":true,"href":"https:\/\/globecore.com\/de\/wp-json\/wp\/v2\/media\/134942"}],"wp:attachment":[{"href":"https:\/\/globecore.com\/de\/wp-json\/wp\/v2\/media?parent=146283"}],"wp:term":[{"taxonomy":"category","embeddable":true,"href":"https:\/\/globecore.com\/de\/wp-json\/wp\/v2\/categories?post=146283"}],"curies":[{"name":"wp","href":"https:\/\/api.w.org\/{rel}","templated":true}]}}