{"id":146287,"date":"2024-03-18T12:40:57","date_gmt":"2024-03-18T12:40:57","guid":{"rendered":"https:\/\/globecore.com\/products\/magnetic-mill\/avsp-150-vortex-layer-device-semi-automated\/"},"modified":"2026-03-09T09:16:10","modified_gmt":"2026-03-09T09:16:10","slug":"avsp-150-vortex-layer-device-semi-automated","status":"publish","type":"page","link":"https:\/\/globecore.com\/de\/products\/magnetic-mill\/avsp-150-vortex-layer-device-semi-automated\/","title":{"rendered":"Wirbelschichtsapparat AVSp-150 (halbautomatisch)"},"content":{"rendered":"","protected":false},"excerpt":{"rendered":"<p>GlobeCore ist das einzige Hightech-Unternehmen weltweit, das industrielle Wirbelschichtger\u00e4te mit nachgewiesener und vorhersehbarer Leistung herstellt. Das halbautomatische Wirbelschichtger\u00e4t AVSp-150 wurde entwickelt, um physikalische und chemische Prozesse zu intensivieren und eine effiziente Dispersion sowie Trockenmischung von Sch\u00fcttg\u00fctern, einschlie\u00dflich Mikropulvern, zu gew\u00e4hrleisten. Dar\u00fcber hinaus eignet es sich zur Aktivierung und Modifizierung von Additiven, zur Zerkleinerung von Ferritpulvern sowie zur Verarbeitung von pulverf\u00f6rmigen Materialien im trockenen und fl\u00fcssigen Zustand.<\/p>\n","protected":false},"author":7,"featured_media":146288,"parent":146271,"menu_order":0,"comment_status":"closed","ping_status":"closed","template":"templates\/single-product.php","meta":{"_acf_changed":false,"_bbp_topic_count":0,"_bbp_reply_count":0,"_bbp_total_topic_count":0,"_bbp_total_reply_count":0,"_bbp_voice_count":0,"_bbp_anonymous_reply_count":0,"_bbp_topic_count_hidden":0,"_bbp_reply_count_hidden":0,"_bbp_forum_subforum_count":0,"footnotes":""},"categories":[1939],"class_list":["post-146287","page","type-page","status-publish","has-post-thumbnail","hentry","category-frasen","oil_type-bauindustrie","oil_type-chemische-industrie","process_type-aktivierung","process_type-fraesen","process_type-mischen"],"acf":{"add_tab":[{"tab_title":"Beschreibung","tab_content":"<p style=\"text-align: justify;\"><span style=\"font-weight: 400;\"><em><strong>GlobeCore<\/strong><\/em> ist das einzige High-Tech-Unternehmen der Welt, das funktionierende elektromagnetische M\u00fchlen mit echten industriellen Anwendungen herstellt, die die erwarteten Ergebnisse liefern.<\/span><\/p>\r\n<p style=\"text-align: justify;\"><span style=\"font-weight: 400;\">Die elektromagnetische M\u00fchle AVSp-150 (halbautomatische Version) ist f\u00fcr die Intensivierung einer Vielzahl physikalischer und chemischer Prozesse konzipiert. Dieses Ger\u00e4t arbeitet effektiv mit einer Vielzahl fester Sch\u00fcttg\u00fcter und erm\u00f6glicht deren Dispersion, Trockenmischung, einschlie\u00dflich Mikropulver, sowie die Aktivierung und Modifizierung von Additiven in Kautschuken, das Mahlen von Ferritpulvern zur Herstellung von Ferriten und andere Verarbeitungen von Pulvermaterialien in trockenem oder fl\u00fcssigem Zustand.<\/span><\/p>\r\n<p style=\"text-align: justify;\"><span style=\"font-weight: 400;\">Das Design des Ger\u00e4ts weist keine dynamischen Dichtungen auf und ist um zwei Schl\u00fcsselelemente herum organisiert \u2013 die Arbeitseinheit und die Steuereinheit.<\/span><\/p>\r\n<p style=\"text-align: justify;\"><span style=\"font-weight: 400;\">Die Arbeitseinheit enth\u00e4lt einen Rahmen, auf dem ein Induktorgeh\u00e4use montiert ist. An der hinteren Abdeckung des Induktork\u00f6rpers und -rahmens ist eine Schutzabdeckung angebracht, die die Vorschubmechanismen mit Antrieb und Schlitten beherbergt. Unter der Schutzh\u00fclle befinden sich Koffer zur Aufbewahrung der Reaktoren w\u00e4hrend des Transports oder bei Nichtgebrauch des Ger\u00e4tes. An der Frontabdeckung des Induktorgeh\u00e4uses befindet sich eine Frontschutzabdeckung zur Sicherheit des Bedieners w\u00e4hrend des Betriebs.<\/span><\/p>\r\n<p style=\"text-align: justify;\"><span style=\"font-weight: 400;\">Die Steuereinheit vereint einen \u00d6ltank mit Rahmen und Geh\u00e4use, ein K\u00fchlsystem und eine Pumpe. Auf der Frontplatte der Steuereinheit befindet sich eine Fernbedienung mit Ger\u00e4tebedienelementen.<\/span><\/p>"}],"add_def_tab":[{"tab_title":"Technische Daten","tab_content":"<table class=\" alignleft\">\r\n<tbody>\r\n<tr>\r\n<td>\r\n<p style=\"text-align: center;\"><b>\u2116<\/b><\/p>\r\n<\/td>\r\n<td style=\"text-align: center;\"><b>Parameter<\/b><\/td>\r\n<td>\r\n<p style=\"text-align: center;\"><b>Bedeutung<\/b><\/p>\r\n<\/td>\r\n<\/tr>\r\n<tr>\r\n<td><span style=\"font-weight: 400;\">1<\/span><\/td>\r\n<td style=\"text-align: left;\"><span style=\"font-weight: 400;\">Durchmesser der Arbeitskammer, mm<\/span><\/td>\r\n<td style=\"text-align: center;\"><span style=\"font-weight: 400;\">128<\/span><\/td>\r\n<\/tr>\r\n<tr>\r\n<td><span style=\"font-weight: 400;\">2<\/span><\/td>\r\n<td style=\"text-align: left;\"><span style=\"font-weight: 400;\">Bohrdurchmesser des Induktors, mm<\/span><\/td>\r\n<td>\r\n<p style=\"text-align: center;\"><span style=\"font-weight: 400;\">150<\/span><\/p>\r\n<\/td>\r\n<\/tr>\r\n<tr>\r\n<td><span style=\"font-weight: 400;\">3<\/span><\/td>\r\n<td style=\"text-align: left;\"><span style=\"font-weight: 400;\">Die L\u00e4nge des Arbeitsbereichs der Kamera, mm<\/span><\/td>\r\n<td>\r\n<p style=\"text-align: center;\"><span style=\"font-weight: 400;\">150<\/span><\/p>\r\n<\/td>\r\n<\/tr>\r\n<tr>\r\n<td><span style=\"font-weight: 400;\">4<\/span><\/td>\r\n<td style=\"text-align: left;\"><span style=\"font-weight: 400;\">Magnetische Induktion im zentralen Teil der Bohrung, Tl<\/span><\/td>\r\n<td>\r\n<p style=\"text-align: center;\"><span style=\"font-weight: 400;\">0,12<\/span><\/p>\r\n<\/td>\r\n<\/tr>\r\n<tr>\r\n<td><span style=\"font-weight: 400;\">5<\/span><\/td>\r\n<td style=\"text-align: left;\"><span style=\"font-weight: 400;\">Spannung der Stromkreise ~50 Hz<\/span><\/td>\r\n<td>\r\n<p style=\"text-align: center;\"><span style=\"font-weight: 400;\">380<\/span><\/p>\r\n<\/td>\r\n<\/tr>\r\n<tr>\r\n<td><span style=\"font-weight: 400;\">6<\/span><\/td>\r\n<td style=\"text-align: left;\"><span style=\"font-weight: 400;\">Wirkleistung, kW<\/span><\/td>\r\n<td>\r\n<p style=\"text-align: center;\"><span style=\"font-weight: 400;\">9,5<\/span><\/p>\r\n<\/td>\r\n<\/tr>\r\n<tr>\r\n<td><span style=\"font-weight: 400;\">7<\/span><\/td>\r\n<td style=\"text-align: left;\"><span style=\"font-weight: 400;\">Volle Leistung, kVA<\/span><\/td>\r\n<td>\r\n<p style=\"text-align: center;\"><span style=\"font-weight: 400;\">16<\/span><\/p>\r\n<\/td>\r\n<\/tr>\r\n<tr>\r\n<td><span style=\"font-weight: 400;\">8<\/span><\/td>\r\n<td style=\"text-align: left;\"><span style=\"font-weight: 400;\">Kondensatorbatterie, kVar<\/span><\/td>\r\n<td>\r\n<p style=\"text-align: center;\"><span style=\"font-weight: 400;\">40<\/span><\/p>\r\n<\/td>\r\n<\/tr>\r\n<tr>\r\n<td><span style=\"font-weight: 400;\">9<\/span><\/td>\r\n<td style=\"text-align: left;\"><span style=\"font-weight: 400;\">Anschluss von Wicklungen<\/span><\/td>\r\n<td>\r\n<p style=\"text-align: center;\"><span style=\"font-weight: 400;\">\u00abDreieck\u00bb<\/span><\/p>\r\n<\/td>\r\n<\/tr>\r\n<tr>\r\n<td><span style=\"font-weight: 400;\">10<\/span><\/td>\r\n<td style=\"text-align: left;\"><span style=\"font-weight: 400;\">Das Volumen des K\u00fchlmittels (Transformator\u00f6l der Marke T-1500)<\/span><\/td>\r\n<td>\r\n<p style=\"text-align: center;\"><span style=\"font-weight: 400;\">105<\/span><\/p>\r\n<\/td>\r\n<\/tr>\r\n<tr>\r\n<td><span style=\"font-weight: 400;\">11<\/span><\/td>\r\n<td style=\"text-align: left;\"><span style=\"font-weight: 400;\">Gesamtabmessungen, mm max:<\/span><\/td>\r\n<td><\/td>\r\n<\/tr>\r\n<tr>\r\n<td><\/td>\r\n<td>\r\n<p style=\"text-align: left;\"><span style=\"font-weight: 400;\">Steuereinheit<\/span><\/p>\r\n<p style=\"text-align: left;\"><span style=\"font-weight: 400;\">\u2014 L\u00e4nge<\/span><\/p>\r\n<p style=\"text-align: left;\"><span style=\"font-weight: 400;\">\u2014 Breite<\/span><\/p>\r\n<p style=\"text-align: left;\"><span style=\"font-weight: 400;\">\u2014 H\u00f6he<\/span><\/p>\r\n<p style=\"text-align: left;\"><span style=\"font-weight: 400;\">\r\n<\/span><span style=\"font-weight: 400;\">Arbeitseinheit<\/span><\/p>\r\n<p style=\"text-align: left;\"><span style=\"font-weight: 400;\">\u2014 L\u00e4nge<\/span><\/p>\r\n<p style=\"text-align: left;\"><span style=\"font-weight: 400;\">\u2014 Breite<\/span><\/p>\r\n<p style=\"text-align: left;\"><span style=\"font-weight: 400;\">\u2014 H\u00f6he<\/span><\/p>\r\n<\/td>\r\n<td>\r\n<p style=\"text-align: center;\"><span style=\"font-weight: 400;\">1079<\/span><\/p>\r\n<p style=\"text-align: center;\"><span style=\"font-weight: 400;\">552<\/span><\/p>\r\n<p style=\"text-align: center;\"><span style=\"font-weight: 400;\">1532<\/span><\/p>\r\n&nbsp;\r\n\r\n&nbsp;\r\n<p style=\"text-align: center;\"><span style=\"font-weight: 400;\">1635<\/span><\/p>\r\n<p style=\"text-align: center;\"><span style=\"font-weight: 400;\">835<\/span><\/p>\r\n<p style=\"text-align: center;\"><span style=\"font-weight: 400;\">1376<\/span><\/p>\r\n<\/td>\r\n<\/tr>\r\n<tr>\r\n<td><span style=\"font-weight: 400;\">12<\/span><\/td>\r\n<td style=\"text-align: left;\"><span style=\"font-weight: 400;\">Gewicht, kg max:<\/span><\/td>\r\n<td><\/td>\r\n<\/tr>\r\n<tr>\r\n<td><\/td>\r\n<td style=\"text-align: left;\"><span style=\"font-weight: 400;\">Steuereinheit<\/span><span style=\"font-weight: 400;\">\r\n<\/span><span style=\"font-weight: 400;\">Arbeitseinheit<\/span><\/td>\r\n<td>\r\n<p style=\"text-align: center;\"><span style=\"font-weight: 400;\">300\r\n<\/span><span style=\"font-weight: 400;\">530<\/span><\/p>\r\n<\/td>\r\n<\/tr>\r\n<\/tbody>\r\n<\/table>"},{"tab_title":"Vorteile","tab_content":"<ul>\r\n \t<li style=\"font-weight: 400; text-align: justify;\"><span style=\"font-weight: 400;\">Vielseitigkeit der Verwendung: die F\u00e4higkeit, verarbeitete Materialien zu mahlen, zu mischen und zu aktivieren;<\/span><\/li>\r\n \t<li style=\"font-weight: 400; text-align: justify;\"><span style=\"font-weight: 400;\">hoher Mahlgrad;<\/span><\/li>\r\n \t<li style=\"font-weight: 400; text-align: justify;\"><span style=\"font-weight: 400;\">Steigerung der Effizienz von Prozessen: Die Verarbeitung erfolgt in Sekundenschnelle oder Bruchteilen davon;<\/span><\/li>\r\n \t<li style=\"font-weight: 400; text-align: justify;\"><span style=\"font-weight: 400;\">Reduzierung der Stromkosten;<\/span><\/li>\r\n \t<li style=\"font-weight: 400; text-align: justify;\"><span style=\"font-weight: 400;\">Optimierung des Einsatzes von Rohstoffen und Materialien;<\/span><\/li>\r\n \t<li style=\"font-weight: 400; text-align: justify;\"><span style=\"font-weight: 400;\">einfache Integration in bestehende Produktionslinien.<\/span><\/li>\r\n<\/ul>"},{"tab_title":"Anwendung","tab_content":"[product_oil_types]"}],"add_video_tab":[{"video_tab_title":"Video","add_video_id":[{"video_id":"FW5yIkLWB4Q"}]}],"add_gallery_tab":[{"gallery_tab_title":"Foto","add_img":[111214,111226,111238,111250,111262,111274,111286,111298,111310,111322]}],"add_price_tab":null},"language":"de","_links":{"self":[{"href":"https:\/\/globecore.com\/de\/wp-json\/wp\/v2\/pages\/146287","targetHints":{"allow":["GET"]}}],"collection":[{"href":"https:\/\/globecore.com\/de\/wp-json\/wp\/v2\/pages"}],"about":[{"href":"https:\/\/globecore.com\/de\/wp-json\/wp\/v2\/types\/page"}],"author":[{"embeddable":true,"href":"https:\/\/globecore.com\/de\/wp-json\/wp\/v2\/users\/7"}],"replies":[{"embeddable":true,"href":"https:\/\/globecore.com\/de\/wp-json\/wp\/v2\/comments?post=146287"}],"version-history":[{"count":2,"href":"https:\/\/globecore.com\/de\/wp-json\/wp\/v2\/pages\/146287\/revisions"}],"predecessor-version":[{"id":341818,"href":"https:\/\/globecore.com\/de\/wp-json\/wp\/v2\/pages\/146287\/revisions\/341818"}],"up":[{"embeddable":true,"href":"https:\/\/globecore.com\/de\/wp-json\/wp\/v2\/pages\/146271"}],"wp:featuredmedia":[{"embeddable":true,"href":"https:\/\/globecore.com\/de\/wp-json\/wp\/v2\/media\/146288"}],"wp:attachment":[{"href":"https:\/\/globecore.com\/de\/wp-json\/wp\/v2\/media?parent=146287"}],"wp:term":[{"taxonomy":"category","embeddable":true,"href":"https:\/\/globecore.com\/de\/wp-json\/wp\/v2\/categories?post=146287"}],"curies":[{"name":"wp","href":"https:\/\/api.w.org\/{rel}","templated":true}]}}